{"id":41480,"date":"2024-06-15T09:19:26","date_gmt":"2024-06-15T07:19:26","guid":{"rendered":"https:\/\/librairie7l.com\/?post_type=product&#038;p=41480"},"modified":"2026-04-12T16:06:25","modified_gmt":"2026-04-12T14:06:25","slug":"inside-yucatan-hidden-merida-and-beyond","status":"publish","type":"product","link":"https:\/\/librairie7l.com\/en\/produit\/inside-yucatan-hidden-merida-and-beyond\/","title":{"rendered":"INSIDE YUCATAN : HIDDEN MERIDA AND BEYOND"},"content":{"rendered":"<p>Exploring forgotten regions of Mexico&#8217;s Yucat\u00e1n Peninsula, Susana Ordov\u00e1s and photographer Guido Taroni uncover the faded splendor of both neglected and restored homes.<\/p>\n<p>Susana Ordov\u00e1s&#8217;s Inside Yucat\u00e1n is an ode to the merging of the ancient with the contemporary. At the turn of the 20th century, more millionaires lived in M\u00e9rida than in any other city in the world, building and transforming breathtaking, lavish homes nestled into the surrounding tropical greenery like hidden jewels. Over time, nature co<\/p>\n","protected":false},"excerpt":{"rendered":"<p>Exploring forgotten regions of Mexico&#8217;s Yucat\u00e1n Peninsula, Susana Ordov\u00e1s and photographer Guido Taroni uncover the faded splendor of both neglected and restored homes. Susana Ordov\u00e1s&#8217;s Inside Yucat\u00e1n is an ode to the merging of the ancient with the contemporary. At the turn of the 20th century, more millionaires lived in M\u00e9rida than in any other [&hellip;]<\/p>\n","protected":false},"featured_media":41478,"template":"","meta":[],"product_cat":[2948,2951],"product_tag":[],"acf":[],"yoast_head":"<!-- This site is optimized with the Yoast SEO plugin v20.11 - https:\/\/yoast.com\/wordpress\/plugins\/seo\/ -->\n<title>Inside Yucatan : Hidden merida and beyond - Librairie 7L<\/title>\n<meta name=\"robots\" content=\"index, follow, max-snippet:-1, max-image-preview:large, max-video-preview:-1\" \/>\n<link rel=\"canonical\" href=\"https:\/\/librairie7l.com\/en\/produit\/inside-yucatan-hidden-merida-and-beyond\/\" \/>\n<meta property=\"og:locale\" content=\"en_US\" \/>\n<meta property=\"og:type\" content=\"article\" \/>\n<meta property=\"og:title\" content=\"Inside Yucatan : Hidden merida and beyond - Librairie 7L\" \/>\n<meta property=\"og:description\" content=\"Exploring forgotten regions of Mexico&#8217;s Yucat\u00e1n Peninsula, Susana Ordov\u00e1s and photographer Guido Taroni uncover the faded splendor of both neglected and restored homes. Susana Ordov\u00e1s&#8217;s Inside Yucat\u00e1n is an ode to the merging of the ancient with the contemporary. At the turn of the 20th century, more millionaires lived in M\u00e9rida than in any other [&hellip;]\" \/>\n<meta property=\"og:url\" content=\"https:\/\/librairie7l.com\/en\/produit\/inside-yucatan-hidden-merida-and-beyond\/\" \/>\n<meta property=\"og:site_name\" content=\"Librairie 7L\" \/>\n<meta property=\"article:modified_time\" content=\"2026-04-12T14:06:25+00:00\" \/>\n<meta property=\"og:image\" content=\"https:\/\/librairie7l.com\/wp-content\/uploads\/2024\/01\/9780865654457_1_75.jpg\" \/>\n\t<meta property=\"og:image:width\" content=\"600\" \/>\n\t<meta property=\"og:image:height\" content=\"762\" \/>\n\t<meta property=\"og:image:type\" content=\"image\/jpeg\" \/>\n<meta name=\"twitter:card\" content=\"summary_large_image\" \/>\n<script type=\"application\/ld+json\" class=\"yoast-schema-graph\">{\"@context\":\"https:\/\/schema.org\",\"@graph\":[{\"@type\":\"WebPage\",\"@id\":\"https:\/\/librairie7l.com\/en\/produit\/inside-yucatan-hidden-merida-and-beyond\/\",\"url\":\"https:\/\/librairie7l.com\/en\/produit\/inside-yucatan-hidden-merida-and-beyond\/\",\"name\":\"Inside Yucatan : Hidden merida and beyond - Librairie 7L\",\"isPartOf\":{\"@id\":\"https:\/\/librairie7l.com\/en\/#website\"},\"datePublished\":\"2024-06-15T07:19:26+00:00\",\"dateModified\":\"2026-04-12T14:06:25+00:00\",\"breadcrumb\":{\"@id\":\"https:\/\/librairie7l.com\/en\/produit\/inside-yucatan-hidden-merida-and-beyond\/#breadcrumb\"},\"inLanguage\":\"en-US\",\"potentialAction\":[{\"@type\":\"ReadAction\",\"target\":[\"https:\/\/librairie7l.com\/en\/produit\/inside-yucatan-hidden-merida-and-beyond\/\"]}]},{\"@type\":\"BreadcrumbList\",\"@id\":\"https:\/\/librairie7l.com\/en\/produit\/inside-yucatan-hidden-merida-and-beyond\/#breadcrumb\",\"itemListElement\":[{\"@type\":\"ListItem\",\"position\":1,\"name\":\"Accueil\",\"item\":\"https:\/\/librairie7l.com\/en\/\"},{\"@type\":\"ListItem\",\"position\":2,\"name\":\"Shop\",\"item\":\"https:\/\/librairie7l.com\/en\/shop\/\"},{\"@type\":\"ListItem\",\"position\":3,\"name\":\"INSIDE YUCATAN : HIDDEN MERIDA AND BEYOND\"}]},{\"@type\":\"WebSite\",\"@id\":\"https:\/\/librairie7l.com\/en\/#website\",\"url\":\"https:\/\/librairie7l.com\/en\/\",\"name\":\"Librairie 7L\",\"description\":\"Librairie fond\u00e9e en 1999 par Karl Lagerfeld \u00e0 Paris\",\"publisher\":{\"@id\":\"https:\/\/librairie7l.com\/en\/#organization\"},\"potentialAction\":[{\"@type\":\"SearchAction\",\"target\":{\"@type\":\"EntryPoint\",\"urlTemplate\":\"https:\/\/librairie7l.com\/en\/?s={search_term_string}\"},\"query-input\":\"required name=search_term_string\"}],\"inLanguage\":\"en-US\"},{\"@type\":\"Organization\",\"@id\":\"https:\/\/librairie7l.com\/en\/#organization\",\"name\":\"Librairie 7L\",\"url\":\"https:\/\/librairie7l.com\/en\/\",\"logo\":{\"@type\":\"ImageObject\",\"inLanguage\":\"en-US\",\"@id\":\"https:\/\/librairie7l.com\/en\/#\/schema\/logo\/image\/\",\"url\":\"https:\/\/librairie7l.com\/wp-content\/uploads\/2022\/08\/logo-1.png\",\"contentUrl\":\"https:\/\/librairie7l.com\/wp-content\/uploads\/2022\/08\/logo-1.png\",\"width\":227,\"height\":301,\"caption\":\"Librairie 7L\"},\"image\":{\"@id\":\"https:\/\/librairie7l.com\/en\/#\/schema\/logo\/image\/\"}}]}<\/script>\n<!-- \/ Yoast SEO plugin. -->","yoast_head_json":{"title":"Inside Yucatan : Hidden merida and beyond - Librairie 7L","robots":{"index":"index","follow":"follow","max-snippet":"max-snippet:-1","max-image-preview":"max-image-preview:large","max-video-preview":"max-video-preview:-1"},"canonical":"https:\/\/librairie7l.com\/en\/produit\/inside-yucatan-hidden-merida-and-beyond\/","og_locale":"en_US","og_type":"article","og_title":"Inside Yucatan : Hidden merida and beyond - Librairie 7L","og_description":"Exploring forgotten regions of Mexico&#8217;s Yucat\u00e1n Peninsula, Susana Ordov\u00e1s and photographer Guido Taroni uncover the faded splendor of both neglected and restored homes. Susana Ordov\u00e1s&#8217;s Inside Yucat\u00e1n is an ode to the merging of the ancient with the contemporary. At the turn of the 20th century, more millionaires lived in M\u00e9rida than in any other [&hellip;]","og_url":"https:\/\/librairie7l.com\/en\/produit\/inside-yucatan-hidden-merida-and-beyond\/","og_site_name":"Librairie 7L","article_modified_time":"2026-04-12T14:06:25+00:00","og_image":[{"width":600,"height":762,"url":"https:\/\/librairie7l.com\/wp-content\/uploads\/2024\/01\/9780865654457_1_75.jpg","type":"image\/jpeg"}],"twitter_card":"summary_large_image","schema":{"@context":"https:\/\/schema.org","@graph":[{"@type":"WebPage","@id":"https:\/\/librairie7l.com\/en\/produit\/inside-yucatan-hidden-merida-and-beyond\/","url":"https:\/\/librairie7l.com\/en\/produit\/inside-yucatan-hidden-merida-and-beyond\/","name":"Inside Yucatan : Hidden merida and beyond - Librairie 7L","isPartOf":{"@id":"https:\/\/librairie7l.com\/en\/#website"},"datePublished":"2024-06-15T07:19:26+00:00","dateModified":"2026-04-12T14:06:25+00:00","breadcrumb":{"@id":"https:\/\/librairie7l.com\/en\/produit\/inside-yucatan-hidden-merida-and-beyond\/#breadcrumb"},"inLanguage":"en-US","potentialAction":[{"@type":"ReadAction","target":["https:\/\/librairie7l.com\/en\/produit\/inside-yucatan-hidden-merida-and-beyond\/"]}]},{"@type":"BreadcrumbList","@id":"https:\/\/librairie7l.com\/en\/produit\/inside-yucatan-hidden-merida-and-beyond\/#breadcrumb","itemListElement":[{"@type":"ListItem","position":1,"name":"Accueil","item":"https:\/\/librairie7l.com\/en\/"},{"@type":"ListItem","position":2,"name":"Shop","item":"https:\/\/librairie7l.com\/en\/shop\/"},{"@type":"ListItem","position":3,"name":"INSIDE YUCATAN : HIDDEN MERIDA AND BEYOND"}]},{"@type":"WebSite","@id":"https:\/\/librairie7l.com\/en\/#website","url":"https:\/\/librairie7l.com\/en\/","name":"Librairie 7L","description":"Librairie fond\u00e9e en 1999 par Karl Lagerfeld \u00e0 Paris","publisher":{"@id":"https:\/\/librairie7l.com\/en\/#organization"},"potentialAction":[{"@type":"SearchAction","target":{"@type":"EntryPoint","urlTemplate":"https:\/\/librairie7l.com\/en\/?s={search_term_string}"},"query-input":"required name=search_term_string"}],"inLanguage":"en-US"},{"@type":"Organization","@id":"https:\/\/librairie7l.com\/en\/#organization","name":"Librairie 7L","url":"https:\/\/librairie7l.com\/en\/","logo":{"@type":"ImageObject","inLanguage":"en-US","@id":"https:\/\/librairie7l.com\/en\/#\/schema\/logo\/image\/","url":"https:\/\/librairie7l.com\/wp-content\/uploads\/2022\/08\/logo-1.png","contentUrl":"https:\/\/librairie7l.com\/wp-content\/uploads\/2022\/08\/logo-1.png","width":227,"height":301,"caption":"Librairie 7L"},"image":{"@id":"https:\/\/librairie7l.com\/en\/#\/schema\/logo\/image\/"}}]}},"_links":{"self":[{"href":"https:\/\/librairie7l.com\/en\/wp-json\/wp\/v2\/product\/41480"}],"collection":[{"href":"https:\/\/librairie7l.com\/en\/wp-json\/wp\/v2\/product"}],"about":[{"href":"https:\/\/librairie7l.com\/en\/wp-json\/wp\/v2\/types\/product"}],"wp:featuredmedia":[{"embeddable":true,"href":"https:\/\/librairie7l.com\/en\/wp-json\/wp\/v2\/media\/41478"}],"wp:attachment":[{"href":"https:\/\/librairie7l.com\/en\/wp-json\/wp\/v2\/media?parent=41480"}],"wp:term":[{"taxonomy":"product_cat","embeddable":true,"href":"https:\/\/librairie7l.com\/en\/wp-json\/wp\/v2\/product_cat?post=41480"},{"taxonomy":"product_tag","embeddable":true,"href":"https:\/\/librairie7l.com\/en\/wp-json\/wp\/v2\/product_tag?post=41480"}],"curies":[{"name":"wp","href":"https:\/\/api.w.org\/{rel}","templated":true}]}}