{"id":41524,"date":"2024-06-20T09:18:26","date_gmt":"2024-06-20T07:18:26","guid":{"rendered":"https:\/\/librairie7l.com\/?post_type=product&#038;p=41524"},"modified":"2026-04-12T14:28:56","modified_gmt":"2026-04-12T12:28:56","slug":"lucio-fontana-un-futuro-ce-stato-il-y-a-bien-eu-un-futur","status":"publish","type":"product","link":"https:\/\/librairie7l.com\/en\/produit\/lucio-fontana-un-futuro-ce-stato-il-y-a-bien-eu-un-futur\/","title":{"rendered":"LUCIO FONTANA : UN FUTURO C&#8217;\u00c8 STATO &#8211; IL Y A BIEN EU UN FUTUR"},"content":{"rendered":"<p>Vers la fin de sa longue vie de cr\u00e9ation, Lucio Fontana (1899-1968) affirma non sans satisfaction : \u00abIl y a quarante ans, on pouvait parler de futur. Comme alors, aujourd&#8217;hui non plus nous ne pouvons pas dire ce que sera le futur ; cependant, au cours de mes quarante ans d&#8217;activit\u00e9 et de ce que je vois dans le monde de l&#8217;art, il y a bien eu un futur.\u00bb Par cette expression ambigu\u00eb, l&#8217;artiste faisait allusion au renouvellement conceptuel de l&#8217;art auquel il avait cru fortement, qu&#8217;il avait anticip\u00e9 dans son oeuvre et qui s&#8217;\u00e9tait effectivement produit dans l&#8217;art des protagonistes des derni\u00e8res g\u00e9n\u00e9rations. \u00c0 travers ce prisme, ce catalogue propose un voyage dans l&#8217;ensemble de l&#8217;oeuvre de Fontana, avant et apr\u00e8s la Guerre, en Argentine et en Italie, et surtout une \u00e9vocation de la vari\u00e9t\u00e9 de sa cr\u00e9ation : peintures, papiers, sculptures, c\u00e9ramiques et installations d&#8217;ambiance, lumineuses et spatiales. Le lecteur d\u00e9couvrira, au-del\u00e0 des Concetti spaziali (\u00abconcepts spatiaux\u00bb), des Attese (\u00abattentes\u00bb) et des Buchi (\u00abtrous\u00bb), un artiste figuratif et informel, un homme classique et futuriste&#8230; Un personnage \u00e0 clefs en somme. Textes de Silvia Bignami, Luca Bochicchio, Paolo Campiglio, Val\u00e9rie Da Costa, Beno\u00eet Decron, Jacopo Galimberti, Alfred Pacquement, Daniela Sbaraglia et Giorgio Zanchetti.<\/p>\n","protected":false},"excerpt":{"rendered":"<p>Vers la fin de sa longue vie de cr\u00e9ation, Lucio Fontana (1899-1968) affirma non sans satisfaction : \u00abIl y a quarante ans, on pouvait parler de futur. Comme alors, aujourd&#8217;hui non plus nous ne pouvons pas dire ce que sera le futur ; cependant, au cours de mes quarante ans d&#8217;activit\u00e9 et de ce que [&hellip;]<\/p>\n","protected":false},"featured_media":41522,"template":"","meta":[],"product_cat":[2948,2953],"product_tag":[],"acf":[],"yoast_head":"<!-- This site is optimized with the Yoast SEO plugin v20.11 - https:\/\/yoast.com\/wordpress\/plugins\/seo\/ -->\n<title>Lucio Fontana : Un futuro c&#039;\u00e8 stato - Il y a bien eu un futur - Librairie 7L<\/title>\n<meta name=\"robots\" content=\"index, follow, max-snippet:-1, max-image-preview:large, max-video-preview:-1\" \/>\n<link rel=\"canonical\" href=\"https:\/\/librairie7l.com\/en\/produit\/lucio-fontana-un-futuro-ce-stato-il-y-a-bien-eu-un-futur\/\" \/>\n<meta property=\"og:locale\" content=\"en_US\" \/>\n<meta property=\"og:type\" content=\"article\" \/>\n<meta property=\"og:title\" content=\"Lucio Fontana : Un futuro c&#039;\u00e8 stato - Il y a bien eu un futur - Librairie 7L\" \/>\n<meta property=\"og:description\" content=\"Vers la fin de sa longue vie de cr\u00e9ation, Lucio Fontana (1899-1968) affirma non sans satisfaction : \u00abIl y a quarante ans, on pouvait parler de futur. Comme alors, aujourd&#8217;hui non plus nous ne pouvons pas dire ce que sera le futur ; cependant, au cours de mes quarante ans d&#8217;activit\u00e9 et de ce que [&hellip;]\" \/>\n<meta property=\"og:url\" content=\"https:\/\/librairie7l.com\/en\/produit\/lucio-fontana-un-futuro-ce-stato-il-y-a-bien-eu-un-futur\/\" \/>\n<meta property=\"og:site_name\" content=\"Librairie 7L\" \/>\n<meta property=\"article:modified_time\" content=\"2026-04-12T12:28:56+00:00\" \/>\n<meta property=\"og:image\" content=\"https:\/\/librairie7l.com\/wp-content\/uploads\/2024\/01\/9782073067692_1_75.jpg\" \/>\n\t<meta property=\"og:image:width\" content=\"600\" \/>\n\t<meta property=\"og:image:height\" content=\"761\" \/>\n\t<meta property=\"og:image:type\" content=\"image\/jpeg\" \/>\n<meta name=\"twitter:card\" content=\"summary_large_image\" \/>\n<meta name=\"twitter:label1\" content=\"Est. reading time\" \/>\n\t<meta name=\"twitter:data1\" content=\"1 minute\" \/>\n<script type=\"application\/ld+json\" class=\"yoast-schema-graph\">{\"@context\":\"https:\/\/schema.org\",\"@graph\":[{\"@type\":\"WebPage\",\"@id\":\"https:\/\/librairie7l.com\/en\/produit\/lucio-fontana-un-futuro-ce-stato-il-y-a-bien-eu-un-futur\/\",\"url\":\"https:\/\/librairie7l.com\/en\/produit\/lucio-fontana-un-futuro-ce-stato-il-y-a-bien-eu-un-futur\/\",\"name\":\"Lucio Fontana : Un futuro c'\u00e8 stato - Il y a bien eu un futur - Librairie 7L\",\"isPartOf\":{\"@id\":\"https:\/\/librairie7l.com\/en\/#website\"},\"datePublished\":\"2024-06-20T07:18:26+00:00\",\"dateModified\":\"2026-04-12T12:28:56+00:00\",\"breadcrumb\":{\"@id\":\"https:\/\/librairie7l.com\/en\/produit\/lucio-fontana-un-futuro-ce-stato-il-y-a-bien-eu-un-futur\/#breadcrumb\"},\"inLanguage\":\"en-US\",\"potentialAction\":[{\"@type\":\"ReadAction\",\"target\":[\"https:\/\/librairie7l.com\/en\/produit\/lucio-fontana-un-futuro-ce-stato-il-y-a-bien-eu-un-futur\/\"]}]},{\"@type\":\"BreadcrumbList\",\"@id\":\"https:\/\/librairie7l.com\/en\/produit\/lucio-fontana-un-futuro-ce-stato-il-y-a-bien-eu-un-futur\/#breadcrumb\",\"itemListElement\":[{\"@type\":\"ListItem\",\"position\":1,\"name\":\"Accueil\",\"item\":\"https:\/\/librairie7l.com\/en\/\"},{\"@type\":\"ListItem\",\"position\":2,\"name\":\"Shop\",\"item\":\"https:\/\/librairie7l.com\/en\/shop\/\"},{\"@type\":\"ListItem\",\"position\":3,\"name\":\"LUCIO FONTANA : UN FUTURO C&#8217;\u00c8 STATO &#8211; IL Y A BIEN EU UN FUTUR\"}]},{\"@type\":\"WebSite\",\"@id\":\"https:\/\/librairie7l.com\/en\/#website\",\"url\":\"https:\/\/librairie7l.com\/en\/\",\"name\":\"Librairie 7L\",\"description\":\"Librairie fond\u00e9e en 1999 par Karl Lagerfeld \u00e0 Paris\",\"publisher\":{\"@id\":\"https:\/\/librairie7l.com\/en\/#organization\"},\"potentialAction\":[{\"@type\":\"SearchAction\",\"target\":{\"@type\":\"EntryPoint\",\"urlTemplate\":\"https:\/\/librairie7l.com\/en\/?s={search_term_string}\"},\"query-input\":\"required name=search_term_string\"}],\"inLanguage\":\"en-US\"},{\"@type\":\"Organization\",\"@id\":\"https:\/\/librairie7l.com\/en\/#organization\",\"name\":\"Librairie 7L\",\"url\":\"https:\/\/librairie7l.com\/en\/\",\"logo\":{\"@type\":\"ImageObject\",\"inLanguage\":\"en-US\",\"@id\":\"https:\/\/librairie7l.com\/en\/#\/schema\/logo\/image\/\",\"url\":\"https:\/\/librairie7l.com\/wp-content\/uploads\/2022\/08\/logo-1.png\",\"contentUrl\":\"https:\/\/librairie7l.com\/wp-content\/uploads\/2022\/08\/logo-1.png\",\"width\":227,\"height\":301,\"caption\":\"Librairie 7L\"},\"image\":{\"@id\":\"https:\/\/librairie7l.com\/en\/#\/schema\/logo\/image\/\"}}]}<\/script>\n<!-- \/ Yoast SEO plugin. -->","yoast_head_json":{"title":"Lucio Fontana : Un futuro c'\u00e8 stato - Il y a bien eu un futur - Librairie 7L","robots":{"index":"index","follow":"follow","max-snippet":"max-snippet:-1","max-image-preview":"max-image-preview:large","max-video-preview":"max-video-preview:-1"},"canonical":"https:\/\/librairie7l.com\/en\/produit\/lucio-fontana-un-futuro-ce-stato-il-y-a-bien-eu-un-futur\/","og_locale":"en_US","og_type":"article","og_title":"Lucio Fontana : Un futuro c'\u00e8 stato - Il y a bien eu un futur - Librairie 7L","og_description":"Vers la fin de sa longue vie de cr\u00e9ation, Lucio Fontana (1899-1968) affirma non sans satisfaction : \u00abIl y a quarante ans, on pouvait parler de futur. Comme alors, aujourd&#8217;hui non plus nous ne pouvons pas dire ce que sera le futur ; cependant, au cours de mes quarante ans d&#8217;activit\u00e9 et de ce que [&hellip;]","og_url":"https:\/\/librairie7l.com\/en\/produit\/lucio-fontana-un-futuro-ce-stato-il-y-a-bien-eu-un-futur\/","og_site_name":"Librairie 7L","article_modified_time":"2026-04-12T12:28:56+00:00","og_image":[{"width":600,"height":761,"url":"https:\/\/librairie7l.com\/wp-content\/uploads\/2024\/01\/9782073067692_1_75.jpg","type":"image\/jpeg"}],"twitter_card":"summary_large_image","twitter_misc":{"Est. reading time":"1 minute"},"schema":{"@context":"https:\/\/schema.org","@graph":[{"@type":"WebPage","@id":"https:\/\/librairie7l.com\/en\/produit\/lucio-fontana-un-futuro-ce-stato-il-y-a-bien-eu-un-futur\/","url":"https:\/\/librairie7l.com\/en\/produit\/lucio-fontana-un-futuro-ce-stato-il-y-a-bien-eu-un-futur\/","name":"Lucio Fontana : Un futuro c'\u00e8 stato - Il y a bien eu un futur - Librairie 7L","isPartOf":{"@id":"https:\/\/librairie7l.com\/en\/#website"},"datePublished":"2024-06-20T07:18:26+00:00","dateModified":"2026-04-12T12:28:56+00:00","breadcrumb":{"@id":"https:\/\/librairie7l.com\/en\/produit\/lucio-fontana-un-futuro-ce-stato-il-y-a-bien-eu-un-futur\/#breadcrumb"},"inLanguage":"en-US","potentialAction":[{"@type":"ReadAction","target":["https:\/\/librairie7l.com\/en\/produit\/lucio-fontana-un-futuro-ce-stato-il-y-a-bien-eu-un-futur\/"]}]},{"@type":"BreadcrumbList","@id":"https:\/\/librairie7l.com\/en\/produit\/lucio-fontana-un-futuro-ce-stato-il-y-a-bien-eu-un-futur\/#breadcrumb","itemListElement":[{"@type":"ListItem","position":1,"name":"Accueil","item":"https:\/\/librairie7l.com\/en\/"},{"@type":"ListItem","position":2,"name":"Shop","item":"https:\/\/librairie7l.com\/en\/shop\/"},{"@type":"ListItem","position":3,"name":"LUCIO FONTANA : UN FUTURO C&#8217;\u00c8 STATO &#8211; IL Y A BIEN EU UN FUTUR"}]},{"@type":"WebSite","@id":"https:\/\/librairie7l.com\/en\/#website","url":"https:\/\/librairie7l.com\/en\/","name":"Librairie 7L","description":"Librairie fond\u00e9e en 1999 par Karl Lagerfeld \u00e0 Paris","publisher":{"@id":"https:\/\/librairie7l.com\/en\/#organization"},"potentialAction":[{"@type":"SearchAction","target":{"@type":"EntryPoint","urlTemplate":"https:\/\/librairie7l.com\/en\/?s={search_term_string}"},"query-input":"required name=search_term_string"}],"inLanguage":"en-US"},{"@type":"Organization","@id":"https:\/\/librairie7l.com\/en\/#organization","name":"Librairie 7L","url":"https:\/\/librairie7l.com\/en\/","logo":{"@type":"ImageObject","inLanguage":"en-US","@id":"https:\/\/librairie7l.com\/en\/#\/schema\/logo\/image\/","url":"https:\/\/librairie7l.com\/wp-content\/uploads\/2022\/08\/logo-1.png","contentUrl":"https:\/\/librairie7l.com\/wp-content\/uploads\/2022\/08\/logo-1.png","width":227,"height":301,"caption":"Librairie 7L"},"image":{"@id":"https:\/\/librairie7l.com\/en\/#\/schema\/logo\/image\/"}}]}},"_links":{"self":[{"href":"https:\/\/librairie7l.com\/en\/wp-json\/wp\/v2\/product\/41524"}],"collection":[{"href":"https:\/\/librairie7l.com\/en\/wp-json\/wp\/v2\/product"}],"about":[{"href":"https:\/\/librairie7l.com\/en\/wp-json\/wp\/v2\/types\/product"}],"wp:featuredmedia":[{"embeddable":true,"href":"https:\/\/librairie7l.com\/en\/wp-json\/wp\/v2\/media\/41522"}],"wp:attachment":[{"href":"https:\/\/librairie7l.com\/en\/wp-json\/wp\/v2\/media?parent=41524"}],"wp:term":[{"taxonomy":"product_cat","embeddable":true,"href":"https:\/\/librairie7l.com\/en\/wp-json\/wp\/v2\/product_cat?post=41524"},{"taxonomy":"product_tag","embeddable":true,"href":"https:\/\/librairie7l.com\/en\/wp-json\/wp\/v2\/product_tag?post=41524"}],"curies":[{"name":"wp","href":"https:\/\/api.w.org\/{rel}","templated":true}]}}