{"id":41528,"date":"2024-06-20T09:18:30","date_gmt":"2024-06-20T07:18:30","guid":{"rendered":"https:\/\/librairie7l.com\/?post_type=product&#038;p=41528"},"modified":"2026-04-04T10:41:14","modified_gmt":"2026-04-04T08:41:14","slug":"yuima-nakazato-beyond-couture","status":"publish","type":"product","link":"https:\/\/librairie7l.com\/en\/produit\/yuima-nakazato-beyond-couture\/","title":{"rendered":"YUIMA NAKAZATO : BEYOND COUTURE"},"content":{"rendered":"<p>Le cr\u00e9ateur japonais Yuima Nakazato, n\u00e9 en 1985, est de ceux qui ont l&#8217;audace de renouveler le r\u00f4le du v\u00eatement. Il ambitionne de lier la cr\u00e9ation en contexte de haute couture \u00e0 l&#8217;\u00e9conomie circulaire, une notion encore peu comprise qui \u00e9voque des gestes cr\u00e9atifs simples, loin de la tradition de la couture parisienne. Il d\u00e9ploie ainsi un travail esth\u00e9tique d&#8217;avant-garde, flamboyant, po\u00e9tique et singulier, o\u00f9 le v\u00eatement est pens\u00e9 pour tisser un lien \u00e9motionnel entre le couturier et ceux qui portent ses cr\u00e9ations, pour avoir plusieurs vies et, de ce fait, pour respecter les ressources de la plan\u00e8te.<br \/>\nYuima Nakazato s&#8217;appuie sur tous les savoir-faire des coutures occidentales et orientales, mais aussi et surtout sur la fa\u00e7on d&#8217;envisager le v\u00eatement en Extr\u00eame-Orient. Lorsqu&#8217;il ne trouve pas de solution dans les savoirs h\u00e9rit\u00e9s du pass\u00e9, il d\u00e9veloppe des solutions techniques in\u00e9dites avec les meilleurs chercheurs de son temps : nouveaux textiles, nouvelles techniques de montage des v\u00eatements, nouvelles fa\u00e7ons de les porter.<br \/>\nLa couture de Yuima Nakazato se veut un laboratoire au service d&#8217;une mode plus respectueuse de l&#8217;environnement en int\u00e9grant des mat\u00e9riaux recycl\u00e9s ainsi que des d\u00e9chets non-valoris\u00e9s par l&#8217;industrie. Sa vision du v\u00eatement est port\u00e9e par une volont\u00e9 de d\u00e9mocratiser la cr\u00e9ation sur mesure.<br \/>\nCet ouvrage propose une lecture de son travail qui permet, pas \u00e0 pas, de cheminer sur les diff\u00e9rents voies qu&#8217;il emprunte et d\u00e9voile toutes ses collections, depuis la premi\u00e8re qui ait \u00e9t\u00e9 pr\u00e9sent\u00e9e au calendrier officiel de la haute couture fran\u00e7aise en 2016 jusqu&#8217;\u00e0 la derni\u00e8re en janvier 2024.<\/p>\n","protected":false},"excerpt":{"rendered":"<p>Le cr\u00e9ateur japonais Yuima Nakazato, n\u00e9 en 1985, est de ceux qui ont l&#8217;audace de renouveler le r\u00f4le du v\u00eatement. Il ambitionne de lier la cr\u00e9ation en contexte de haute couture \u00e0 l&#8217;\u00e9conomie circulaire, une notion encore peu comprise qui \u00e9voque des gestes cr\u00e9atifs simples, loin de la tradition de la couture parisienne. Il d\u00e9ploie [&hellip;]<\/p>\n","protected":false},"featured_media":41526,"template":"","meta":[],"product_cat":[2948,2957],"product_tag":[],"acf":[],"yoast_head":"<!-- This site is optimized with the Yoast SEO plugin v20.11 - https:\/\/yoast.com\/wordpress\/plugins\/seo\/ -->\n<title>Yuima Nakazato : Beyond couture - Librairie 7L<\/title>\n<meta name=\"robots\" content=\"index, follow, max-snippet:-1, max-image-preview:large, max-video-preview:-1\" \/>\n<link rel=\"canonical\" href=\"https:\/\/librairie7l.com\/en\/produit\/yuima-nakazato-beyond-couture\/\" \/>\n<meta property=\"og:locale\" content=\"en_US\" \/>\n<meta property=\"og:type\" content=\"article\" \/>\n<meta property=\"og:title\" content=\"Yuima Nakazato : Beyond couture - Librairie 7L\" \/>\n<meta property=\"og:description\" content=\"Le cr\u00e9ateur japonais Yuima Nakazato, n\u00e9 en 1985, est de ceux qui ont l&#8217;audace de renouveler le r\u00f4le du v\u00eatement. Il ambitionne de lier la cr\u00e9ation en contexte de haute couture \u00e0 l&#8217;\u00e9conomie circulaire, une notion encore peu comprise qui \u00e9voque des gestes cr\u00e9atifs simples, loin de la tradition de la couture parisienne. Il d\u00e9ploie [&hellip;]\" \/>\n<meta property=\"og:url\" content=\"https:\/\/librairie7l.com\/en\/produit\/yuima-nakazato-beyond-couture\/\" \/>\n<meta property=\"og:site_name\" content=\"Librairie 7L\" \/>\n<meta property=\"article:modified_time\" content=\"2026-04-04T08:41:14+00:00\" \/>\n<meta property=\"og:image\" content=\"https:\/\/librairie7l.com\/wp-content\/uploads\/2024\/01\/9782359064322_1_75.jpg\" \/>\n\t<meta property=\"og:image:width\" content=\"600\" \/>\n\t<meta property=\"og:image:height\" content=\"735\" \/>\n\t<meta property=\"og:image:type\" content=\"image\/jpeg\" \/>\n<meta name=\"twitter:card\" content=\"summary_large_image\" \/>\n<meta name=\"twitter:label1\" content=\"Est. reading time\" \/>\n\t<meta name=\"twitter:data1\" content=\"1 minute\" \/>\n<script type=\"application\/ld+json\" class=\"yoast-schema-graph\">{\"@context\":\"https:\/\/schema.org\",\"@graph\":[{\"@type\":\"WebPage\",\"@id\":\"https:\/\/librairie7l.com\/en\/produit\/yuima-nakazato-beyond-couture\/\",\"url\":\"https:\/\/librairie7l.com\/en\/produit\/yuima-nakazato-beyond-couture\/\",\"name\":\"Yuima Nakazato : Beyond couture - Librairie 7L\",\"isPartOf\":{\"@id\":\"https:\/\/librairie7l.com\/en\/#website\"},\"datePublished\":\"2024-06-20T07:18:30+00:00\",\"dateModified\":\"2026-04-04T08:41:14+00:00\",\"breadcrumb\":{\"@id\":\"https:\/\/librairie7l.com\/en\/produit\/yuima-nakazato-beyond-couture\/#breadcrumb\"},\"inLanguage\":\"en-US\",\"potentialAction\":[{\"@type\":\"ReadAction\",\"target\":[\"https:\/\/librairie7l.com\/en\/produit\/yuima-nakazato-beyond-couture\/\"]}]},{\"@type\":\"BreadcrumbList\",\"@id\":\"https:\/\/librairie7l.com\/en\/produit\/yuima-nakazato-beyond-couture\/#breadcrumb\",\"itemListElement\":[{\"@type\":\"ListItem\",\"position\":1,\"name\":\"Accueil\",\"item\":\"https:\/\/librairie7l.com\/en\/\"},{\"@type\":\"ListItem\",\"position\":2,\"name\":\"Shop\",\"item\":\"https:\/\/librairie7l.com\/en\/shop\/\"},{\"@type\":\"ListItem\",\"position\":3,\"name\":\"YUIMA NAKAZATO : BEYOND COUTURE\"}]},{\"@type\":\"WebSite\",\"@id\":\"https:\/\/librairie7l.com\/en\/#website\",\"url\":\"https:\/\/librairie7l.com\/en\/\",\"name\":\"Librairie 7L\",\"description\":\"Librairie fond\u00e9e en 1999 par Karl Lagerfeld \u00e0 Paris\",\"publisher\":{\"@id\":\"https:\/\/librairie7l.com\/en\/#organization\"},\"potentialAction\":[{\"@type\":\"SearchAction\",\"target\":{\"@type\":\"EntryPoint\",\"urlTemplate\":\"https:\/\/librairie7l.com\/en\/?s={search_term_string}\"},\"query-input\":\"required name=search_term_string\"}],\"inLanguage\":\"en-US\"},{\"@type\":\"Organization\",\"@id\":\"https:\/\/librairie7l.com\/en\/#organization\",\"name\":\"Librairie 7L\",\"url\":\"https:\/\/librairie7l.com\/en\/\",\"logo\":{\"@type\":\"ImageObject\",\"inLanguage\":\"en-US\",\"@id\":\"https:\/\/librairie7l.com\/en\/#\/schema\/logo\/image\/\",\"url\":\"https:\/\/librairie7l.com\/wp-content\/uploads\/2022\/08\/logo-1.png\",\"contentUrl\":\"https:\/\/librairie7l.com\/wp-content\/uploads\/2022\/08\/logo-1.png\",\"width\":227,\"height\":301,\"caption\":\"Librairie 7L\"},\"image\":{\"@id\":\"https:\/\/librairie7l.com\/en\/#\/schema\/logo\/image\/\"}}]}<\/script>\n<!-- \/ Yoast SEO plugin. -->","yoast_head_json":{"title":"Yuima Nakazato : Beyond couture - Librairie 7L","robots":{"index":"index","follow":"follow","max-snippet":"max-snippet:-1","max-image-preview":"max-image-preview:large","max-video-preview":"max-video-preview:-1"},"canonical":"https:\/\/librairie7l.com\/en\/produit\/yuima-nakazato-beyond-couture\/","og_locale":"en_US","og_type":"article","og_title":"Yuima Nakazato : Beyond couture - Librairie 7L","og_description":"Le cr\u00e9ateur japonais Yuima Nakazato, n\u00e9 en 1985, est de ceux qui ont l&#8217;audace de renouveler le r\u00f4le du v\u00eatement. Il ambitionne de lier la cr\u00e9ation en contexte de haute couture \u00e0 l&#8217;\u00e9conomie circulaire, une notion encore peu comprise qui \u00e9voque des gestes cr\u00e9atifs simples, loin de la tradition de la couture parisienne. Il d\u00e9ploie [&hellip;]","og_url":"https:\/\/librairie7l.com\/en\/produit\/yuima-nakazato-beyond-couture\/","og_site_name":"Librairie 7L","article_modified_time":"2026-04-04T08:41:14+00:00","og_image":[{"width":600,"height":735,"url":"https:\/\/librairie7l.com\/wp-content\/uploads\/2024\/01\/9782359064322_1_75.jpg","type":"image\/jpeg"}],"twitter_card":"summary_large_image","twitter_misc":{"Est. reading time":"1 minute"},"schema":{"@context":"https:\/\/schema.org","@graph":[{"@type":"WebPage","@id":"https:\/\/librairie7l.com\/en\/produit\/yuima-nakazato-beyond-couture\/","url":"https:\/\/librairie7l.com\/en\/produit\/yuima-nakazato-beyond-couture\/","name":"Yuima Nakazato : Beyond couture - Librairie 7L","isPartOf":{"@id":"https:\/\/librairie7l.com\/en\/#website"},"datePublished":"2024-06-20T07:18:30+00:00","dateModified":"2026-04-04T08:41:14+00:00","breadcrumb":{"@id":"https:\/\/librairie7l.com\/en\/produit\/yuima-nakazato-beyond-couture\/#breadcrumb"},"inLanguage":"en-US","potentialAction":[{"@type":"ReadAction","target":["https:\/\/librairie7l.com\/en\/produit\/yuima-nakazato-beyond-couture\/"]}]},{"@type":"BreadcrumbList","@id":"https:\/\/librairie7l.com\/en\/produit\/yuima-nakazato-beyond-couture\/#breadcrumb","itemListElement":[{"@type":"ListItem","position":1,"name":"Accueil","item":"https:\/\/librairie7l.com\/en\/"},{"@type":"ListItem","position":2,"name":"Shop","item":"https:\/\/librairie7l.com\/en\/shop\/"},{"@type":"ListItem","position":3,"name":"YUIMA NAKAZATO : BEYOND COUTURE"}]},{"@type":"WebSite","@id":"https:\/\/librairie7l.com\/en\/#website","url":"https:\/\/librairie7l.com\/en\/","name":"Librairie 7L","description":"Librairie fond\u00e9e en 1999 par Karl Lagerfeld \u00e0 Paris","publisher":{"@id":"https:\/\/librairie7l.com\/en\/#organization"},"potentialAction":[{"@type":"SearchAction","target":{"@type":"EntryPoint","urlTemplate":"https:\/\/librairie7l.com\/en\/?s={search_term_string}"},"query-input":"required name=search_term_string"}],"inLanguage":"en-US"},{"@type":"Organization","@id":"https:\/\/librairie7l.com\/en\/#organization","name":"Librairie 7L","url":"https:\/\/librairie7l.com\/en\/","logo":{"@type":"ImageObject","inLanguage":"en-US","@id":"https:\/\/librairie7l.com\/en\/#\/schema\/logo\/image\/","url":"https:\/\/librairie7l.com\/wp-content\/uploads\/2022\/08\/logo-1.png","contentUrl":"https:\/\/librairie7l.com\/wp-content\/uploads\/2022\/08\/logo-1.png","width":227,"height":301,"caption":"Librairie 7L"},"image":{"@id":"https:\/\/librairie7l.com\/en\/#\/schema\/logo\/image\/"}}]}},"_links":{"self":[{"href":"https:\/\/librairie7l.com\/en\/wp-json\/wp\/v2\/product\/41528"}],"collection":[{"href":"https:\/\/librairie7l.com\/en\/wp-json\/wp\/v2\/product"}],"about":[{"href":"https:\/\/librairie7l.com\/en\/wp-json\/wp\/v2\/types\/product"}],"wp:featuredmedia":[{"embeddable":true,"href":"https:\/\/librairie7l.com\/en\/wp-json\/wp\/v2\/media\/41526"}],"wp:attachment":[{"href":"https:\/\/librairie7l.com\/en\/wp-json\/wp\/v2\/media?parent=41528"}],"wp:term":[{"taxonomy":"product_cat","embeddable":true,"href":"https:\/\/librairie7l.com\/en\/wp-json\/wp\/v2\/product_cat?post=41528"},{"taxonomy":"product_tag","embeddable":true,"href":"https:\/\/librairie7l.com\/en\/wp-json\/wp\/v2\/product_tag?post=41528"}],"curies":[{"name":"wp","href":"https:\/\/api.w.org\/{rel}","templated":true}]}}