{"id":41532,"date":"2024-06-20T09:19:17","date_gmt":"2024-06-20T07:19:17","guid":{"rendered":"https:\/\/librairie7l.com\/?post_type=product&#038;p=41532"},"modified":"2026-04-12T16:17:54","modified_gmt":"2026-04-12T14:17:54","slug":"le-gout-du-vetement","status":"publish","type":"product","link":"https:\/\/librairie7l.com\/en\/produit\/le-gout-du-vetement\/","title":{"rendered":"LE GO\u00dbT DU V\u00caTEMENT"},"content":{"rendered":"<p>Au th\u00e9\u00e2tre comme dans les romans et nouvelles, un v\u00eatement permet de reconna\u00eetre tout de suite un personnage. Auteur d&#8217;un Trait\u00e9 de l&#8217;\u00e9l\u00e9gance, Balzac parle de vestignomie pour d\u00e9signer la science de l&#8217;habillement. Le v\u00eatement est d&#8217;abord un marqueur social. V\u00eatements du quotidien, v\u00eatements de f\u00eates, de c\u00e9r\u00e9monies, de loisir, de travail, costumes et uniformes d\u00e9finissent les r\u00f4les de chacun selon les \u00e9poques et donnent le ton d&#8217;une soci\u00e9t\u00e9. Blue-jeans, minijupe, bikini, blouse d&#8217;\u00e9colier, robe de bal, de communion, d\u00e9guisement d&#8217;Halloween&#8230; les habits donnent des informations sur l&#8217;individu et sa relation au monde. Visites de vestiaires en compagnie de Gustave Flaubert, Honor\u00e9 de Balzac, Georges Feydeau, Jules Vall\u00e8s, Victor Hugo, Stendhal, Guy de Maupassant, Marguerite Audoux, Octave Mirbeau, \u00c9mile Zola, Alphonse Daudet, Umberto Eco, Catherine Hermary-Vieille, Florence Emptaz, Ray Bradbury, Maria Louisa Minarelli, et bien d&#8217;autres&#8230;<\/p>\n","protected":false},"excerpt":{"rendered":"<p>Au th\u00e9\u00e2tre comme dans les romans et nouvelles, un v\u00eatement permet de reconna\u00eetre tout de suite un personnage. Auteur d&#8217;un Trait\u00e9 de l&#8217;\u00e9l\u00e9gance, Balzac parle de vestignomie pour d\u00e9signer la science de l&#8217;habillement. Le v\u00eatement est d&#8217;abord un marqueur social. V\u00eatements du quotidien, v\u00eatements de f\u00eates, de c\u00e9r\u00e9monies, de loisir, de travail, costumes et uniformes [&hellip;]<\/p>\n","protected":false},"featured_media":41530,"template":"","meta":[],"product_cat":[2948,2957],"product_tag":[],"acf":[],"yoast_head":"<!-- This site is optimized with the Yoast SEO plugin v20.11 - https:\/\/yoast.com\/wordpress\/plugins\/seo\/ -->\n<title>Le go\u00fbt du v\u00eatement - Librairie 7L<\/title>\n<meta name=\"robots\" content=\"index, follow, max-snippet:-1, max-image-preview:large, max-video-preview:-1\" \/>\n<link rel=\"canonical\" href=\"https:\/\/librairie7l.com\/en\/produit\/le-gout-du-vetement\/\" \/>\n<meta property=\"og:locale\" content=\"en_US\" \/>\n<meta property=\"og:type\" content=\"article\" \/>\n<meta property=\"og:title\" content=\"Le go\u00fbt du v\u00eatement - Librairie 7L\" \/>\n<meta property=\"og:description\" content=\"Au th\u00e9\u00e2tre comme dans les romans et nouvelles, un v\u00eatement permet de reconna\u00eetre tout de suite un personnage. Auteur d&#8217;un Trait\u00e9 de l&#8217;\u00e9l\u00e9gance, Balzac parle de vestignomie pour d\u00e9signer la science de l&#8217;habillement. Le v\u00eatement est d&#8217;abord un marqueur social. V\u00eatements du quotidien, v\u00eatements de f\u00eates, de c\u00e9r\u00e9monies, de loisir, de travail, costumes et uniformes [&hellip;]\" \/>\n<meta property=\"og:url\" content=\"https:\/\/librairie7l.com\/en\/produit\/le-gout-du-vetement\/\" \/>\n<meta property=\"og:site_name\" content=\"Librairie 7L\" \/>\n<meta property=\"article:modified_time\" content=\"2026-04-12T14:17:54+00:00\" \/>\n<meta property=\"og:image\" content=\"https:\/\/librairie7l.com\/wp-content\/uploads\/2024\/01\/9782715263888_1_75.jpg\" \/>\n\t<meta property=\"og:image:width\" content=\"600\" \/>\n\t<meta property=\"og:image:height\" content=\"960\" \/>\n\t<meta property=\"og:image:type\" content=\"image\/jpeg\" \/>\n<meta name=\"twitter:card\" content=\"summary_large_image\" \/>\n<meta name=\"twitter:label1\" content=\"Est. reading time\" \/>\n\t<meta name=\"twitter:data1\" content=\"1 minute\" \/>\n<script type=\"application\/ld+json\" class=\"yoast-schema-graph\">{\"@context\":\"https:\/\/schema.org\",\"@graph\":[{\"@type\":\"WebPage\",\"@id\":\"https:\/\/librairie7l.com\/en\/produit\/le-gout-du-vetement\/\",\"url\":\"https:\/\/librairie7l.com\/en\/produit\/le-gout-du-vetement\/\",\"name\":\"Le go\u00fbt du v\u00eatement - Librairie 7L\",\"isPartOf\":{\"@id\":\"https:\/\/librairie7l.com\/en\/#website\"},\"datePublished\":\"2024-06-20T07:19:17+00:00\",\"dateModified\":\"2026-04-12T14:17:54+00:00\",\"breadcrumb\":{\"@id\":\"https:\/\/librairie7l.com\/en\/produit\/le-gout-du-vetement\/#breadcrumb\"},\"inLanguage\":\"en-US\",\"potentialAction\":[{\"@type\":\"ReadAction\",\"target\":[\"https:\/\/librairie7l.com\/en\/produit\/le-gout-du-vetement\/\"]}]},{\"@type\":\"BreadcrumbList\",\"@id\":\"https:\/\/librairie7l.com\/en\/produit\/le-gout-du-vetement\/#breadcrumb\",\"itemListElement\":[{\"@type\":\"ListItem\",\"position\":1,\"name\":\"Accueil\",\"item\":\"https:\/\/librairie7l.com\/en\/\"},{\"@type\":\"ListItem\",\"position\":2,\"name\":\"Shop\",\"item\":\"https:\/\/librairie7l.com\/en\/shop\/\"},{\"@type\":\"ListItem\",\"position\":3,\"name\":\"LE GO\u00dbT DU V\u00caTEMENT\"}]},{\"@type\":\"WebSite\",\"@id\":\"https:\/\/librairie7l.com\/en\/#website\",\"url\":\"https:\/\/librairie7l.com\/en\/\",\"name\":\"Librairie 7L\",\"description\":\"Librairie fond\u00e9e en 1999 par Karl Lagerfeld \u00e0 Paris\",\"publisher\":{\"@id\":\"https:\/\/librairie7l.com\/en\/#organization\"},\"potentialAction\":[{\"@type\":\"SearchAction\",\"target\":{\"@type\":\"EntryPoint\",\"urlTemplate\":\"https:\/\/librairie7l.com\/en\/?s={search_term_string}\"},\"query-input\":\"required name=search_term_string\"}],\"inLanguage\":\"en-US\"},{\"@type\":\"Organization\",\"@id\":\"https:\/\/librairie7l.com\/en\/#organization\",\"name\":\"Librairie 7L\",\"url\":\"https:\/\/librairie7l.com\/en\/\",\"logo\":{\"@type\":\"ImageObject\",\"inLanguage\":\"en-US\",\"@id\":\"https:\/\/librairie7l.com\/en\/#\/schema\/logo\/image\/\",\"url\":\"https:\/\/librairie7l.com\/wp-content\/uploads\/2022\/08\/logo-1.png\",\"contentUrl\":\"https:\/\/librairie7l.com\/wp-content\/uploads\/2022\/08\/logo-1.png\",\"width\":227,\"height\":301,\"caption\":\"Librairie 7L\"},\"image\":{\"@id\":\"https:\/\/librairie7l.com\/en\/#\/schema\/logo\/image\/\"}}]}<\/script>\n<!-- \/ Yoast SEO plugin. -->","yoast_head_json":{"title":"Le go\u00fbt du v\u00eatement - Librairie 7L","robots":{"index":"index","follow":"follow","max-snippet":"max-snippet:-1","max-image-preview":"max-image-preview:large","max-video-preview":"max-video-preview:-1"},"canonical":"https:\/\/librairie7l.com\/en\/produit\/le-gout-du-vetement\/","og_locale":"en_US","og_type":"article","og_title":"Le go\u00fbt du v\u00eatement - Librairie 7L","og_description":"Au th\u00e9\u00e2tre comme dans les romans et nouvelles, un v\u00eatement permet de reconna\u00eetre tout de suite un personnage. Auteur d&#8217;un Trait\u00e9 de l&#8217;\u00e9l\u00e9gance, Balzac parle de vestignomie pour d\u00e9signer la science de l&#8217;habillement. Le v\u00eatement est d&#8217;abord un marqueur social. V\u00eatements du quotidien, v\u00eatements de f\u00eates, de c\u00e9r\u00e9monies, de loisir, de travail, costumes et uniformes [&hellip;]","og_url":"https:\/\/librairie7l.com\/en\/produit\/le-gout-du-vetement\/","og_site_name":"Librairie 7L","article_modified_time":"2026-04-12T14:17:54+00:00","og_image":[{"width":600,"height":960,"url":"https:\/\/librairie7l.com\/wp-content\/uploads\/2024\/01\/9782715263888_1_75.jpg","type":"image\/jpeg"}],"twitter_card":"summary_large_image","twitter_misc":{"Est. reading time":"1 minute"},"schema":{"@context":"https:\/\/schema.org","@graph":[{"@type":"WebPage","@id":"https:\/\/librairie7l.com\/en\/produit\/le-gout-du-vetement\/","url":"https:\/\/librairie7l.com\/en\/produit\/le-gout-du-vetement\/","name":"Le go\u00fbt du v\u00eatement - Librairie 7L","isPartOf":{"@id":"https:\/\/librairie7l.com\/en\/#website"},"datePublished":"2024-06-20T07:19:17+00:00","dateModified":"2026-04-12T14:17:54+00:00","breadcrumb":{"@id":"https:\/\/librairie7l.com\/en\/produit\/le-gout-du-vetement\/#breadcrumb"},"inLanguage":"en-US","potentialAction":[{"@type":"ReadAction","target":["https:\/\/librairie7l.com\/en\/produit\/le-gout-du-vetement\/"]}]},{"@type":"BreadcrumbList","@id":"https:\/\/librairie7l.com\/en\/produit\/le-gout-du-vetement\/#breadcrumb","itemListElement":[{"@type":"ListItem","position":1,"name":"Accueil","item":"https:\/\/librairie7l.com\/en\/"},{"@type":"ListItem","position":2,"name":"Shop","item":"https:\/\/librairie7l.com\/en\/shop\/"},{"@type":"ListItem","position":3,"name":"LE GO\u00dbT DU V\u00caTEMENT"}]},{"@type":"WebSite","@id":"https:\/\/librairie7l.com\/en\/#website","url":"https:\/\/librairie7l.com\/en\/","name":"Librairie 7L","description":"Librairie fond\u00e9e en 1999 par Karl Lagerfeld \u00e0 Paris","publisher":{"@id":"https:\/\/librairie7l.com\/en\/#organization"},"potentialAction":[{"@type":"SearchAction","target":{"@type":"EntryPoint","urlTemplate":"https:\/\/librairie7l.com\/en\/?s={search_term_string}"},"query-input":"required name=search_term_string"}],"inLanguage":"en-US"},{"@type":"Organization","@id":"https:\/\/librairie7l.com\/en\/#organization","name":"Librairie 7L","url":"https:\/\/librairie7l.com\/en\/","logo":{"@type":"ImageObject","inLanguage":"en-US","@id":"https:\/\/librairie7l.com\/en\/#\/schema\/logo\/image\/","url":"https:\/\/librairie7l.com\/wp-content\/uploads\/2022\/08\/logo-1.png","contentUrl":"https:\/\/librairie7l.com\/wp-content\/uploads\/2022\/08\/logo-1.png","width":227,"height":301,"caption":"Librairie 7L"},"image":{"@id":"https:\/\/librairie7l.com\/en\/#\/schema\/logo\/image\/"}}]}},"_links":{"self":[{"href":"https:\/\/librairie7l.com\/en\/wp-json\/wp\/v2\/product\/41532"}],"collection":[{"href":"https:\/\/librairie7l.com\/en\/wp-json\/wp\/v2\/product"}],"about":[{"href":"https:\/\/librairie7l.com\/en\/wp-json\/wp\/v2\/types\/product"}],"wp:featuredmedia":[{"embeddable":true,"href":"https:\/\/librairie7l.com\/en\/wp-json\/wp\/v2\/media\/41530"}],"wp:attachment":[{"href":"https:\/\/librairie7l.com\/en\/wp-json\/wp\/v2\/media?parent=41532"}],"wp:term":[{"taxonomy":"product_cat","embeddable":true,"href":"https:\/\/librairie7l.com\/en\/wp-json\/wp\/v2\/product_cat?post=41532"},{"taxonomy":"product_tag","embeddable":true,"href":"https:\/\/librairie7l.com\/en\/wp-json\/wp\/v2\/product_tag?post=41532"}],"curies":[{"name":"wp","href":"https:\/\/api.w.org\/{rel}","templated":true}]}}