{"id":41538,"date":"2024-06-20T09:19:23","date_gmt":"2024-06-20T07:19:23","guid":{"rendered":"https:\/\/librairie7l.com\/?post_type=product&#038;p=41538"},"modified":"2026-04-12T16:17:59","modified_gmt":"2026-04-12T14:17:59","slug":"ali-cherri-earth-fire-water","status":"publish","type":"product","link":"https:\/\/librairie7l.com\/en\/produit\/ali-cherri-earth-fire-water\/","title":{"rendered":"ALI CHERRI. EARTH, FIRE, WATER"},"content":{"rendered":"<p>\u00c0 travers son travail plastique et vid\u00e9o, Ali Cherri op\u00e8re des glissements temporels entre les mondes antiques et nos soci\u00e9t\u00e9s contemporaines, des allers-retours constants entre mythes fondateurs et utopie d&#8217;un progr\u00e8s sans limite. Son oeuvre explore ainsi les liens qui unissent arch\u00e9ologie, r\u00e9cits historiques et patrimoine culturel, et s&#8217;attache de fait aux processus de fouilles, de d\u00e9placement et de mus\u00e9ification de vestiges fun\u00e9raires, qui sont autant de violences faites \u00e0 des pratiques culturelles imm\u00e9morielles et \u00e0 des sites arch\u00e9ologiques.<\/p>\n","protected":false},"excerpt":{"rendered":"<p>\u00c0 travers son travail plastique et vid\u00e9o, Ali Cherri op\u00e8re des glissements temporels entre les mondes antiques et nos soci\u00e9t\u00e9s contemporaines, des allers-retours constants entre mythes fondateurs et utopie d&#8217;un progr\u00e8s sans limite. Son oeuvre explore ainsi les liens qui unissent arch\u00e9ologie, r\u00e9cits historiques et patrimoine culturel, et s&#8217;attache de fait aux processus de fouilles, [&hellip;]<\/p>\n","protected":false},"featured_media":47516,"template":"","meta":[],"product_cat":[2948,2953],"product_tag":[],"acf":[],"yoast_head":"<!-- This site is optimized with the Yoast SEO plugin v20.11 - https:\/\/yoast.com\/wordpress\/plugins\/seo\/ -->\n<title>Ali cherri. earth, fire, water - Librairie 7L<\/title>\n<meta name=\"robots\" content=\"index, follow, max-snippet:-1, max-image-preview:large, max-video-preview:-1\" \/>\n<link rel=\"canonical\" href=\"https:\/\/librairie7l.com\/en\/produit\/ali-cherri-earth-fire-water\/\" \/>\n<meta property=\"og:locale\" content=\"en_US\" \/>\n<meta property=\"og:type\" content=\"article\" \/>\n<meta property=\"og:title\" content=\"Ali cherri. earth, fire, water - Librairie 7L\" \/>\n<meta property=\"og:description\" content=\"\u00c0 travers son travail plastique et vid\u00e9o, Ali Cherri op\u00e8re des glissements temporels entre les mondes antiques et nos soci\u00e9t\u00e9s contemporaines, des allers-retours constants entre mythes fondateurs et utopie d&#8217;un progr\u00e8s sans limite. Son oeuvre explore ainsi les liens qui unissent arch\u00e9ologie, r\u00e9cits historiques et patrimoine culturel, et s&#8217;attache de fait aux processus de fouilles, [&hellip;]\" \/>\n<meta property=\"og:url\" content=\"https:\/\/librairie7l.com\/en\/produit\/ali-cherri-earth-fire-water\/\" \/>\n<meta property=\"og:site_name\" content=\"Librairie 7L\" \/>\n<meta property=\"article:modified_time\" content=\"2026-04-12T14:17:59+00:00\" \/>\n<meta name=\"twitter:card\" content=\"summary_large_image\" \/>\n<script type=\"application\/ld+json\" class=\"yoast-schema-graph\">{\"@context\":\"https:\/\/schema.org\",\"@graph\":[{\"@type\":\"WebPage\",\"@id\":\"https:\/\/librairie7l.com\/en\/produit\/ali-cherri-earth-fire-water\/\",\"url\":\"https:\/\/librairie7l.com\/en\/produit\/ali-cherri-earth-fire-water\/\",\"name\":\"Ali cherri. earth, fire, water - Librairie 7L\",\"isPartOf\":{\"@id\":\"https:\/\/librairie7l.com\/en\/#website\"},\"datePublished\":\"2024-06-20T07:19:23+00:00\",\"dateModified\":\"2026-04-12T14:17:59+00:00\",\"breadcrumb\":{\"@id\":\"https:\/\/librairie7l.com\/en\/produit\/ali-cherri-earth-fire-water\/#breadcrumb\"},\"inLanguage\":\"en-US\",\"potentialAction\":[{\"@type\":\"ReadAction\",\"target\":[\"https:\/\/librairie7l.com\/en\/produit\/ali-cherri-earth-fire-water\/\"]}]},{\"@type\":\"BreadcrumbList\",\"@id\":\"https:\/\/librairie7l.com\/en\/produit\/ali-cherri-earth-fire-water\/#breadcrumb\",\"itemListElement\":[{\"@type\":\"ListItem\",\"position\":1,\"name\":\"Accueil\",\"item\":\"https:\/\/librairie7l.com\/en\/\"},{\"@type\":\"ListItem\",\"position\":2,\"name\":\"Shop\",\"item\":\"https:\/\/librairie7l.com\/en\/shop\/\"},{\"@type\":\"ListItem\",\"position\":3,\"name\":\"ALI CHERRI. EARTH, FIRE, WATER\"}]},{\"@type\":\"WebSite\",\"@id\":\"https:\/\/librairie7l.com\/en\/#website\",\"url\":\"https:\/\/librairie7l.com\/en\/\",\"name\":\"Librairie 7L\",\"description\":\"Librairie fond\u00e9e en 1999 par Karl Lagerfeld \u00e0 Paris\",\"publisher\":{\"@id\":\"https:\/\/librairie7l.com\/en\/#organization\"},\"potentialAction\":[{\"@type\":\"SearchAction\",\"target\":{\"@type\":\"EntryPoint\",\"urlTemplate\":\"https:\/\/librairie7l.com\/en\/?s={search_term_string}\"},\"query-input\":\"required name=search_term_string\"}],\"inLanguage\":\"en-US\"},{\"@type\":\"Organization\",\"@id\":\"https:\/\/librairie7l.com\/en\/#organization\",\"name\":\"Librairie 7L\",\"url\":\"https:\/\/librairie7l.com\/en\/\",\"logo\":{\"@type\":\"ImageObject\",\"inLanguage\":\"en-US\",\"@id\":\"https:\/\/librairie7l.com\/en\/#\/schema\/logo\/image\/\",\"url\":\"https:\/\/librairie7l.com\/wp-content\/uploads\/2022\/08\/logo-1.png\",\"contentUrl\":\"https:\/\/librairie7l.com\/wp-content\/uploads\/2022\/08\/logo-1.png\",\"width\":227,\"height\":301,\"caption\":\"Librairie 7L\"},\"image\":{\"@id\":\"https:\/\/librairie7l.com\/en\/#\/schema\/logo\/image\/\"}}]}<\/script>\n<!-- \/ Yoast SEO plugin. -->","yoast_head_json":{"title":"Ali cherri. earth, fire, water - Librairie 7L","robots":{"index":"index","follow":"follow","max-snippet":"max-snippet:-1","max-image-preview":"max-image-preview:large","max-video-preview":"max-video-preview:-1"},"canonical":"https:\/\/librairie7l.com\/en\/produit\/ali-cherri-earth-fire-water\/","og_locale":"en_US","og_type":"article","og_title":"Ali cherri. earth, fire, water - Librairie 7L","og_description":"\u00c0 travers son travail plastique et vid\u00e9o, Ali Cherri op\u00e8re des glissements temporels entre les mondes antiques et nos soci\u00e9t\u00e9s contemporaines, des allers-retours constants entre mythes fondateurs et utopie d&#8217;un progr\u00e8s sans limite. Son oeuvre explore ainsi les liens qui unissent arch\u00e9ologie, r\u00e9cits historiques et patrimoine culturel, et s&#8217;attache de fait aux processus de fouilles, [&hellip;]","og_url":"https:\/\/librairie7l.com\/en\/produit\/ali-cherri-earth-fire-water\/","og_site_name":"Librairie 7L","article_modified_time":"2026-04-12T14:17:59+00:00","twitter_card":"summary_large_image","schema":{"@context":"https:\/\/schema.org","@graph":[{"@type":"WebPage","@id":"https:\/\/librairie7l.com\/en\/produit\/ali-cherri-earth-fire-water\/","url":"https:\/\/librairie7l.com\/en\/produit\/ali-cherri-earth-fire-water\/","name":"Ali cherri. earth, fire, water - Librairie 7L","isPartOf":{"@id":"https:\/\/librairie7l.com\/en\/#website"},"datePublished":"2024-06-20T07:19:23+00:00","dateModified":"2026-04-12T14:17:59+00:00","breadcrumb":{"@id":"https:\/\/librairie7l.com\/en\/produit\/ali-cherri-earth-fire-water\/#breadcrumb"},"inLanguage":"en-US","potentialAction":[{"@type":"ReadAction","target":["https:\/\/librairie7l.com\/en\/produit\/ali-cherri-earth-fire-water\/"]}]},{"@type":"BreadcrumbList","@id":"https:\/\/librairie7l.com\/en\/produit\/ali-cherri-earth-fire-water\/#breadcrumb","itemListElement":[{"@type":"ListItem","position":1,"name":"Accueil","item":"https:\/\/librairie7l.com\/en\/"},{"@type":"ListItem","position":2,"name":"Shop","item":"https:\/\/librairie7l.com\/en\/shop\/"},{"@type":"ListItem","position":3,"name":"ALI CHERRI. EARTH, FIRE, WATER"}]},{"@type":"WebSite","@id":"https:\/\/librairie7l.com\/en\/#website","url":"https:\/\/librairie7l.com\/en\/","name":"Librairie 7L","description":"Librairie fond\u00e9e en 1999 par Karl Lagerfeld \u00e0 Paris","publisher":{"@id":"https:\/\/librairie7l.com\/en\/#organization"},"potentialAction":[{"@type":"SearchAction","target":{"@type":"EntryPoint","urlTemplate":"https:\/\/librairie7l.com\/en\/?s={search_term_string}"},"query-input":"required name=search_term_string"}],"inLanguage":"en-US"},{"@type":"Organization","@id":"https:\/\/librairie7l.com\/en\/#organization","name":"Librairie 7L","url":"https:\/\/librairie7l.com\/en\/","logo":{"@type":"ImageObject","inLanguage":"en-US","@id":"https:\/\/librairie7l.com\/en\/#\/schema\/logo\/image\/","url":"https:\/\/librairie7l.com\/wp-content\/uploads\/2022\/08\/logo-1.png","contentUrl":"https:\/\/librairie7l.com\/wp-content\/uploads\/2022\/08\/logo-1.png","width":227,"height":301,"caption":"Librairie 7L"},"image":{"@id":"https:\/\/librairie7l.com\/en\/#\/schema\/logo\/image\/"}}]}},"_links":{"self":[{"href":"https:\/\/librairie7l.com\/en\/wp-json\/wp\/v2\/product\/41538"}],"collection":[{"href":"https:\/\/librairie7l.com\/en\/wp-json\/wp\/v2\/product"}],"about":[{"href":"https:\/\/librairie7l.com\/en\/wp-json\/wp\/v2\/types\/product"}],"wp:featuredmedia":[{"embeddable":true,"href":"https:\/\/librairie7l.com\/en\/wp-json\/wp\/v2\/media\/47516"}],"wp:attachment":[{"href":"https:\/\/librairie7l.com\/en\/wp-json\/wp\/v2\/media?parent=41538"}],"wp:term":[{"taxonomy":"product_cat","embeddable":true,"href":"https:\/\/librairie7l.com\/en\/wp-json\/wp\/v2\/product_cat?post=41538"},{"taxonomy":"product_tag","embeddable":true,"href":"https:\/\/librairie7l.com\/en\/wp-json\/wp\/v2\/product_tag?post=41538"}],"curies":[{"name":"wp","href":"https:\/\/api.w.org\/{rel}","templated":true}]}}