{"id":41543,"date":"2024-06-21T09:17:44","date_gmt":"2024-06-21T07:17:44","guid":{"rendered":"https:\/\/librairie7l.com\/?post_type=product&#038;p=41543"},"modified":"2026-04-12T14:59:56","modified_gmt":"2026-04-12T12:59:56","slug":"chefs-doeuvre-de-la-collection-torlonia","status":"publish","type":"product","link":"https:\/\/librairie7l.com\/en\/produit\/chefs-doeuvre-de-la-collection-torlonia\/","title":{"rendered":"CHEFS D&#8217;OEUVRE DE LA COLLECTION TORLONIA"},"content":{"rendered":"<p>La collection Torlonia, constitu\u00e9e \u00e0 Rome d\u00e8s la toute fin du XVIIIe si\u00e8cle par Giovanni Torlonia, un richissime banquier et entrepreneur, puis par son fils Alessandro, d\u00e9ploie ici ses chefs-d&#8217;oeuvre, dans une impressionnante s\u00e9rie que viennent compl\u00e9ter un certain nombre de sculptures conserv\u00e9es au Louvre. La r\u00e9union des pi\u00e8ces d&#8217;un tr\u00e8s haut niveau artistique permet une exploration de la sculpture romaine \u00e0 travers des genres majeurs (notamment le portrait), des modalit\u00e9s de production (les copies romaines d&#8217;originaux grecs et l&#8217;assimilation de leurs mod\u00e8les), ou des typologies sp\u00e9cifiquement romaines (les sarcophages sculpt\u00e9s).<\/p>\n<p>Ce parall\u00e8le entre la collection Torlonia et celle du Louvre nous plonge aux racines du go\u00fbt europ\u00e9en et de l&#8217;histoire des mus\u00e9es : d&#8217;un c\u00f4t\u00e9, une collection princi\u00e8re, enrichie par plusieurs acquisitions successives de collections enti\u00e8res ; de l&#8217;autre, un mus\u00e9e public de sculpture antique ouvert sous la R\u00e9volution.<\/p>\n<p>L&#8217;ensemble des essais r\u00e9unis ici compte les meilleurs sp\u00e9cialistes du domaine et retrace les \u00e9tapes et les enjeux du collectionnisme tout en \u00e9clairant la beaut\u00e9 saisissante de ces oeuvres uniques.<\/p>\n","protected":false},"excerpt":{"rendered":"<p>La collection Torlonia, constitu\u00e9e \u00e0 Rome d\u00e8s la toute fin du XVIIIe si\u00e8cle par Giovanni Torlonia, un richissime banquier et entrepreneur, puis par son fils Alessandro, d\u00e9ploie ici ses chefs-d&#8217;oeuvre, dans une impressionnante s\u00e9rie que viennent compl\u00e9ter un certain nombre de sculptures conserv\u00e9es au Louvre. La r\u00e9union des pi\u00e8ces d&#8217;un tr\u00e8s haut niveau artistique permet [&hellip;]<\/p>\n","protected":false},"featured_media":41541,"template":"","meta":[],"product_cat":[2948,2953],"product_tag":[],"acf":[],"yoast_head":"<!-- This site is optimized with the Yoast SEO plugin v20.11 - https:\/\/yoast.com\/wordpress\/plugins\/seo\/ -->\n<title>Chefs d&#039;oeuvre de la collection Torlonia - Librairie 7L<\/title>\n<meta name=\"robots\" content=\"index, follow, max-snippet:-1, max-image-preview:large, max-video-preview:-1\" \/>\n<link rel=\"canonical\" href=\"https:\/\/librairie7l.com\/en\/produit\/chefs-doeuvre-de-la-collection-torlonia\/\" \/>\n<meta property=\"og:locale\" content=\"en_US\" \/>\n<meta property=\"og:type\" content=\"article\" \/>\n<meta property=\"og:title\" content=\"Chefs d&#039;oeuvre de la collection Torlonia - Librairie 7L\" \/>\n<meta property=\"og:description\" content=\"La collection Torlonia, constitu\u00e9e \u00e0 Rome d\u00e8s la toute fin du XVIIIe si\u00e8cle par Giovanni Torlonia, un richissime banquier et entrepreneur, puis par son fils Alessandro, d\u00e9ploie ici ses chefs-d&#8217;oeuvre, dans une impressionnante s\u00e9rie que viennent compl\u00e9ter un certain nombre de sculptures conserv\u00e9es au Louvre. La r\u00e9union des pi\u00e8ces d&#8217;un tr\u00e8s haut niveau artistique permet [&hellip;]\" \/>\n<meta property=\"og:url\" content=\"https:\/\/librairie7l.com\/en\/produit\/chefs-doeuvre-de-la-collection-torlonia\/\" \/>\n<meta property=\"og:site_name\" content=\"Librairie 7L\" \/>\n<meta property=\"article:modified_time\" content=\"2026-04-12T12:59:56+00:00\" \/>\n<meta property=\"og:image\" content=\"https:\/\/librairie7l.com\/wp-content\/uploads\/2024\/02\/9782021562835_1_75.jpg\" \/>\n\t<meta property=\"og:image:width\" content=\"400\" \/>\n\t<meta property=\"og:image:height\" content=\"447\" \/>\n\t<meta property=\"og:image:type\" content=\"image\/jpeg\" \/>\n<meta name=\"twitter:card\" content=\"summary_large_image\" \/>\n<meta name=\"twitter:label1\" content=\"Est. reading time\" \/>\n\t<meta name=\"twitter:data1\" content=\"1 minute\" \/>\n<script type=\"application\/ld+json\" class=\"yoast-schema-graph\">{\"@context\":\"https:\/\/schema.org\",\"@graph\":[{\"@type\":\"WebPage\",\"@id\":\"https:\/\/librairie7l.com\/en\/produit\/chefs-doeuvre-de-la-collection-torlonia\/\",\"url\":\"https:\/\/librairie7l.com\/en\/produit\/chefs-doeuvre-de-la-collection-torlonia\/\",\"name\":\"Chefs d'oeuvre de la collection Torlonia - Librairie 7L\",\"isPartOf\":{\"@id\":\"https:\/\/librairie7l.com\/en\/#website\"},\"datePublished\":\"2024-06-21T07:17:44+00:00\",\"dateModified\":\"2026-04-12T12:59:56+00:00\",\"breadcrumb\":{\"@id\":\"https:\/\/librairie7l.com\/en\/produit\/chefs-doeuvre-de-la-collection-torlonia\/#breadcrumb\"},\"inLanguage\":\"en-US\",\"potentialAction\":[{\"@type\":\"ReadAction\",\"target\":[\"https:\/\/librairie7l.com\/en\/produit\/chefs-doeuvre-de-la-collection-torlonia\/\"]}]},{\"@type\":\"BreadcrumbList\",\"@id\":\"https:\/\/librairie7l.com\/en\/produit\/chefs-doeuvre-de-la-collection-torlonia\/#breadcrumb\",\"itemListElement\":[{\"@type\":\"ListItem\",\"position\":1,\"name\":\"Accueil\",\"item\":\"https:\/\/librairie7l.com\/en\/\"},{\"@type\":\"ListItem\",\"position\":2,\"name\":\"Shop\",\"item\":\"https:\/\/librairie7l.com\/en\/shop\/\"},{\"@type\":\"ListItem\",\"position\":3,\"name\":\"CHEFS D&#8217;OEUVRE DE LA COLLECTION TORLONIA\"}]},{\"@type\":\"WebSite\",\"@id\":\"https:\/\/librairie7l.com\/en\/#website\",\"url\":\"https:\/\/librairie7l.com\/en\/\",\"name\":\"Librairie 7L\",\"description\":\"Librairie fond\u00e9e en 1999 par Karl Lagerfeld \u00e0 Paris\",\"publisher\":{\"@id\":\"https:\/\/librairie7l.com\/en\/#organization\"},\"potentialAction\":[{\"@type\":\"SearchAction\",\"target\":{\"@type\":\"EntryPoint\",\"urlTemplate\":\"https:\/\/librairie7l.com\/en\/?s={search_term_string}\"},\"query-input\":\"required name=search_term_string\"}],\"inLanguage\":\"en-US\"},{\"@type\":\"Organization\",\"@id\":\"https:\/\/librairie7l.com\/en\/#organization\",\"name\":\"Librairie 7L\",\"url\":\"https:\/\/librairie7l.com\/en\/\",\"logo\":{\"@type\":\"ImageObject\",\"inLanguage\":\"en-US\",\"@id\":\"https:\/\/librairie7l.com\/en\/#\/schema\/logo\/image\/\",\"url\":\"https:\/\/librairie7l.com\/wp-content\/uploads\/2022\/08\/logo-1.png\",\"contentUrl\":\"https:\/\/librairie7l.com\/wp-content\/uploads\/2022\/08\/logo-1.png\",\"width\":227,\"height\":301,\"caption\":\"Librairie 7L\"},\"image\":{\"@id\":\"https:\/\/librairie7l.com\/en\/#\/schema\/logo\/image\/\"}}]}<\/script>\n<!-- \/ Yoast SEO plugin. -->","yoast_head_json":{"title":"Chefs d'oeuvre de la collection Torlonia - Librairie 7L","robots":{"index":"index","follow":"follow","max-snippet":"max-snippet:-1","max-image-preview":"max-image-preview:large","max-video-preview":"max-video-preview:-1"},"canonical":"https:\/\/librairie7l.com\/en\/produit\/chefs-doeuvre-de-la-collection-torlonia\/","og_locale":"en_US","og_type":"article","og_title":"Chefs d'oeuvre de la collection Torlonia - Librairie 7L","og_description":"La collection Torlonia, constitu\u00e9e \u00e0 Rome d\u00e8s la toute fin du XVIIIe si\u00e8cle par Giovanni Torlonia, un richissime banquier et entrepreneur, puis par son fils Alessandro, d\u00e9ploie ici ses chefs-d&#8217;oeuvre, dans une impressionnante s\u00e9rie que viennent compl\u00e9ter un certain nombre de sculptures conserv\u00e9es au Louvre. La r\u00e9union des pi\u00e8ces d&#8217;un tr\u00e8s haut niveau artistique permet [&hellip;]","og_url":"https:\/\/librairie7l.com\/en\/produit\/chefs-doeuvre-de-la-collection-torlonia\/","og_site_name":"Librairie 7L","article_modified_time":"2026-04-12T12:59:56+00:00","og_image":[{"width":400,"height":447,"url":"https:\/\/librairie7l.com\/wp-content\/uploads\/2024\/02\/9782021562835_1_75.jpg","type":"image\/jpeg"}],"twitter_card":"summary_large_image","twitter_misc":{"Est. reading time":"1 minute"},"schema":{"@context":"https:\/\/schema.org","@graph":[{"@type":"WebPage","@id":"https:\/\/librairie7l.com\/en\/produit\/chefs-doeuvre-de-la-collection-torlonia\/","url":"https:\/\/librairie7l.com\/en\/produit\/chefs-doeuvre-de-la-collection-torlonia\/","name":"Chefs d'oeuvre de la collection Torlonia - Librairie 7L","isPartOf":{"@id":"https:\/\/librairie7l.com\/en\/#website"},"datePublished":"2024-06-21T07:17:44+00:00","dateModified":"2026-04-12T12:59:56+00:00","breadcrumb":{"@id":"https:\/\/librairie7l.com\/en\/produit\/chefs-doeuvre-de-la-collection-torlonia\/#breadcrumb"},"inLanguage":"en-US","potentialAction":[{"@type":"ReadAction","target":["https:\/\/librairie7l.com\/en\/produit\/chefs-doeuvre-de-la-collection-torlonia\/"]}]},{"@type":"BreadcrumbList","@id":"https:\/\/librairie7l.com\/en\/produit\/chefs-doeuvre-de-la-collection-torlonia\/#breadcrumb","itemListElement":[{"@type":"ListItem","position":1,"name":"Accueil","item":"https:\/\/librairie7l.com\/en\/"},{"@type":"ListItem","position":2,"name":"Shop","item":"https:\/\/librairie7l.com\/en\/shop\/"},{"@type":"ListItem","position":3,"name":"CHEFS D&#8217;OEUVRE DE LA COLLECTION TORLONIA"}]},{"@type":"WebSite","@id":"https:\/\/librairie7l.com\/en\/#website","url":"https:\/\/librairie7l.com\/en\/","name":"Librairie 7L","description":"Librairie fond\u00e9e en 1999 par Karl Lagerfeld \u00e0 Paris","publisher":{"@id":"https:\/\/librairie7l.com\/en\/#organization"},"potentialAction":[{"@type":"SearchAction","target":{"@type":"EntryPoint","urlTemplate":"https:\/\/librairie7l.com\/en\/?s={search_term_string}"},"query-input":"required name=search_term_string"}],"inLanguage":"en-US"},{"@type":"Organization","@id":"https:\/\/librairie7l.com\/en\/#organization","name":"Librairie 7L","url":"https:\/\/librairie7l.com\/en\/","logo":{"@type":"ImageObject","inLanguage":"en-US","@id":"https:\/\/librairie7l.com\/en\/#\/schema\/logo\/image\/","url":"https:\/\/librairie7l.com\/wp-content\/uploads\/2022\/08\/logo-1.png","contentUrl":"https:\/\/librairie7l.com\/wp-content\/uploads\/2022\/08\/logo-1.png","width":227,"height":301,"caption":"Librairie 7L"},"image":{"@id":"https:\/\/librairie7l.com\/en\/#\/schema\/logo\/image\/"}}]}},"_links":{"self":[{"href":"https:\/\/librairie7l.com\/en\/wp-json\/wp\/v2\/product\/41543"}],"collection":[{"href":"https:\/\/librairie7l.com\/en\/wp-json\/wp\/v2\/product"}],"about":[{"href":"https:\/\/librairie7l.com\/en\/wp-json\/wp\/v2\/types\/product"}],"wp:featuredmedia":[{"embeddable":true,"href":"https:\/\/librairie7l.com\/en\/wp-json\/wp\/v2\/media\/41541"}],"wp:attachment":[{"href":"https:\/\/librairie7l.com\/en\/wp-json\/wp\/v2\/media?parent=41543"}],"wp:term":[{"taxonomy":"product_cat","embeddable":true,"href":"https:\/\/librairie7l.com\/en\/wp-json\/wp\/v2\/product_cat?post=41543"},{"taxonomy":"product_tag","embeddable":true,"href":"https:\/\/librairie7l.com\/en\/wp-json\/wp\/v2\/product_tag?post=41543"}],"curies":[{"name":"wp","href":"https:\/\/api.w.org\/{rel}","templated":true}]}}