{"id":41613,"date":"2024-06-26T16:35:21","date_gmt":"2024-06-26T14:35:21","guid":{"rendered":"https:\/\/librairie7l.com\/?post_type=product&#038;p=41613"},"modified":"2026-04-07T10:58:37","modified_gmt":"2026-04-07T08:58:37","slug":"pierre-chareau-modern-architecture-and-design","status":"publish","type":"product","link":"https:\/\/librairie7l.com\/en\/produit\/pierre-chareau-modern-architecture-and-design\/","title":{"rendered":"PIERRE CHAREAU : MODERN ARCHITECTURE AND DESIGN"},"content":{"rendered":"<p>Un regard r\u00e9v\u00e9lateur sur le visionnaire designer de meubles et architecte fran\u00e7ais, qui met en lumi\u00e8re ses cr\u00e9ations virtuoses et sa cr\u00e9ativit\u00e9 polyvalente. Le designer et architecte Pierre Chareau (1883-1950) a \u00e9t\u00e9 une figure centrale du modernisme. Son extraordinaire mobilier Art d\u00e9co est avidement collectionn\u00e9 et sa maison de verre visionnaire, la Maison de Verre, est c\u00e9l\u00e9br\u00e9e, mais l&#8217;\u00e9tendue de son g\u00e9nie en mati\u00e8re de design a \u00e9t\u00e9 peu explor\u00e9e. Chareau a li\u00e9 l&#8217;architecture, les beaux-arts et le style ; il a con\u00e7u des meubles pour des films d&#8217;avant-garde et des maisons chics ; il a collectionn\u00e9 des artistes tels que Picasso et Mondrian ; et il a \u00e9t\u00e9 un innovateur radical dans l&#8217;utilisation des mat\u00e9riaux. Ce regard r\u00e9v\u00e9lateur sur le designer visionnaire fran\u00e7ais met en lumi\u00e8re sa virtuosit\u00e9 et sa cr\u00e9ativit\u00e9 polyvalente. Les essais d&#8217;\u00e9minents sp\u00e9cialistes couvrent toute l&#8217;\u00e9tendue de son invention, offrant des analyses d\u00e9taill\u00e9es de projets individuels, de la nature interdisciplinaire de son travail, de ses origines juives, de sa place dans l&#8217;avant-garde du Paris de l&#8217;entre-deux-guerres et de sa r\u00e9ception plus r\u00e9cente. De nombreuses illustrations pr\u00e9sentent un riche \u00e9chantillonnage du mobilier, de l&#8217;architecture, des int\u00e9rieurs, des tissus et des papiers peints de Chareau, ainsi que son importante collection d&#8217;oeuvres d&#8217;art.<\/p>\n","protected":false},"excerpt":{"rendered":"<p>Un regard r\u00e9v\u00e9lateur sur le visionnaire designer de meubles et architecte fran\u00e7ais, qui met en lumi\u00e8re ses cr\u00e9ations virtuoses et sa cr\u00e9ativit\u00e9 polyvalente. Le designer et architecte Pierre Chareau (1883-1950) a \u00e9t\u00e9 une figure centrale du modernisme. Son extraordinaire mobilier Art d\u00e9co est avidement collectionn\u00e9 et sa maison de verre visionnaire, la Maison de Verre, [&hellip;]<\/p>\n","protected":false},"featured_media":41611,"template":"","meta":[],"product_cat":[55,2948,22,2950],"product_tag":[],"acf":[],"yoast_head":"<!-- This site is optimized with the Yoast SEO plugin v20.11 - https:\/\/yoast.com\/wordpress\/plugins\/seo\/ -->\n<title>Pierre Chareau : Modern architecture and design - Librairie 7L<\/title>\n<meta name=\"robots\" content=\"index, follow, max-snippet:-1, max-image-preview:large, max-video-preview:-1\" \/>\n<link rel=\"canonical\" href=\"https:\/\/librairie7l.com\/en\/produit\/pierre-chareau-modern-architecture-and-design\/\" \/>\n<meta property=\"og:locale\" content=\"en_US\" \/>\n<meta property=\"og:type\" content=\"article\" \/>\n<meta property=\"og:title\" content=\"Pierre Chareau : Modern architecture and design - Librairie 7L\" \/>\n<meta property=\"og:description\" content=\"Un regard r\u00e9v\u00e9lateur sur le visionnaire designer de meubles et architecte fran\u00e7ais, qui met en lumi\u00e8re ses cr\u00e9ations virtuoses et sa cr\u00e9ativit\u00e9 polyvalente. Le designer et architecte Pierre Chareau (1883-1950) a \u00e9t\u00e9 une figure centrale du modernisme. Son extraordinaire mobilier Art d\u00e9co est avidement collectionn\u00e9 et sa maison de verre visionnaire, la Maison de Verre, [&hellip;]\" \/>\n<meta property=\"og:url\" content=\"https:\/\/librairie7l.com\/en\/produit\/pierre-chareau-modern-architecture-and-design\/\" \/>\n<meta property=\"og:site_name\" content=\"Librairie 7L\" \/>\n<meta property=\"article:modified_time\" content=\"2026-04-07T08:58:37+00:00\" \/>\n<meta property=\"og:image\" content=\"https:\/\/librairie7l.com\/wp-content\/uploads\/2024\/02\/9780300277852_1_75.jpg\" \/>\n\t<meta property=\"og:image:width\" content=\"600\" \/>\n\t<meta property=\"og:image:height\" content=\"730\" \/>\n\t<meta property=\"og:image:type\" content=\"image\/jpeg\" \/>\n<meta name=\"twitter:card\" content=\"summary_large_image\" \/>\n<meta name=\"twitter:label1\" content=\"Est. reading time\" \/>\n\t<meta name=\"twitter:data1\" content=\"1 minute\" \/>\n<script type=\"application\/ld+json\" class=\"yoast-schema-graph\">{\"@context\":\"https:\/\/schema.org\",\"@graph\":[{\"@type\":\"WebPage\",\"@id\":\"https:\/\/librairie7l.com\/en\/produit\/pierre-chareau-modern-architecture-and-design\/\",\"url\":\"https:\/\/librairie7l.com\/en\/produit\/pierre-chareau-modern-architecture-and-design\/\",\"name\":\"Pierre Chareau : Modern architecture and design - Librairie 7L\",\"isPartOf\":{\"@id\":\"https:\/\/librairie7l.com\/en\/#website\"},\"datePublished\":\"2024-06-26T14:35:21+00:00\",\"dateModified\":\"2026-04-07T08:58:37+00:00\",\"breadcrumb\":{\"@id\":\"https:\/\/librairie7l.com\/en\/produit\/pierre-chareau-modern-architecture-and-design\/#breadcrumb\"},\"inLanguage\":\"en-US\",\"potentialAction\":[{\"@type\":\"ReadAction\",\"target\":[\"https:\/\/librairie7l.com\/en\/produit\/pierre-chareau-modern-architecture-and-design\/\"]}]},{\"@type\":\"BreadcrumbList\",\"@id\":\"https:\/\/librairie7l.com\/en\/produit\/pierre-chareau-modern-architecture-and-design\/#breadcrumb\",\"itemListElement\":[{\"@type\":\"ListItem\",\"position\":1,\"name\":\"Accueil\",\"item\":\"https:\/\/librairie7l.com\/en\/\"},{\"@type\":\"ListItem\",\"position\":2,\"name\":\"Shop\",\"item\":\"https:\/\/librairie7l.com\/en\/shop\/\"},{\"@type\":\"ListItem\",\"position\":3,\"name\":\"PIERRE CHAREAU : MODERN ARCHITECTURE AND DESIGN\"}]},{\"@type\":\"WebSite\",\"@id\":\"https:\/\/librairie7l.com\/en\/#website\",\"url\":\"https:\/\/librairie7l.com\/en\/\",\"name\":\"Librairie 7L\",\"description\":\"Librairie fond\u00e9e en 1999 par Karl Lagerfeld \u00e0 Paris\",\"publisher\":{\"@id\":\"https:\/\/librairie7l.com\/en\/#organization\"},\"potentialAction\":[{\"@type\":\"SearchAction\",\"target\":{\"@type\":\"EntryPoint\",\"urlTemplate\":\"https:\/\/librairie7l.com\/en\/?s={search_term_string}\"},\"query-input\":\"required name=search_term_string\"}],\"inLanguage\":\"en-US\"},{\"@type\":\"Organization\",\"@id\":\"https:\/\/librairie7l.com\/en\/#organization\",\"name\":\"Librairie 7L\",\"url\":\"https:\/\/librairie7l.com\/en\/\",\"logo\":{\"@type\":\"ImageObject\",\"inLanguage\":\"en-US\",\"@id\":\"https:\/\/librairie7l.com\/en\/#\/schema\/logo\/image\/\",\"url\":\"https:\/\/librairie7l.com\/wp-content\/uploads\/2022\/08\/logo-1.png\",\"contentUrl\":\"https:\/\/librairie7l.com\/wp-content\/uploads\/2022\/08\/logo-1.png\",\"width\":227,\"height\":301,\"caption\":\"Librairie 7L\"},\"image\":{\"@id\":\"https:\/\/librairie7l.com\/en\/#\/schema\/logo\/image\/\"}}]}<\/script>\n<!-- \/ Yoast SEO plugin. -->","yoast_head_json":{"title":"Pierre Chareau : Modern architecture and design - Librairie 7L","robots":{"index":"index","follow":"follow","max-snippet":"max-snippet:-1","max-image-preview":"max-image-preview:large","max-video-preview":"max-video-preview:-1"},"canonical":"https:\/\/librairie7l.com\/en\/produit\/pierre-chareau-modern-architecture-and-design\/","og_locale":"en_US","og_type":"article","og_title":"Pierre Chareau : Modern architecture and design - Librairie 7L","og_description":"Un regard r\u00e9v\u00e9lateur sur le visionnaire designer de meubles et architecte fran\u00e7ais, qui met en lumi\u00e8re ses cr\u00e9ations virtuoses et sa cr\u00e9ativit\u00e9 polyvalente. Le designer et architecte Pierre Chareau (1883-1950) a \u00e9t\u00e9 une figure centrale du modernisme. Son extraordinaire mobilier Art d\u00e9co est avidement collectionn\u00e9 et sa maison de verre visionnaire, la Maison de Verre, [&hellip;]","og_url":"https:\/\/librairie7l.com\/en\/produit\/pierre-chareau-modern-architecture-and-design\/","og_site_name":"Librairie 7L","article_modified_time":"2026-04-07T08:58:37+00:00","og_image":[{"width":600,"height":730,"url":"https:\/\/librairie7l.com\/wp-content\/uploads\/2024\/02\/9780300277852_1_75.jpg","type":"image\/jpeg"}],"twitter_card":"summary_large_image","twitter_misc":{"Est. reading time":"1 minute"},"schema":{"@context":"https:\/\/schema.org","@graph":[{"@type":"WebPage","@id":"https:\/\/librairie7l.com\/en\/produit\/pierre-chareau-modern-architecture-and-design\/","url":"https:\/\/librairie7l.com\/en\/produit\/pierre-chareau-modern-architecture-and-design\/","name":"Pierre Chareau : Modern architecture and design - Librairie 7L","isPartOf":{"@id":"https:\/\/librairie7l.com\/en\/#website"},"datePublished":"2024-06-26T14:35:21+00:00","dateModified":"2026-04-07T08:58:37+00:00","breadcrumb":{"@id":"https:\/\/librairie7l.com\/en\/produit\/pierre-chareau-modern-architecture-and-design\/#breadcrumb"},"inLanguage":"en-US","potentialAction":[{"@type":"ReadAction","target":["https:\/\/librairie7l.com\/en\/produit\/pierre-chareau-modern-architecture-and-design\/"]}]},{"@type":"BreadcrumbList","@id":"https:\/\/librairie7l.com\/en\/produit\/pierre-chareau-modern-architecture-and-design\/#breadcrumb","itemListElement":[{"@type":"ListItem","position":1,"name":"Accueil","item":"https:\/\/librairie7l.com\/en\/"},{"@type":"ListItem","position":2,"name":"Shop","item":"https:\/\/librairie7l.com\/en\/shop\/"},{"@type":"ListItem","position":3,"name":"PIERRE CHAREAU : MODERN ARCHITECTURE AND DESIGN"}]},{"@type":"WebSite","@id":"https:\/\/librairie7l.com\/en\/#website","url":"https:\/\/librairie7l.com\/en\/","name":"Librairie 7L","description":"Librairie fond\u00e9e en 1999 par Karl Lagerfeld \u00e0 Paris","publisher":{"@id":"https:\/\/librairie7l.com\/en\/#organization"},"potentialAction":[{"@type":"SearchAction","target":{"@type":"EntryPoint","urlTemplate":"https:\/\/librairie7l.com\/en\/?s={search_term_string}"},"query-input":"required name=search_term_string"}],"inLanguage":"en-US"},{"@type":"Organization","@id":"https:\/\/librairie7l.com\/en\/#organization","name":"Librairie 7L","url":"https:\/\/librairie7l.com\/en\/","logo":{"@type":"ImageObject","inLanguage":"en-US","@id":"https:\/\/librairie7l.com\/en\/#\/schema\/logo\/image\/","url":"https:\/\/librairie7l.com\/wp-content\/uploads\/2022\/08\/logo-1.png","contentUrl":"https:\/\/librairie7l.com\/wp-content\/uploads\/2022\/08\/logo-1.png","width":227,"height":301,"caption":"Librairie 7L"},"image":{"@id":"https:\/\/librairie7l.com\/en\/#\/schema\/logo\/image\/"}}]}},"_links":{"self":[{"href":"https:\/\/librairie7l.com\/en\/wp-json\/wp\/v2\/product\/41613"}],"collection":[{"href":"https:\/\/librairie7l.com\/en\/wp-json\/wp\/v2\/product"}],"about":[{"href":"https:\/\/librairie7l.com\/en\/wp-json\/wp\/v2\/types\/product"}],"wp:featuredmedia":[{"embeddable":true,"href":"https:\/\/librairie7l.com\/en\/wp-json\/wp\/v2\/media\/41611"}],"wp:attachment":[{"href":"https:\/\/librairie7l.com\/en\/wp-json\/wp\/v2\/media?parent=41613"}],"wp:term":[{"taxonomy":"product_cat","embeddable":true,"href":"https:\/\/librairie7l.com\/en\/wp-json\/wp\/v2\/product_cat?post=41613"},{"taxonomy":"product_tag","embeddable":true,"href":"https:\/\/librairie7l.com\/en\/wp-json\/wp\/v2\/product_tag?post=41613"}],"curies":[{"name":"wp","href":"https:\/\/api.w.org\/{rel}","templated":true}]}}