{"id":41617,"date":"2024-06-26T14:06:25","date_gmt":"2024-06-26T12:06:25","guid":{"rendered":"https:\/\/librairie7l.com\/?post_type=product&#038;p=41617"},"modified":"2026-04-09T01:43:40","modified_gmt":"2026-04-08T23:43:40","slug":"georgia-okeeffe-my-new-yorks","status":"publish","type":"product","link":"https:\/\/librairie7l.com\/en\/produit\/georgia-okeeffe-my-new-yorks\/","title":{"rendered":"GEORGIA O&#8217;KEEFFE : MY NEW YORKS"},"content":{"rendered":"<p>En 1924, Georgia O&#8217;Keeffe (1887-1986) s&#8217;installe pour la premi\u00e8re fois \u00e0 l&#8217;h\u00f4tel Shelton de New York avec son mari, le photographe et marchand d&#8217;art Alfred Stieglitz. Le Shelton \u00e9tait le premier gratte-ciel r\u00e9sidentiel de Manhattan, et ses hauteurs vertigineuses ont inspir\u00e9 \u00e0 Georgia O&#8217;Keeffe une puissante s\u00e9rie d&#8217;environ vingt-cinq peintures et de nombreux dessins sur une p\u00e9riode d&#8217;environ cinq ans. Elle les appelait &#8220;mes New York&#8221; et ils consistaient essentiellement en deux types de compositions : des observations tentaculaires avec une vue plongeante sur la ville et des vues humbles dirig\u00e9es vers les monolithes urbains nouvellement construits. En explorant la ligne d&#8217;horizon de New York, O&#8217;Keeffe a r\u00e9sist\u00e9 \u00e0 l&#8217;approche de contemporains tels que Charles Sheeler et Paul Strand, qui ont c\u00e9l\u00e9br\u00e9 New York comme une s\u00e9rie rationalis\u00e9e et impersonnelle de canyons g\u00e9om\u00e9triques, et l&#8217;ont plut\u00f4t d\u00e9peinte comme un amalgame d&#8217;organique et d&#8217;inorganique, de naturel et de construit. Ce n&#8217;est qu&#8217;ainsi qu&#8217;elle a pu exprimer New York (selon ses propres termes) &#8220;tel qu&#8217;on le ressent \u00bb. Cette publication, qui red\u00e9finit notre compr\u00e9hension de cette p\u00e9riode charni\u00e8re mais sous-estim\u00e9e de la carri\u00e8re d&#8217;O&#8217;Keeffe, situe les peintures de New York dans l&#8217;ensemble de l&#8217;oeuvre de l&#8217;artiste et examine comment ces oeuvres refl\u00e8tent des r\u00e9cits d&#8217;environnements construits, d&#8217;espaces racialis\u00e9s et de politiques de l&#8217;espace.<\/p>\n","protected":false},"excerpt":{"rendered":"<p>En 1924, Georgia O&#8217;Keeffe (1887-1986) s&#8217;installe pour la premi\u00e8re fois \u00e0 l&#8217;h\u00f4tel Shelton de New York avec son mari, le photographe et marchand d&#8217;art Alfred Stieglitz. Le Shelton \u00e9tait le premier gratte-ciel r\u00e9sidentiel de Manhattan, et ses hauteurs vertigineuses ont inspir\u00e9 \u00e0 Georgia O&#8217;Keeffe une puissante s\u00e9rie d&#8217;environ vingt-cinq peintures et de nombreux dessins sur [&hellip;]<\/p>\n","protected":false},"featured_media":41615,"template":"","meta":[],"product_cat":[2948,2953],"product_tag":[],"acf":[],"yoast_head":"<!-- This site is optimized with the Yoast SEO plugin v20.11 - https:\/\/yoast.com\/wordpress\/plugins\/seo\/ -->\n<title>Georgia O&#039;Keeffe : My new yorks - Librairie 7L<\/title>\n<meta name=\"robots\" content=\"index, follow, max-snippet:-1, max-image-preview:large, max-video-preview:-1\" \/>\n<link rel=\"canonical\" href=\"https:\/\/librairie7l.com\/en\/produit\/georgia-okeeffe-my-new-yorks\/\" \/>\n<meta property=\"og:locale\" content=\"en_US\" \/>\n<meta property=\"og:type\" content=\"article\" \/>\n<meta property=\"og:title\" content=\"Georgia O&#039;Keeffe : My new yorks - Librairie 7L\" \/>\n<meta property=\"og:description\" content=\"En 1924, Georgia O&#8217;Keeffe (1887-1986) s&#8217;installe pour la premi\u00e8re fois \u00e0 l&#8217;h\u00f4tel Shelton de New York avec son mari, le photographe et marchand d&#8217;art Alfred Stieglitz. Le Shelton \u00e9tait le premier gratte-ciel r\u00e9sidentiel de Manhattan, et ses hauteurs vertigineuses ont inspir\u00e9 \u00e0 Georgia O&#8217;Keeffe une puissante s\u00e9rie d&#8217;environ vingt-cinq peintures et de nombreux dessins sur [&hellip;]\" \/>\n<meta property=\"og:url\" content=\"https:\/\/librairie7l.com\/en\/produit\/georgia-okeeffe-my-new-yorks\/\" \/>\n<meta property=\"og:site_name\" content=\"Librairie 7L\" \/>\n<meta property=\"article:modified_time\" content=\"2026-04-08T23:43:40+00:00\" \/>\n<meta property=\"og:image\" content=\"https:\/\/librairie7l.com\/wp-content\/uploads\/2024\/02\/9780300275759_1_75.jpg\" \/>\n\t<meta property=\"og:image:width\" content=\"600\" \/>\n\t<meta property=\"og:image:height\" content=\"805\" \/>\n\t<meta property=\"og:image:type\" content=\"image\/jpeg\" \/>\n<meta name=\"twitter:card\" content=\"summary_large_image\" \/>\n<meta name=\"twitter:label1\" content=\"Est. reading time\" \/>\n\t<meta name=\"twitter:data1\" content=\"1 minute\" \/>\n<script type=\"application\/ld+json\" class=\"yoast-schema-graph\">{\"@context\":\"https:\/\/schema.org\",\"@graph\":[{\"@type\":\"WebPage\",\"@id\":\"https:\/\/librairie7l.com\/en\/produit\/georgia-okeeffe-my-new-yorks\/\",\"url\":\"https:\/\/librairie7l.com\/en\/produit\/georgia-okeeffe-my-new-yorks\/\",\"name\":\"Georgia O'Keeffe : My new yorks - Librairie 7L\",\"isPartOf\":{\"@id\":\"https:\/\/librairie7l.com\/en\/#website\"},\"datePublished\":\"2024-06-26T12:06:25+00:00\",\"dateModified\":\"2026-04-08T23:43:40+00:00\",\"breadcrumb\":{\"@id\":\"https:\/\/librairie7l.com\/en\/produit\/georgia-okeeffe-my-new-yorks\/#breadcrumb\"},\"inLanguage\":\"en-US\",\"potentialAction\":[{\"@type\":\"ReadAction\",\"target\":[\"https:\/\/librairie7l.com\/en\/produit\/georgia-okeeffe-my-new-yorks\/\"]}]},{\"@type\":\"BreadcrumbList\",\"@id\":\"https:\/\/librairie7l.com\/en\/produit\/georgia-okeeffe-my-new-yorks\/#breadcrumb\",\"itemListElement\":[{\"@type\":\"ListItem\",\"position\":1,\"name\":\"Accueil\",\"item\":\"https:\/\/librairie7l.com\/en\/\"},{\"@type\":\"ListItem\",\"position\":2,\"name\":\"Shop\",\"item\":\"https:\/\/librairie7l.com\/en\/shop\/\"},{\"@type\":\"ListItem\",\"position\":3,\"name\":\"GEORGIA O&#8217;KEEFFE : MY NEW YORKS\"}]},{\"@type\":\"WebSite\",\"@id\":\"https:\/\/librairie7l.com\/en\/#website\",\"url\":\"https:\/\/librairie7l.com\/en\/\",\"name\":\"Librairie 7L\",\"description\":\"Librairie fond\u00e9e en 1999 par Karl Lagerfeld \u00e0 Paris\",\"publisher\":{\"@id\":\"https:\/\/librairie7l.com\/en\/#organization\"},\"potentialAction\":[{\"@type\":\"SearchAction\",\"target\":{\"@type\":\"EntryPoint\",\"urlTemplate\":\"https:\/\/librairie7l.com\/en\/?s={search_term_string}\"},\"query-input\":\"required name=search_term_string\"}],\"inLanguage\":\"en-US\"},{\"@type\":\"Organization\",\"@id\":\"https:\/\/librairie7l.com\/en\/#organization\",\"name\":\"Librairie 7L\",\"url\":\"https:\/\/librairie7l.com\/en\/\",\"logo\":{\"@type\":\"ImageObject\",\"inLanguage\":\"en-US\",\"@id\":\"https:\/\/librairie7l.com\/en\/#\/schema\/logo\/image\/\",\"url\":\"https:\/\/librairie7l.com\/wp-content\/uploads\/2022\/08\/logo-1.png\",\"contentUrl\":\"https:\/\/librairie7l.com\/wp-content\/uploads\/2022\/08\/logo-1.png\",\"width\":227,\"height\":301,\"caption\":\"Librairie 7L\"},\"image\":{\"@id\":\"https:\/\/librairie7l.com\/en\/#\/schema\/logo\/image\/\"}}]}<\/script>\n<!-- \/ Yoast SEO plugin. -->","yoast_head_json":{"title":"Georgia O'Keeffe : My new yorks - Librairie 7L","robots":{"index":"index","follow":"follow","max-snippet":"max-snippet:-1","max-image-preview":"max-image-preview:large","max-video-preview":"max-video-preview:-1"},"canonical":"https:\/\/librairie7l.com\/en\/produit\/georgia-okeeffe-my-new-yorks\/","og_locale":"en_US","og_type":"article","og_title":"Georgia O'Keeffe : My new yorks - Librairie 7L","og_description":"En 1924, Georgia O&#8217;Keeffe (1887-1986) s&#8217;installe pour la premi\u00e8re fois \u00e0 l&#8217;h\u00f4tel Shelton de New York avec son mari, le photographe et marchand d&#8217;art Alfred Stieglitz. Le Shelton \u00e9tait le premier gratte-ciel r\u00e9sidentiel de Manhattan, et ses hauteurs vertigineuses ont inspir\u00e9 \u00e0 Georgia O&#8217;Keeffe une puissante s\u00e9rie d&#8217;environ vingt-cinq peintures et de nombreux dessins sur [&hellip;]","og_url":"https:\/\/librairie7l.com\/en\/produit\/georgia-okeeffe-my-new-yorks\/","og_site_name":"Librairie 7L","article_modified_time":"2026-04-08T23:43:40+00:00","og_image":[{"width":600,"height":805,"url":"https:\/\/librairie7l.com\/wp-content\/uploads\/2024\/02\/9780300275759_1_75.jpg","type":"image\/jpeg"}],"twitter_card":"summary_large_image","twitter_misc":{"Est. reading time":"1 minute"},"schema":{"@context":"https:\/\/schema.org","@graph":[{"@type":"WebPage","@id":"https:\/\/librairie7l.com\/en\/produit\/georgia-okeeffe-my-new-yorks\/","url":"https:\/\/librairie7l.com\/en\/produit\/georgia-okeeffe-my-new-yorks\/","name":"Georgia O'Keeffe : My new yorks - Librairie 7L","isPartOf":{"@id":"https:\/\/librairie7l.com\/en\/#website"},"datePublished":"2024-06-26T12:06:25+00:00","dateModified":"2026-04-08T23:43:40+00:00","breadcrumb":{"@id":"https:\/\/librairie7l.com\/en\/produit\/georgia-okeeffe-my-new-yorks\/#breadcrumb"},"inLanguage":"en-US","potentialAction":[{"@type":"ReadAction","target":["https:\/\/librairie7l.com\/en\/produit\/georgia-okeeffe-my-new-yorks\/"]}]},{"@type":"BreadcrumbList","@id":"https:\/\/librairie7l.com\/en\/produit\/georgia-okeeffe-my-new-yorks\/#breadcrumb","itemListElement":[{"@type":"ListItem","position":1,"name":"Accueil","item":"https:\/\/librairie7l.com\/en\/"},{"@type":"ListItem","position":2,"name":"Shop","item":"https:\/\/librairie7l.com\/en\/shop\/"},{"@type":"ListItem","position":3,"name":"GEORGIA O&#8217;KEEFFE : MY NEW YORKS"}]},{"@type":"WebSite","@id":"https:\/\/librairie7l.com\/en\/#website","url":"https:\/\/librairie7l.com\/en\/","name":"Librairie 7L","description":"Librairie fond\u00e9e en 1999 par Karl Lagerfeld \u00e0 Paris","publisher":{"@id":"https:\/\/librairie7l.com\/en\/#organization"},"potentialAction":[{"@type":"SearchAction","target":{"@type":"EntryPoint","urlTemplate":"https:\/\/librairie7l.com\/en\/?s={search_term_string}"},"query-input":"required name=search_term_string"}],"inLanguage":"en-US"},{"@type":"Organization","@id":"https:\/\/librairie7l.com\/en\/#organization","name":"Librairie 7L","url":"https:\/\/librairie7l.com\/en\/","logo":{"@type":"ImageObject","inLanguage":"en-US","@id":"https:\/\/librairie7l.com\/en\/#\/schema\/logo\/image\/","url":"https:\/\/librairie7l.com\/wp-content\/uploads\/2022\/08\/logo-1.png","contentUrl":"https:\/\/librairie7l.com\/wp-content\/uploads\/2022\/08\/logo-1.png","width":227,"height":301,"caption":"Librairie 7L"},"image":{"@id":"https:\/\/librairie7l.com\/en\/#\/schema\/logo\/image\/"}}]}},"_links":{"self":[{"href":"https:\/\/librairie7l.com\/en\/wp-json\/wp\/v2\/product\/41617"}],"collection":[{"href":"https:\/\/librairie7l.com\/en\/wp-json\/wp\/v2\/product"}],"about":[{"href":"https:\/\/librairie7l.com\/en\/wp-json\/wp\/v2\/types\/product"}],"wp:featuredmedia":[{"embeddable":true,"href":"https:\/\/librairie7l.com\/en\/wp-json\/wp\/v2\/media\/41615"}],"wp:attachment":[{"href":"https:\/\/librairie7l.com\/en\/wp-json\/wp\/v2\/media?parent=41617"}],"wp:term":[{"taxonomy":"product_cat","embeddable":true,"href":"https:\/\/librairie7l.com\/en\/wp-json\/wp\/v2\/product_cat?post=41617"},{"taxonomy":"product_tag","embeddable":true,"href":"https:\/\/librairie7l.com\/en\/wp-json\/wp\/v2\/product_tag?post=41617"}],"curies":[{"name":"wp","href":"https:\/\/api.w.org\/{rel}","templated":true}]}}