{"id":41633,"date":"2024-06-27T09:01:17","date_gmt":"2024-06-27T07:01:17","guid":{"rendered":"https:\/\/librairie7l.com\/?post_type=product&#038;p=41633"},"modified":"2026-05-07T19:06:33","modified_gmt":"2026-05-07T17:06:33","slug":"coffret-nina-childress-1081-peintures","status":"publish","type":"product","link":"https:\/\/librairie7l.com\/en\/produit\/coffret-nina-childress-1081-peintures\/","title":{"rendered":"COFFRET NINA CHILDRESS, 1081 PEINTURES"},"content":{"rendered":"<p>Sous forme de catalogue raisonn\u00e9, cette monographie recense la totalit\u00e9 des oeuvres de Nina Childress, artiste peintre et cheffe d&#8217;atelier aux Beaux-Arts de Paris &#8211; depuis son premier tableau peint en 1980 jusqu&#8217;\u00e0 ceux de 2020. La couverture phosphorescente du livre rappelle les oeuvres r\u00e9centes. Les reproductions se succ\u00e8dent dans un ordre syst\u00e9matiquement chronologique. Elles sont m\u00e9ticuleusement l\u00e9gend\u00e9es : ann\u00e9e, m\u00e9dium, dimensions, localisation (publique ou priv\u00e9e, tableaux d\u00e9truits ou perdus), expositions, publications. Les tableaux dont il n&#8217;existe pas de photo sont remplac\u00e9s par un aplat vert. Ainsi, peut-on r\u00e9ellement comprendre la construction de l&#8217;oeuvre durant la p\u00e9riode qui couvre \u00ab la fin de la peinture \u00e0 son acceptation retrouv\u00e9e \u00bb.<\/p>\n<p>V\u00e9ritable objet d&#8217;art, cet ouvrage est accompagn\u00e9 d&#8217;une autobiographie de Nina Childress \u00e9crite par Fabienne Radi. Avec un humour subtil et de fa\u00e7on tr\u00e8s expressive, Radi retrace le parcours de cette artiste anticonformiste. Son texte \u00e9voque une p\u00e9riode sp\u00e9cifique &#8211; celle des ann\u00e9es 80 et 90 o\u00f9 la libert\u00e9 rejoignait la fantaisie et le non-politiquement correct.<\/p>\n<p>Le r\u00e9cit imag\u00e9 de la vie de l&#8217;artiste r\u00e9v\u00e8le son parcours dans le contexte d&#8217;une activit\u00e9 cr\u00e9ative intense.<\/p>\n<p>\u00c0 la fois t\u00e9moignage de quarante ans de peinture d&#8217;une artiste franco-am\u00e9ricaine vivant \u00e0 Paris, objet d&#8217;\u00e9tude pour les historiens de l&#8217;art, et outil de travail pour ceux qui assurent la diffusion de l&#8217;oeuvre, cette \u00e9dition sera sans aucun doute culte pour les nostalgiques et enrichissante pour les jeunes.<\/p>\n<p>La monographie de 750 pages comprend plus de 1400 illustrations.<\/p>\n<p>La biographie de 246 pages inclut 150 petites photos noir et blanc.<\/p>\n<p>Ces deux livres s\u00e9par\u00e9s de m\u00eame format (17 x 24 cm) sont r\u00e9unis par un \u00e9lastique en silicone vert.<\/p>\n<p>Ouvrage publi\u00e9 \u00e0 l&#8217;occasion de la r\u00e9trospective de Nina Childress, Body Body au FRAC &#8211; Nouvelle Aquitaine, M\u00c9CA BORDEAUX de d\u00e9cembre 2021 \u00e0 ao\u00fbt 2022.<\/p>\n<p>Avec le soutien du Centre national des Arts Plastiques.<\/p>\n","protected":false},"excerpt":{"rendered":"<p>Sous forme de catalogue raisonn\u00e9, cette monographie recense la totalit\u00e9 des oeuvres de Nina Childress, artiste peintre et cheffe d&#8217;atelier aux Beaux-Arts de Paris &#8211; depuis son premier tableau peint en 1980 jusqu&#8217;\u00e0 ceux de 2020. La couverture phosphorescente du livre rappelle les oeuvres r\u00e9centes. Les reproductions se succ\u00e8dent dans un ordre syst\u00e9matiquement chronologique. Elles [&hellip;]<\/p>\n","protected":false},"featured_media":41631,"template":"","meta":[],"product_cat":[2948,2953],"product_tag":[],"acf":[],"yoast_head":"<!-- This site is optimized with the Yoast SEO plugin v20.11 - https:\/\/yoast.com\/wordpress\/plugins\/seo\/ -->\n<title>Coffret Nina Childress, 1081 peintures - Librairie 7L<\/title>\n<meta name=\"robots\" content=\"index, follow, max-snippet:-1, max-image-preview:large, max-video-preview:-1\" \/>\n<link rel=\"canonical\" href=\"https:\/\/librairie7l.com\/en\/produit\/coffret-nina-childress-1081-peintures\/\" \/>\n<meta property=\"og:locale\" content=\"en_US\" \/>\n<meta property=\"og:type\" content=\"article\" \/>\n<meta property=\"og:title\" content=\"Coffret Nina Childress, 1081 peintures - Librairie 7L\" \/>\n<meta property=\"og:description\" content=\"Sous forme de catalogue raisonn\u00e9, cette monographie recense la totalit\u00e9 des oeuvres de Nina Childress, artiste peintre et cheffe d&#8217;atelier aux Beaux-Arts de Paris &#8211; depuis son premier tableau peint en 1980 jusqu&#8217;\u00e0 ceux de 2020. La couverture phosphorescente du livre rappelle les oeuvres r\u00e9centes. Les reproductions se succ\u00e8dent dans un ordre syst\u00e9matiquement chronologique. Elles [&hellip;]\" \/>\n<meta property=\"og:url\" content=\"https:\/\/librairie7l.com\/en\/produit\/coffret-nina-childress-1081-peintures\/\" \/>\n<meta property=\"og:site_name\" content=\"Librairie 7L\" \/>\n<meta property=\"article:modified_time\" content=\"2026-05-07T17:06:33+00:00\" \/>\n<meta property=\"og:image\" content=\"https:\/\/librairie7l.com\/wp-content\/uploads\/2021\/05\/9782840568292_1_75.jpg\" \/>\n\t<meta property=\"og:image:width\" content=\"206\" \/>\n\t<meta property=\"og:image:height\" content=\"275\" \/>\n\t<meta property=\"og:image:type\" content=\"image\/jpeg\" \/>\n<meta name=\"twitter:card\" content=\"summary_large_image\" \/>\n<meta name=\"twitter:label1\" content=\"Est. reading time\" \/>\n\t<meta name=\"twitter:data1\" content=\"2 minutes\" \/>\n<script type=\"application\/ld+json\" class=\"yoast-schema-graph\">{\"@context\":\"https:\/\/schema.org\",\"@graph\":[{\"@type\":\"WebPage\",\"@id\":\"https:\/\/librairie7l.com\/en\/produit\/coffret-nina-childress-1081-peintures\/\",\"url\":\"https:\/\/librairie7l.com\/en\/produit\/coffret-nina-childress-1081-peintures\/\",\"name\":\"Coffret Nina Childress, 1081 peintures - Librairie 7L\",\"isPartOf\":{\"@id\":\"https:\/\/librairie7l.com\/en\/#website\"},\"datePublished\":\"2024-06-27T07:01:17+00:00\",\"dateModified\":\"2026-05-07T17:06:33+00:00\",\"breadcrumb\":{\"@id\":\"https:\/\/librairie7l.com\/en\/produit\/coffret-nina-childress-1081-peintures\/#breadcrumb\"},\"inLanguage\":\"en-US\",\"potentialAction\":[{\"@type\":\"ReadAction\",\"target\":[\"https:\/\/librairie7l.com\/en\/produit\/coffret-nina-childress-1081-peintures\/\"]}]},{\"@type\":\"BreadcrumbList\",\"@id\":\"https:\/\/librairie7l.com\/en\/produit\/coffret-nina-childress-1081-peintures\/#breadcrumb\",\"itemListElement\":[{\"@type\":\"ListItem\",\"position\":1,\"name\":\"Accueil\",\"item\":\"https:\/\/librairie7l.com\/en\/\"},{\"@type\":\"ListItem\",\"position\":2,\"name\":\"Shop\",\"item\":\"https:\/\/librairie7l.com\/en\/shop\/\"},{\"@type\":\"ListItem\",\"position\":3,\"name\":\"COFFRET NINA CHILDRESS, 1081 PEINTURES\"}]},{\"@type\":\"WebSite\",\"@id\":\"https:\/\/librairie7l.com\/en\/#website\",\"url\":\"https:\/\/librairie7l.com\/en\/\",\"name\":\"Librairie 7L\",\"description\":\"Librairie fond\u00e9e en 1999 par Karl Lagerfeld \u00e0 Paris\",\"publisher\":{\"@id\":\"https:\/\/librairie7l.com\/en\/#organization\"},\"potentialAction\":[{\"@type\":\"SearchAction\",\"target\":{\"@type\":\"EntryPoint\",\"urlTemplate\":\"https:\/\/librairie7l.com\/en\/?s={search_term_string}\"},\"query-input\":\"required name=search_term_string\"}],\"inLanguage\":\"en-US\"},{\"@type\":\"Organization\",\"@id\":\"https:\/\/librairie7l.com\/en\/#organization\",\"name\":\"Librairie 7L\",\"url\":\"https:\/\/librairie7l.com\/en\/\",\"logo\":{\"@type\":\"ImageObject\",\"inLanguage\":\"en-US\",\"@id\":\"https:\/\/librairie7l.com\/en\/#\/schema\/logo\/image\/\",\"url\":\"https:\/\/librairie7l.com\/wp-content\/uploads\/2022\/08\/logo-1.png\",\"contentUrl\":\"https:\/\/librairie7l.com\/wp-content\/uploads\/2022\/08\/logo-1.png\",\"width\":227,\"height\":301,\"caption\":\"Librairie 7L\"},\"image\":{\"@id\":\"https:\/\/librairie7l.com\/en\/#\/schema\/logo\/image\/\"}}]}<\/script>\n<!-- \/ Yoast SEO plugin. -->","yoast_head_json":{"title":"Coffret Nina Childress, 1081 peintures - Librairie 7L","robots":{"index":"index","follow":"follow","max-snippet":"max-snippet:-1","max-image-preview":"max-image-preview:large","max-video-preview":"max-video-preview:-1"},"canonical":"https:\/\/librairie7l.com\/en\/produit\/coffret-nina-childress-1081-peintures\/","og_locale":"en_US","og_type":"article","og_title":"Coffret Nina Childress, 1081 peintures - Librairie 7L","og_description":"Sous forme de catalogue raisonn\u00e9, cette monographie recense la totalit\u00e9 des oeuvres de Nina Childress, artiste peintre et cheffe d&#8217;atelier aux Beaux-Arts de Paris &#8211; depuis son premier tableau peint en 1980 jusqu&#8217;\u00e0 ceux de 2020. La couverture phosphorescente du livre rappelle les oeuvres r\u00e9centes. Les reproductions se succ\u00e8dent dans un ordre syst\u00e9matiquement chronologique. Elles [&hellip;]","og_url":"https:\/\/librairie7l.com\/en\/produit\/coffret-nina-childress-1081-peintures\/","og_site_name":"Librairie 7L","article_modified_time":"2026-05-07T17:06:33+00:00","og_image":[{"width":206,"height":275,"url":"https:\/\/librairie7l.com\/wp-content\/uploads\/2021\/05\/9782840568292_1_75.jpg","type":"image\/jpeg"}],"twitter_card":"summary_large_image","twitter_misc":{"Est. reading time":"2 minutes"},"schema":{"@context":"https:\/\/schema.org","@graph":[{"@type":"WebPage","@id":"https:\/\/librairie7l.com\/en\/produit\/coffret-nina-childress-1081-peintures\/","url":"https:\/\/librairie7l.com\/en\/produit\/coffret-nina-childress-1081-peintures\/","name":"Coffret Nina Childress, 1081 peintures - Librairie 7L","isPartOf":{"@id":"https:\/\/librairie7l.com\/en\/#website"},"datePublished":"2024-06-27T07:01:17+00:00","dateModified":"2026-05-07T17:06:33+00:00","breadcrumb":{"@id":"https:\/\/librairie7l.com\/en\/produit\/coffret-nina-childress-1081-peintures\/#breadcrumb"},"inLanguage":"en-US","potentialAction":[{"@type":"ReadAction","target":["https:\/\/librairie7l.com\/en\/produit\/coffret-nina-childress-1081-peintures\/"]}]},{"@type":"BreadcrumbList","@id":"https:\/\/librairie7l.com\/en\/produit\/coffret-nina-childress-1081-peintures\/#breadcrumb","itemListElement":[{"@type":"ListItem","position":1,"name":"Accueil","item":"https:\/\/librairie7l.com\/en\/"},{"@type":"ListItem","position":2,"name":"Shop","item":"https:\/\/librairie7l.com\/en\/shop\/"},{"@type":"ListItem","position":3,"name":"COFFRET NINA CHILDRESS, 1081 PEINTURES"}]},{"@type":"WebSite","@id":"https:\/\/librairie7l.com\/en\/#website","url":"https:\/\/librairie7l.com\/en\/","name":"Librairie 7L","description":"Librairie fond\u00e9e en 1999 par Karl Lagerfeld \u00e0 Paris","publisher":{"@id":"https:\/\/librairie7l.com\/en\/#organization"},"potentialAction":[{"@type":"SearchAction","target":{"@type":"EntryPoint","urlTemplate":"https:\/\/librairie7l.com\/en\/?s={search_term_string}"},"query-input":"required name=search_term_string"}],"inLanguage":"en-US"},{"@type":"Organization","@id":"https:\/\/librairie7l.com\/en\/#organization","name":"Librairie 7L","url":"https:\/\/librairie7l.com\/en\/","logo":{"@type":"ImageObject","inLanguage":"en-US","@id":"https:\/\/librairie7l.com\/en\/#\/schema\/logo\/image\/","url":"https:\/\/librairie7l.com\/wp-content\/uploads\/2022\/08\/logo-1.png","contentUrl":"https:\/\/librairie7l.com\/wp-content\/uploads\/2022\/08\/logo-1.png","width":227,"height":301,"caption":"Librairie 7L"},"image":{"@id":"https:\/\/librairie7l.com\/en\/#\/schema\/logo\/image\/"}}]}},"_links":{"self":[{"href":"https:\/\/librairie7l.com\/en\/wp-json\/wp\/v2\/product\/41633"}],"collection":[{"href":"https:\/\/librairie7l.com\/en\/wp-json\/wp\/v2\/product"}],"about":[{"href":"https:\/\/librairie7l.com\/en\/wp-json\/wp\/v2\/types\/product"}],"wp:featuredmedia":[{"embeddable":true,"href":"https:\/\/librairie7l.com\/en\/wp-json\/wp\/v2\/media\/41631"}],"wp:attachment":[{"href":"https:\/\/librairie7l.com\/en\/wp-json\/wp\/v2\/media?parent=41633"}],"wp:term":[{"taxonomy":"product_cat","embeddable":true,"href":"https:\/\/librairie7l.com\/en\/wp-json\/wp\/v2\/product_cat?post=41633"},{"taxonomy":"product_tag","embeddable":true,"href":"https:\/\/librairie7l.com\/en\/wp-json\/wp\/v2\/product_tag?post=41633"}],"curies":[{"name":"wp","href":"https:\/\/api.w.org\/{rel}","templated":true}]}}