{"id":41653,"date":"2024-06-27T09:01:44","date_gmt":"2024-06-27T07:01:44","guid":{"rendered":"https:\/\/librairie7l.com\/?post_type=product&#038;p=41653"},"modified":"2026-05-08T08:02:44","modified_gmt":"2026-05-08T06:02:44","slug":"femmes-et-artistes-apres-1930-dans-les-collections-de-la-fondation-ateliers-d","status":"publish","type":"product","link":"https:\/\/librairie7l.com\/en\/produit\/femmes-et-artistes-apres-1930-dans-les-collections-de-la-fondation-ateliers-d\/","title":{"rendered":"FEMMES ET ARTISTES APR\u00c8S 1930 : DANS LES COLLECTIONS DE LA FONDATION ATELIERS D&#8217;ARTISTE"},"content":{"rendered":"<p>Des oeuvres entre abstraction et figuration, engag\u00e9es ou intimes. Femmes et artistes apr\u00e8s la guerre propose un \u00e9clairage nouveau sur une partie d&#8217;histoire de l&#8217;art qui reste \u00e0 \u00e9crire.<br \/>\nLes femmes ont longtemps occup\u00e9 une place restreinte dans les institutions, les mus\u00e9es et les expositions, ainsi que dans les commandes publiques. Et par cons\u00e9quent, dans les histoires de l&#8217;art en Suisse, et notamment en Suisse romande. Cet ouvrage accompagne une exposition de la Fondation Ateliers d&#8217;Artiste (FAA) qui conserve des dizaines de milliers d&#8217;oeuvres en tous genres et dans toutes les techniques. Or, il se trouve que plus de 30% des artistes formant les fonds de la FAA sont des femmes. Parmi elles, Violette Diserens, Christiane Cornuz, Th\u00e9r\u00e8se Martin, Martine Clerc, Maya Boisgallays, Nanette Genoud, Marie Louise Carrard, V\u00e9ronik Frossard Derose, Fran\u00e7oise Rey, Sylvia Krenz, Denise Vo\u00efta ou Janeb\u00e9&#8230; Des femmes et des oeuvres \u00e0 red\u00e9couvrir sous la plume de L\u00e9a B\u00e9guin, \u00c9dith Carey, Isaline Del\u00e9derray-Oguey, Fran\u00e7oise Jaunin et Philippe Kaenel.<\/p>\n","protected":false},"excerpt":{"rendered":"<p>Des oeuvres entre abstraction et figuration, engag\u00e9es ou intimes. Femmes et artistes apr\u00e8s la guerre propose un \u00e9clairage nouveau sur une partie d&#8217;histoire de l&#8217;art qui reste \u00e0 \u00e9crire. Les femmes ont longtemps occup\u00e9 une place restreinte dans les institutions, les mus\u00e9es et les expositions, ainsi que dans les commandes publiques. Et par cons\u00e9quent, dans [&hellip;]<\/p>\n","protected":false},"featured_media":41651,"template":"","meta":[],"product_cat":[2948,2953],"product_tag":[],"acf":[],"yoast_head":"<!-- This site is optimized with the Yoast SEO plugin v20.11 - https:\/\/yoast.com\/wordpress\/plugins\/seo\/ -->\n<title>Femmes et artistes apr\u00e8s 1930 : Dans les collections de la Fondation Ateliers d&#039;Artiste - Librairie 7L<\/title>\n<meta name=\"robots\" content=\"index, follow, max-snippet:-1, max-image-preview:large, max-video-preview:-1\" \/>\n<link rel=\"canonical\" href=\"https:\/\/librairie7l.com\/en\/produit\/femmes-et-artistes-apres-1930-dans-les-collections-de-la-fondation-ateliers-d\/\" \/>\n<meta property=\"og:locale\" content=\"en_US\" \/>\n<meta property=\"og:type\" content=\"article\" \/>\n<meta property=\"og:title\" content=\"Femmes et artistes apr\u00e8s 1930 : Dans les collections de la Fondation Ateliers d&#039;Artiste - Librairie 7L\" \/>\n<meta property=\"og:description\" content=\"Des oeuvres entre abstraction et figuration, engag\u00e9es ou intimes. Femmes et artistes apr\u00e8s la guerre propose un \u00e9clairage nouveau sur une partie d&#8217;histoire de l&#8217;art qui reste \u00e0 \u00e9crire. Les femmes ont longtemps occup\u00e9 une place restreinte dans les institutions, les mus\u00e9es et les expositions, ainsi que dans les commandes publiques. Et par cons\u00e9quent, dans [&hellip;]\" \/>\n<meta property=\"og:url\" content=\"https:\/\/librairie7l.com\/en\/produit\/femmes-et-artistes-apres-1930-dans-les-collections-de-la-fondation-ateliers-d\/\" \/>\n<meta property=\"og:site_name\" content=\"Librairie 7L\" \/>\n<meta property=\"article:modified_time\" content=\"2026-05-08T06:02:44+00:00\" \/>\n<meta property=\"og:image\" content=\"https:\/\/librairie7l.com\/wp-content\/uploads\/2024\/02\/9782889681402_1_75.jpg\" \/>\n\t<meta property=\"og:image:width\" content=\"600\" \/>\n\t<meta property=\"og:image:height\" content=\"720\" \/>\n\t<meta property=\"og:image:type\" content=\"image\/jpeg\" \/>\n<meta name=\"twitter:card\" content=\"summary_large_image\" \/>\n<meta name=\"twitter:label1\" content=\"Est. reading time\" \/>\n\t<meta name=\"twitter:data1\" content=\"1 minute\" \/>\n<script type=\"application\/ld+json\" class=\"yoast-schema-graph\">{\"@context\":\"https:\/\/schema.org\",\"@graph\":[{\"@type\":\"WebPage\",\"@id\":\"https:\/\/librairie7l.com\/en\/produit\/femmes-et-artistes-apres-1930-dans-les-collections-de-la-fondation-ateliers-d\/\",\"url\":\"https:\/\/librairie7l.com\/en\/produit\/femmes-et-artistes-apres-1930-dans-les-collections-de-la-fondation-ateliers-d\/\",\"name\":\"Femmes et artistes apr\u00e8s 1930 : Dans les collections de la Fondation Ateliers d'Artiste - Librairie 7L\",\"isPartOf\":{\"@id\":\"https:\/\/librairie7l.com\/en\/#website\"},\"datePublished\":\"2024-06-27T07:01:44+00:00\",\"dateModified\":\"2026-05-08T06:02:44+00:00\",\"breadcrumb\":{\"@id\":\"https:\/\/librairie7l.com\/en\/produit\/femmes-et-artistes-apres-1930-dans-les-collections-de-la-fondation-ateliers-d\/#breadcrumb\"},\"inLanguage\":\"en-US\",\"potentialAction\":[{\"@type\":\"ReadAction\",\"target\":[\"https:\/\/librairie7l.com\/en\/produit\/femmes-et-artistes-apres-1930-dans-les-collections-de-la-fondation-ateliers-d\/\"]}]},{\"@type\":\"BreadcrumbList\",\"@id\":\"https:\/\/librairie7l.com\/en\/produit\/femmes-et-artistes-apres-1930-dans-les-collections-de-la-fondation-ateliers-d\/#breadcrumb\",\"itemListElement\":[{\"@type\":\"ListItem\",\"position\":1,\"name\":\"Accueil\",\"item\":\"https:\/\/librairie7l.com\/en\/\"},{\"@type\":\"ListItem\",\"position\":2,\"name\":\"Shop\",\"item\":\"https:\/\/librairie7l.com\/en\/shop\/\"},{\"@type\":\"ListItem\",\"position\":3,\"name\":\"FEMMES ET ARTISTES APR\u00c8S 1930 : DANS LES COLLECTIONS DE LA FONDATION ATELIERS D&#8217;ARTISTE\"}]},{\"@type\":\"WebSite\",\"@id\":\"https:\/\/librairie7l.com\/en\/#website\",\"url\":\"https:\/\/librairie7l.com\/en\/\",\"name\":\"Librairie 7L\",\"description\":\"Librairie fond\u00e9e en 1999 par Karl Lagerfeld \u00e0 Paris\",\"publisher\":{\"@id\":\"https:\/\/librairie7l.com\/en\/#organization\"},\"potentialAction\":[{\"@type\":\"SearchAction\",\"target\":{\"@type\":\"EntryPoint\",\"urlTemplate\":\"https:\/\/librairie7l.com\/en\/?s={search_term_string}\"},\"query-input\":\"required name=search_term_string\"}],\"inLanguage\":\"en-US\"},{\"@type\":\"Organization\",\"@id\":\"https:\/\/librairie7l.com\/en\/#organization\",\"name\":\"Librairie 7L\",\"url\":\"https:\/\/librairie7l.com\/en\/\",\"logo\":{\"@type\":\"ImageObject\",\"inLanguage\":\"en-US\",\"@id\":\"https:\/\/librairie7l.com\/en\/#\/schema\/logo\/image\/\",\"url\":\"https:\/\/librairie7l.com\/wp-content\/uploads\/2022\/08\/logo-1.png\",\"contentUrl\":\"https:\/\/librairie7l.com\/wp-content\/uploads\/2022\/08\/logo-1.png\",\"width\":227,\"height\":301,\"caption\":\"Librairie 7L\"},\"image\":{\"@id\":\"https:\/\/librairie7l.com\/en\/#\/schema\/logo\/image\/\"}}]}<\/script>\n<!-- \/ Yoast SEO plugin. -->","yoast_head_json":{"title":"Femmes et artistes apr\u00e8s 1930 : Dans les collections de la Fondation Ateliers d'Artiste - Librairie 7L","robots":{"index":"index","follow":"follow","max-snippet":"max-snippet:-1","max-image-preview":"max-image-preview:large","max-video-preview":"max-video-preview:-1"},"canonical":"https:\/\/librairie7l.com\/en\/produit\/femmes-et-artistes-apres-1930-dans-les-collections-de-la-fondation-ateliers-d\/","og_locale":"en_US","og_type":"article","og_title":"Femmes et artistes apr\u00e8s 1930 : Dans les collections de la Fondation Ateliers d'Artiste - Librairie 7L","og_description":"Des oeuvres entre abstraction et figuration, engag\u00e9es ou intimes. Femmes et artistes apr\u00e8s la guerre propose un \u00e9clairage nouveau sur une partie d&#8217;histoire de l&#8217;art qui reste \u00e0 \u00e9crire. Les femmes ont longtemps occup\u00e9 une place restreinte dans les institutions, les mus\u00e9es et les expositions, ainsi que dans les commandes publiques. Et par cons\u00e9quent, dans [&hellip;]","og_url":"https:\/\/librairie7l.com\/en\/produit\/femmes-et-artistes-apres-1930-dans-les-collections-de-la-fondation-ateliers-d\/","og_site_name":"Librairie 7L","article_modified_time":"2026-05-08T06:02:44+00:00","og_image":[{"width":600,"height":720,"url":"https:\/\/librairie7l.com\/wp-content\/uploads\/2024\/02\/9782889681402_1_75.jpg","type":"image\/jpeg"}],"twitter_card":"summary_large_image","twitter_misc":{"Est. reading time":"1 minute"},"schema":{"@context":"https:\/\/schema.org","@graph":[{"@type":"WebPage","@id":"https:\/\/librairie7l.com\/en\/produit\/femmes-et-artistes-apres-1930-dans-les-collections-de-la-fondation-ateliers-d\/","url":"https:\/\/librairie7l.com\/en\/produit\/femmes-et-artistes-apres-1930-dans-les-collections-de-la-fondation-ateliers-d\/","name":"Femmes et artistes apr\u00e8s 1930 : Dans les collections de la Fondation Ateliers d'Artiste - Librairie 7L","isPartOf":{"@id":"https:\/\/librairie7l.com\/en\/#website"},"datePublished":"2024-06-27T07:01:44+00:00","dateModified":"2026-05-08T06:02:44+00:00","breadcrumb":{"@id":"https:\/\/librairie7l.com\/en\/produit\/femmes-et-artistes-apres-1930-dans-les-collections-de-la-fondation-ateliers-d\/#breadcrumb"},"inLanguage":"en-US","potentialAction":[{"@type":"ReadAction","target":["https:\/\/librairie7l.com\/en\/produit\/femmes-et-artistes-apres-1930-dans-les-collections-de-la-fondation-ateliers-d\/"]}]},{"@type":"BreadcrumbList","@id":"https:\/\/librairie7l.com\/en\/produit\/femmes-et-artistes-apres-1930-dans-les-collections-de-la-fondation-ateliers-d\/#breadcrumb","itemListElement":[{"@type":"ListItem","position":1,"name":"Accueil","item":"https:\/\/librairie7l.com\/en\/"},{"@type":"ListItem","position":2,"name":"Shop","item":"https:\/\/librairie7l.com\/en\/shop\/"},{"@type":"ListItem","position":3,"name":"FEMMES ET ARTISTES APR\u00c8S 1930 : DANS LES COLLECTIONS DE LA FONDATION ATELIERS D&#8217;ARTISTE"}]},{"@type":"WebSite","@id":"https:\/\/librairie7l.com\/en\/#website","url":"https:\/\/librairie7l.com\/en\/","name":"Librairie 7L","description":"Librairie fond\u00e9e en 1999 par Karl Lagerfeld \u00e0 Paris","publisher":{"@id":"https:\/\/librairie7l.com\/en\/#organization"},"potentialAction":[{"@type":"SearchAction","target":{"@type":"EntryPoint","urlTemplate":"https:\/\/librairie7l.com\/en\/?s={search_term_string}"},"query-input":"required name=search_term_string"}],"inLanguage":"en-US"},{"@type":"Organization","@id":"https:\/\/librairie7l.com\/en\/#organization","name":"Librairie 7L","url":"https:\/\/librairie7l.com\/en\/","logo":{"@type":"ImageObject","inLanguage":"en-US","@id":"https:\/\/librairie7l.com\/en\/#\/schema\/logo\/image\/","url":"https:\/\/librairie7l.com\/wp-content\/uploads\/2022\/08\/logo-1.png","contentUrl":"https:\/\/librairie7l.com\/wp-content\/uploads\/2022\/08\/logo-1.png","width":227,"height":301,"caption":"Librairie 7L"},"image":{"@id":"https:\/\/librairie7l.com\/en\/#\/schema\/logo\/image\/"}}]}},"_links":{"self":[{"href":"https:\/\/librairie7l.com\/en\/wp-json\/wp\/v2\/product\/41653"}],"collection":[{"href":"https:\/\/librairie7l.com\/en\/wp-json\/wp\/v2\/product"}],"about":[{"href":"https:\/\/librairie7l.com\/en\/wp-json\/wp\/v2\/types\/product"}],"wp:featuredmedia":[{"embeddable":true,"href":"https:\/\/librairie7l.com\/en\/wp-json\/wp\/v2\/media\/41651"}],"wp:attachment":[{"href":"https:\/\/librairie7l.com\/en\/wp-json\/wp\/v2\/media?parent=41653"}],"wp:term":[{"taxonomy":"product_cat","embeddable":true,"href":"https:\/\/librairie7l.com\/en\/wp-json\/wp\/v2\/product_cat?post=41653"},{"taxonomy":"product_tag","embeddable":true,"href":"https:\/\/librairie7l.com\/en\/wp-json\/wp\/v2\/product_tag?post=41653"}],"curies":[{"name":"wp","href":"https:\/\/api.w.org\/{rel}","templated":true}]}}