{"id":41657,"date":"2024-06-27T09:01:47","date_gmt":"2024-06-27T07:01:47","guid":{"rendered":"https:\/\/librairie7l.com\/?post_type=product&#038;p=41657"},"modified":"2026-04-13T13:35:23","modified_gmt":"2026-04-13T11:35:23","slug":"repliques-11-3-face-au-cataclysme","status":"publish","type":"product","link":"https:\/\/librairie7l.com\/en\/produit\/repliques-11-3-face-au-cataclysme\/","title":{"rendered":"R\u00c9PLIQUES 11\/3, FACE AU CATACLYSME"},"content":{"rendered":"<p>11 mars 2011, un tremblement de terre d&#8217;une magnitude encore jamais enregistr\u00e9e d\u00e9vaste la c\u00f4te nord-est du Japon.<\/p>\n<p> Cinquante ans plus tard, la catastrophe du 11 mars 2011va bouleverser et interroger une nouvelle g\u00e9n\u00e9ration de photographes<\/p>\n<p> 11 mars 2011, un tremblement de terre d&#8217;une magnitude encore jamais enregistr\u00e9e d\u00e9vaste la c\u00f4te nord-est du Japon. Le fondde l&#8217;oc\u00e9an s&#8217;est fractur\u00e9 sur plus de 500 km de long et 200 kmde large, d\u00e9clenchant un tsunami de plus de 30 m de hautqui d\u00e9truit tout sur son passage. La r\u00e9gion du T\u00f4hoku estravag\u00e9e : plus d&#8217;infrastructures, plus de maisons, et l&#8217;explosionde la centrale nucl\u00e9aire de Fukushima Daiichi qui pulv\u00e9risedans l&#8217;atmosph\u00e8re et la mer des rejets radioactifs. Le nombrede morts et de personnes d\u00e9plac\u00e9es ravivent chez les Japonaisle traumatisme de la Seconde Guerre mondiale avec, parmi ses cons\u00e9quences, l&#8217;arriv\u00e9e du nucl\u00e9aire sur leur sol. L&#8217;apr\u00e8s-guerrevoit se d\u00e9velopper une conscience \u00e9cologique, cons\u00e9cutivement\u00e0 l&#8217;installation de centrales nucl\u00e9aires, ainsi qu&#8217;une mobilisation politique face \u00e0 la pr\u00e9sence de bases am\u00e9ricaines.<\/p>\n<p>Cinquante ans plus tard, la catastrophe du 11 mars 2011va bouleverser et interroger une nouvelle g\u00e9n\u00e9ration de photographes : comment l&#8217;image peut-elle rendre compted&#8217;une r\u00e9alit\u00e9 cauchemardesque ? Quel r\u00f4le le photographedoit-il tenir ? Comment montrer la menace invisible de la radioactivit\u00e9 ? Comment \u00e9voquer le traumatisme mais aussila r\u00e9silience et la reconstruction ? En r\u00e9sultent des images documentaires montrant la violence des ravages, la d\u00e9solation des lieux, mais aussi des gestes artistiques qui r\u00e9v\u00e8lent les signesde r\u00e9sistance. Il s&#8217;agit ici de regards de photographes dontles pratiques ont \u00e9t\u00e9 totalement reconsid\u00e9r\u00e9es suite au choc.La puissance visuelle de leurs images parle de reconstructionet r\u00e9interroge le statut du m\u00e9dium : elles capturent l&#8217;\u00e9ph\u00e9m\u00e8repour donner \u00e0 voir une m\u00e9moire collective. Les treize photographes ici pr\u00e9sent\u00e9s parlent de sujets qui secouent nos soci\u00e9t\u00e9smodernes : de territoire, d&#8217;\u00e9cologie, de disparition, de d\u00e9placement de populations, de transformations urbaines et soci\u00e9tales&#8230;<\/p>\n","protected":false},"excerpt":{"rendered":"<p>11 mars 2011, un tremblement de terre d&#8217;une magnitude encore jamais enregistr\u00e9e d\u00e9vaste la c\u00f4te nord-est du Japon. Cinquante ans plus tard, la catastrophe du 11 mars 2011va bouleverser et interroger une nouvelle g\u00e9n\u00e9ration de photographes 11 mars 2011, un tremblement de terre d&#8217;une magnitude encore jamais enregistr\u00e9e d\u00e9vaste la c\u00f4te nord-est du Japon. Le [&hellip;]<\/p>\n","protected":false},"featured_media":41655,"template":"","meta":[],"product_cat":[2948,2958],"product_tag":[],"acf":[],"yoast_head":"<!-- This site is optimized with the Yoast SEO plugin v20.11 - https:\/\/yoast.com\/wordpress\/plugins\/seo\/ -->\n<title>R\u00e9pliques 11\/3, face au cataclysme - Librairie 7L<\/title>\n<meta name=\"robots\" content=\"index, follow, max-snippet:-1, max-image-preview:large, max-video-preview:-1\" \/>\n<link rel=\"canonical\" href=\"https:\/\/librairie7l.com\/en\/produit\/repliques-11-3-face-au-cataclysme\/\" \/>\n<meta property=\"og:locale\" content=\"en_US\" \/>\n<meta property=\"og:type\" content=\"article\" \/>\n<meta property=\"og:title\" content=\"R\u00e9pliques 11\/3, face au cataclysme - Librairie 7L\" \/>\n<meta property=\"og:description\" content=\"11 mars 2011, un tremblement de terre d&#8217;une magnitude encore jamais enregistr\u00e9e d\u00e9vaste la c\u00f4te nord-est du Japon. Cinquante ans plus tard, la catastrophe du 11 mars 2011va bouleverser et interroger une nouvelle g\u00e9n\u00e9ration de photographes 11 mars 2011, un tremblement de terre d&#8217;une magnitude encore jamais enregistr\u00e9e d\u00e9vaste la c\u00f4te nord-est du Japon. Le [&hellip;]\" \/>\n<meta property=\"og:url\" content=\"https:\/\/librairie7l.com\/en\/produit\/repliques-11-3-face-au-cataclysme\/\" \/>\n<meta property=\"og:site_name\" content=\"Librairie 7L\" \/>\n<meta property=\"article:modified_time\" content=\"2026-04-13T11:35:23+00:00\" \/>\n<meta property=\"og:image\" content=\"https:\/\/librairie7l.com\/wp-content\/uploads\/2024\/02\/9782365114035_1_75.jpg\" \/>\n\t<meta property=\"og:image:width\" content=\"600\" \/>\n\t<meta property=\"og:image:height\" content=\"853\" \/>\n\t<meta property=\"og:image:type\" content=\"image\/jpeg\" \/>\n<meta name=\"twitter:card\" content=\"summary_large_image\" \/>\n<meta name=\"twitter:label1\" content=\"Est. reading time\" \/>\n\t<meta name=\"twitter:data1\" content=\"2 minutes\" \/>\n<script type=\"application\/ld+json\" class=\"yoast-schema-graph\">{\"@context\":\"https:\/\/schema.org\",\"@graph\":[{\"@type\":\"WebPage\",\"@id\":\"https:\/\/librairie7l.com\/en\/produit\/repliques-11-3-face-au-cataclysme\/\",\"url\":\"https:\/\/librairie7l.com\/en\/produit\/repliques-11-3-face-au-cataclysme\/\",\"name\":\"R\u00e9pliques 11\/3, face au cataclysme - Librairie 7L\",\"isPartOf\":{\"@id\":\"https:\/\/librairie7l.com\/en\/#website\"},\"datePublished\":\"2024-06-27T07:01:47+00:00\",\"dateModified\":\"2026-04-13T11:35:23+00:00\",\"breadcrumb\":{\"@id\":\"https:\/\/librairie7l.com\/en\/produit\/repliques-11-3-face-au-cataclysme\/#breadcrumb\"},\"inLanguage\":\"en-US\",\"potentialAction\":[{\"@type\":\"ReadAction\",\"target\":[\"https:\/\/librairie7l.com\/en\/produit\/repliques-11-3-face-au-cataclysme\/\"]}]},{\"@type\":\"BreadcrumbList\",\"@id\":\"https:\/\/librairie7l.com\/en\/produit\/repliques-11-3-face-au-cataclysme\/#breadcrumb\",\"itemListElement\":[{\"@type\":\"ListItem\",\"position\":1,\"name\":\"Accueil\",\"item\":\"https:\/\/librairie7l.com\/en\/\"},{\"@type\":\"ListItem\",\"position\":2,\"name\":\"Shop\",\"item\":\"https:\/\/librairie7l.com\/en\/shop\/\"},{\"@type\":\"ListItem\",\"position\":3,\"name\":\"R\u00c9PLIQUES 11\/3, FACE AU CATACLYSME\"}]},{\"@type\":\"WebSite\",\"@id\":\"https:\/\/librairie7l.com\/en\/#website\",\"url\":\"https:\/\/librairie7l.com\/en\/\",\"name\":\"Librairie 7L\",\"description\":\"Librairie fond\u00e9e en 1999 par Karl Lagerfeld \u00e0 Paris\",\"publisher\":{\"@id\":\"https:\/\/librairie7l.com\/en\/#organization\"},\"potentialAction\":[{\"@type\":\"SearchAction\",\"target\":{\"@type\":\"EntryPoint\",\"urlTemplate\":\"https:\/\/librairie7l.com\/en\/?s={search_term_string}\"},\"query-input\":\"required name=search_term_string\"}],\"inLanguage\":\"en-US\"},{\"@type\":\"Organization\",\"@id\":\"https:\/\/librairie7l.com\/en\/#organization\",\"name\":\"Librairie 7L\",\"url\":\"https:\/\/librairie7l.com\/en\/\",\"logo\":{\"@type\":\"ImageObject\",\"inLanguage\":\"en-US\",\"@id\":\"https:\/\/librairie7l.com\/en\/#\/schema\/logo\/image\/\",\"url\":\"https:\/\/librairie7l.com\/wp-content\/uploads\/2022\/08\/logo-1.png\",\"contentUrl\":\"https:\/\/librairie7l.com\/wp-content\/uploads\/2022\/08\/logo-1.png\",\"width\":227,\"height\":301,\"caption\":\"Librairie 7L\"},\"image\":{\"@id\":\"https:\/\/librairie7l.com\/en\/#\/schema\/logo\/image\/\"}}]}<\/script>\n<!-- \/ Yoast SEO plugin. -->","yoast_head_json":{"title":"R\u00e9pliques 11\/3, face au cataclysme - Librairie 7L","robots":{"index":"index","follow":"follow","max-snippet":"max-snippet:-1","max-image-preview":"max-image-preview:large","max-video-preview":"max-video-preview:-1"},"canonical":"https:\/\/librairie7l.com\/en\/produit\/repliques-11-3-face-au-cataclysme\/","og_locale":"en_US","og_type":"article","og_title":"R\u00e9pliques 11\/3, face au cataclysme - Librairie 7L","og_description":"11 mars 2011, un tremblement de terre d&#8217;une magnitude encore jamais enregistr\u00e9e d\u00e9vaste la c\u00f4te nord-est du Japon. Cinquante ans plus tard, la catastrophe du 11 mars 2011va bouleverser et interroger une nouvelle g\u00e9n\u00e9ration de photographes 11 mars 2011, un tremblement de terre d&#8217;une magnitude encore jamais enregistr\u00e9e d\u00e9vaste la c\u00f4te nord-est du Japon. Le [&hellip;]","og_url":"https:\/\/librairie7l.com\/en\/produit\/repliques-11-3-face-au-cataclysme\/","og_site_name":"Librairie 7L","article_modified_time":"2026-04-13T11:35:23+00:00","og_image":[{"width":600,"height":853,"url":"https:\/\/librairie7l.com\/wp-content\/uploads\/2024\/02\/9782365114035_1_75.jpg","type":"image\/jpeg"}],"twitter_card":"summary_large_image","twitter_misc":{"Est. reading time":"2 minutes"},"schema":{"@context":"https:\/\/schema.org","@graph":[{"@type":"WebPage","@id":"https:\/\/librairie7l.com\/en\/produit\/repliques-11-3-face-au-cataclysme\/","url":"https:\/\/librairie7l.com\/en\/produit\/repliques-11-3-face-au-cataclysme\/","name":"R\u00e9pliques 11\/3, face au cataclysme - Librairie 7L","isPartOf":{"@id":"https:\/\/librairie7l.com\/en\/#website"},"datePublished":"2024-06-27T07:01:47+00:00","dateModified":"2026-04-13T11:35:23+00:00","breadcrumb":{"@id":"https:\/\/librairie7l.com\/en\/produit\/repliques-11-3-face-au-cataclysme\/#breadcrumb"},"inLanguage":"en-US","potentialAction":[{"@type":"ReadAction","target":["https:\/\/librairie7l.com\/en\/produit\/repliques-11-3-face-au-cataclysme\/"]}]},{"@type":"BreadcrumbList","@id":"https:\/\/librairie7l.com\/en\/produit\/repliques-11-3-face-au-cataclysme\/#breadcrumb","itemListElement":[{"@type":"ListItem","position":1,"name":"Accueil","item":"https:\/\/librairie7l.com\/en\/"},{"@type":"ListItem","position":2,"name":"Shop","item":"https:\/\/librairie7l.com\/en\/shop\/"},{"@type":"ListItem","position":3,"name":"R\u00c9PLIQUES 11\/3, FACE AU CATACLYSME"}]},{"@type":"WebSite","@id":"https:\/\/librairie7l.com\/en\/#website","url":"https:\/\/librairie7l.com\/en\/","name":"Librairie 7L","description":"Librairie fond\u00e9e en 1999 par Karl Lagerfeld \u00e0 Paris","publisher":{"@id":"https:\/\/librairie7l.com\/en\/#organization"},"potentialAction":[{"@type":"SearchAction","target":{"@type":"EntryPoint","urlTemplate":"https:\/\/librairie7l.com\/en\/?s={search_term_string}"},"query-input":"required name=search_term_string"}],"inLanguage":"en-US"},{"@type":"Organization","@id":"https:\/\/librairie7l.com\/en\/#organization","name":"Librairie 7L","url":"https:\/\/librairie7l.com\/en\/","logo":{"@type":"ImageObject","inLanguage":"en-US","@id":"https:\/\/librairie7l.com\/en\/#\/schema\/logo\/image\/","url":"https:\/\/librairie7l.com\/wp-content\/uploads\/2022\/08\/logo-1.png","contentUrl":"https:\/\/librairie7l.com\/wp-content\/uploads\/2022\/08\/logo-1.png","width":227,"height":301,"caption":"Librairie 7L"},"image":{"@id":"https:\/\/librairie7l.com\/en\/#\/schema\/logo\/image\/"}}]}},"_links":{"self":[{"href":"https:\/\/librairie7l.com\/en\/wp-json\/wp\/v2\/product\/41657"}],"collection":[{"href":"https:\/\/librairie7l.com\/en\/wp-json\/wp\/v2\/product"}],"about":[{"href":"https:\/\/librairie7l.com\/en\/wp-json\/wp\/v2\/types\/product"}],"wp:featuredmedia":[{"embeddable":true,"href":"https:\/\/librairie7l.com\/en\/wp-json\/wp\/v2\/media\/41655"}],"wp:attachment":[{"href":"https:\/\/librairie7l.com\/en\/wp-json\/wp\/v2\/media?parent=41657"}],"wp:term":[{"taxonomy":"product_cat","embeddable":true,"href":"https:\/\/librairie7l.com\/en\/wp-json\/wp\/v2\/product_cat?post=41657"},{"taxonomy":"product_tag","embeddable":true,"href":"https:\/\/librairie7l.com\/en\/wp-json\/wp\/v2\/product_tag?post=41657"}],"curies":[{"name":"wp","href":"https:\/\/api.w.org\/{rel}","templated":true}]}}