{"id":41661,"date":"2024-06-27T09:01:51","date_gmt":"2024-06-27T07:01:51","guid":{"rendered":"https:\/\/librairie7l.com\/?post_type=product&#038;p=41661"},"modified":"2026-04-22T14:06:28","modified_gmt":"2026-04-22T12:06:28","slug":"ishimoto-des-lignes-et-des-corps","status":"publish","type":"product","link":"https:\/\/librairie7l.com\/en\/produit\/ishimoto-des-lignes-et-des-corps\/","title":{"rendered":"ISHIMOTO : DES LIGNES ET DES CORPS"},"content":{"rendered":"<p>Figure exceptionnelle de l&#8217;histoire de la photographie, Ishimoto Yatsushiro a su allier l&#8217;approche formelle du New Bauhaus de Chicago \u00e0 la quintessence de l&#8217;esth\u00e9tique japonaise.<\/p>\n<p> Cette alchimie singuli\u00e8re r\u00e9sulte d&#8217;une exp\u00e9rience de vie unique : n\u00e9 aux \u00c9tats-Unis de parents japonais, il passe son enfance sur l&#8217;\u00eele de Shikoku, au sud de l&#8217;archipel nippon, avant de partir \u00e9tudier la photographie aupr\u00e8s des nouveaux ma\u00eetres du m\u00e9dium que sont Harry M. Callahan et Aaron Siskind, qui poussent leurs \u00e9tudiants \u00e0 photographier autrement le monde : d&#8217;apparence tr\u00e8s formelles, leurs images r\u00e9sonnent d&#8217;une grande puissance \u00e9motionnelle. Sc\u00e8nes de rues, portraits d&#8217;enfants d\u00e9guis\u00e9s pour Halloween, panneaux publicitaires, fa\u00e7ades d&#8217;immeubles de quartiers populaires&#8230; : les images d&#8217;Ishimoto t\u00e9moignent de sa ma\u00eetrise du cadrage, de sa perception sensible des textures et des motifs.<\/p>\n<p>Sans pour autant renoncer \u00e0 un regard critique sur les questions sociales et politiques de son \u00e9poque, Ishimoto r\u00e9alise aussi de nombreuses exp\u00e9rimentations visuelles : s\u00e9ries de jambes sur la plage, de voitures enneig\u00e9es, de portes d&#8217;immeubles de Chicago, de feuilles mortes devenues compositions abstraites. Largement consid\u00e9r\u00e9 comme &#8221; \u00e9tranger &#8221; par ses pairs, Ishimoto a permis d&#8217;importer une perspective &#8221; formaliste &#8221; au sein de la sc\u00e8ne photographique japonaise de l&#8217;\u00e9poque.<\/p>\n<p>Con\u00e7u en \u00e9troite collaboration avec le Centre photographique Ishimoto Yasuhiro et co\u00e9dit\u00e9 avec LE BAL, l&#8217;ouvrage pr\u00e9sentera environ 180 photographies repr\u00e9sentatives des premi\u00e8res d\u00e9cennies de l&#8217;oeuvre d&#8217;Ishimoto constitu\u00e9e entre Chicago et Tokyo, avec une attention particuli\u00e8re \u00e0 sa c\u00e9l\u00e8bre s\u00e9rie sur la villa Katsura.<\/p>\n","protected":false},"excerpt":{"rendered":"<p>Figure exceptionnelle de l&#8217;histoire de la photographie, Ishimoto Yatsushiro a su allier l&#8217;approche formelle du New Bauhaus de Chicago \u00e0 la quintessence de l&#8217;esth\u00e9tique japonaise. Cette alchimie singuli\u00e8re r\u00e9sulte d&#8217;une exp\u00e9rience de vie unique : n\u00e9 aux \u00c9tats-Unis de parents japonais, il passe son enfance sur l&#8217;\u00eele de Shikoku, au sud de l&#8217;archipel nippon, avant [&hellip;]<\/p>\n","protected":false},"featured_media":41659,"template":"","meta":[],"product_cat":[2948,2958],"product_tag":[],"acf":[],"yoast_head":"<!-- This site is optimized with the Yoast SEO plugin v20.11 - https:\/\/yoast.com\/wordpress\/plugins\/seo\/ -->\n<title>Ishimoto : Des lignes et des corps - Librairie 7L<\/title>\n<meta name=\"robots\" content=\"index, follow, max-snippet:-1, max-image-preview:large, max-video-preview:-1\" \/>\n<link rel=\"canonical\" href=\"https:\/\/librairie7l.com\/en\/produit\/ishimoto-des-lignes-et-des-corps\/\" \/>\n<meta property=\"og:locale\" content=\"en_US\" \/>\n<meta property=\"og:type\" content=\"article\" \/>\n<meta property=\"og:title\" content=\"Ishimoto : Des lignes et des corps - Librairie 7L\" \/>\n<meta property=\"og:description\" content=\"Figure exceptionnelle de l&#8217;histoire de la photographie, Ishimoto Yatsushiro a su allier l&#8217;approche formelle du New Bauhaus de Chicago \u00e0 la quintessence de l&#8217;esth\u00e9tique japonaise. Cette alchimie singuli\u00e8re r\u00e9sulte d&#8217;une exp\u00e9rience de vie unique : n\u00e9 aux \u00c9tats-Unis de parents japonais, il passe son enfance sur l&#8217;\u00eele de Shikoku, au sud de l&#8217;archipel nippon, avant [&hellip;]\" \/>\n<meta property=\"og:url\" content=\"https:\/\/librairie7l.com\/en\/produit\/ishimoto-des-lignes-et-des-corps\/\" \/>\n<meta property=\"og:site_name\" content=\"Librairie 7L\" \/>\n<meta property=\"article:modified_time\" content=\"2026-04-22T12:06:28+00:00\" \/>\n<meta property=\"og:image\" content=\"https:\/\/librairie7l.com\/wp-content\/uploads\/2024\/02\/9782365114011_1_75.jpg\" \/>\n\t<meta property=\"og:image:width\" content=\"400\" \/>\n\t<meta property=\"og:image:height\" content=\"522\" \/>\n\t<meta property=\"og:image:type\" content=\"image\/jpeg\" \/>\n<meta name=\"twitter:card\" content=\"summary_large_image\" \/>\n<meta name=\"twitter:label1\" content=\"Est. reading time\" \/>\n\t<meta name=\"twitter:data1\" content=\"2 minutes\" \/>\n<script type=\"application\/ld+json\" class=\"yoast-schema-graph\">{\"@context\":\"https:\/\/schema.org\",\"@graph\":[{\"@type\":\"WebPage\",\"@id\":\"https:\/\/librairie7l.com\/en\/produit\/ishimoto-des-lignes-et-des-corps\/\",\"url\":\"https:\/\/librairie7l.com\/en\/produit\/ishimoto-des-lignes-et-des-corps\/\",\"name\":\"Ishimoto : Des lignes et des corps - Librairie 7L\",\"isPartOf\":{\"@id\":\"https:\/\/librairie7l.com\/en\/#website\"},\"datePublished\":\"2024-06-27T07:01:51+00:00\",\"dateModified\":\"2026-04-22T12:06:28+00:00\",\"breadcrumb\":{\"@id\":\"https:\/\/librairie7l.com\/en\/produit\/ishimoto-des-lignes-et-des-corps\/#breadcrumb\"},\"inLanguage\":\"en-US\",\"potentialAction\":[{\"@type\":\"ReadAction\",\"target\":[\"https:\/\/librairie7l.com\/en\/produit\/ishimoto-des-lignes-et-des-corps\/\"]}]},{\"@type\":\"BreadcrumbList\",\"@id\":\"https:\/\/librairie7l.com\/en\/produit\/ishimoto-des-lignes-et-des-corps\/#breadcrumb\",\"itemListElement\":[{\"@type\":\"ListItem\",\"position\":1,\"name\":\"Accueil\",\"item\":\"https:\/\/librairie7l.com\/en\/\"},{\"@type\":\"ListItem\",\"position\":2,\"name\":\"Shop\",\"item\":\"https:\/\/librairie7l.com\/en\/shop\/\"},{\"@type\":\"ListItem\",\"position\":3,\"name\":\"ISHIMOTO : DES LIGNES ET DES CORPS\"}]},{\"@type\":\"WebSite\",\"@id\":\"https:\/\/librairie7l.com\/en\/#website\",\"url\":\"https:\/\/librairie7l.com\/en\/\",\"name\":\"Librairie 7L\",\"description\":\"Librairie fond\u00e9e en 1999 par Karl Lagerfeld \u00e0 Paris\",\"publisher\":{\"@id\":\"https:\/\/librairie7l.com\/en\/#organization\"},\"potentialAction\":[{\"@type\":\"SearchAction\",\"target\":{\"@type\":\"EntryPoint\",\"urlTemplate\":\"https:\/\/librairie7l.com\/en\/?s={search_term_string}\"},\"query-input\":\"required name=search_term_string\"}],\"inLanguage\":\"en-US\"},{\"@type\":\"Organization\",\"@id\":\"https:\/\/librairie7l.com\/en\/#organization\",\"name\":\"Librairie 7L\",\"url\":\"https:\/\/librairie7l.com\/en\/\",\"logo\":{\"@type\":\"ImageObject\",\"inLanguage\":\"en-US\",\"@id\":\"https:\/\/librairie7l.com\/en\/#\/schema\/logo\/image\/\",\"url\":\"https:\/\/librairie7l.com\/wp-content\/uploads\/2022\/08\/logo-1.png\",\"contentUrl\":\"https:\/\/librairie7l.com\/wp-content\/uploads\/2022\/08\/logo-1.png\",\"width\":227,\"height\":301,\"caption\":\"Librairie 7L\"},\"image\":{\"@id\":\"https:\/\/librairie7l.com\/en\/#\/schema\/logo\/image\/\"}}]}<\/script>\n<!-- \/ Yoast SEO plugin. -->","yoast_head_json":{"title":"Ishimoto : Des lignes et des corps - Librairie 7L","robots":{"index":"index","follow":"follow","max-snippet":"max-snippet:-1","max-image-preview":"max-image-preview:large","max-video-preview":"max-video-preview:-1"},"canonical":"https:\/\/librairie7l.com\/en\/produit\/ishimoto-des-lignes-et-des-corps\/","og_locale":"en_US","og_type":"article","og_title":"Ishimoto : Des lignes et des corps - Librairie 7L","og_description":"Figure exceptionnelle de l&#8217;histoire de la photographie, Ishimoto Yatsushiro a su allier l&#8217;approche formelle du New Bauhaus de Chicago \u00e0 la quintessence de l&#8217;esth\u00e9tique japonaise. Cette alchimie singuli\u00e8re r\u00e9sulte d&#8217;une exp\u00e9rience de vie unique : n\u00e9 aux \u00c9tats-Unis de parents japonais, il passe son enfance sur l&#8217;\u00eele de Shikoku, au sud de l&#8217;archipel nippon, avant [&hellip;]","og_url":"https:\/\/librairie7l.com\/en\/produit\/ishimoto-des-lignes-et-des-corps\/","og_site_name":"Librairie 7L","article_modified_time":"2026-04-22T12:06:28+00:00","og_image":[{"width":400,"height":522,"url":"https:\/\/librairie7l.com\/wp-content\/uploads\/2024\/02\/9782365114011_1_75.jpg","type":"image\/jpeg"}],"twitter_card":"summary_large_image","twitter_misc":{"Est. reading time":"2 minutes"},"schema":{"@context":"https:\/\/schema.org","@graph":[{"@type":"WebPage","@id":"https:\/\/librairie7l.com\/en\/produit\/ishimoto-des-lignes-et-des-corps\/","url":"https:\/\/librairie7l.com\/en\/produit\/ishimoto-des-lignes-et-des-corps\/","name":"Ishimoto : Des lignes et des corps - Librairie 7L","isPartOf":{"@id":"https:\/\/librairie7l.com\/en\/#website"},"datePublished":"2024-06-27T07:01:51+00:00","dateModified":"2026-04-22T12:06:28+00:00","breadcrumb":{"@id":"https:\/\/librairie7l.com\/en\/produit\/ishimoto-des-lignes-et-des-corps\/#breadcrumb"},"inLanguage":"en-US","potentialAction":[{"@type":"ReadAction","target":["https:\/\/librairie7l.com\/en\/produit\/ishimoto-des-lignes-et-des-corps\/"]}]},{"@type":"BreadcrumbList","@id":"https:\/\/librairie7l.com\/en\/produit\/ishimoto-des-lignes-et-des-corps\/#breadcrumb","itemListElement":[{"@type":"ListItem","position":1,"name":"Accueil","item":"https:\/\/librairie7l.com\/en\/"},{"@type":"ListItem","position":2,"name":"Shop","item":"https:\/\/librairie7l.com\/en\/shop\/"},{"@type":"ListItem","position":3,"name":"ISHIMOTO : DES LIGNES ET DES CORPS"}]},{"@type":"WebSite","@id":"https:\/\/librairie7l.com\/en\/#website","url":"https:\/\/librairie7l.com\/en\/","name":"Librairie 7L","description":"Librairie fond\u00e9e en 1999 par Karl Lagerfeld \u00e0 Paris","publisher":{"@id":"https:\/\/librairie7l.com\/en\/#organization"},"potentialAction":[{"@type":"SearchAction","target":{"@type":"EntryPoint","urlTemplate":"https:\/\/librairie7l.com\/en\/?s={search_term_string}"},"query-input":"required name=search_term_string"}],"inLanguage":"en-US"},{"@type":"Organization","@id":"https:\/\/librairie7l.com\/en\/#organization","name":"Librairie 7L","url":"https:\/\/librairie7l.com\/en\/","logo":{"@type":"ImageObject","inLanguage":"en-US","@id":"https:\/\/librairie7l.com\/en\/#\/schema\/logo\/image\/","url":"https:\/\/librairie7l.com\/wp-content\/uploads\/2022\/08\/logo-1.png","contentUrl":"https:\/\/librairie7l.com\/wp-content\/uploads\/2022\/08\/logo-1.png","width":227,"height":301,"caption":"Librairie 7L"},"image":{"@id":"https:\/\/librairie7l.com\/en\/#\/schema\/logo\/image\/"}}]}},"_links":{"self":[{"href":"https:\/\/librairie7l.com\/en\/wp-json\/wp\/v2\/product\/41661"}],"collection":[{"href":"https:\/\/librairie7l.com\/en\/wp-json\/wp\/v2\/product"}],"about":[{"href":"https:\/\/librairie7l.com\/en\/wp-json\/wp\/v2\/types\/product"}],"wp:featuredmedia":[{"embeddable":true,"href":"https:\/\/librairie7l.com\/en\/wp-json\/wp\/v2\/media\/41659"}],"wp:attachment":[{"href":"https:\/\/librairie7l.com\/en\/wp-json\/wp\/v2\/media?parent=41661"}],"wp:term":[{"taxonomy":"product_cat","embeddable":true,"href":"https:\/\/librairie7l.com\/en\/wp-json\/wp\/v2\/product_cat?post=41661"},{"taxonomy":"product_tag","embeddable":true,"href":"https:\/\/librairie7l.com\/en\/wp-json\/wp\/v2\/product_tag?post=41661"}],"curies":[{"name":"wp","href":"https:\/\/api.w.org\/{rel}","templated":true}]}}