{"id":41711,"date":"2024-06-28T23:28:26","date_gmt":"2024-06-28T21:28:26","guid":{"rendered":"https:\/\/librairie7l.com\/?post_type=product&#038;p=41711"},"modified":"2026-04-09T03:06:19","modified_gmt":"2026-04-09T01:06:19","slug":"chantal-akerman-traveling","status":"publish","type":"product","link":"https:\/\/librairie7l.com\/en\/produit\/chantal-akerman-traveling\/","title":{"rendered":"CHANTAL AKERMAN : TRAVELING"},"content":{"rendered":"<p>Le film de Chantal Akerman, Jeanne Dielman, 23, quai du Commerce, 1080 Bruxelles, a \u00e9t\u00e9 d\u00e9sign\u00e9 meilleur film de tous les temps par le magazine Sight and Sound. Avec son style unique et tr\u00e8s personnel, la r\u00e9alisatrice belge a transform\u00e9 le monde du cin\u00e9ma et de l&#8217;art. Ce livre est un portrait posthume de Chantal Akerman en tant que cin\u00e9aste moderne, avec des contributions de personnes qui l&#8217;ont admir\u00e9e et ont travaill\u00e9 en \u00e9troite collaboration avec elle.<br \/>\nLa cin\u00e9aste et artiste Chantal Akerman \u00e9tait l&#8217;une des r\u00e9alisatrices les plus audacieuses de sa g\u00e9n\u00e9ration. Son oeuvre brouille les fronti\u00e8res du temps et de l&#8217;espace, du cin\u00e9ma et de l&#8217;art. On peut voir ses films dans les cin\u00e9mas et les mus\u00e9es du monde entier. Si elle est largement inconnue du grand public, elle est v\u00e9n\u00e9r\u00e9e par les cin\u00e9philes, les artistes visuels et les cin\u00e9astes. L&#8217;impact de son oeuvre sur le cin\u00e9ma mondial est apparu clairement lorsque Jeanne Dielman, 23, quai du Commerce, 1080 Bruxelles a \u00e9t\u00e9 nomm\u00e9 meilleur film de tous les temps par le magazine britannique Sight and Sound.En 2024, Bozar-Palais des Beaux-Arts, le Jeu de Paume et CINEMATEK rendront hommage \u00e0 Chantal Akerman en organisant la premi\u00e8re grande exposition sur l&#8217;artiste bruxelloise. Le livre qui accompagne l&#8217;exposition pr\u00e9sente les personnes qui ont \u00e9t\u00e9 ses plus proches et qui peuvent apporter un \u00e9clairage unique, notamment les personnes qui ont travaill\u00e9 avec elle ou qui ont \u00e9t\u00e9 inspir\u00e9es par elle.<\/p>\n","protected":false},"excerpt":{"rendered":"<p>Le film de Chantal Akerman, Jeanne Dielman, 23, quai du Commerce, 1080 Bruxelles, a \u00e9t\u00e9 d\u00e9sign\u00e9 meilleur film de tous les temps par le magazine Sight and Sound. Avec son style unique et tr\u00e8s personnel, la r\u00e9alisatrice belge a transform\u00e9 le monde du cin\u00e9ma et de l&#8217;art. Ce livre est un portrait posthume de Chantal [&hellip;]<\/p>\n","protected":false},"featured_media":41710,"template":"","meta":[],"product_cat":[2948],"product_tag":[],"acf":[],"yoast_head":"<!-- This site is optimized with the Yoast SEO plugin v20.11 - https:\/\/yoast.com\/wordpress\/plugins\/seo\/ -->\n<title>Chantal Akerman : Traveling - Librairie 7L<\/title>\n<meta name=\"robots\" content=\"index, follow, max-snippet:-1, max-image-preview:large, max-video-preview:-1\" \/>\n<link rel=\"canonical\" href=\"https:\/\/librairie7l.com\/en\/produit\/chantal-akerman-traveling\/\" \/>\n<meta property=\"og:locale\" content=\"en_US\" \/>\n<meta property=\"og:type\" content=\"article\" \/>\n<meta property=\"og:title\" content=\"Chantal Akerman : Traveling - Librairie 7L\" \/>\n<meta property=\"og:description\" content=\"Le film de Chantal Akerman, Jeanne Dielman, 23, quai du Commerce, 1080 Bruxelles, a \u00e9t\u00e9 d\u00e9sign\u00e9 meilleur film de tous les temps par le magazine Sight and Sound. Avec son style unique et tr\u00e8s personnel, la r\u00e9alisatrice belge a transform\u00e9 le monde du cin\u00e9ma et de l&#8217;art. Ce livre est un portrait posthume de Chantal [&hellip;]\" \/>\n<meta property=\"og:url\" content=\"https:\/\/librairie7l.com\/en\/produit\/chantal-akerman-traveling\/\" \/>\n<meta property=\"og:site_name\" content=\"Librairie 7L\" \/>\n<meta property=\"article:modified_time\" content=\"2026-04-09T01:06:19+00:00\" \/>\n<meta property=\"og:image\" content=\"https:\/\/librairie7l.com\/wp-content\/uploads\/2024\/01\/9789401412353_1_75.jpg\" \/>\n\t<meta property=\"og:image:width\" content=\"600\" \/>\n\t<meta property=\"og:image:height\" content=\"778\" \/>\n\t<meta property=\"og:image:type\" content=\"image\/jpeg\" \/>\n<meta name=\"twitter:card\" content=\"summary_large_image\" \/>\n<meta name=\"twitter:label1\" content=\"Est. reading time\" \/>\n\t<meta name=\"twitter:data1\" content=\"1 minute\" \/>\n<script type=\"application\/ld+json\" class=\"yoast-schema-graph\">{\"@context\":\"https:\/\/schema.org\",\"@graph\":[{\"@type\":\"WebPage\",\"@id\":\"https:\/\/librairie7l.com\/en\/produit\/chantal-akerman-traveling\/\",\"url\":\"https:\/\/librairie7l.com\/en\/produit\/chantal-akerman-traveling\/\",\"name\":\"Chantal Akerman : Traveling - Librairie 7L\",\"isPartOf\":{\"@id\":\"https:\/\/librairie7l.com\/en\/#website\"},\"datePublished\":\"2024-06-28T21:28:26+00:00\",\"dateModified\":\"2026-04-09T01:06:19+00:00\",\"breadcrumb\":{\"@id\":\"https:\/\/librairie7l.com\/en\/produit\/chantal-akerman-traveling\/#breadcrumb\"},\"inLanguage\":\"en-US\",\"potentialAction\":[{\"@type\":\"ReadAction\",\"target\":[\"https:\/\/librairie7l.com\/en\/produit\/chantal-akerman-traveling\/\"]}]},{\"@type\":\"BreadcrumbList\",\"@id\":\"https:\/\/librairie7l.com\/en\/produit\/chantal-akerman-traveling\/#breadcrumb\",\"itemListElement\":[{\"@type\":\"ListItem\",\"position\":1,\"name\":\"Accueil\",\"item\":\"https:\/\/librairie7l.com\/en\/\"},{\"@type\":\"ListItem\",\"position\":2,\"name\":\"Shop\",\"item\":\"https:\/\/librairie7l.com\/en\/shop\/\"},{\"@type\":\"ListItem\",\"position\":3,\"name\":\"CHANTAL AKERMAN : TRAVELING\"}]},{\"@type\":\"WebSite\",\"@id\":\"https:\/\/librairie7l.com\/en\/#website\",\"url\":\"https:\/\/librairie7l.com\/en\/\",\"name\":\"Librairie 7L\",\"description\":\"Librairie fond\u00e9e en 1999 par Karl Lagerfeld \u00e0 Paris\",\"publisher\":{\"@id\":\"https:\/\/librairie7l.com\/en\/#organization\"},\"potentialAction\":[{\"@type\":\"SearchAction\",\"target\":{\"@type\":\"EntryPoint\",\"urlTemplate\":\"https:\/\/librairie7l.com\/en\/?s={search_term_string}\"},\"query-input\":\"required name=search_term_string\"}],\"inLanguage\":\"en-US\"},{\"@type\":\"Organization\",\"@id\":\"https:\/\/librairie7l.com\/en\/#organization\",\"name\":\"Librairie 7L\",\"url\":\"https:\/\/librairie7l.com\/en\/\",\"logo\":{\"@type\":\"ImageObject\",\"inLanguage\":\"en-US\",\"@id\":\"https:\/\/librairie7l.com\/en\/#\/schema\/logo\/image\/\",\"url\":\"https:\/\/librairie7l.com\/wp-content\/uploads\/2022\/08\/logo-1.png\",\"contentUrl\":\"https:\/\/librairie7l.com\/wp-content\/uploads\/2022\/08\/logo-1.png\",\"width\":227,\"height\":301,\"caption\":\"Librairie 7L\"},\"image\":{\"@id\":\"https:\/\/librairie7l.com\/en\/#\/schema\/logo\/image\/\"}}]}<\/script>\n<!-- \/ Yoast SEO plugin. -->","yoast_head_json":{"title":"Chantal Akerman : Traveling - Librairie 7L","robots":{"index":"index","follow":"follow","max-snippet":"max-snippet:-1","max-image-preview":"max-image-preview:large","max-video-preview":"max-video-preview:-1"},"canonical":"https:\/\/librairie7l.com\/en\/produit\/chantal-akerman-traveling\/","og_locale":"en_US","og_type":"article","og_title":"Chantal Akerman : Traveling - Librairie 7L","og_description":"Le film de Chantal Akerman, Jeanne Dielman, 23, quai du Commerce, 1080 Bruxelles, a \u00e9t\u00e9 d\u00e9sign\u00e9 meilleur film de tous les temps par le magazine Sight and Sound. Avec son style unique et tr\u00e8s personnel, la r\u00e9alisatrice belge a transform\u00e9 le monde du cin\u00e9ma et de l&#8217;art. Ce livre est un portrait posthume de Chantal [&hellip;]","og_url":"https:\/\/librairie7l.com\/en\/produit\/chantal-akerman-traveling\/","og_site_name":"Librairie 7L","article_modified_time":"2026-04-09T01:06:19+00:00","og_image":[{"width":600,"height":778,"url":"https:\/\/librairie7l.com\/wp-content\/uploads\/2024\/01\/9789401412353_1_75.jpg","type":"image\/jpeg"}],"twitter_card":"summary_large_image","twitter_misc":{"Est. reading time":"1 minute"},"schema":{"@context":"https:\/\/schema.org","@graph":[{"@type":"WebPage","@id":"https:\/\/librairie7l.com\/en\/produit\/chantal-akerman-traveling\/","url":"https:\/\/librairie7l.com\/en\/produit\/chantal-akerman-traveling\/","name":"Chantal Akerman : Traveling - Librairie 7L","isPartOf":{"@id":"https:\/\/librairie7l.com\/en\/#website"},"datePublished":"2024-06-28T21:28:26+00:00","dateModified":"2026-04-09T01:06:19+00:00","breadcrumb":{"@id":"https:\/\/librairie7l.com\/en\/produit\/chantal-akerman-traveling\/#breadcrumb"},"inLanguage":"en-US","potentialAction":[{"@type":"ReadAction","target":["https:\/\/librairie7l.com\/en\/produit\/chantal-akerman-traveling\/"]}]},{"@type":"BreadcrumbList","@id":"https:\/\/librairie7l.com\/en\/produit\/chantal-akerman-traveling\/#breadcrumb","itemListElement":[{"@type":"ListItem","position":1,"name":"Accueil","item":"https:\/\/librairie7l.com\/en\/"},{"@type":"ListItem","position":2,"name":"Shop","item":"https:\/\/librairie7l.com\/en\/shop\/"},{"@type":"ListItem","position":3,"name":"CHANTAL AKERMAN : TRAVELING"}]},{"@type":"WebSite","@id":"https:\/\/librairie7l.com\/en\/#website","url":"https:\/\/librairie7l.com\/en\/","name":"Librairie 7L","description":"Librairie fond\u00e9e en 1999 par Karl Lagerfeld \u00e0 Paris","publisher":{"@id":"https:\/\/librairie7l.com\/en\/#organization"},"potentialAction":[{"@type":"SearchAction","target":{"@type":"EntryPoint","urlTemplate":"https:\/\/librairie7l.com\/en\/?s={search_term_string}"},"query-input":"required name=search_term_string"}],"inLanguage":"en-US"},{"@type":"Organization","@id":"https:\/\/librairie7l.com\/en\/#organization","name":"Librairie 7L","url":"https:\/\/librairie7l.com\/en\/","logo":{"@type":"ImageObject","inLanguage":"en-US","@id":"https:\/\/librairie7l.com\/en\/#\/schema\/logo\/image\/","url":"https:\/\/librairie7l.com\/wp-content\/uploads\/2022\/08\/logo-1.png","contentUrl":"https:\/\/librairie7l.com\/wp-content\/uploads\/2022\/08\/logo-1.png","width":227,"height":301,"caption":"Librairie 7L"},"image":{"@id":"https:\/\/librairie7l.com\/en\/#\/schema\/logo\/image\/"}}]}},"_links":{"self":[{"href":"https:\/\/librairie7l.com\/en\/wp-json\/wp\/v2\/product\/41711"}],"collection":[{"href":"https:\/\/librairie7l.com\/en\/wp-json\/wp\/v2\/product"}],"about":[{"href":"https:\/\/librairie7l.com\/en\/wp-json\/wp\/v2\/types\/product"}],"wp:featuredmedia":[{"embeddable":true,"href":"https:\/\/librairie7l.com\/en\/wp-json\/wp\/v2\/media\/41710"}],"wp:attachment":[{"href":"https:\/\/librairie7l.com\/en\/wp-json\/wp\/v2\/media?parent=41711"}],"wp:term":[{"taxonomy":"product_cat","embeddable":true,"href":"https:\/\/librairie7l.com\/en\/wp-json\/wp\/v2\/product_cat?post=41711"},{"taxonomy":"product_tag","embeddable":true,"href":"https:\/\/librairie7l.com\/en\/wp-json\/wp\/v2\/product_tag?post=41711"}],"curies":[{"name":"wp","href":"https:\/\/api.w.org\/{rel}","templated":true}]}}