{"id":41723,"date":"2024-06-28T23:28:41","date_gmt":"2024-06-28T21:28:41","guid":{"rendered":"https:\/\/librairie7l.com\/?post_type=product&#038;p=41723"},"modified":"2026-04-10T12:47:35","modified_gmt":"2026-04-10T10:47:35","slug":"brilliant-exiles-american-women-in-paris-1900-1939","status":"publish","type":"product","link":"https:\/\/librairie7l.com\/en\/produit\/brilliant-exiles-american-women-in-paris-1900-1939\/","title":{"rendered":"BRILLIANT EXILES : AMERICAN WOMEN IN PARIS, 1900-1939"},"content":{"rendered":"<p>Un r\u00e9cit passionnant sur la libert\u00e9 culturelle et l&#8217;autonomisation des femmes am\u00e9ricaines qui ont jou\u00e9 un r\u00f4le de premier plan sur la sc\u00e8ne de l&#8217;avant-garde dans le Paris du d\u00e9but du XXe si\u00e8cle. Pour les Am\u00e9ricaines qui ont \u00e9lu domicile \u00e0 Paris au cours des premi\u00e8res d\u00e9cennies du XXe si\u00e8cle, la ville offrait des possibilit\u00e9s uniques d&#8217;\u00e9mancipation personnelle et d&#8217;innovation professionnelle. En vivant comme expatri\u00e9es dans le centre international de l&#8217;avant-garde, ces femmes ont \u00e9chapp\u00e9 aux contraintes qui les limitaient dans leur pays et ont joui d&#8217;une libert\u00e9 et d&#8217;une autonomie sans pr\u00e9c\u00e9dent. \u00c0 travers des portraits, ce volume met en lumi\u00e8re l&#8217;histoire de soixante femmes qui ont d\u00e9fi\u00e9 les conventions et contribu\u00e9 au vibrant milieu moderniste de Paris, parmi lesquelles Berenice Abbott, Josephine Baker, Zelda Fitzgerald, Peggy Guggenheim, Romaine Brooks et Gertrude Stein. Plusieurs d&#8217;entre elles se sont \u00e9lev\u00e9es au rang d&#8217;arbitres culturels tout en explorant des exp\u00e9riences culturelles changeantes dans des domaines tels que l&#8217;art, la litt\u00e9rature, l&#8217;\u00e9dition, la musique, la mode, le journalisme, le th\u00e9\u00e2tre et la danse. Magnifiquement illustr\u00e9, Brilliant Exiles pr\u00e9sente des essais qui retracent les trajectoires divergentes des Am\u00e9ricaines \u00e0 Paris, en examinant l&#8217;impact de la race, de la classe sociale et de la sexualit\u00e9 sur leurs exp\u00e9riences dans la capitale fran\u00e7aise. Les textes soulignent \u00e9galement le r\u00f4le de l&#8217;art du portrait dans l&#8217;articulation de nouvelles conceptions de l&#8217;identit\u00e9 f\u00e9minine que les Am\u00e9ricaines ont eu la libert\u00e9 de d\u00e9velopper \u00e0 Paris. Travaillant en collaboration avec leurs portraitistes, elles ont peaufin\u00e9 les images qui allaient les comm\u00e9morer et red\u00e9finir l&#8217;imagerie de la f\u00e9minit\u00e9 moderne.<\/p>\n","protected":false},"excerpt":{"rendered":"<p>Un r\u00e9cit passionnant sur la libert\u00e9 culturelle et l&#8217;autonomisation des femmes am\u00e9ricaines qui ont jou\u00e9 un r\u00f4le de premier plan sur la sc\u00e8ne de l&#8217;avant-garde dans le Paris du d\u00e9but du XXe si\u00e8cle. Pour les Am\u00e9ricaines qui ont \u00e9lu domicile \u00e0 Paris au cours des premi\u00e8res d\u00e9cennies du XXe si\u00e8cle, la ville offrait des possibilit\u00e9s [&hellip;]<\/p>\n","protected":false},"featured_media":41722,"template":"","meta":[],"product_cat":[2948],"product_tag":[],"acf":[],"yoast_head":"<!-- This site is optimized with the Yoast SEO plugin v20.11 - https:\/\/yoast.com\/wordpress\/plugins\/seo\/ -->\n<title>Brilliant exiles : American women in Paris, 1900-1939 - Librairie 7L<\/title>\n<meta name=\"robots\" content=\"index, follow, max-snippet:-1, max-image-preview:large, max-video-preview:-1\" \/>\n<link rel=\"canonical\" href=\"https:\/\/librairie7l.com\/en\/produit\/brilliant-exiles-american-women-in-paris-1900-1939\/\" \/>\n<meta property=\"og:locale\" content=\"en_US\" \/>\n<meta property=\"og:type\" content=\"article\" \/>\n<meta property=\"og:title\" content=\"Brilliant exiles : American women in Paris, 1900-1939 - Librairie 7L\" \/>\n<meta property=\"og:description\" content=\"Un r\u00e9cit passionnant sur la libert\u00e9 culturelle et l&#8217;autonomisation des femmes am\u00e9ricaines qui ont jou\u00e9 un r\u00f4le de premier plan sur la sc\u00e8ne de l&#8217;avant-garde dans le Paris du d\u00e9but du XXe si\u00e8cle. Pour les Am\u00e9ricaines qui ont \u00e9lu domicile \u00e0 Paris au cours des premi\u00e8res d\u00e9cennies du XXe si\u00e8cle, la ville offrait des possibilit\u00e9s [&hellip;]\" \/>\n<meta property=\"og:url\" content=\"https:\/\/librairie7l.com\/en\/produit\/brilliant-exiles-american-women-in-paris-1900-1939\/\" \/>\n<meta property=\"og:site_name\" content=\"Librairie 7L\" \/>\n<meta property=\"article:modified_time\" content=\"2026-04-10T10:47:35+00:00\" \/>\n<meta property=\"og:image\" content=\"https:\/\/librairie7l.com\/wp-content\/uploads\/2024\/02\/9780300273588_1_75.jpg\" \/>\n\t<meta property=\"og:image:width\" content=\"600\" \/>\n\t<meta property=\"og:image:height\" content=\"793\" \/>\n\t<meta property=\"og:image:type\" content=\"image\/jpeg\" \/>\n<meta name=\"twitter:card\" content=\"summary_large_image\" \/>\n<meta name=\"twitter:label1\" content=\"Est. reading time\" \/>\n\t<meta name=\"twitter:data1\" content=\"1 minute\" \/>\n<script type=\"application\/ld+json\" class=\"yoast-schema-graph\">{\"@context\":\"https:\/\/schema.org\",\"@graph\":[{\"@type\":\"WebPage\",\"@id\":\"https:\/\/librairie7l.com\/en\/produit\/brilliant-exiles-american-women-in-paris-1900-1939\/\",\"url\":\"https:\/\/librairie7l.com\/en\/produit\/brilliant-exiles-american-women-in-paris-1900-1939\/\",\"name\":\"Brilliant exiles : American women in Paris, 1900-1939 - Librairie 7L\",\"isPartOf\":{\"@id\":\"https:\/\/librairie7l.com\/en\/#website\"},\"datePublished\":\"2024-06-28T21:28:41+00:00\",\"dateModified\":\"2026-04-10T10:47:35+00:00\",\"breadcrumb\":{\"@id\":\"https:\/\/librairie7l.com\/en\/produit\/brilliant-exiles-american-women-in-paris-1900-1939\/#breadcrumb\"},\"inLanguage\":\"en-US\",\"potentialAction\":[{\"@type\":\"ReadAction\",\"target\":[\"https:\/\/librairie7l.com\/en\/produit\/brilliant-exiles-american-women-in-paris-1900-1939\/\"]}]},{\"@type\":\"BreadcrumbList\",\"@id\":\"https:\/\/librairie7l.com\/en\/produit\/brilliant-exiles-american-women-in-paris-1900-1939\/#breadcrumb\",\"itemListElement\":[{\"@type\":\"ListItem\",\"position\":1,\"name\":\"Accueil\",\"item\":\"https:\/\/librairie7l.com\/en\/\"},{\"@type\":\"ListItem\",\"position\":2,\"name\":\"Shop\",\"item\":\"https:\/\/librairie7l.com\/en\/shop\/\"},{\"@type\":\"ListItem\",\"position\":3,\"name\":\"BRILLIANT EXILES : AMERICAN WOMEN IN PARIS, 1900-1939\"}]},{\"@type\":\"WebSite\",\"@id\":\"https:\/\/librairie7l.com\/en\/#website\",\"url\":\"https:\/\/librairie7l.com\/en\/\",\"name\":\"Librairie 7L\",\"description\":\"Librairie fond\u00e9e en 1999 par Karl Lagerfeld \u00e0 Paris\",\"publisher\":{\"@id\":\"https:\/\/librairie7l.com\/en\/#organization\"},\"potentialAction\":[{\"@type\":\"SearchAction\",\"target\":{\"@type\":\"EntryPoint\",\"urlTemplate\":\"https:\/\/librairie7l.com\/en\/?s={search_term_string}\"},\"query-input\":\"required name=search_term_string\"}],\"inLanguage\":\"en-US\"},{\"@type\":\"Organization\",\"@id\":\"https:\/\/librairie7l.com\/en\/#organization\",\"name\":\"Librairie 7L\",\"url\":\"https:\/\/librairie7l.com\/en\/\",\"logo\":{\"@type\":\"ImageObject\",\"inLanguage\":\"en-US\",\"@id\":\"https:\/\/librairie7l.com\/en\/#\/schema\/logo\/image\/\",\"url\":\"https:\/\/librairie7l.com\/wp-content\/uploads\/2022\/08\/logo-1.png\",\"contentUrl\":\"https:\/\/librairie7l.com\/wp-content\/uploads\/2022\/08\/logo-1.png\",\"width\":227,\"height\":301,\"caption\":\"Librairie 7L\"},\"image\":{\"@id\":\"https:\/\/librairie7l.com\/en\/#\/schema\/logo\/image\/\"}}]}<\/script>\n<!-- \/ Yoast SEO plugin. -->","yoast_head_json":{"title":"Brilliant exiles : American women in Paris, 1900-1939 - Librairie 7L","robots":{"index":"index","follow":"follow","max-snippet":"max-snippet:-1","max-image-preview":"max-image-preview:large","max-video-preview":"max-video-preview:-1"},"canonical":"https:\/\/librairie7l.com\/en\/produit\/brilliant-exiles-american-women-in-paris-1900-1939\/","og_locale":"en_US","og_type":"article","og_title":"Brilliant exiles : American women in Paris, 1900-1939 - Librairie 7L","og_description":"Un r\u00e9cit passionnant sur la libert\u00e9 culturelle et l&#8217;autonomisation des femmes am\u00e9ricaines qui ont jou\u00e9 un r\u00f4le de premier plan sur la sc\u00e8ne de l&#8217;avant-garde dans le Paris du d\u00e9but du XXe si\u00e8cle. Pour les Am\u00e9ricaines qui ont \u00e9lu domicile \u00e0 Paris au cours des premi\u00e8res d\u00e9cennies du XXe si\u00e8cle, la ville offrait des possibilit\u00e9s [&hellip;]","og_url":"https:\/\/librairie7l.com\/en\/produit\/brilliant-exiles-american-women-in-paris-1900-1939\/","og_site_name":"Librairie 7L","article_modified_time":"2026-04-10T10:47:35+00:00","og_image":[{"width":600,"height":793,"url":"https:\/\/librairie7l.com\/wp-content\/uploads\/2024\/02\/9780300273588_1_75.jpg","type":"image\/jpeg"}],"twitter_card":"summary_large_image","twitter_misc":{"Est. reading time":"1 minute"},"schema":{"@context":"https:\/\/schema.org","@graph":[{"@type":"WebPage","@id":"https:\/\/librairie7l.com\/en\/produit\/brilliant-exiles-american-women-in-paris-1900-1939\/","url":"https:\/\/librairie7l.com\/en\/produit\/brilliant-exiles-american-women-in-paris-1900-1939\/","name":"Brilliant exiles : American women in Paris, 1900-1939 - Librairie 7L","isPartOf":{"@id":"https:\/\/librairie7l.com\/en\/#website"},"datePublished":"2024-06-28T21:28:41+00:00","dateModified":"2026-04-10T10:47:35+00:00","breadcrumb":{"@id":"https:\/\/librairie7l.com\/en\/produit\/brilliant-exiles-american-women-in-paris-1900-1939\/#breadcrumb"},"inLanguage":"en-US","potentialAction":[{"@type":"ReadAction","target":["https:\/\/librairie7l.com\/en\/produit\/brilliant-exiles-american-women-in-paris-1900-1939\/"]}]},{"@type":"BreadcrumbList","@id":"https:\/\/librairie7l.com\/en\/produit\/brilliant-exiles-american-women-in-paris-1900-1939\/#breadcrumb","itemListElement":[{"@type":"ListItem","position":1,"name":"Accueil","item":"https:\/\/librairie7l.com\/en\/"},{"@type":"ListItem","position":2,"name":"Shop","item":"https:\/\/librairie7l.com\/en\/shop\/"},{"@type":"ListItem","position":3,"name":"BRILLIANT EXILES : AMERICAN WOMEN IN PARIS, 1900-1939"}]},{"@type":"WebSite","@id":"https:\/\/librairie7l.com\/en\/#website","url":"https:\/\/librairie7l.com\/en\/","name":"Librairie 7L","description":"Librairie fond\u00e9e en 1999 par Karl Lagerfeld \u00e0 Paris","publisher":{"@id":"https:\/\/librairie7l.com\/en\/#organization"},"potentialAction":[{"@type":"SearchAction","target":{"@type":"EntryPoint","urlTemplate":"https:\/\/librairie7l.com\/en\/?s={search_term_string}"},"query-input":"required name=search_term_string"}],"inLanguage":"en-US"},{"@type":"Organization","@id":"https:\/\/librairie7l.com\/en\/#organization","name":"Librairie 7L","url":"https:\/\/librairie7l.com\/en\/","logo":{"@type":"ImageObject","inLanguage":"en-US","@id":"https:\/\/librairie7l.com\/en\/#\/schema\/logo\/image\/","url":"https:\/\/librairie7l.com\/wp-content\/uploads\/2022\/08\/logo-1.png","contentUrl":"https:\/\/librairie7l.com\/wp-content\/uploads\/2022\/08\/logo-1.png","width":227,"height":301,"caption":"Librairie 7L"},"image":{"@id":"https:\/\/librairie7l.com\/en\/#\/schema\/logo\/image\/"}}]}},"_links":{"self":[{"href":"https:\/\/librairie7l.com\/en\/wp-json\/wp\/v2\/product\/41723"}],"collection":[{"href":"https:\/\/librairie7l.com\/en\/wp-json\/wp\/v2\/product"}],"about":[{"href":"https:\/\/librairie7l.com\/en\/wp-json\/wp\/v2\/types\/product"}],"wp:featuredmedia":[{"embeddable":true,"href":"https:\/\/librairie7l.com\/en\/wp-json\/wp\/v2\/media\/41722"}],"wp:attachment":[{"href":"https:\/\/librairie7l.com\/en\/wp-json\/wp\/v2\/media?parent=41723"}],"wp:term":[{"taxonomy":"product_cat","embeddable":true,"href":"https:\/\/librairie7l.com\/en\/wp-json\/wp\/v2\/product_cat?post=41723"},{"taxonomy":"product_tag","embeddable":true,"href":"https:\/\/librairie7l.com\/en\/wp-json\/wp\/v2\/product_tag?post=41723"}],"curies":[{"name":"wp","href":"https:\/\/api.w.org\/{rel}","templated":true}]}}