{"id":41727,"date":"2024-06-28T23:28:45","date_gmt":"2024-06-28T21:28:45","guid":{"rendered":"https:\/\/librairie7l.com\/?post_type=product&#038;p=41727"},"modified":"2026-05-05T01:29:49","modified_gmt":"2026-05-04T23:29:49","slug":"interacting-with-color-a-practical-guide-to-josef-alberss-color-experiments","status":"publish","type":"product","link":"https:\/\/librairie7l.com\/en\/produit\/interacting-with-color-a-practical-guide-to-josef-alberss-color-experiments\/","title":{"rendered":"INTERACTING WITH COLOR : A PRACTICAL GUIDE TO JOSEF ALBERSS COLOR EXPERIMENTS"},"content":{"rendered":"<p>L&#8217;essence de l&#8217;Interaction de la couleur de Josef Albers dans un format qui engage les apprenants de tous \u00e2ges et de tous niveaux et encourage une approche pratique. Interaction of Color est souvent pr\u00e9sent\u00e9 comme une th\u00e9orie globale de la couleur, mais il s&#8217;agit en fait d&#8217;une m\u00e9thode pour apprendre \u00e0 mieux voir et comprendre la couleur. De nombreux exercices illustr\u00e9s dans Interaction of Color ont \u00e9t\u00e9 con\u00e7us par les \u00e9tudiants d&#8217;Albers : couper et coller, regarder, r\u00e9fl\u00e9chir et apprendre. Ce cahier d&#8217;exercices est un outil p\u00e9dagogique con\u00e7u pour permettre aux lecteurs de s&#8217;engager dans les types de cr\u00e9ativit\u00e9 et d&#8217;exploration tactiles qui caract\u00e9risaient la classe d&#8217;Albers. Se concentrant sur huit des le\u00e7ons les plus importantes, ce livre invite les lecteurs \u00e0 apprendre par la pratique, en n&#8217;utilisant que des mat\u00e9riaux simples. Les instructions de base pour chaque exercice sont compl\u00e9t\u00e9es par des conseils suppl\u00e9mentaires, des r\u00e9f\u00e9rences au texte et aux illustrations originales d&#8217;Albers, et des anecdotes sur la fa\u00e7on dont Albers pr\u00e9sentait les id\u00e9es en classe. Le livre et les exercices sont suffisamment nuanc\u00e9s pour interpeller et inspirer les artistes, designers et \u00e9ducateurs chevronn\u00e9s, tout en \u00e9tant facilement accessibles aux jeunes lecteurs et aux praticiens moins exp\u00e9riment\u00e9s.<\/p>\n","protected":false},"excerpt":{"rendered":"<p>L&#8217;essence de l&#8217;Interaction de la couleur de Josef Albers dans un format qui engage les apprenants de tous \u00e2ges et de tous niveaux et encourage une approche pratique. Interaction of Color est souvent pr\u00e9sent\u00e9 comme une th\u00e9orie globale de la couleur, mais il s&#8217;agit en fait d&#8217;une m\u00e9thode pour apprendre \u00e0 mieux voir et comprendre [&hellip;]<\/p>\n","protected":false},"featured_media":41726,"template":"","meta":[],"product_cat":[2948],"product_tag":[],"acf":[],"yoast_head":"<!-- This site is optimized with the Yoast SEO plugin v20.11 - https:\/\/yoast.com\/wordpress\/plugins\/seo\/ -->\n<title>Interacting with color : A practical guide to Josef Alberss color experiments - Librairie 7L<\/title>\n<meta name=\"robots\" content=\"index, follow, max-snippet:-1, max-image-preview:large, max-video-preview:-1\" \/>\n<link rel=\"canonical\" href=\"https:\/\/librairie7l.com\/en\/produit\/interacting-with-color-a-practical-guide-to-josef-alberss-color-experiments\/\" \/>\n<meta property=\"og:locale\" content=\"en_US\" \/>\n<meta property=\"og:type\" content=\"article\" \/>\n<meta property=\"og:title\" content=\"Interacting with color : A practical guide to Josef Alberss color experiments - Librairie 7L\" \/>\n<meta property=\"og:description\" content=\"L&#8217;essence de l&#8217;Interaction de la couleur de Josef Albers dans un format qui engage les apprenants de tous \u00e2ges et de tous niveaux et encourage une approche pratique. Interaction of Color est souvent pr\u00e9sent\u00e9 comme une th\u00e9orie globale de la couleur, mais il s&#8217;agit en fait d&#8217;une m\u00e9thode pour apprendre \u00e0 mieux voir et comprendre [&hellip;]\" \/>\n<meta property=\"og:url\" content=\"https:\/\/librairie7l.com\/en\/produit\/interacting-with-color-a-practical-guide-to-josef-alberss-color-experiments\/\" \/>\n<meta property=\"og:site_name\" content=\"Librairie 7L\" \/>\n<meta property=\"article:modified_time\" content=\"2026-05-04T23:29:49+00:00\" \/>\n<meta property=\"og:image\" content=\"https:\/\/librairie7l.com\/wp-content\/uploads\/2024\/02\/9780300272437_1_75.jpg\" \/>\n\t<meta property=\"og:image:width\" content=\"600\" \/>\n\t<meta property=\"og:image:height\" content=\"924\" \/>\n\t<meta property=\"og:image:type\" content=\"image\/jpeg\" \/>\n<meta name=\"twitter:card\" content=\"summary_large_image\" \/>\n<meta name=\"twitter:label1\" content=\"Est. reading time\" \/>\n\t<meta name=\"twitter:data1\" content=\"1 minute\" \/>\n<script type=\"application\/ld+json\" class=\"yoast-schema-graph\">{\"@context\":\"https:\/\/schema.org\",\"@graph\":[{\"@type\":\"WebPage\",\"@id\":\"https:\/\/librairie7l.com\/en\/produit\/interacting-with-color-a-practical-guide-to-josef-alberss-color-experiments\/\",\"url\":\"https:\/\/librairie7l.com\/en\/produit\/interacting-with-color-a-practical-guide-to-josef-alberss-color-experiments\/\",\"name\":\"Interacting with color : A practical guide to Josef Alberss color experiments - Librairie 7L\",\"isPartOf\":{\"@id\":\"https:\/\/librairie7l.com\/en\/#website\"},\"datePublished\":\"2024-06-28T21:28:45+00:00\",\"dateModified\":\"2026-05-04T23:29:49+00:00\",\"breadcrumb\":{\"@id\":\"https:\/\/librairie7l.com\/en\/produit\/interacting-with-color-a-practical-guide-to-josef-alberss-color-experiments\/#breadcrumb\"},\"inLanguage\":\"en-US\",\"potentialAction\":[{\"@type\":\"ReadAction\",\"target\":[\"https:\/\/librairie7l.com\/en\/produit\/interacting-with-color-a-practical-guide-to-josef-alberss-color-experiments\/\"]}]},{\"@type\":\"BreadcrumbList\",\"@id\":\"https:\/\/librairie7l.com\/en\/produit\/interacting-with-color-a-practical-guide-to-josef-alberss-color-experiments\/#breadcrumb\",\"itemListElement\":[{\"@type\":\"ListItem\",\"position\":1,\"name\":\"Accueil\",\"item\":\"https:\/\/librairie7l.com\/en\/\"},{\"@type\":\"ListItem\",\"position\":2,\"name\":\"Shop\",\"item\":\"https:\/\/librairie7l.com\/en\/shop\/\"},{\"@type\":\"ListItem\",\"position\":3,\"name\":\"INTERACTING WITH COLOR : A PRACTICAL GUIDE TO JOSEF ALBERSS COLOR EXPERIMENTS\"}]},{\"@type\":\"WebSite\",\"@id\":\"https:\/\/librairie7l.com\/en\/#website\",\"url\":\"https:\/\/librairie7l.com\/en\/\",\"name\":\"Librairie 7L\",\"description\":\"Librairie fond\u00e9e en 1999 par Karl Lagerfeld \u00e0 Paris\",\"publisher\":{\"@id\":\"https:\/\/librairie7l.com\/en\/#organization\"},\"potentialAction\":[{\"@type\":\"SearchAction\",\"target\":{\"@type\":\"EntryPoint\",\"urlTemplate\":\"https:\/\/librairie7l.com\/en\/?s={search_term_string}\"},\"query-input\":\"required name=search_term_string\"}],\"inLanguage\":\"en-US\"},{\"@type\":\"Organization\",\"@id\":\"https:\/\/librairie7l.com\/en\/#organization\",\"name\":\"Librairie 7L\",\"url\":\"https:\/\/librairie7l.com\/en\/\",\"logo\":{\"@type\":\"ImageObject\",\"inLanguage\":\"en-US\",\"@id\":\"https:\/\/librairie7l.com\/en\/#\/schema\/logo\/image\/\",\"url\":\"https:\/\/librairie7l.com\/wp-content\/uploads\/2022\/08\/logo-1.png\",\"contentUrl\":\"https:\/\/librairie7l.com\/wp-content\/uploads\/2022\/08\/logo-1.png\",\"width\":227,\"height\":301,\"caption\":\"Librairie 7L\"},\"image\":{\"@id\":\"https:\/\/librairie7l.com\/en\/#\/schema\/logo\/image\/\"}}]}<\/script>\n<!-- \/ Yoast SEO plugin. -->","yoast_head_json":{"title":"Interacting with color : A practical guide to Josef Alberss color experiments - Librairie 7L","robots":{"index":"index","follow":"follow","max-snippet":"max-snippet:-1","max-image-preview":"max-image-preview:large","max-video-preview":"max-video-preview:-1"},"canonical":"https:\/\/librairie7l.com\/en\/produit\/interacting-with-color-a-practical-guide-to-josef-alberss-color-experiments\/","og_locale":"en_US","og_type":"article","og_title":"Interacting with color : A practical guide to Josef Alberss color experiments - Librairie 7L","og_description":"L&#8217;essence de l&#8217;Interaction de la couleur de Josef Albers dans un format qui engage les apprenants de tous \u00e2ges et de tous niveaux et encourage une approche pratique. Interaction of Color est souvent pr\u00e9sent\u00e9 comme une th\u00e9orie globale de la couleur, mais il s&#8217;agit en fait d&#8217;une m\u00e9thode pour apprendre \u00e0 mieux voir et comprendre [&hellip;]","og_url":"https:\/\/librairie7l.com\/en\/produit\/interacting-with-color-a-practical-guide-to-josef-alberss-color-experiments\/","og_site_name":"Librairie 7L","article_modified_time":"2026-05-04T23:29:49+00:00","og_image":[{"width":600,"height":924,"url":"https:\/\/librairie7l.com\/wp-content\/uploads\/2024\/02\/9780300272437_1_75.jpg","type":"image\/jpeg"}],"twitter_card":"summary_large_image","twitter_misc":{"Est. reading time":"1 minute"},"schema":{"@context":"https:\/\/schema.org","@graph":[{"@type":"WebPage","@id":"https:\/\/librairie7l.com\/en\/produit\/interacting-with-color-a-practical-guide-to-josef-alberss-color-experiments\/","url":"https:\/\/librairie7l.com\/en\/produit\/interacting-with-color-a-practical-guide-to-josef-alberss-color-experiments\/","name":"Interacting with color : A practical guide to Josef Alberss color experiments - Librairie 7L","isPartOf":{"@id":"https:\/\/librairie7l.com\/en\/#website"},"datePublished":"2024-06-28T21:28:45+00:00","dateModified":"2026-05-04T23:29:49+00:00","breadcrumb":{"@id":"https:\/\/librairie7l.com\/en\/produit\/interacting-with-color-a-practical-guide-to-josef-alberss-color-experiments\/#breadcrumb"},"inLanguage":"en-US","potentialAction":[{"@type":"ReadAction","target":["https:\/\/librairie7l.com\/en\/produit\/interacting-with-color-a-practical-guide-to-josef-alberss-color-experiments\/"]}]},{"@type":"BreadcrumbList","@id":"https:\/\/librairie7l.com\/en\/produit\/interacting-with-color-a-practical-guide-to-josef-alberss-color-experiments\/#breadcrumb","itemListElement":[{"@type":"ListItem","position":1,"name":"Accueil","item":"https:\/\/librairie7l.com\/en\/"},{"@type":"ListItem","position":2,"name":"Shop","item":"https:\/\/librairie7l.com\/en\/shop\/"},{"@type":"ListItem","position":3,"name":"INTERACTING WITH COLOR : A PRACTICAL GUIDE TO JOSEF ALBERSS COLOR EXPERIMENTS"}]},{"@type":"WebSite","@id":"https:\/\/librairie7l.com\/en\/#website","url":"https:\/\/librairie7l.com\/en\/","name":"Librairie 7L","description":"Librairie fond\u00e9e en 1999 par Karl Lagerfeld \u00e0 Paris","publisher":{"@id":"https:\/\/librairie7l.com\/en\/#organization"},"potentialAction":[{"@type":"SearchAction","target":{"@type":"EntryPoint","urlTemplate":"https:\/\/librairie7l.com\/en\/?s={search_term_string}"},"query-input":"required name=search_term_string"}],"inLanguage":"en-US"},{"@type":"Organization","@id":"https:\/\/librairie7l.com\/en\/#organization","name":"Librairie 7L","url":"https:\/\/librairie7l.com\/en\/","logo":{"@type":"ImageObject","inLanguage":"en-US","@id":"https:\/\/librairie7l.com\/en\/#\/schema\/logo\/image\/","url":"https:\/\/librairie7l.com\/wp-content\/uploads\/2022\/08\/logo-1.png","contentUrl":"https:\/\/librairie7l.com\/wp-content\/uploads\/2022\/08\/logo-1.png","width":227,"height":301,"caption":"Librairie 7L"},"image":{"@id":"https:\/\/librairie7l.com\/en\/#\/schema\/logo\/image\/"}}]}},"_links":{"self":[{"href":"https:\/\/librairie7l.com\/en\/wp-json\/wp\/v2\/product\/41727"}],"collection":[{"href":"https:\/\/librairie7l.com\/en\/wp-json\/wp\/v2\/product"}],"about":[{"href":"https:\/\/librairie7l.com\/en\/wp-json\/wp\/v2\/types\/product"}],"wp:featuredmedia":[{"embeddable":true,"href":"https:\/\/librairie7l.com\/en\/wp-json\/wp\/v2\/media\/41726"}],"wp:attachment":[{"href":"https:\/\/librairie7l.com\/en\/wp-json\/wp\/v2\/media?parent=41727"}],"wp:term":[{"taxonomy":"product_cat","embeddable":true,"href":"https:\/\/librairie7l.com\/en\/wp-json\/wp\/v2\/product_cat?post=41727"},{"taxonomy":"product_tag","embeddable":true,"href":"https:\/\/librairie7l.com\/en\/wp-json\/wp\/v2\/product_tag?post=41727"}],"curies":[{"name":"wp","href":"https:\/\/api.w.org\/{rel}","templated":true}]}}