{"id":41895,"date":"2024-08-20T09:26:10","date_gmt":"2024-08-20T07:26:10","guid":{"rendered":"https:\/\/librairie7l.com\/?post_type=product&#038;p=41895"},"modified":"2026-04-23T01:49:10","modified_gmt":"2026-04-22T23:49:10","slug":"shima-no-ama-2","status":"publish","type":"product","link":"https:\/\/librairie7l.com\/en\/produit\/shima-no-ama-2\/","title":{"rendered":"SHIMA NO AMA"},"content":{"rendered":"<p>Depuis des si\u00e8cles, les ama &#8211; p\u00eacheuses japonaises &#8211; nourrissent l&#8217;imaginaire nippon. Communaut\u00e9 exclusivement f\u00e9minine, les ama (qui signifie &#8221; femme de la mer &#8221; en japonais) se transmettent d&#8217;une g\u00e9n\u00e9ration \u00e0 l&#8217;autre leur art et connaissance du milieu marin.<br \/>\nDepuis des si\u00e8cles, les ama &#8211; p\u00eacheuses japonaises &#8211; nourrissent l&#8217;imaginaire nippon. Ces plongeuses en apn\u00e9e collectent ormeaux, coquillages et algues dont la venteleur assure une ind\u00e9pendance financi\u00e8re et une certaineaura. Communaut\u00e9 exclusivement f\u00e9minine, les ama (qui signifie &#8221; femme de la mer &#8221; en japonais) se transmettentd&#8217;une g\u00e9n\u00e9ration \u00e0 l&#8217;autre leur art et connaissance du milieu marin. Libres, intr\u00e9pides, fortes, gaies, ces plongeuses incarnent une f\u00e9minit\u00e9 souveraine, loin des clich\u00e9s. Figures indissociables des r\u00e9cits des origines, elles fascinent depuis longtemps le monde des arts, notamment celui des photographes. Leur lien avec la nature, leur sensualit\u00e9 -elles \u00e9taient autrefois v\u00eatues de combinaisons de cotonblanc, d\u00e9sormais en n\u00e9opr\u00e8ne depuis les ann\u00e9es 1960 &#8211; etla pratique d&#8217;une activit\u00e9 dangereuse ont fa\u00e7onn\u00e9 le mythe.Aux antipodes du st\u00e9r\u00e9otype de la femme japonaiseeffac\u00e9e, les ama affirment leur singularit\u00e9 : \u00e9nergie, intr\u00e9pidit\u00e9 et fiert\u00e9.<\/p>\n<p>Durant plus de trente ans, le photographe Kusukazu Uraguchi (1922-1988) a document\u00e9 le quotidien de certaines communaut\u00e9s situ\u00e9es dans le nord du Japon. Portraits, collectes sur le rivage, d\u00e9parts \u00e0 bord d&#8217;embarcations charg\u00e9es de paniers, r\u00e9coltes sous-marine, plongeons r\u00e9p\u00e9t\u00e9s, sc\u00e8nes d&#8217;intimit\u00e9 et de repos dans l&#8217;amagoya &#8211; cabane uniquement accessible aux ama : les images d&#8217;Uraguchi parlent d&#8217;h\u00e9ritage culturel autant que de modernit\u00e9. Son langage photographique &#8211; la force plastique de ses noirs et blancs fortement contrast\u00e9s, son sensdu d\u00e9cadrage, les gestes saisis dans leur spontan\u00e9it\u00e9 &#8211; restitue la puissance et la libert\u00e9 des corps. Un textede Sonia Voss d\u00e9voilera le monde myst\u00e9rieux de cette communaut\u00e9 et un essai du critique d&#8217;art japonais Chihiro Minato inscrira l&#8217;oeuvre d&#8217;Uraguchi dans l&#8217;histoire de la photographie contemporaine.<\/p>\n","protected":false},"excerpt":{"rendered":"<p>Depuis des si\u00e8cles, les ama &#8211; p\u00eacheuses japonaises &#8211; nourrissent l&#8217;imaginaire nippon. Communaut\u00e9 exclusivement f\u00e9minine, les ama (qui signifie &#8221; femme de la mer &#8221; en japonais) se transmettent d&#8217;une g\u00e9n\u00e9ration \u00e0 l&#8217;autre leur art et connaissance du milieu marin. Depuis des si\u00e8cles, les ama &#8211; p\u00eacheuses japonaises &#8211; nourrissent l&#8217;imaginaire nippon. Ces plongeuses en [&hellip;]<\/p>\n","protected":false},"featured_media":41893,"template":"","meta":[],"product_cat":[2948,2958],"product_tag":[],"acf":[],"yoast_head":"<!-- This site is optimized with the Yoast SEO plugin v20.11 - https:\/\/yoast.com\/wordpress\/plugins\/seo\/ -->\n<title>Shima no Ama - Librairie 7L<\/title>\n<meta name=\"robots\" content=\"index, follow, max-snippet:-1, max-image-preview:large, max-video-preview:-1\" \/>\n<link rel=\"canonical\" href=\"https:\/\/librairie7l.com\/en\/produit\/shima-no-ama-2\/\" \/>\n<meta property=\"og:locale\" content=\"en_US\" \/>\n<meta property=\"og:type\" content=\"article\" \/>\n<meta property=\"og:title\" content=\"Shima no Ama - Librairie 7L\" \/>\n<meta property=\"og:description\" content=\"Depuis des si\u00e8cles, les ama &#8211; p\u00eacheuses japonaises &#8211; nourrissent l&#8217;imaginaire nippon. Communaut\u00e9 exclusivement f\u00e9minine, les ama (qui signifie &#8221; femme de la mer &#8221; en japonais) se transmettent d&#8217;une g\u00e9n\u00e9ration \u00e0 l&#8217;autre leur art et connaissance du milieu marin. Depuis des si\u00e8cles, les ama &#8211; p\u00eacheuses japonaises &#8211; nourrissent l&#8217;imaginaire nippon. Ces plongeuses en [&hellip;]\" \/>\n<meta property=\"og:url\" content=\"https:\/\/librairie7l.com\/en\/produit\/shima-no-ama-2\/\" \/>\n<meta property=\"og:site_name\" content=\"Librairie 7L\" \/>\n<meta property=\"article:modified_time\" content=\"2026-04-22T23:49:10+00:00\" \/>\n<meta property=\"og:image\" content=\"https:\/\/librairie7l.com\/wp-content\/uploads\/2024\/02\/9782365114028_1_75.jpg\" \/>\n\t<meta property=\"og:image:width\" content=\"400\" \/>\n\t<meta property=\"og:image:height\" content=\"526\" \/>\n\t<meta property=\"og:image:type\" content=\"image\/jpeg\" \/>\n<meta name=\"twitter:card\" content=\"summary_large_image\" \/>\n<meta name=\"twitter:label1\" content=\"Est. reading time\" \/>\n\t<meta name=\"twitter:data1\" content=\"2 minutes\" \/>\n<script type=\"application\/ld+json\" class=\"yoast-schema-graph\">{\"@context\":\"https:\/\/schema.org\",\"@graph\":[{\"@type\":\"WebPage\",\"@id\":\"https:\/\/librairie7l.com\/en\/produit\/shima-no-ama-2\/\",\"url\":\"https:\/\/librairie7l.com\/en\/produit\/shima-no-ama-2\/\",\"name\":\"Shima no Ama - Librairie 7L\",\"isPartOf\":{\"@id\":\"https:\/\/librairie7l.com\/en\/#website\"},\"datePublished\":\"2024-08-20T07:26:10+00:00\",\"dateModified\":\"2026-04-22T23:49:10+00:00\",\"breadcrumb\":{\"@id\":\"https:\/\/librairie7l.com\/en\/produit\/shima-no-ama-2\/#breadcrumb\"},\"inLanguage\":\"en-US\",\"potentialAction\":[{\"@type\":\"ReadAction\",\"target\":[\"https:\/\/librairie7l.com\/en\/produit\/shima-no-ama-2\/\"]}]},{\"@type\":\"BreadcrumbList\",\"@id\":\"https:\/\/librairie7l.com\/en\/produit\/shima-no-ama-2\/#breadcrumb\",\"itemListElement\":[{\"@type\":\"ListItem\",\"position\":1,\"name\":\"Accueil\",\"item\":\"https:\/\/librairie7l.com\/en\/\"},{\"@type\":\"ListItem\",\"position\":2,\"name\":\"Shop\",\"item\":\"https:\/\/librairie7l.com\/en\/shop\/\"},{\"@type\":\"ListItem\",\"position\":3,\"name\":\"SHIMA NO AMA\"}]},{\"@type\":\"WebSite\",\"@id\":\"https:\/\/librairie7l.com\/en\/#website\",\"url\":\"https:\/\/librairie7l.com\/en\/\",\"name\":\"Librairie 7L\",\"description\":\"Librairie fond\u00e9e en 1999 par Karl Lagerfeld \u00e0 Paris\",\"publisher\":{\"@id\":\"https:\/\/librairie7l.com\/en\/#organization\"},\"potentialAction\":[{\"@type\":\"SearchAction\",\"target\":{\"@type\":\"EntryPoint\",\"urlTemplate\":\"https:\/\/librairie7l.com\/en\/?s={search_term_string}\"},\"query-input\":\"required name=search_term_string\"}],\"inLanguage\":\"en-US\"},{\"@type\":\"Organization\",\"@id\":\"https:\/\/librairie7l.com\/en\/#organization\",\"name\":\"Librairie 7L\",\"url\":\"https:\/\/librairie7l.com\/en\/\",\"logo\":{\"@type\":\"ImageObject\",\"inLanguage\":\"en-US\",\"@id\":\"https:\/\/librairie7l.com\/en\/#\/schema\/logo\/image\/\",\"url\":\"https:\/\/librairie7l.com\/wp-content\/uploads\/2022\/08\/logo-1.png\",\"contentUrl\":\"https:\/\/librairie7l.com\/wp-content\/uploads\/2022\/08\/logo-1.png\",\"width\":227,\"height\":301,\"caption\":\"Librairie 7L\"},\"image\":{\"@id\":\"https:\/\/librairie7l.com\/en\/#\/schema\/logo\/image\/\"}}]}<\/script>\n<!-- \/ Yoast SEO plugin. -->","yoast_head_json":{"title":"Shima no Ama - Librairie 7L","robots":{"index":"index","follow":"follow","max-snippet":"max-snippet:-1","max-image-preview":"max-image-preview:large","max-video-preview":"max-video-preview:-1"},"canonical":"https:\/\/librairie7l.com\/en\/produit\/shima-no-ama-2\/","og_locale":"en_US","og_type":"article","og_title":"Shima no Ama - Librairie 7L","og_description":"Depuis des si\u00e8cles, les ama &#8211; p\u00eacheuses japonaises &#8211; nourrissent l&#8217;imaginaire nippon. Communaut\u00e9 exclusivement f\u00e9minine, les ama (qui signifie &#8221; femme de la mer &#8221; en japonais) se transmettent d&#8217;une g\u00e9n\u00e9ration \u00e0 l&#8217;autre leur art et connaissance du milieu marin. Depuis des si\u00e8cles, les ama &#8211; p\u00eacheuses japonaises &#8211; nourrissent l&#8217;imaginaire nippon. Ces plongeuses en [&hellip;]","og_url":"https:\/\/librairie7l.com\/en\/produit\/shima-no-ama-2\/","og_site_name":"Librairie 7L","article_modified_time":"2026-04-22T23:49:10+00:00","og_image":[{"width":400,"height":526,"url":"https:\/\/librairie7l.com\/wp-content\/uploads\/2024\/02\/9782365114028_1_75.jpg","type":"image\/jpeg"}],"twitter_card":"summary_large_image","twitter_misc":{"Est. reading time":"2 minutes"},"schema":{"@context":"https:\/\/schema.org","@graph":[{"@type":"WebPage","@id":"https:\/\/librairie7l.com\/en\/produit\/shima-no-ama-2\/","url":"https:\/\/librairie7l.com\/en\/produit\/shima-no-ama-2\/","name":"Shima no Ama - Librairie 7L","isPartOf":{"@id":"https:\/\/librairie7l.com\/en\/#website"},"datePublished":"2024-08-20T07:26:10+00:00","dateModified":"2026-04-22T23:49:10+00:00","breadcrumb":{"@id":"https:\/\/librairie7l.com\/en\/produit\/shima-no-ama-2\/#breadcrumb"},"inLanguage":"en-US","potentialAction":[{"@type":"ReadAction","target":["https:\/\/librairie7l.com\/en\/produit\/shima-no-ama-2\/"]}]},{"@type":"BreadcrumbList","@id":"https:\/\/librairie7l.com\/en\/produit\/shima-no-ama-2\/#breadcrumb","itemListElement":[{"@type":"ListItem","position":1,"name":"Accueil","item":"https:\/\/librairie7l.com\/en\/"},{"@type":"ListItem","position":2,"name":"Shop","item":"https:\/\/librairie7l.com\/en\/shop\/"},{"@type":"ListItem","position":3,"name":"SHIMA NO AMA"}]},{"@type":"WebSite","@id":"https:\/\/librairie7l.com\/en\/#website","url":"https:\/\/librairie7l.com\/en\/","name":"Librairie 7L","description":"Librairie fond\u00e9e en 1999 par Karl Lagerfeld \u00e0 Paris","publisher":{"@id":"https:\/\/librairie7l.com\/en\/#organization"},"potentialAction":[{"@type":"SearchAction","target":{"@type":"EntryPoint","urlTemplate":"https:\/\/librairie7l.com\/en\/?s={search_term_string}"},"query-input":"required name=search_term_string"}],"inLanguage":"en-US"},{"@type":"Organization","@id":"https:\/\/librairie7l.com\/en\/#organization","name":"Librairie 7L","url":"https:\/\/librairie7l.com\/en\/","logo":{"@type":"ImageObject","inLanguage":"en-US","@id":"https:\/\/librairie7l.com\/en\/#\/schema\/logo\/image\/","url":"https:\/\/librairie7l.com\/wp-content\/uploads\/2022\/08\/logo-1.png","contentUrl":"https:\/\/librairie7l.com\/wp-content\/uploads\/2022\/08\/logo-1.png","width":227,"height":301,"caption":"Librairie 7L"},"image":{"@id":"https:\/\/librairie7l.com\/en\/#\/schema\/logo\/image\/"}}]}},"_links":{"self":[{"href":"https:\/\/librairie7l.com\/en\/wp-json\/wp\/v2\/product\/41895"}],"collection":[{"href":"https:\/\/librairie7l.com\/en\/wp-json\/wp\/v2\/product"}],"about":[{"href":"https:\/\/librairie7l.com\/en\/wp-json\/wp\/v2\/types\/product"}],"wp:featuredmedia":[{"embeddable":true,"href":"https:\/\/librairie7l.com\/en\/wp-json\/wp\/v2\/media\/41893"}],"wp:attachment":[{"href":"https:\/\/librairie7l.com\/en\/wp-json\/wp\/v2\/media?parent=41895"}],"wp:term":[{"taxonomy":"product_cat","embeddable":true,"href":"https:\/\/librairie7l.com\/en\/wp-json\/wp\/v2\/product_cat?post=41895"},{"taxonomy":"product_tag","embeddable":true,"href":"https:\/\/librairie7l.com\/en\/wp-json\/wp\/v2\/product_tag?post=41895"}],"curies":[{"name":"wp","href":"https:\/\/api.w.org\/{rel}","templated":true}]}}