{"id":41903,"date":"2024-08-20T09:26:16","date_gmt":"2024-08-20T07:26:16","guid":{"rendered":"https:\/\/librairie7l.com\/?post_type=product&#038;p=41903"},"modified":"2026-04-10T12:47:23","modified_gmt":"2026-04-10T10:47:23","slug":"paris-mode-sports-palais-galliera-2024-2","status":"publish","type":"product","link":"https:\/\/librairie7l.com\/en\/produit\/paris-mode-sports-palais-galliera-2024-2\/","title":{"rendered":"PARIS, MODE , SPORTS : PALAIS GALLIERA 2024"},"content":{"rendered":"<p>L&#8217;ouvrage pr\u00e9sente une quinzaine de lieux reliant le sport et la mode<br \/>\n\u00e0 Paris, \u00e9voqu\u00e9s \u00e0 travers documents d&#8217;archives, photographies<br \/>\net oeuvres picturales, et mis en regard avec une s\u00e9lection de pi\u00e8ces<br \/>\nphares issues des collections du Palais Galliera.<br \/>\nChaque lieu, comme par exemple la piscine Molitor ou le Chalet<br \/>\ndu cycle du bois de Boulogne, sera abord\u00e9 sous un angle patrimonial<br \/>\net historique, en resituant la pratique du sport \u00e0 Paris. Les lieux li\u00e9s<br \/>\nau commerce du v\u00eatement de sport, aux grands magasins, aux<br \/>\n\u00e9quipementiers ou aux couturiers qui ont travaill\u00e9 dans ce domaine &#8211;<br \/>\n\u00e0 l&#8217;instar de Jean Patou qui ouvre Le Coin du Sport dans sa boutique<br \/>\nparisienne &#8211; seront \u00e9galement mis en lumi\u00e8re.<br \/>\nCet ouvrage est publi\u00e9 \u00e0 l&#8217;occasion du 2e accrochage de l&#8217;exposition<br \/>\n\u00ab La Mode en mouvement \u00bb qui pr\u00e9sente une partie des collections<br \/>\ndu Palais Galliera.<\/p>\n","protected":false},"excerpt":{"rendered":"<p>L&#8217;ouvrage pr\u00e9sente une quinzaine de lieux reliant le sport et la mode \u00e0 Paris, \u00e9voqu\u00e9s \u00e0 travers documents d&#8217;archives, photographies et oeuvres picturales, et mis en regard avec une s\u00e9lection de pi\u00e8ces phares issues des collections du Palais Galliera. Chaque lieu, comme par exemple la piscine Molitor ou le Chalet du cycle du bois de [&hellip;]<\/p>\n","protected":false},"featured_media":41901,"template":"","meta":[],"product_cat":[2948,2957],"product_tag":[],"acf":[],"yoast_head":"<!-- This site is optimized with the Yoast SEO plugin v20.11 - https:\/\/yoast.com\/wordpress\/plugins\/seo\/ -->\n<title>Paris, mode , sports : Palais Galliera 2024 - Librairie 7L<\/title>\n<meta name=\"robots\" content=\"index, follow, max-snippet:-1, max-image-preview:large, max-video-preview:-1\" \/>\n<link rel=\"canonical\" href=\"https:\/\/librairie7l.com\/en\/produit\/paris-mode-sports-palais-galliera-2024-2\/\" \/>\n<meta property=\"og:locale\" content=\"en_US\" \/>\n<meta property=\"og:type\" content=\"article\" \/>\n<meta property=\"og:title\" content=\"Paris, mode , sports : Palais Galliera 2024 - Librairie 7L\" \/>\n<meta property=\"og:description\" content=\"L&#8217;ouvrage pr\u00e9sente une quinzaine de lieux reliant le sport et la mode \u00e0 Paris, \u00e9voqu\u00e9s \u00e0 travers documents d&#8217;archives, photographies et oeuvres picturales, et mis en regard avec une s\u00e9lection de pi\u00e8ces phares issues des collections du Palais Galliera. Chaque lieu, comme par exemple la piscine Molitor ou le Chalet du cycle du bois de [&hellip;]\" \/>\n<meta property=\"og:url\" content=\"https:\/\/librairie7l.com\/en\/produit\/paris-mode-sports-palais-galliera-2024-2\/\" \/>\n<meta property=\"og:site_name\" content=\"Librairie 7L\" \/>\n<meta property=\"article:modified_time\" content=\"2026-04-10T10:47:23+00:00\" \/>\n<meta property=\"og:image\" content=\"https:\/\/librairie7l.com\/wp-content\/uploads\/2024\/01\/9782759605835_1_75.jpg\" \/>\n\t<meta property=\"og:image:width\" content=\"400\" \/>\n\t<meta property=\"og:image:height\" content=\"461\" \/>\n\t<meta property=\"og:image:type\" content=\"image\/jpeg\" \/>\n<meta name=\"twitter:card\" content=\"summary_large_image\" \/>\n<meta name=\"twitter:label1\" content=\"Est. reading time\" \/>\n\t<meta name=\"twitter:data1\" content=\"1 minute\" \/>\n<script type=\"application\/ld+json\" class=\"yoast-schema-graph\">{\"@context\":\"https:\/\/schema.org\",\"@graph\":[{\"@type\":\"WebPage\",\"@id\":\"https:\/\/librairie7l.com\/en\/produit\/paris-mode-sports-palais-galliera-2024-2\/\",\"url\":\"https:\/\/librairie7l.com\/en\/produit\/paris-mode-sports-palais-galliera-2024-2\/\",\"name\":\"Paris, mode , sports : Palais Galliera 2024 - Librairie 7L\",\"isPartOf\":{\"@id\":\"https:\/\/librairie7l.com\/en\/#website\"},\"datePublished\":\"2024-08-20T07:26:16+00:00\",\"dateModified\":\"2026-04-10T10:47:23+00:00\",\"breadcrumb\":{\"@id\":\"https:\/\/librairie7l.com\/en\/produit\/paris-mode-sports-palais-galliera-2024-2\/#breadcrumb\"},\"inLanguage\":\"en-US\",\"potentialAction\":[{\"@type\":\"ReadAction\",\"target\":[\"https:\/\/librairie7l.com\/en\/produit\/paris-mode-sports-palais-galliera-2024-2\/\"]}]},{\"@type\":\"BreadcrumbList\",\"@id\":\"https:\/\/librairie7l.com\/en\/produit\/paris-mode-sports-palais-galliera-2024-2\/#breadcrumb\",\"itemListElement\":[{\"@type\":\"ListItem\",\"position\":1,\"name\":\"Accueil\",\"item\":\"https:\/\/librairie7l.com\/en\/\"},{\"@type\":\"ListItem\",\"position\":2,\"name\":\"Shop\",\"item\":\"https:\/\/librairie7l.com\/en\/shop\/\"},{\"@type\":\"ListItem\",\"position\":3,\"name\":\"PARIS, MODE , SPORTS : PALAIS GALLIERA 2024\"}]},{\"@type\":\"WebSite\",\"@id\":\"https:\/\/librairie7l.com\/en\/#website\",\"url\":\"https:\/\/librairie7l.com\/en\/\",\"name\":\"Librairie 7L\",\"description\":\"Librairie fond\u00e9e en 1999 par Karl Lagerfeld \u00e0 Paris\",\"publisher\":{\"@id\":\"https:\/\/librairie7l.com\/en\/#organization\"},\"potentialAction\":[{\"@type\":\"SearchAction\",\"target\":{\"@type\":\"EntryPoint\",\"urlTemplate\":\"https:\/\/librairie7l.com\/en\/?s={search_term_string}\"},\"query-input\":\"required name=search_term_string\"}],\"inLanguage\":\"en-US\"},{\"@type\":\"Organization\",\"@id\":\"https:\/\/librairie7l.com\/en\/#organization\",\"name\":\"Librairie 7L\",\"url\":\"https:\/\/librairie7l.com\/en\/\",\"logo\":{\"@type\":\"ImageObject\",\"inLanguage\":\"en-US\",\"@id\":\"https:\/\/librairie7l.com\/en\/#\/schema\/logo\/image\/\",\"url\":\"https:\/\/librairie7l.com\/wp-content\/uploads\/2022\/08\/logo-1.png\",\"contentUrl\":\"https:\/\/librairie7l.com\/wp-content\/uploads\/2022\/08\/logo-1.png\",\"width\":227,\"height\":301,\"caption\":\"Librairie 7L\"},\"image\":{\"@id\":\"https:\/\/librairie7l.com\/en\/#\/schema\/logo\/image\/\"}}]}<\/script>\n<!-- \/ Yoast SEO plugin. -->","yoast_head_json":{"title":"Paris, mode , sports : Palais Galliera 2024 - Librairie 7L","robots":{"index":"index","follow":"follow","max-snippet":"max-snippet:-1","max-image-preview":"max-image-preview:large","max-video-preview":"max-video-preview:-1"},"canonical":"https:\/\/librairie7l.com\/en\/produit\/paris-mode-sports-palais-galliera-2024-2\/","og_locale":"en_US","og_type":"article","og_title":"Paris, mode , sports : Palais Galliera 2024 - Librairie 7L","og_description":"L&#8217;ouvrage pr\u00e9sente une quinzaine de lieux reliant le sport et la mode \u00e0 Paris, \u00e9voqu\u00e9s \u00e0 travers documents d&#8217;archives, photographies et oeuvres picturales, et mis en regard avec une s\u00e9lection de pi\u00e8ces phares issues des collections du Palais Galliera. Chaque lieu, comme par exemple la piscine Molitor ou le Chalet du cycle du bois de [&hellip;]","og_url":"https:\/\/librairie7l.com\/en\/produit\/paris-mode-sports-palais-galliera-2024-2\/","og_site_name":"Librairie 7L","article_modified_time":"2026-04-10T10:47:23+00:00","og_image":[{"width":400,"height":461,"url":"https:\/\/librairie7l.com\/wp-content\/uploads\/2024\/01\/9782759605835_1_75.jpg","type":"image\/jpeg"}],"twitter_card":"summary_large_image","twitter_misc":{"Est. reading time":"1 minute"},"schema":{"@context":"https:\/\/schema.org","@graph":[{"@type":"WebPage","@id":"https:\/\/librairie7l.com\/en\/produit\/paris-mode-sports-palais-galliera-2024-2\/","url":"https:\/\/librairie7l.com\/en\/produit\/paris-mode-sports-palais-galliera-2024-2\/","name":"Paris, mode , sports : Palais Galliera 2024 - Librairie 7L","isPartOf":{"@id":"https:\/\/librairie7l.com\/en\/#website"},"datePublished":"2024-08-20T07:26:16+00:00","dateModified":"2026-04-10T10:47:23+00:00","breadcrumb":{"@id":"https:\/\/librairie7l.com\/en\/produit\/paris-mode-sports-palais-galliera-2024-2\/#breadcrumb"},"inLanguage":"en-US","potentialAction":[{"@type":"ReadAction","target":["https:\/\/librairie7l.com\/en\/produit\/paris-mode-sports-palais-galliera-2024-2\/"]}]},{"@type":"BreadcrumbList","@id":"https:\/\/librairie7l.com\/en\/produit\/paris-mode-sports-palais-galliera-2024-2\/#breadcrumb","itemListElement":[{"@type":"ListItem","position":1,"name":"Accueil","item":"https:\/\/librairie7l.com\/en\/"},{"@type":"ListItem","position":2,"name":"Shop","item":"https:\/\/librairie7l.com\/en\/shop\/"},{"@type":"ListItem","position":3,"name":"PARIS, MODE , SPORTS : PALAIS GALLIERA 2024"}]},{"@type":"WebSite","@id":"https:\/\/librairie7l.com\/en\/#website","url":"https:\/\/librairie7l.com\/en\/","name":"Librairie 7L","description":"Librairie fond\u00e9e en 1999 par Karl Lagerfeld \u00e0 Paris","publisher":{"@id":"https:\/\/librairie7l.com\/en\/#organization"},"potentialAction":[{"@type":"SearchAction","target":{"@type":"EntryPoint","urlTemplate":"https:\/\/librairie7l.com\/en\/?s={search_term_string}"},"query-input":"required name=search_term_string"}],"inLanguage":"en-US"},{"@type":"Organization","@id":"https:\/\/librairie7l.com\/en\/#organization","name":"Librairie 7L","url":"https:\/\/librairie7l.com\/en\/","logo":{"@type":"ImageObject","inLanguage":"en-US","@id":"https:\/\/librairie7l.com\/en\/#\/schema\/logo\/image\/","url":"https:\/\/librairie7l.com\/wp-content\/uploads\/2022\/08\/logo-1.png","contentUrl":"https:\/\/librairie7l.com\/wp-content\/uploads\/2022\/08\/logo-1.png","width":227,"height":301,"caption":"Librairie 7L"},"image":{"@id":"https:\/\/librairie7l.com\/en\/#\/schema\/logo\/image\/"}}]}},"_links":{"self":[{"href":"https:\/\/librairie7l.com\/en\/wp-json\/wp\/v2\/product\/41903"}],"collection":[{"href":"https:\/\/librairie7l.com\/en\/wp-json\/wp\/v2\/product"}],"about":[{"href":"https:\/\/librairie7l.com\/en\/wp-json\/wp\/v2\/types\/product"}],"wp:featuredmedia":[{"embeddable":true,"href":"https:\/\/librairie7l.com\/en\/wp-json\/wp\/v2\/media\/41901"}],"wp:attachment":[{"href":"https:\/\/librairie7l.com\/en\/wp-json\/wp\/v2\/media?parent=41903"}],"wp:term":[{"taxonomy":"product_cat","embeddable":true,"href":"https:\/\/librairie7l.com\/en\/wp-json\/wp\/v2\/product_cat?post=41903"},{"taxonomy":"product_tag","embeddable":true,"href":"https:\/\/librairie7l.com\/en\/wp-json\/wp\/v2\/product_tag?post=41903"}],"curies":[{"name":"wp","href":"https:\/\/api.w.org\/{rel}","templated":true}]}}