{"id":41911,"date":"2024-08-20T09:26:23","date_gmt":"2024-08-20T07:26:23","guid":{"rendered":"https:\/\/librairie7l.com\/?post_type=product&#038;p=41911"},"modified":"2026-04-18T11:35:57","modified_gmt":"2026-04-18T09:35:57","slug":"turner-le-sublime-heritage-en-dialogue-avec-des-artistes-contemporains-2","status":"publish","type":"product","link":"https:\/\/librairie7l.com\/en\/produit\/turner-le-sublime-heritage-en-dialogue-avec-des-artistes-contemporains-2\/","title":{"rendered":"TURNER, LE SUBLIME H\u00c9RITAGE : EN DIALOGUE AVEC DES ARTISTES CONTEMPORAINS"},"content":{"rendered":"<p>Catalogue officiel de l&#8217;exposition \u00abTurner le sublime h\u00e9ritage\u00bb, au Grimaldi Forum Monaco du 6 juillet au 1er septembre 2024.<br \/>\nCette exposition aura pour point central William Turner et l&#8217;h\u00e9ritage qu&#8217;on lui doit. Initialement de la veine romantique anglaise, son oeuvre est marqu\u00e9e par une recherche novatrice audacieuse qui le fait consid\u00e9rer comme un pr\u00e9curseur de l&#8217;impressionnisme. Renomm\u00e9 pour ses huiles, Turner est \u00e9galement un des plus grands ma\u00eetres anglais de paysages \u00e0 l&#8217;aquarelle.<br \/>\nL&#8217;exposition fera dialoguer ses oeuvres avec celles d&#8217;artistes contemporains, tels que Katie Paterson, Cornelia Parker, Jessica Warboys, Lisa Milroy, Wolfgang Tillmans, John Akomfrah, Peter Doig, Richard Long, Laure Prouvost, Olafur Eliasson, Edward Burtynsky, Roni Horn, Howard Hodgkin, Peter Lanyon ou encore Mark Rothko.<\/p>\n","protected":false},"excerpt":{"rendered":"<p>Catalogue officiel de l&#8217;exposition \u00abTurner le sublime h\u00e9ritage\u00bb, au Grimaldi Forum Monaco du 6 juillet au 1er septembre 2024. Cette exposition aura pour point central William Turner et l&#8217;h\u00e9ritage qu&#8217;on lui doit. Initialement de la veine romantique anglaise, son oeuvre est marqu\u00e9e par une recherche novatrice audacieuse qui le fait consid\u00e9rer comme un pr\u00e9curseur de [&hellip;]<\/p>\n","protected":false},"featured_media":41909,"template":"","meta":[],"product_cat":[2948,2953],"product_tag":[],"acf":[],"yoast_head":"<!-- This site is optimized with the Yoast SEO plugin v20.11 - https:\/\/yoast.com\/wordpress\/plugins\/seo\/ -->\n<title>Turner, le sublime h\u00e9ritage : En dialogue avec des artistes contemporains - Librairie 7L<\/title>\n<meta name=\"robots\" content=\"index, follow, max-snippet:-1, max-image-preview:large, max-video-preview:-1\" \/>\n<link rel=\"canonical\" href=\"https:\/\/librairie7l.com\/en\/produit\/turner-le-sublime-heritage-en-dialogue-avec-des-artistes-contemporains-2\/\" \/>\n<meta property=\"og:locale\" content=\"en_US\" \/>\n<meta property=\"og:type\" content=\"article\" \/>\n<meta property=\"og:title\" content=\"Turner, le sublime h\u00e9ritage : En dialogue avec des artistes contemporains - Librairie 7L\" \/>\n<meta property=\"og:description\" content=\"Catalogue officiel de l&#8217;exposition \u00abTurner le sublime h\u00e9ritage\u00bb, au Grimaldi Forum Monaco du 6 juillet au 1er septembre 2024. Cette exposition aura pour point central William Turner et l&#8217;h\u00e9ritage qu&#8217;on lui doit. Initialement de la veine romantique anglaise, son oeuvre est marqu\u00e9e par une recherche novatrice audacieuse qui le fait consid\u00e9rer comme un pr\u00e9curseur de [&hellip;]\" \/>\n<meta property=\"og:url\" content=\"https:\/\/librairie7l.com\/en\/produit\/turner-le-sublime-heritage-en-dialogue-avec-des-artistes-contemporains-2\/\" \/>\n<meta property=\"og:site_name\" content=\"Librairie 7L\" \/>\n<meta property=\"article:modified_time\" content=\"2026-04-18T09:35:57+00:00\" \/>\n<meta property=\"og:image\" content=\"https:\/\/librairie7l.com\/wp-content\/uploads\/2024\/03\/9782754117050_1_75.jpg\" \/>\n\t<meta property=\"og:image:width\" content=\"600\" \/>\n\t<meta property=\"og:image:height\" content=\"704\" \/>\n\t<meta property=\"og:image:type\" content=\"image\/jpeg\" \/>\n<meta name=\"twitter:card\" content=\"summary_large_image\" \/>\n<meta name=\"twitter:label1\" content=\"Est. reading time\" \/>\n\t<meta name=\"twitter:data1\" content=\"1 minute\" \/>\n<script type=\"application\/ld+json\" class=\"yoast-schema-graph\">{\"@context\":\"https:\/\/schema.org\",\"@graph\":[{\"@type\":\"WebPage\",\"@id\":\"https:\/\/librairie7l.com\/en\/produit\/turner-le-sublime-heritage-en-dialogue-avec-des-artistes-contemporains-2\/\",\"url\":\"https:\/\/librairie7l.com\/en\/produit\/turner-le-sublime-heritage-en-dialogue-avec-des-artistes-contemporains-2\/\",\"name\":\"Turner, le sublime h\u00e9ritage : En dialogue avec des artistes contemporains - Librairie 7L\",\"isPartOf\":{\"@id\":\"https:\/\/librairie7l.com\/en\/#website\"},\"datePublished\":\"2024-08-20T07:26:23+00:00\",\"dateModified\":\"2026-04-18T09:35:57+00:00\",\"breadcrumb\":{\"@id\":\"https:\/\/librairie7l.com\/en\/produit\/turner-le-sublime-heritage-en-dialogue-avec-des-artistes-contemporains-2\/#breadcrumb\"},\"inLanguage\":\"en-US\",\"potentialAction\":[{\"@type\":\"ReadAction\",\"target\":[\"https:\/\/librairie7l.com\/en\/produit\/turner-le-sublime-heritage-en-dialogue-avec-des-artistes-contemporains-2\/\"]}]},{\"@type\":\"BreadcrumbList\",\"@id\":\"https:\/\/librairie7l.com\/en\/produit\/turner-le-sublime-heritage-en-dialogue-avec-des-artistes-contemporains-2\/#breadcrumb\",\"itemListElement\":[{\"@type\":\"ListItem\",\"position\":1,\"name\":\"Accueil\",\"item\":\"https:\/\/librairie7l.com\/en\/\"},{\"@type\":\"ListItem\",\"position\":2,\"name\":\"Shop\",\"item\":\"https:\/\/librairie7l.com\/en\/shop\/\"},{\"@type\":\"ListItem\",\"position\":3,\"name\":\"TURNER, LE SUBLIME H\u00c9RITAGE : EN DIALOGUE AVEC DES ARTISTES CONTEMPORAINS\"}]},{\"@type\":\"WebSite\",\"@id\":\"https:\/\/librairie7l.com\/en\/#website\",\"url\":\"https:\/\/librairie7l.com\/en\/\",\"name\":\"Librairie 7L\",\"description\":\"Librairie fond\u00e9e en 1999 par Karl Lagerfeld \u00e0 Paris\",\"publisher\":{\"@id\":\"https:\/\/librairie7l.com\/en\/#organization\"},\"potentialAction\":[{\"@type\":\"SearchAction\",\"target\":{\"@type\":\"EntryPoint\",\"urlTemplate\":\"https:\/\/librairie7l.com\/en\/?s={search_term_string}\"},\"query-input\":\"required name=search_term_string\"}],\"inLanguage\":\"en-US\"},{\"@type\":\"Organization\",\"@id\":\"https:\/\/librairie7l.com\/en\/#organization\",\"name\":\"Librairie 7L\",\"url\":\"https:\/\/librairie7l.com\/en\/\",\"logo\":{\"@type\":\"ImageObject\",\"inLanguage\":\"en-US\",\"@id\":\"https:\/\/librairie7l.com\/en\/#\/schema\/logo\/image\/\",\"url\":\"https:\/\/librairie7l.com\/wp-content\/uploads\/2022\/08\/logo-1.png\",\"contentUrl\":\"https:\/\/librairie7l.com\/wp-content\/uploads\/2022\/08\/logo-1.png\",\"width\":227,\"height\":301,\"caption\":\"Librairie 7L\"},\"image\":{\"@id\":\"https:\/\/librairie7l.com\/en\/#\/schema\/logo\/image\/\"}}]}<\/script>\n<!-- \/ Yoast SEO plugin. -->","yoast_head_json":{"title":"Turner, le sublime h\u00e9ritage : En dialogue avec des artistes contemporains - Librairie 7L","robots":{"index":"index","follow":"follow","max-snippet":"max-snippet:-1","max-image-preview":"max-image-preview:large","max-video-preview":"max-video-preview:-1"},"canonical":"https:\/\/librairie7l.com\/en\/produit\/turner-le-sublime-heritage-en-dialogue-avec-des-artistes-contemporains-2\/","og_locale":"en_US","og_type":"article","og_title":"Turner, le sublime h\u00e9ritage : En dialogue avec des artistes contemporains - Librairie 7L","og_description":"Catalogue officiel de l&#8217;exposition \u00abTurner le sublime h\u00e9ritage\u00bb, au Grimaldi Forum Monaco du 6 juillet au 1er septembre 2024. Cette exposition aura pour point central William Turner et l&#8217;h\u00e9ritage qu&#8217;on lui doit. Initialement de la veine romantique anglaise, son oeuvre est marqu\u00e9e par une recherche novatrice audacieuse qui le fait consid\u00e9rer comme un pr\u00e9curseur de [&hellip;]","og_url":"https:\/\/librairie7l.com\/en\/produit\/turner-le-sublime-heritage-en-dialogue-avec-des-artistes-contemporains-2\/","og_site_name":"Librairie 7L","article_modified_time":"2026-04-18T09:35:57+00:00","og_image":[{"width":600,"height":704,"url":"https:\/\/librairie7l.com\/wp-content\/uploads\/2024\/03\/9782754117050_1_75.jpg","type":"image\/jpeg"}],"twitter_card":"summary_large_image","twitter_misc":{"Est. reading time":"1 minute"},"schema":{"@context":"https:\/\/schema.org","@graph":[{"@type":"WebPage","@id":"https:\/\/librairie7l.com\/en\/produit\/turner-le-sublime-heritage-en-dialogue-avec-des-artistes-contemporains-2\/","url":"https:\/\/librairie7l.com\/en\/produit\/turner-le-sublime-heritage-en-dialogue-avec-des-artistes-contemporains-2\/","name":"Turner, le sublime h\u00e9ritage : En dialogue avec des artistes contemporains - Librairie 7L","isPartOf":{"@id":"https:\/\/librairie7l.com\/en\/#website"},"datePublished":"2024-08-20T07:26:23+00:00","dateModified":"2026-04-18T09:35:57+00:00","breadcrumb":{"@id":"https:\/\/librairie7l.com\/en\/produit\/turner-le-sublime-heritage-en-dialogue-avec-des-artistes-contemporains-2\/#breadcrumb"},"inLanguage":"en-US","potentialAction":[{"@type":"ReadAction","target":["https:\/\/librairie7l.com\/en\/produit\/turner-le-sublime-heritage-en-dialogue-avec-des-artistes-contemporains-2\/"]}]},{"@type":"BreadcrumbList","@id":"https:\/\/librairie7l.com\/en\/produit\/turner-le-sublime-heritage-en-dialogue-avec-des-artistes-contemporains-2\/#breadcrumb","itemListElement":[{"@type":"ListItem","position":1,"name":"Accueil","item":"https:\/\/librairie7l.com\/en\/"},{"@type":"ListItem","position":2,"name":"Shop","item":"https:\/\/librairie7l.com\/en\/shop\/"},{"@type":"ListItem","position":3,"name":"TURNER, LE SUBLIME H\u00c9RITAGE : EN DIALOGUE AVEC DES ARTISTES CONTEMPORAINS"}]},{"@type":"WebSite","@id":"https:\/\/librairie7l.com\/en\/#website","url":"https:\/\/librairie7l.com\/en\/","name":"Librairie 7L","description":"Librairie fond\u00e9e en 1999 par Karl Lagerfeld \u00e0 Paris","publisher":{"@id":"https:\/\/librairie7l.com\/en\/#organization"},"potentialAction":[{"@type":"SearchAction","target":{"@type":"EntryPoint","urlTemplate":"https:\/\/librairie7l.com\/en\/?s={search_term_string}"},"query-input":"required name=search_term_string"}],"inLanguage":"en-US"},{"@type":"Organization","@id":"https:\/\/librairie7l.com\/en\/#organization","name":"Librairie 7L","url":"https:\/\/librairie7l.com\/en\/","logo":{"@type":"ImageObject","inLanguage":"en-US","@id":"https:\/\/librairie7l.com\/en\/#\/schema\/logo\/image\/","url":"https:\/\/librairie7l.com\/wp-content\/uploads\/2022\/08\/logo-1.png","contentUrl":"https:\/\/librairie7l.com\/wp-content\/uploads\/2022\/08\/logo-1.png","width":227,"height":301,"caption":"Librairie 7L"},"image":{"@id":"https:\/\/librairie7l.com\/en\/#\/schema\/logo\/image\/"}}]}},"_links":{"self":[{"href":"https:\/\/librairie7l.com\/en\/wp-json\/wp\/v2\/product\/41911"}],"collection":[{"href":"https:\/\/librairie7l.com\/en\/wp-json\/wp\/v2\/product"}],"about":[{"href":"https:\/\/librairie7l.com\/en\/wp-json\/wp\/v2\/types\/product"}],"wp:featuredmedia":[{"embeddable":true,"href":"https:\/\/librairie7l.com\/en\/wp-json\/wp\/v2\/media\/41909"}],"wp:attachment":[{"href":"https:\/\/librairie7l.com\/en\/wp-json\/wp\/v2\/media?parent=41911"}],"wp:term":[{"taxonomy":"product_cat","embeddable":true,"href":"https:\/\/librairie7l.com\/en\/wp-json\/wp\/v2\/product_cat?post=41911"},{"taxonomy":"product_tag","embeddable":true,"href":"https:\/\/librairie7l.com\/en\/wp-json\/wp\/v2\/product_tag?post=41911"}],"curies":[{"name":"wp","href":"https:\/\/api.w.org\/{rel}","templated":true}]}}