{"id":41927,"date":"2024-08-20T09:26:35","date_gmt":"2024-08-20T07:26:35","guid":{"rendered":"https:\/\/librairie7l.com\/?post_type=product&#038;p=41927"},"modified":"2026-04-13T13:37:33","modified_gmt":"2026-04-13T11:37:33","slug":"goya-cocardier-de-legende-2","status":"publish","type":"product","link":"https:\/\/librairie7l.com\/en\/produit\/goya-cocardier-de-legende-2\/","title":{"rendered":"GOYA, COCARDIER DE L\u00c9GENDE"},"content":{"rendered":"<p>S&#8217;il est un taureau qui a r\u00e9volutionn\u00e9 l&#8217;univers de la Course Camarguaise, c&#8217;est Goya de la manade Laurent. Sa carri\u00e8re exceptionnelle, de ses premi\u00e8res courses en 1969 jusqu&#8217;au dernier raset en 1981, a d\u00e9clench\u00e9 l&#8217;hyst\u00e9rie, tant chez ses supporters inconditionnels que chez ses d\u00e9tracteurs. Son seul nom sur l&#8217;affiche d&#8217;une course camarguaise suffisait \u00e0 remplir les ar\u00e8nes.<\/p>\n<p>Jacky Simeon retrace ici dans un beau-livre illustr\u00e9 de photos d&#8217;\u00e9poque l&#8217;histoire de ce cocardier d&#8217;exception, d&#8217;un physique hors normes, digne repr\u00e9sentant de la race Camargue, alors que la manade Laurent f\u00eate ses 80 ans.<\/p>\n","protected":false},"excerpt":{"rendered":"<p>S&#8217;il est un taureau qui a r\u00e9volutionn\u00e9 l&#8217;univers de la Course Camarguaise, c&#8217;est Goya de la manade Laurent. Sa carri\u00e8re exceptionnelle, de ses premi\u00e8res courses en 1969 jusqu&#8217;au dernier raset en 1981, a d\u00e9clench\u00e9 l&#8217;hyst\u00e9rie, tant chez ses supporters inconditionnels que chez ses d\u00e9tracteurs. Son seul nom sur l&#8217;affiche d&#8217;une course camarguaise suffisait \u00e0 remplir [&hellip;]<\/p>\n","protected":false},"featured_media":41925,"template":"","meta":[],"product_cat":[2948,2953],"product_tag":[],"acf":[],"yoast_head":"<!-- This site is optimized with the Yoast SEO plugin v20.11 - https:\/\/yoast.com\/wordpress\/plugins\/seo\/ -->\n<title>Goya, cocardier de l\u00e9gende - Librairie 7L<\/title>\n<meta name=\"robots\" content=\"index, follow, max-snippet:-1, max-image-preview:large, max-video-preview:-1\" \/>\n<link rel=\"canonical\" href=\"https:\/\/librairie7l.com\/en\/produit\/goya-cocardier-de-legende-2\/\" \/>\n<meta property=\"og:locale\" content=\"en_US\" \/>\n<meta property=\"og:type\" content=\"article\" \/>\n<meta property=\"og:title\" content=\"Goya, cocardier de l\u00e9gende - Librairie 7L\" \/>\n<meta property=\"og:description\" content=\"S&#8217;il est un taureau qui a r\u00e9volutionn\u00e9 l&#8217;univers de la Course Camarguaise, c&#8217;est Goya de la manade Laurent. Sa carri\u00e8re exceptionnelle, de ses premi\u00e8res courses en 1969 jusqu&#8217;au dernier raset en 1981, a d\u00e9clench\u00e9 l&#8217;hyst\u00e9rie, tant chez ses supporters inconditionnels que chez ses d\u00e9tracteurs. Son seul nom sur l&#8217;affiche d&#8217;une course camarguaise suffisait \u00e0 remplir [&hellip;]\" \/>\n<meta property=\"og:url\" content=\"https:\/\/librairie7l.com\/en\/produit\/goya-cocardier-de-legende-2\/\" \/>\n<meta property=\"og:site_name\" content=\"Librairie 7L\" \/>\n<meta property=\"article:modified_time\" content=\"2026-04-13T11:37:33+00:00\" \/>\n<meta property=\"og:image\" content=\"https:\/\/librairie7l.com\/wp-content\/uploads\/2024\/01\/9791030706819_1_75.jpg\" \/>\n\t<meta property=\"og:image:width\" content=\"443\" \/>\n\t<meta property=\"og:image:height\" content=\"568\" \/>\n\t<meta property=\"og:image:type\" content=\"image\/jpeg\" \/>\n<meta name=\"twitter:card\" content=\"summary_large_image\" \/>\n<script type=\"application\/ld+json\" class=\"yoast-schema-graph\">{\"@context\":\"https:\/\/schema.org\",\"@graph\":[{\"@type\":\"WebPage\",\"@id\":\"https:\/\/librairie7l.com\/en\/produit\/goya-cocardier-de-legende-2\/\",\"url\":\"https:\/\/librairie7l.com\/en\/produit\/goya-cocardier-de-legende-2\/\",\"name\":\"Goya, cocardier de l\u00e9gende - Librairie 7L\",\"isPartOf\":{\"@id\":\"https:\/\/librairie7l.com\/en\/#website\"},\"datePublished\":\"2024-08-20T07:26:35+00:00\",\"dateModified\":\"2026-04-13T11:37:33+00:00\",\"breadcrumb\":{\"@id\":\"https:\/\/librairie7l.com\/en\/produit\/goya-cocardier-de-legende-2\/#breadcrumb\"},\"inLanguage\":\"en-US\",\"potentialAction\":[{\"@type\":\"ReadAction\",\"target\":[\"https:\/\/librairie7l.com\/en\/produit\/goya-cocardier-de-legende-2\/\"]}]},{\"@type\":\"BreadcrumbList\",\"@id\":\"https:\/\/librairie7l.com\/en\/produit\/goya-cocardier-de-legende-2\/#breadcrumb\",\"itemListElement\":[{\"@type\":\"ListItem\",\"position\":1,\"name\":\"Accueil\",\"item\":\"https:\/\/librairie7l.com\/en\/\"},{\"@type\":\"ListItem\",\"position\":2,\"name\":\"Shop\",\"item\":\"https:\/\/librairie7l.com\/en\/shop\/\"},{\"@type\":\"ListItem\",\"position\":3,\"name\":\"GOYA, COCARDIER DE L\u00c9GENDE\"}]},{\"@type\":\"WebSite\",\"@id\":\"https:\/\/librairie7l.com\/en\/#website\",\"url\":\"https:\/\/librairie7l.com\/en\/\",\"name\":\"Librairie 7L\",\"description\":\"Librairie fond\u00e9e en 1999 par Karl Lagerfeld \u00e0 Paris\",\"publisher\":{\"@id\":\"https:\/\/librairie7l.com\/en\/#organization\"},\"potentialAction\":[{\"@type\":\"SearchAction\",\"target\":{\"@type\":\"EntryPoint\",\"urlTemplate\":\"https:\/\/librairie7l.com\/en\/?s={search_term_string}\"},\"query-input\":\"required name=search_term_string\"}],\"inLanguage\":\"en-US\"},{\"@type\":\"Organization\",\"@id\":\"https:\/\/librairie7l.com\/en\/#organization\",\"name\":\"Librairie 7L\",\"url\":\"https:\/\/librairie7l.com\/en\/\",\"logo\":{\"@type\":\"ImageObject\",\"inLanguage\":\"en-US\",\"@id\":\"https:\/\/librairie7l.com\/en\/#\/schema\/logo\/image\/\",\"url\":\"https:\/\/librairie7l.com\/wp-content\/uploads\/2022\/08\/logo-1.png\",\"contentUrl\":\"https:\/\/librairie7l.com\/wp-content\/uploads\/2022\/08\/logo-1.png\",\"width\":227,\"height\":301,\"caption\":\"Librairie 7L\"},\"image\":{\"@id\":\"https:\/\/librairie7l.com\/en\/#\/schema\/logo\/image\/\"}}]}<\/script>\n<!-- \/ Yoast SEO plugin. -->","yoast_head_json":{"title":"Goya, cocardier de l\u00e9gende - Librairie 7L","robots":{"index":"index","follow":"follow","max-snippet":"max-snippet:-1","max-image-preview":"max-image-preview:large","max-video-preview":"max-video-preview:-1"},"canonical":"https:\/\/librairie7l.com\/en\/produit\/goya-cocardier-de-legende-2\/","og_locale":"en_US","og_type":"article","og_title":"Goya, cocardier de l\u00e9gende - Librairie 7L","og_description":"S&#8217;il est un taureau qui a r\u00e9volutionn\u00e9 l&#8217;univers de la Course Camarguaise, c&#8217;est Goya de la manade Laurent. Sa carri\u00e8re exceptionnelle, de ses premi\u00e8res courses en 1969 jusqu&#8217;au dernier raset en 1981, a d\u00e9clench\u00e9 l&#8217;hyst\u00e9rie, tant chez ses supporters inconditionnels que chez ses d\u00e9tracteurs. Son seul nom sur l&#8217;affiche d&#8217;une course camarguaise suffisait \u00e0 remplir [&hellip;]","og_url":"https:\/\/librairie7l.com\/en\/produit\/goya-cocardier-de-legende-2\/","og_site_name":"Librairie 7L","article_modified_time":"2026-04-13T11:37:33+00:00","og_image":[{"width":443,"height":568,"url":"https:\/\/librairie7l.com\/wp-content\/uploads\/2024\/01\/9791030706819_1_75.jpg","type":"image\/jpeg"}],"twitter_card":"summary_large_image","schema":{"@context":"https:\/\/schema.org","@graph":[{"@type":"WebPage","@id":"https:\/\/librairie7l.com\/en\/produit\/goya-cocardier-de-legende-2\/","url":"https:\/\/librairie7l.com\/en\/produit\/goya-cocardier-de-legende-2\/","name":"Goya, cocardier de l\u00e9gende - Librairie 7L","isPartOf":{"@id":"https:\/\/librairie7l.com\/en\/#website"},"datePublished":"2024-08-20T07:26:35+00:00","dateModified":"2026-04-13T11:37:33+00:00","breadcrumb":{"@id":"https:\/\/librairie7l.com\/en\/produit\/goya-cocardier-de-legende-2\/#breadcrumb"},"inLanguage":"en-US","potentialAction":[{"@type":"ReadAction","target":["https:\/\/librairie7l.com\/en\/produit\/goya-cocardier-de-legende-2\/"]}]},{"@type":"BreadcrumbList","@id":"https:\/\/librairie7l.com\/en\/produit\/goya-cocardier-de-legende-2\/#breadcrumb","itemListElement":[{"@type":"ListItem","position":1,"name":"Accueil","item":"https:\/\/librairie7l.com\/en\/"},{"@type":"ListItem","position":2,"name":"Shop","item":"https:\/\/librairie7l.com\/en\/shop\/"},{"@type":"ListItem","position":3,"name":"GOYA, COCARDIER DE L\u00c9GENDE"}]},{"@type":"WebSite","@id":"https:\/\/librairie7l.com\/en\/#website","url":"https:\/\/librairie7l.com\/en\/","name":"Librairie 7L","description":"Librairie fond\u00e9e en 1999 par Karl Lagerfeld \u00e0 Paris","publisher":{"@id":"https:\/\/librairie7l.com\/en\/#organization"},"potentialAction":[{"@type":"SearchAction","target":{"@type":"EntryPoint","urlTemplate":"https:\/\/librairie7l.com\/en\/?s={search_term_string}"},"query-input":"required name=search_term_string"}],"inLanguage":"en-US"},{"@type":"Organization","@id":"https:\/\/librairie7l.com\/en\/#organization","name":"Librairie 7L","url":"https:\/\/librairie7l.com\/en\/","logo":{"@type":"ImageObject","inLanguage":"en-US","@id":"https:\/\/librairie7l.com\/en\/#\/schema\/logo\/image\/","url":"https:\/\/librairie7l.com\/wp-content\/uploads\/2022\/08\/logo-1.png","contentUrl":"https:\/\/librairie7l.com\/wp-content\/uploads\/2022\/08\/logo-1.png","width":227,"height":301,"caption":"Librairie 7L"},"image":{"@id":"https:\/\/librairie7l.com\/en\/#\/schema\/logo\/image\/"}}]}},"_links":{"self":[{"href":"https:\/\/librairie7l.com\/en\/wp-json\/wp\/v2\/product\/41927"}],"collection":[{"href":"https:\/\/librairie7l.com\/en\/wp-json\/wp\/v2\/product"}],"about":[{"href":"https:\/\/librairie7l.com\/en\/wp-json\/wp\/v2\/types\/product"}],"wp:featuredmedia":[{"embeddable":true,"href":"https:\/\/librairie7l.com\/en\/wp-json\/wp\/v2\/media\/41925"}],"wp:attachment":[{"href":"https:\/\/librairie7l.com\/en\/wp-json\/wp\/v2\/media?parent=41927"}],"wp:term":[{"taxonomy":"product_cat","embeddable":true,"href":"https:\/\/librairie7l.com\/en\/wp-json\/wp\/v2\/product_cat?post=41927"},{"taxonomy":"product_tag","embeddable":true,"href":"https:\/\/librairie7l.com\/en\/wp-json\/wp\/v2\/product_tag?post=41927"}],"curies":[{"name":"wp","href":"https:\/\/api.w.org\/{rel}","templated":true}]}}