{"id":41963,"date":"2024-08-20T09:27:06","date_gmt":"2024-08-20T07:27:06","guid":{"rendered":"https:\/\/librairie7l.com\/?post_type=product&#038;p=41963"},"modified":"2026-04-15T10:06:16","modified_gmt":"2026-04-15T08:06:16","slug":"decoration-les-plus-beaux-interieurs-du-siecle-3","status":"publish","type":"product","link":"https:\/\/librairie7l.com\/en\/produit\/decoration-les-plus-beaux-interieurs-du-siecle-3\/","title":{"rendered":"D\u00c9CORATION ; LES PLUS BEAUX INT\u00c9RIEURS DU SI\u00c8CLE"},"content":{"rendered":"<p>Organis\u00e9 alphab\u00e9tiquement par nom de cr\u00e9ateur, D\u00e9coration : Les plus beaux int\u00e9rieurs du si\u00e8cle est le guide incontournable du design et de la d\u00e9coration d&#8217;int\u00e9rieurs. Au-del\u00e0 des\u00a0d\u00e9corateurs, designers et architectes, ces int\u00e9rieurs d&#8217;exception ont pour certains \u00e9t\u00e9 con\u00e7us par des couturiers, des artistes, des influenceurs et des stars de\u00a0cin\u00e9ma, qui ont tous\u00a0contribu\u00e9 \u00e0\u00a0leur mani\u00e8re \u00e0 l&#8217;\u00e9volution de cet\u00a0art. Dans\u00a0cet ouvrage, 400 int\u00e9rieurs sont pr\u00e9sent\u00e9s, cr\u00e9\u00e9s \u00e0 partir du\u00a0d\u00e9but du  xx e \u00a0si\u00e8cle dans\u00a0plus de\u00a025\u00a0pays\u00a0:<br \/>\nCh\u00e2teaux, maisons de ville, appartements luxueux, ranch au coeur du\u00a0d\u00e9sert, villas de bord de mer et autres p\u00e9pites. D\u00e9coration est un ouvrage de r\u00e9f\u00e9rence et\u00a0une source d&#8217;inspiration essentielle pour tous les amateurs de design et pour tous ceux qui s&#8217;int\u00e9ressent \u00e0 leur espace de vie.<\/p>\n","protected":false},"excerpt":{"rendered":"<p>Organis\u00e9 alphab\u00e9tiquement par nom de cr\u00e9ateur, D\u00e9coration : Les plus beaux int\u00e9rieurs du si\u00e8cle est le guide incontournable du design et de la d\u00e9coration d&#8217;int\u00e9rieurs. Au-del\u00e0 des\u00a0d\u00e9corateurs, designers et architectes, ces int\u00e9rieurs d&#8217;exception ont pour certains \u00e9t\u00e9 con\u00e7us par des couturiers, des artistes, des influenceurs et des stars de\u00a0cin\u00e9ma, qui ont tous\u00a0contribu\u00e9 \u00e0\u00a0leur mani\u00e8re \u00e0 [&hellip;]<\/p>\n","protected":false},"featured_media":41961,"template":"","meta":[],"product_cat":[2948,2951],"product_tag":[],"acf":[],"yoast_head":"<!-- This site is optimized with the Yoast SEO plugin v20.11 - https:\/\/yoast.com\/wordpress\/plugins\/seo\/ -->\n<title>D\u00e9coration ; les plus beaux int\u00e9rieurs du si\u00e8cle - Librairie 7L<\/title>\n<meta name=\"robots\" content=\"index, follow, max-snippet:-1, max-image-preview:large, max-video-preview:-1\" \/>\n<link rel=\"canonical\" href=\"https:\/\/librairie7l.com\/en\/produit\/decoration-les-plus-beaux-interieurs-du-siecle-3\/\" \/>\n<meta property=\"og:locale\" content=\"en_US\" \/>\n<meta property=\"og:type\" content=\"article\" \/>\n<meta property=\"og:title\" content=\"D\u00e9coration ; les plus beaux int\u00e9rieurs du si\u00e8cle - Librairie 7L\" \/>\n<meta property=\"og:description\" content=\"Organis\u00e9 alphab\u00e9tiquement par nom de cr\u00e9ateur, D\u00e9coration : Les plus beaux int\u00e9rieurs du si\u00e8cle est le guide incontournable du design et de la d\u00e9coration d&#8217;int\u00e9rieurs. Au-del\u00e0 des\u00a0d\u00e9corateurs, designers et architectes, ces int\u00e9rieurs d&#8217;exception ont pour certains \u00e9t\u00e9 con\u00e7us par des couturiers, des artistes, des influenceurs et des stars de\u00a0cin\u00e9ma, qui ont tous\u00a0contribu\u00e9 \u00e0\u00a0leur mani\u00e8re \u00e0 [&hellip;]\" \/>\n<meta property=\"og:url\" content=\"https:\/\/librairie7l.com\/en\/produit\/decoration-les-plus-beaux-interieurs-du-siecle-3\/\" \/>\n<meta property=\"og:site_name\" content=\"Librairie 7L\" \/>\n<meta property=\"article:modified_time\" content=\"2026-04-15T08:06:16+00:00\" \/>\n<meta property=\"og:image\" content=\"https:\/\/librairie7l.com\/wp-content\/uploads\/2019\/05\/9780714879987_1_75.jpg\" \/>\n\t<meta property=\"og:image:width\" content=\"600\" \/>\n\t<meta property=\"og:image:height\" content=\"682\" \/>\n\t<meta property=\"og:image:type\" content=\"image\/jpeg\" \/>\n<meta name=\"twitter:card\" content=\"summary_large_image\" \/>\n<meta name=\"twitter:label1\" content=\"Est. reading time\" \/>\n\t<meta name=\"twitter:data1\" content=\"1 minute\" \/>\n<script type=\"application\/ld+json\" class=\"yoast-schema-graph\">{\"@context\":\"https:\/\/schema.org\",\"@graph\":[{\"@type\":\"WebPage\",\"@id\":\"https:\/\/librairie7l.com\/en\/produit\/decoration-les-plus-beaux-interieurs-du-siecle-3\/\",\"url\":\"https:\/\/librairie7l.com\/en\/produit\/decoration-les-plus-beaux-interieurs-du-siecle-3\/\",\"name\":\"D\u00e9coration ; les plus beaux int\u00e9rieurs du si\u00e8cle - Librairie 7L\",\"isPartOf\":{\"@id\":\"https:\/\/librairie7l.com\/en\/#website\"},\"datePublished\":\"2024-08-20T07:27:06+00:00\",\"dateModified\":\"2026-04-15T08:06:16+00:00\",\"breadcrumb\":{\"@id\":\"https:\/\/librairie7l.com\/en\/produit\/decoration-les-plus-beaux-interieurs-du-siecle-3\/#breadcrumb\"},\"inLanguage\":\"en-US\",\"potentialAction\":[{\"@type\":\"ReadAction\",\"target\":[\"https:\/\/librairie7l.com\/en\/produit\/decoration-les-plus-beaux-interieurs-du-siecle-3\/\"]}]},{\"@type\":\"BreadcrumbList\",\"@id\":\"https:\/\/librairie7l.com\/en\/produit\/decoration-les-plus-beaux-interieurs-du-siecle-3\/#breadcrumb\",\"itemListElement\":[{\"@type\":\"ListItem\",\"position\":1,\"name\":\"Accueil\",\"item\":\"https:\/\/librairie7l.com\/en\/\"},{\"@type\":\"ListItem\",\"position\":2,\"name\":\"Shop\",\"item\":\"https:\/\/librairie7l.com\/en\/shop\/\"},{\"@type\":\"ListItem\",\"position\":3,\"name\":\"D\u00c9CORATION ; LES PLUS BEAUX INT\u00c9RIEURS DU SI\u00c8CLE\"}]},{\"@type\":\"WebSite\",\"@id\":\"https:\/\/librairie7l.com\/en\/#website\",\"url\":\"https:\/\/librairie7l.com\/en\/\",\"name\":\"Librairie 7L\",\"description\":\"Librairie fond\u00e9e en 1999 par Karl Lagerfeld \u00e0 Paris\",\"publisher\":{\"@id\":\"https:\/\/librairie7l.com\/en\/#organization\"},\"potentialAction\":[{\"@type\":\"SearchAction\",\"target\":{\"@type\":\"EntryPoint\",\"urlTemplate\":\"https:\/\/librairie7l.com\/en\/?s={search_term_string}\"},\"query-input\":\"required name=search_term_string\"}],\"inLanguage\":\"en-US\"},{\"@type\":\"Organization\",\"@id\":\"https:\/\/librairie7l.com\/en\/#organization\",\"name\":\"Librairie 7L\",\"url\":\"https:\/\/librairie7l.com\/en\/\",\"logo\":{\"@type\":\"ImageObject\",\"inLanguage\":\"en-US\",\"@id\":\"https:\/\/librairie7l.com\/en\/#\/schema\/logo\/image\/\",\"url\":\"https:\/\/librairie7l.com\/wp-content\/uploads\/2022\/08\/logo-1.png\",\"contentUrl\":\"https:\/\/librairie7l.com\/wp-content\/uploads\/2022\/08\/logo-1.png\",\"width\":227,\"height\":301,\"caption\":\"Librairie 7L\"},\"image\":{\"@id\":\"https:\/\/librairie7l.com\/en\/#\/schema\/logo\/image\/\"}}]}<\/script>\n<!-- \/ Yoast SEO plugin. -->","yoast_head_json":{"title":"D\u00e9coration ; les plus beaux int\u00e9rieurs du si\u00e8cle - Librairie 7L","robots":{"index":"index","follow":"follow","max-snippet":"max-snippet:-1","max-image-preview":"max-image-preview:large","max-video-preview":"max-video-preview:-1"},"canonical":"https:\/\/librairie7l.com\/en\/produit\/decoration-les-plus-beaux-interieurs-du-siecle-3\/","og_locale":"en_US","og_type":"article","og_title":"D\u00e9coration ; les plus beaux int\u00e9rieurs du si\u00e8cle - Librairie 7L","og_description":"Organis\u00e9 alphab\u00e9tiquement par nom de cr\u00e9ateur, D\u00e9coration : Les plus beaux int\u00e9rieurs du si\u00e8cle est le guide incontournable du design et de la d\u00e9coration d&#8217;int\u00e9rieurs. Au-del\u00e0 des\u00a0d\u00e9corateurs, designers et architectes, ces int\u00e9rieurs d&#8217;exception ont pour certains \u00e9t\u00e9 con\u00e7us par des couturiers, des artistes, des influenceurs et des stars de\u00a0cin\u00e9ma, qui ont tous\u00a0contribu\u00e9 \u00e0\u00a0leur mani\u00e8re \u00e0 [&hellip;]","og_url":"https:\/\/librairie7l.com\/en\/produit\/decoration-les-plus-beaux-interieurs-du-siecle-3\/","og_site_name":"Librairie 7L","article_modified_time":"2026-04-15T08:06:16+00:00","og_image":[{"width":600,"height":682,"url":"https:\/\/librairie7l.com\/wp-content\/uploads\/2019\/05\/9780714879987_1_75.jpg","type":"image\/jpeg"}],"twitter_card":"summary_large_image","twitter_misc":{"Est. reading time":"1 minute"},"schema":{"@context":"https:\/\/schema.org","@graph":[{"@type":"WebPage","@id":"https:\/\/librairie7l.com\/en\/produit\/decoration-les-plus-beaux-interieurs-du-siecle-3\/","url":"https:\/\/librairie7l.com\/en\/produit\/decoration-les-plus-beaux-interieurs-du-siecle-3\/","name":"D\u00e9coration ; les plus beaux int\u00e9rieurs du si\u00e8cle - Librairie 7L","isPartOf":{"@id":"https:\/\/librairie7l.com\/en\/#website"},"datePublished":"2024-08-20T07:27:06+00:00","dateModified":"2026-04-15T08:06:16+00:00","breadcrumb":{"@id":"https:\/\/librairie7l.com\/en\/produit\/decoration-les-plus-beaux-interieurs-du-siecle-3\/#breadcrumb"},"inLanguage":"en-US","potentialAction":[{"@type":"ReadAction","target":["https:\/\/librairie7l.com\/en\/produit\/decoration-les-plus-beaux-interieurs-du-siecle-3\/"]}]},{"@type":"BreadcrumbList","@id":"https:\/\/librairie7l.com\/en\/produit\/decoration-les-plus-beaux-interieurs-du-siecle-3\/#breadcrumb","itemListElement":[{"@type":"ListItem","position":1,"name":"Accueil","item":"https:\/\/librairie7l.com\/en\/"},{"@type":"ListItem","position":2,"name":"Shop","item":"https:\/\/librairie7l.com\/en\/shop\/"},{"@type":"ListItem","position":3,"name":"D\u00c9CORATION ; LES PLUS BEAUX INT\u00c9RIEURS DU SI\u00c8CLE"}]},{"@type":"WebSite","@id":"https:\/\/librairie7l.com\/en\/#website","url":"https:\/\/librairie7l.com\/en\/","name":"Librairie 7L","description":"Librairie fond\u00e9e en 1999 par Karl Lagerfeld \u00e0 Paris","publisher":{"@id":"https:\/\/librairie7l.com\/en\/#organization"},"potentialAction":[{"@type":"SearchAction","target":{"@type":"EntryPoint","urlTemplate":"https:\/\/librairie7l.com\/en\/?s={search_term_string}"},"query-input":"required name=search_term_string"}],"inLanguage":"en-US"},{"@type":"Organization","@id":"https:\/\/librairie7l.com\/en\/#organization","name":"Librairie 7L","url":"https:\/\/librairie7l.com\/en\/","logo":{"@type":"ImageObject","inLanguage":"en-US","@id":"https:\/\/librairie7l.com\/en\/#\/schema\/logo\/image\/","url":"https:\/\/librairie7l.com\/wp-content\/uploads\/2022\/08\/logo-1.png","contentUrl":"https:\/\/librairie7l.com\/wp-content\/uploads\/2022\/08\/logo-1.png","width":227,"height":301,"caption":"Librairie 7L"},"image":{"@id":"https:\/\/librairie7l.com\/en\/#\/schema\/logo\/image\/"}}]}},"_links":{"self":[{"href":"https:\/\/librairie7l.com\/en\/wp-json\/wp\/v2\/product\/41963"}],"collection":[{"href":"https:\/\/librairie7l.com\/en\/wp-json\/wp\/v2\/product"}],"about":[{"href":"https:\/\/librairie7l.com\/en\/wp-json\/wp\/v2\/types\/product"}],"wp:featuredmedia":[{"embeddable":true,"href":"https:\/\/librairie7l.com\/en\/wp-json\/wp\/v2\/media\/41961"}],"wp:attachment":[{"href":"https:\/\/librairie7l.com\/en\/wp-json\/wp\/v2\/media?parent=41963"}],"wp:term":[{"taxonomy":"product_cat","embeddable":true,"href":"https:\/\/librairie7l.com\/en\/wp-json\/wp\/v2\/product_cat?post=41963"},{"taxonomy":"product_tag","embeddable":true,"href":"https:\/\/librairie7l.com\/en\/wp-json\/wp\/v2\/product_tag?post=41963"}],"curies":[{"name":"wp","href":"https:\/\/api.w.org\/{rel}","templated":true}]}}