{"id":41971,"date":"2024-08-20T09:27:11","date_gmt":"2024-08-20T07:27:11","guid":{"rendered":"https:\/\/librairie7l.com\/?post_type=product&#038;p=41971"},"modified":"2026-05-08T09:11:46","modified_gmt":"2026-05-08T07:11:46","slug":"the-infinite-woman-2","status":"publish","type":"product","link":"https:\/\/librairie7l.com\/en\/produit\/the-infinite-woman-2\/","title":{"rendered":"THE INFINITE WOMAN"},"content":{"rendered":"<p>EXPOSITION \u00c0 LA VILLA CARMIGNAC (PORQUEROLLES) \u00c0 PARTIR DU 27 AVRIL 2024 Fortes, lascives, tentatrices, femmes fatales, soignantes, d\u00e9moniaques ou mythiques, les femmes ont \u00e9t\u00e9 repr\u00e9sent\u00e9es de multiples fa\u00e7ons \u00e0 travers les si\u00e8cles pour r\u00e9pondre \u00e0 une vision patriarcale du monde. Dans l&#8217;exposition \u00ab?The Infinite Woman?\u00bb \u00e0 la Villa Carmignac, il s&#8217;agit de tisser le r\u00e9cit d&#8217;artistes qui, quel que soit leur genre, ont su d\u00e9fier non seulement les normes sociales, mais aussi les limites de l&#8217;art et ses cat\u00e9gories restrictives. Les artistes, dans les oeuvres repr\u00e9sent\u00e9es, s&#8217;engagent \u00e0 exp\u00e9rimenter et \u00e0 repousser les limites de la pratique artistique. Organis\u00e9e de mani\u00e8re th\u00e9matique, l&#8217;exposition et son catalogue s&#8217;inspirent de la repr\u00e9sentation, souvent monstrueuse, des femmes dans les mythes pour r\u00e9fl\u00e9chir \u00e0 la f\u00e9minit\u00e9 sous toutes ses formes. De la glorification des d\u00e9esses \u00e0 l&#8217;\u00e9tude du concept de femme fatale, elle aborde les notions troubles de la maternit\u00e9 et c\u00e9l\u00e8bre la puissance du d\u00e9sir f\u00e9minin. Cette exploration s&#8217;\u00e9tend des cr\u00e9atures s\u00e9duisantes des contes de f\u00e9es aux cyborgs, soulignant leur potentiel \u00e9mancipateur. Les corps, ob\u00e9issants ou non, viennent bouleverser les perceptions occidentales de beaut\u00e9 tout en r\u00e9fl\u00e9chissant \u00e0 la notion de corps comme vaisseau. La cl\u00f4ture de cette exposition est marqu\u00e9e par une section d\u00e9di\u00e9e aux sir\u00e8nes et aux anti-ic\u00f4nes, offrant un regard sur l&#8217;\u00e9volution du genre au xxie si\u00e8cle. Ainsi, ces oeuvres perturbent les conceptions traditionnelles de la f\u00e9minit\u00e9 pour engager une r\u00e9flexion approfondie sur le pouvoir f\u00e9minin et sur la fa\u00e7on dont la repr\u00e9sentation des femmes a model\u00e9 les perceptions culturelles mondiales. R\u00e9unissant des oeuvres cl\u00e9s de la collection Carmignac et un certain nombre de pr\u00eats importants, l&#8217;exposition rassemble des oeuvres d&#8217;artistes pionniers tels que Sandro Botticelli, Louise Bourgeois, Kiki Smith, Annette Messager, Mary Beth Edelson, Judy Chicago, Tracey Emin, Andy Warren, Andy Warhol, Roy Lichtenstein, Kiki Kogelnik, Lee Bul, Chris Ofili et Wangechi Mutu aux c\u00f4t\u00e9s d&#8217;artistes plus jeunes comme France Lise McGurn, Naudline Pierre, Chioma Ebinama, Loie Holliwell, Martine Gutierrez et Sin Wai Kin, entre autres.<\/p>\n","protected":false},"excerpt":{"rendered":"<p>EXPOSITION \u00c0 LA VILLA CARMIGNAC (PORQUEROLLES) \u00c0 PARTIR DU 27 AVRIL 2024 Fortes, lascives, tentatrices, femmes fatales, soignantes, d\u00e9moniaques ou mythiques, les femmes ont \u00e9t\u00e9 repr\u00e9sent\u00e9es de multiples fa\u00e7ons \u00e0 travers les si\u00e8cles pour r\u00e9pondre \u00e0 une vision patriarcale du monde. Dans l&#8217;exposition \u00ab?The Infinite Woman?\u00bb \u00e0 la Villa Carmignac, il s&#8217;agit de tisser le [&hellip;]<\/p>\n","protected":false},"featured_media":41969,"template":"","meta":[],"product_cat":[2948,2953],"product_tag":[],"acf":[],"yoast_head":"<!-- This site is optimized with the Yoast SEO plugin v20.11 - https:\/\/yoast.com\/wordpress\/plugins\/seo\/ -->\n<title>The infinite woman - Librairie 7L<\/title>\n<meta name=\"robots\" content=\"index, follow, max-snippet:-1, max-image-preview:large, max-video-preview:-1\" \/>\n<link rel=\"canonical\" href=\"https:\/\/librairie7l.com\/en\/produit\/the-infinite-woman-2\/\" \/>\n<meta property=\"og:locale\" content=\"en_US\" \/>\n<meta property=\"og:type\" content=\"article\" \/>\n<meta property=\"og:title\" content=\"The infinite woman - Librairie 7L\" \/>\n<meta property=\"og:description\" content=\"EXPOSITION \u00c0 LA VILLA CARMIGNAC (PORQUEROLLES) \u00c0 PARTIR DU 27 AVRIL 2024 Fortes, lascives, tentatrices, femmes fatales, soignantes, d\u00e9moniaques ou mythiques, les femmes ont \u00e9t\u00e9 repr\u00e9sent\u00e9es de multiples fa\u00e7ons \u00e0 travers les si\u00e8cles pour r\u00e9pondre \u00e0 une vision patriarcale du monde. Dans l&#8217;exposition \u00ab?The Infinite Woman?\u00bb \u00e0 la Villa Carmignac, il s&#8217;agit de tisser le [&hellip;]\" \/>\n<meta property=\"og:url\" content=\"https:\/\/librairie7l.com\/en\/produit\/the-infinite-woman-2\/\" \/>\n<meta property=\"og:site_name\" content=\"Librairie 7L\" \/>\n<meta property=\"article:modified_time\" content=\"2026-05-08T07:11:46+00:00\" \/>\n<meta property=\"og:image\" content=\"https:\/\/librairie7l.com\/wp-content\/uploads\/2024\/01\/9782373721959_1_75.jpg\" \/>\n\t<meta property=\"og:image:width\" content=\"600\" \/>\n\t<meta property=\"og:image:height\" content=\"775\" \/>\n\t<meta property=\"og:image:type\" content=\"image\/jpeg\" \/>\n<meta name=\"twitter:card\" content=\"summary_large_image\" \/>\n<meta name=\"twitter:label1\" content=\"Est. reading time\" \/>\n\t<meta name=\"twitter:data1\" content=\"2 minutes\" \/>\n<script type=\"application\/ld+json\" class=\"yoast-schema-graph\">{\"@context\":\"https:\/\/schema.org\",\"@graph\":[{\"@type\":\"WebPage\",\"@id\":\"https:\/\/librairie7l.com\/en\/produit\/the-infinite-woman-2\/\",\"url\":\"https:\/\/librairie7l.com\/en\/produit\/the-infinite-woman-2\/\",\"name\":\"The infinite woman - Librairie 7L\",\"isPartOf\":{\"@id\":\"https:\/\/librairie7l.com\/en\/#website\"},\"datePublished\":\"2024-08-20T07:27:11+00:00\",\"dateModified\":\"2026-05-08T07:11:46+00:00\",\"breadcrumb\":{\"@id\":\"https:\/\/librairie7l.com\/en\/produit\/the-infinite-woman-2\/#breadcrumb\"},\"inLanguage\":\"en-US\",\"potentialAction\":[{\"@type\":\"ReadAction\",\"target\":[\"https:\/\/librairie7l.com\/en\/produit\/the-infinite-woman-2\/\"]}]},{\"@type\":\"BreadcrumbList\",\"@id\":\"https:\/\/librairie7l.com\/en\/produit\/the-infinite-woman-2\/#breadcrumb\",\"itemListElement\":[{\"@type\":\"ListItem\",\"position\":1,\"name\":\"Accueil\",\"item\":\"https:\/\/librairie7l.com\/en\/\"},{\"@type\":\"ListItem\",\"position\":2,\"name\":\"Shop\",\"item\":\"https:\/\/librairie7l.com\/en\/shop\/\"},{\"@type\":\"ListItem\",\"position\":3,\"name\":\"THE INFINITE WOMAN\"}]},{\"@type\":\"WebSite\",\"@id\":\"https:\/\/librairie7l.com\/en\/#website\",\"url\":\"https:\/\/librairie7l.com\/en\/\",\"name\":\"Librairie 7L\",\"description\":\"Librairie fond\u00e9e en 1999 par Karl Lagerfeld \u00e0 Paris\",\"publisher\":{\"@id\":\"https:\/\/librairie7l.com\/en\/#organization\"},\"potentialAction\":[{\"@type\":\"SearchAction\",\"target\":{\"@type\":\"EntryPoint\",\"urlTemplate\":\"https:\/\/librairie7l.com\/en\/?s={search_term_string}\"},\"query-input\":\"required name=search_term_string\"}],\"inLanguage\":\"en-US\"},{\"@type\":\"Organization\",\"@id\":\"https:\/\/librairie7l.com\/en\/#organization\",\"name\":\"Librairie 7L\",\"url\":\"https:\/\/librairie7l.com\/en\/\",\"logo\":{\"@type\":\"ImageObject\",\"inLanguage\":\"en-US\",\"@id\":\"https:\/\/librairie7l.com\/en\/#\/schema\/logo\/image\/\",\"url\":\"https:\/\/librairie7l.com\/wp-content\/uploads\/2022\/08\/logo-1.png\",\"contentUrl\":\"https:\/\/librairie7l.com\/wp-content\/uploads\/2022\/08\/logo-1.png\",\"width\":227,\"height\":301,\"caption\":\"Librairie 7L\"},\"image\":{\"@id\":\"https:\/\/librairie7l.com\/en\/#\/schema\/logo\/image\/\"}}]}<\/script>\n<!-- \/ Yoast SEO plugin. -->","yoast_head_json":{"title":"The infinite woman - Librairie 7L","robots":{"index":"index","follow":"follow","max-snippet":"max-snippet:-1","max-image-preview":"max-image-preview:large","max-video-preview":"max-video-preview:-1"},"canonical":"https:\/\/librairie7l.com\/en\/produit\/the-infinite-woman-2\/","og_locale":"en_US","og_type":"article","og_title":"The infinite woman - Librairie 7L","og_description":"EXPOSITION \u00c0 LA VILLA CARMIGNAC (PORQUEROLLES) \u00c0 PARTIR DU 27 AVRIL 2024 Fortes, lascives, tentatrices, femmes fatales, soignantes, d\u00e9moniaques ou mythiques, les femmes ont \u00e9t\u00e9 repr\u00e9sent\u00e9es de multiples fa\u00e7ons \u00e0 travers les si\u00e8cles pour r\u00e9pondre \u00e0 une vision patriarcale du monde. Dans l&#8217;exposition \u00ab?The Infinite Woman?\u00bb \u00e0 la Villa Carmignac, il s&#8217;agit de tisser le [&hellip;]","og_url":"https:\/\/librairie7l.com\/en\/produit\/the-infinite-woman-2\/","og_site_name":"Librairie 7L","article_modified_time":"2026-05-08T07:11:46+00:00","og_image":[{"width":600,"height":775,"url":"https:\/\/librairie7l.com\/wp-content\/uploads\/2024\/01\/9782373721959_1_75.jpg","type":"image\/jpeg"}],"twitter_card":"summary_large_image","twitter_misc":{"Est. reading time":"2 minutes"},"schema":{"@context":"https:\/\/schema.org","@graph":[{"@type":"WebPage","@id":"https:\/\/librairie7l.com\/en\/produit\/the-infinite-woman-2\/","url":"https:\/\/librairie7l.com\/en\/produit\/the-infinite-woman-2\/","name":"The infinite woman - Librairie 7L","isPartOf":{"@id":"https:\/\/librairie7l.com\/en\/#website"},"datePublished":"2024-08-20T07:27:11+00:00","dateModified":"2026-05-08T07:11:46+00:00","breadcrumb":{"@id":"https:\/\/librairie7l.com\/en\/produit\/the-infinite-woman-2\/#breadcrumb"},"inLanguage":"en-US","potentialAction":[{"@type":"ReadAction","target":["https:\/\/librairie7l.com\/en\/produit\/the-infinite-woman-2\/"]}]},{"@type":"BreadcrumbList","@id":"https:\/\/librairie7l.com\/en\/produit\/the-infinite-woman-2\/#breadcrumb","itemListElement":[{"@type":"ListItem","position":1,"name":"Accueil","item":"https:\/\/librairie7l.com\/en\/"},{"@type":"ListItem","position":2,"name":"Shop","item":"https:\/\/librairie7l.com\/en\/shop\/"},{"@type":"ListItem","position":3,"name":"THE INFINITE WOMAN"}]},{"@type":"WebSite","@id":"https:\/\/librairie7l.com\/en\/#website","url":"https:\/\/librairie7l.com\/en\/","name":"Librairie 7L","description":"Librairie fond\u00e9e en 1999 par Karl Lagerfeld \u00e0 Paris","publisher":{"@id":"https:\/\/librairie7l.com\/en\/#organization"},"potentialAction":[{"@type":"SearchAction","target":{"@type":"EntryPoint","urlTemplate":"https:\/\/librairie7l.com\/en\/?s={search_term_string}"},"query-input":"required name=search_term_string"}],"inLanguage":"en-US"},{"@type":"Organization","@id":"https:\/\/librairie7l.com\/en\/#organization","name":"Librairie 7L","url":"https:\/\/librairie7l.com\/en\/","logo":{"@type":"ImageObject","inLanguage":"en-US","@id":"https:\/\/librairie7l.com\/en\/#\/schema\/logo\/image\/","url":"https:\/\/librairie7l.com\/wp-content\/uploads\/2022\/08\/logo-1.png","contentUrl":"https:\/\/librairie7l.com\/wp-content\/uploads\/2022\/08\/logo-1.png","width":227,"height":301,"caption":"Librairie 7L"},"image":{"@id":"https:\/\/librairie7l.com\/en\/#\/schema\/logo\/image\/"}}]}},"_links":{"self":[{"href":"https:\/\/librairie7l.com\/en\/wp-json\/wp\/v2\/product\/41971"}],"collection":[{"href":"https:\/\/librairie7l.com\/en\/wp-json\/wp\/v2\/product"}],"about":[{"href":"https:\/\/librairie7l.com\/en\/wp-json\/wp\/v2\/types\/product"}],"wp:featuredmedia":[{"embeddable":true,"href":"https:\/\/librairie7l.com\/en\/wp-json\/wp\/v2\/media\/41969"}],"wp:attachment":[{"href":"https:\/\/librairie7l.com\/en\/wp-json\/wp\/v2\/media?parent=41971"}],"wp:term":[{"taxonomy":"product_cat","embeddable":true,"href":"https:\/\/librairie7l.com\/en\/wp-json\/wp\/v2\/product_cat?post=41971"},{"taxonomy":"product_tag","embeddable":true,"href":"https:\/\/librairie7l.com\/en\/wp-json\/wp\/v2\/product_tag?post=41971"}],"curies":[{"name":"wp","href":"https:\/\/api.w.org\/{rel}","templated":true}]}}