{"id":41975,"date":"2024-08-20T09:27:14","date_gmt":"2024-08-20T07:27:14","guid":{"rendered":"https:\/\/librairie7l.com\/?post_type=product&#038;p=41975"},"modified":"2026-04-13T13:38:36","modified_gmt":"2026-04-13T11:38:36","slug":"la-passion-du-dessin-la-collection-privee-de-florence-et-daniel-guerlain-2","status":"publish","type":"product","link":"https:\/\/librairie7l.com\/en\/produit\/la-passion-du-dessin-la-collection-privee-de-florence-et-daniel-guerlain-2\/","title":{"rendered":"LA PASSION DU DESSIN : LA COLLECTION PRIV\u00c9E DE FLORENCE ET DANIEL GUERLAIN"},"content":{"rendered":"<p>Au fil du temps, Florence et Daniel Guerlain ont constitu\u00e9 une collection de dessins exceptionnelle, fruit de leur passion et de leur curiosit\u00e9 inalt\u00e9rables. En 2006, dans le but de promouvoir la place des arts graphiques dans l&#8217;art, ils d\u00e9cident de cr\u00e9er un prix de dessin dans le cadre de leur fondation d&#8217;art contemporain. Leur constante g\u00e9n\u00e9rosit\u00e9 les conduit \u00e0 consentir en 2012 une importante donation au Centre Pompidou, constituant alors un enrichissement sans pr\u00e9c\u00e9dent pour la collection d&#8217;oeuvres sur papier du mus\u00e9e national d&#8217;Art moderne.<br \/>\nLe plaisir de collectionner \u00e0 deux &#8211; comme leur insatiable envie de poursuivre leurs d\u00e9couvertes dans l&#8217;univers du dessin &#8211; auquel s&#8217;ajoute leur irr\u00e9pressible besoin de vivre entour\u00e9s d&#8217;oeuvres d&#8217;art, les am\u00e8nent \u00e0 continuer leurs acquisitions pour leur environnement quotidien.<br \/>\nCet ouvrage et l&#8217;exposition qui l&#8217;accompagne r\u00e9v\u00e8lent un nouveau versant, probablement plus intime, de la passion pour le trait qu&#8217;ils conjuguent ensemble, \u00e0 l&#8217;unisson de l&#8217;\u00e9clectisme de leurs go\u00fbts et d&#8217;un parti pris universaliste.<\/p>\n","protected":false},"excerpt":{"rendered":"<p>Au fil du temps, Florence et Daniel Guerlain ont constitu\u00e9 une collection de dessins exceptionnelle, fruit de leur passion et de leur curiosit\u00e9 inalt\u00e9rables. En 2006, dans le but de promouvoir la place des arts graphiques dans l&#8217;art, ils d\u00e9cident de cr\u00e9er un prix de dessin dans le cadre de leur fondation d&#8217;art contemporain. Leur [&hellip;]<\/p>\n","protected":false},"featured_media":41973,"template":"","meta":[],"product_cat":[2948,2953],"product_tag":[],"acf":[],"yoast_head":"<!-- This site is optimized with the Yoast SEO plugin v20.11 - https:\/\/yoast.com\/wordpress\/plugins\/seo\/ -->\n<title>La passion du dessin : La collection priv\u00e9e de Florence et Daniel Guerlain - Librairie 7L<\/title>\n<meta name=\"robots\" content=\"index, follow, max-snippet:-1, max-image-preview:large, max-video-preview:-1\" \/>\n<link rel=\"canonical\" href=\"https:\/\/librairie7l.com\/en\/produit\/la-passion-du-dessin-la-collection-privee-de-florence-et-daniel-guerlain-2\/\" \/>\n<meta property=\"og:locale\" content=\"en_US\" \/>\n<meta property=\"og:type\" content=\"article\" \/>\n<meta property=\"og:title\" content=\"La passion du dessin : La collection priv\u00e9e de Florence et Daniel Guerlain - Librairie 7L\" \/>\n<meta property=\"og:description\" content=\"Au fil du temps, Florence et Daniel Guerlain ont constitu\u00e9 une collection de dessins exceptionnelle, fruit de leur passion et de leur curiosit\u00e9 inalt\u00e9rables. En 2006, dans le but de promouvoir la place des arts graphiques dans l&#8217;art, ils d\u00e9cident de cr\u00e9er un prix de dessin dans le cadre de leur fondation d&#8217;art contemporain. Leur [&hellip;]\" \/>\n<meta property=\"og:url\" content=\"https:\/\/librairie7l.com\/en\/produit\/la-passion-du-dessin-la-collection-privee-de-florence-et-daniel-guerlain-2\/\" \/>\n<meta property=\"og:site_name\" content=\"Librairie 7L\" \/>\n<meta property=\"article:modified_time\" content=\"2026-04-13T11:38:36+00:00\" \/>\n<meta property=\"og:image\" content=\"https:\/\/librairie7l.com\/wp-content\/uploads\/2024\/01\/9782359064391_1_75.jpg\" \/>\n\t<meta property=\"og:image:width\" content=\"600\" \/>\n\t<meta property=\"og:image:height\" content=\"699\" \/>\n\t<meta property=\"og:image:type\" content=\"image\/jpeg\" \/>\n<meta name=\"twitter:card\" content=\"summary_large_image\" \/>\n<meta name=\"twitter:label1\" content=\"Est. reading time\" \/>\n\t<meta name=\"twitter:data1\" content=\"1 minute\" \/>\n<script type=\"application\/ld+json\" class=\"yoast-schema-graph\">{\"@context\":\"https:\/\/schema.org\",\"@graph\":[{\"@type\":\"WebPage\",\"@id\":\"https:\/\/librairie7l.com\/en\/produit\/la-passion-du-dessin-la-collection-privee-de-florence-et-daniel-guerlain-2\/\",\"url\":\"https:\/\/librairie7l.com\/en\/produit\/la-passion-du-dessin-la-collection-privee-de-florence-et-daniel-guerlain-2\/\",\"name\":\"La passion du dessin : La collection priv\u00e9e de Florence et Daniel Guerlain - Librairie 7L\",\"isPartOf\":{\"@id\":\"https:\/\/librairie7l.com\/en\/#website\"},\"datePublished\":\"2024-08-20T07:27:14+00:00\",\"dateModified\":\"2026-04-13T11:38:36+00:00\",\"breadcrumb\":{\"@id\":\"https:\/\/librairie7l.com\/en\/produit\/la-passion-du-dessin-la-collection-privee-de-florence-et-daniel-guerlain-2\/#breadcrumb\"},\"inLanguage\":\"en-US\",\"potentialAction\":[{\"@type\":\"ReadAction\",\"target\":[\"https:\/\/librairie7l.com\/en\/produit\/la-passion-du-dessin-la-collection-privee-de-florence-et-daniel-guerlain-2\/\"]}]},{\"@type\":\"BreadcrumbList\",\"@id\":\"https:\/\/librairie7l.com\/en\/produit\/la-passion-du-dessin-la-collection-privee-de-florence-et-daniel-guerlain-2\/#breadcrumb\",\"itemListElement\":[{\"@type\":\"ListItem\",\"position\":1,\"name\":\"Accueil\",\"item\":\"https:\/\/librairie7l.com\/en\/\"},{\"@type\":\"ListItem\",\"position\":2,\"name\":\"Shop\",\"item\":\"https:\/\/librairie7l.com\/en\/shop\/\"},{\"@type\":\"ListItem\",\"position\":3,\"name\":\"LA PASSION DU DESSIN : LA COLLECTION PRIV\u00c9E DE FLORENCE ET DANIEL GUERLAIN\"}]},{\"@type\":\"WebSite\",\"@id\":\"https:\/\/librairie7l.com\/en\/#website\",\"url\":\"https:\/\/librairie7l.com\/en\/\",\"name\":\"Librairie 7L\",\"description\":\"Librairie fond\u00e9e en 1999 par Karl Lagerfeld \u00e0 Paris\",\"publisher\":{\"@id\":\"https:\/\/librairie7l.com\/en\/#organization\"},\"potentialAction\":[{\"@type\":\"SearchAction\",\"target\":{\"@type\":\"EntryPoint\",\"urlTemplate\":\"https:\/\/librairie7l.com\/en\/?s={search_term_string}\"},\"query-input\":\"required name=search_term_string\"}],\"inLanguage\":\"en-US\"},{\"@type\":\"Organization\",\"@id\":\"https:\/\/librairie7l.com\/en\/#organization\",\"name\":\"Librairie 7L\",\"url\":\"https:\/\/librairie7l.com\/en\/\",\"logo\":{\"@type\":\"ImageObject\",\"inLanguage\":\"en-US\",\"@id\":\"https:\/\/librairie7l.com\/en\/#\/schema\/logo\/image\/\",\"url\":\"https:\/\/librairie7l.com\/wp-content\/uploads\/2022\/08\/logo-1.png\",\"contentUrl\":\"https:\/\/librairie7l.com\/wp-content\/uploads\/2022\/08\/logo-1.png\",\"width\":227,\"height\":301,\"caption\":\"Librairie 7L\"},\"image\":{\"@id\":\"https:\/\/librairie7l.com\/en\/#\/schema\/logo\/image\/\"}}]}<\/script>\n<!-- \/ Yoast SEO plugin. -->","yoast_head_json":{"title":"La passion du dessin : La collection priv\u00e9e de Florence et Daniel Guerlain - Librairie 7L","robots":{"index":"index","follow":"follow","max-snippet":"max-snippet:-1","max-image-preview":"max-image-preview:large","max-video-preview":"max-video-preview:-1"},"canonical":"https:\/\/librairie7l.com\/en\/produit\/la-passion-du-dessin-la-collection-privee-de-florence-et-daniel-guerlain-2\/","og_locale":"en_US","og_type":"article","og_title":"La passion du dessin : La collection priv\u00e9e de Florence et Daniel Guerlain - Librairie 7L","og_description":"Au fil du temps, Florence et Daniel Guerlain ont constitu\u00e9 une collection de dessins exceptionnelle, fruit de leur passion et de leur curiosit\u00e9 inalt\u00e9rables. En 2006, dans le but de promouvoir la place des arts graphiques dans l&#8217;art, ils d\u00e9cident de cr\u00e9er un prix de dessin dans le cadre de leur fondation d&#8217;art contemporain. Leur [&hellip;]","og_url":"https:\/\/librairie7l.com\/en\/produit\/la-passion-du-dessin-la-collection-privee-de-florence-et-daniel-guerlain-2\/","og_site_name":"Librairie 7L","article_modified_time":"2026-04-13T11:38:36+00:00","og_image":[{"width":600,"height":699,"url":"https:\/\/librairie7l.com\/wp-content\/uploads\/2024\/01\/9782359064391_1_75.jpg","type":"image\/jpeg"}],"twitter_card":"summary_large_image","twitter_misc":{"Est. reading time":"1 minute"},"schema":{"@context":"https:\/\/schema.org","@graph":[{"@type":"WebPage","@id":"https:\/\/librairie7l.com\/en\/produit\/la-passion-du-dessin-la-collection-privee-de-florence-et-daniel-guerlain-2\/","url":"https:\/\/librairie7l.com\/en\/produit\/la-passion-du-dessin-la-collection-privee-de-florence-et-daniel-guerlain-2\/","name":"La passion du dessin : La collection priv\u00e9e de Florence et Daniel Guerlain - Librairie 7L","isPartOf":{"@id":"https:\/\/librairie7l.com\/en\/#website"},"datePublished":"2024-08-20T07:27:14+00:00","dateModified":"2026-04-13T11:38:36+00:00","breadcrumb":{"@id":"https:\/\/librairie7l.com\/en\/produit\/la-passion-du-dessin-la-collection-privee-de-florence-et-daniel-guerlain-2\/#breadcrumb"},"inLanguage":"en-US","potentialAction":[{"@type":"ReadAction","target":["https:\/\/librairie7l.com\/en\/produit\/la-passion-du-dessin-la-collection-privee-de-florence-et-daniel-guerlain-2\/"]}]},{"@type":"BreadcrumbList","@id":"https:\/\/librairie7l.com\/en\/produit\/la-passion-du-dessin-la-collection-privee-de-florence-et-daniel-guerlain-2\/#breadcrumb","itemListElement":[{"@type":"ListItem","position":1,"name":"Accueil","item":"https:\/\/librairie7l.com\/en\/"},{"@type":"ListItem","position":2,"name":"Shop","item":"https:\/\/librairie7l.com\/en\/shop\/"},{"@type":"ListItem","position":3,"name":"LA PASSION DU DESSIN : LA COLLECTION PRIV\u00c9E DE FLORENCE ET DANIEL GUERLAIN"}]},{"@type":"WebSite","@id":"https:\/\/librairie7l.com\/en\/#website","url":"https:\/\/librairie7l.com\/en\/","name":"Librairie 7L","description":"Librairie fond\u00e9e en 1999 par Karl Lagerfeld \u00e0 Paris","publisher":{"@id":"https:\/\/librairie7l.com\/en\/#organization"},"potentialAction":[{"@type":"SearchAction","target":{"@type":"EntryPoint","urlTemplate":"https:\/\/librairie7l.com\/en\/?s={search_term_string}"},"query-input":"required name=search_term_string"}],"inLanguage":"en-US"},{"@type":"Organization","@id":"https:\/\/librairie7l.com\/en\/#organization","name":"Librairie 7L","url":"https:\/\/librairie7l.com\/en\/","logo":{"@type":"ImageObject","inLanguage":"en-US","@id":"https:\/\/librairie7l.com\/en\/#\/schema\/logo\/image\/","url":"https:\/\/librairie7l.com\/wp-content\/uploads\/2022\/08\/logo-1.png","contentUrl":"https:\/\/librairie7l.com\/wp-content\/uploads\/2022\/08\/logo-1.png","width":227,"height":301,"caption":"Librairie 7L"},"image":{"@id":"https:\/\/librairie7l.com\/en\/#\/schema\/logo\/image\/"}}]}},"_links":{"self":[{"href":"https:\/\/librairie7l.com\/en\/wp-json\/wp\/v2\/product\/41975"}],"collection":[{"href":"https:\/\/librairie7l.com\/en\/wp-json\/wp\/v2\/product"}],"about":[{"href":"https:\/\/librairie7l.com\/en\/wp-json\/wp\/v2\/types\/product"}],"wp:featuredmedia":[{"embeddable":true,"href":"https:\/\/librairie7l.com\/en\/wp-json\/wp\/v2\/media\/41973"}],"wp:attachment":[{"href":"https:\/\/librairie7l.com\/en\/wp-json\/wp\/v2\/media?parent=41975"}],"wp:term":[{"taxonomy":"product_cat","embeddable":true,"href":"https:\/\/librairie7l.com\/en\/wp-json\/wp\/v2\/product_cat?post=41975"},{"taxonomy":"product_tag","embeddable":true,"href":"https:\/\/librairie7l.com\/en\/wp-json\/wp\/v2\/product_tag?post=41975"}],"curies":[{"name":"wp","href":"https:\/\/api.w.org\/{rel}","templated":true}]}}