{"id":41983,"date":"2024-08-20T09:27:19","date_gmt":"2024-08-20T07:27:19","guid":{"rendered":"https:\/\/librairie7l.com\/?post_type=product&#038;p=41983"},"modified":"2026-04-09T03:19:50","modified_gmt":"2026-04-09T01:19:50","slug":"dreams-of-a-dreamless-night-2","status":"publish","type":"product","link":"https:\/\/librairie7l.com\/en\/produit\/dreams-of-a-dreamless-night-2\/","title":{"rendered":"DREAMS OF A DREAMLESS NIGHT"},"content":{"rendered":"<p>Publi\u00e9e \u00e0 l&#8217;occasion de la premi\u00e8re exposition institutionnelle en France de l&#8217;artiste libanais bas\u00e9 \u00e0 Paris Ali Cherri, cette monographie offre une vue d&#8217;ensemble de sa production r\u00e9cente et r\u00e9v\u00e8le de nouvelles pistes d&#8217;interpr\u00e9tation sur les th\u00e8mes et les pr\u00e9occupations formelles qui traversent ses films, vid\u00e9os, sculptures, dessins et installations.<br \/>\nCon\u00e7u \u00e0 l&#8217;occasion de Dreamless Night, une vaste exposition personnelle pr\u00e9sent\u00e9e d&#8217;abord au GAMeC \u00e0 Bergame, puis au Frac Bretagne \u00e0 Rennes, l&#8217;ouvrage rassemble un certain nombre d&#8217;essais qui analysent les projets d&#8217;exposition les plus r\u00e9centes de Cherri. Commen\u00e7ant par une documentation compl\u00e8te sur Dreamless Night (une nouvelle oeuvre vid\u00e9o intitul\u00e9e The Watchman ainsi qu&#8217;une s\u00e9rie de sculptures et de dessins originaux, sp\u00e9cialement produits pour l&#8217;exposition, qui se rapportent aux \u00e9l\u00e9ments symboliques et aux personnages du film, ainsi qu&#8217;au paysage g\u00e9ographique et culturel de Chypre, avec lesquels Ali Cherri poursuit son investigation critique sur la politique des fronti\u00e8res, des g\u00e9ographies de la violence, la construction de la nation et le potentiel radical de l&#8217;imagination), le livre couvre \u00e9galement Humble and quiet and soothing as mud, l&#8217;exposition de 2023 au Swiss Institute \u00e0 New York, sa participation \u00e0 la Biennale Arte 2022 \u00e0 Venise, et If you prick us, do we not bleed, l&#8217;exposition organis\u00e9e \u00e0 la National Gallery \u00e0 Londres \u00e0 la suite de sa r\u00e9sidence au mus\u00e9e en 2021. Chaque exposition est \u00e9galement largement illustr\u00e9e par un essai visuel con\u00e7u par l&#8217;artiste, englobant non seulement les vues de l&#8217;installation, mais aussi des images retra\u00e7ant les \u00e9tapes de d\u00e9veloppement et de production.<br \/>\nPubli\u00e9 \u00e0 l&#8217;occasion de la double exposition \u00e9ponyme au GAMeC, Bergame, en 2023-2024 et au Frac Bretagne (Le songe d&#8217;une nuit sans r\u00eave), Rennes, en 2024.<\/p>\n","protected":false},"excerpt":{"rendered":"<p>Publi\u00e9e \u00e0 l&#8217;occasion de la premi\u00e8re exposition institutionnelle en France de l&#8217;artiste libanais bas\u00e9 \u00e0 Paris Ali Cherri, cette monographie offre une vue d&#8217;ensemble de sa production r\u00e9cente et r\u00e9v\u00e8le de nouvelles pistes d&#8217;interpr\u00e9tation sur les th\u00e8mes et les pr\u00e9occupations formelles qui traversent ses films, vid\u00e9os, sculptures, dessins et installations. Con\u00e7u \u00e0 l&#8217;occasion de Dreamless [&hellip;]<\/p>\n","protected":false},"featured_media":41981,"template":"","meta":[],"product_cat":[2948,2953],"product_tag":[],"acf":[],"yoast_head":"<!-- This site is optimized with the Yoast SEO plugin v20.11 - https:\/\/yoast.com\/wordpress\/plugins\/seo\/ -->\n<title>Dreams of a Dreamless Night - Librairie 7L<\/title>\n<meta name=\"robots\" content=\"index, follow, max-snippet:-1, max-image-preview:large, max-video-preview:-1\" \/>\n<link rel=\"canonical\" href=\"https:\/\/librairie7l.com\/en\/produit\/dreams-of-a-dreamless-night-2\/\" \/>\n<meta property=\"og:locale\" content=\"en_US\" \/>\n<meta property=\"og:type\" content=\"article\" \/>\n<meta property=\"og:title\" content=\"Dreams of a Dreamless Night - Librairie 7L\" \/>\n<meta property=\"og:description\" content=\"Publi\u00e9e \u00e0 l&#8217;occasion de la premi\u00e8re exposition institutionnelle en France de l&#8217;artiste libanais bas\u00e9 \u00e0 Paris Ali Cherri, cette monographie offre une vue d&#8217;ensemble de sa production r\u00e9cente et r\u00e9v\u00e8le de nouvelles pistes d&#8217;interpr\u00e9tation sur les th\u00e8mes et les pr\u00e9occupations formelles qui traversent ses films, vid\u00e9os, sculptures, dessins et installations. Con\u00e7u \u00e0 l&#8217;occasion de Dreamless [&hellip;]\" \/>\n<meta property=\"og:url\" content=\"https:\/\/librairie7l.com\/en\/produit\/dreams-of-a-dreamless-night-2\/\" \/>\n<meta property=\"og:site_name\" content=\"Librairie 7L\" \/>\n<meta property=\"article:modified_time\" content=\"2026-04-09T01:19:50+00:00\" \/>\n<meta property=\"og:image\" content=\"https:\/\/librairie7l.com\/wp-content\/uploads\/2024\/03\/9791280579461_1_75.jpg\" \/>\n\t<meta property=\"og:image:width\" content=\"600\" \/>\n\t<meta property=\"og:image:height\" content=\"794\" \/>\n\t<meta property=\"og:image:type\" content=\"image\/jpeg\" \/>\n<meta name=\"twitter:card\" content=\"summary_large_image\" \/>\n<meta name=\"twitter:label1\" content=\"Est. reading time\" \/>\n\t<meta name=\"twitter:data1\" content=\"1 minute\" \/>\n<script type=\"application\/ld+json\" class=\"yoast-schema-graph\">{\"@context\":\"https:\/\/schema.org\",\"@graph\":[{\"@type\":\"WebPage\",\"@id\":\"https:\/\/librairie7l.com\/en\/produit\/dreams-of-a-dreamless-night-2\/\",\"url\":\"https:\/\/librairie7l.com\/en\/produit\/dreams-of-a-dreamless-night-2\/\",\"name\":\"Dreams of a Dreamless Night - Librairie 7L\",\"isPartOf\":{\"@id\":\"https:\/\/librairie7l.com\/en\/#website\"},\"datePublished\":\"2024-08-20T07:27:19+00:00\",\"dateModified\":\"2026-04-09T01:19:50+00:00\",\"breadcrumb\":{\"@id\":\"https:\/\/librairie7l.com\/en\/produit\/dreams-of-a-dreamless-night-2\/#breadcrumb\"},\"inLanguage\":\"en-US\",\"potentialAction\":[{\"@type\":\"ReadAction\",\"target\":[\"https:\/\/librairie7l.com\/en\/produit\/dreams-of-a-dreamless-night-2\/\"]}]},{\"@type\":\"BreadcrumbList\",\"@id\":\"https:\/\/librairie7l.com\/en\/produit\/dreams-of-a-dreamless-night-2\/#breadcrumb\",\"itemListElement\":[{\"@type\":\"ListItem\",\"position\":1,\"name\":\"Accueil\",\"item\":\"https:\/\/librairie7l.com\/en\/\"},{\"@type\":\"ListItem\",\"position\":2,\"name\":\"Shop\",\"item\":\"https:\/\/librairie7l.com\/en\/shop\/\"},{\"@type\":\"ListItem\",\"position\":3,\"name\":\"DREAMS OF A DREAMLESS NIGHT\"}]},{\"@type\":\"WebSite\",\"@id\":\"https:\/\/librairie7l.com\/en\/#website\",\"url\":\"https:\/\/librairie7l.com\/en\/\",\"name\":\"Librairie 7L\",\"description\":\"Librairie fond\u00e9e en 1999 par Karl Lagerfeld \u00e0 Paris\",\"publisher\":{\"@id\":\"https:\/\/librairie7l.com\/en\/#organization\"},\"potentialAction\":[{\"@type\":\"SearchAction\",\"target\":{\"@type\":\"EntryPoint\",\"urlTemplate\":\"https:\/\/librairie7l.com\/en\/?s={search_term_string}\"},\"query-input\":\"required name=search_term_string\"}],\"inLanguage\":\"en-US\"},{\"@type\":\"Organization\",\"@id\":\"https:\/\/librairie7l.com\/en\/#organization\",\"name\":\"Librairie 7L\",\"url\":\"https:\/\/librairie7l.com\/en\/\",\"logo\":{\"@type\":\"ImageObject\",\"inLanguage\":\"en-US\",\"@id\":\"https:\/\/librairie7l.com\/en\/#\/schema\/logo\/image\/\",\"url\":\"https:\/\/librairie7l.com\/wp-content\/uploads\/2022\/08\/logo-1.png\",\"contentUrl\":\"https:\/\/librairie7l.com\/wp-content\/uploads\/2022\/08\/logo-1.png\",\"width\":227,\"height\":301,\"caption\":\"Librairie 7L\"},\"image\":{\"@id\":\"https:\/\/librairie7l.com\/en\/#\/schema\/logo\/image\/\"}}]}<\/script>\n<!-- \/ Yoast SEO plugin. -->","yoast_head_json":{"title":"Dreams of a Dreamless Night - Librairie 7L","robots":{"index":"index","follow":"follow","max-snippet":"max-snippet:-1","max-image-preview":"max-image-preview:large","max-video-preview":"max-video-preview:-1"},"canonical":"https:\/\/librairie7l.com\/en\/produit\/dreams-of-a-dreamless-night-2\/","og_locale":"en_US","og_type":"article","og_title":"Dreams of a Dreamless Night - Librairie 7L","og_description":"Publi\u00e9e \u00e0 l&#8217;occasion de la premi\u00e8re exposition institutionnelle en France de l&#8217;artiste libanais bas\u00e9 \u00e0 Paris Ali Cherri, cette monographie offre une vue d&#8217;ensemble de sa production r\u00e9cente et r\u00e9v\u00e8le de nouvelles pistes d&#8217;interpr\u00e9tation sur les th\u00e8mes et les pr\u00e9occupations formelles qui traversent ses films, vid\u00e9os, sculptures, dessins et installations. Con\u00e7u \u00e0 l&#8217;occasion de Dreamless [&hellip;]","og_url":"https:\/\/librairie7l.com\/en\/produit\/dreams-of-a-dreamless-night-2\/","og_site_name":"Librairie 7L","article_modified_time":"2026-04-09T01:19:50+00:00","og_image":[{"width":600,"height":794,"url":"https:\/\/librairie7l.com\/wp-content\/uploads\/2024\/03\/9791280579461_1_75.jpg","type":"image\/jpeg"}],"twitter_card":"summary_large_image","twitter_misc":{"Est. reading time":"1 minute"},"schema":{"@context":"https:\/\/schema.org","@graph":[{"@type":"WebPage","@id":"https:\/\/librairie7l.com\/en\/produit\/dreams-of-a-dreamless-night-2\/","url":"https:\/\/librairie7l.com\/en\/produit\/dreams-of-a-dreamless-night-2\/","name":"Dreams of a Dreamless Night - Librairie 7L","isPartOf":{"@id":"https:\/\/librairie7l.com\/en\/#website"},"datePublished":"2024-08-20T07:27:19+00:00","dateModified":"2026-04-09T01:19:50+00:00","breadcrumb":{"@id":"https:\/\/librairie7l.com\/en\/produit\/dreams-of-a-dreamless-night-2\/#breadcrumb"},"inLanguage":"en-US","potentialAction":[{"@type":"ReadAction","target":["https:\/\/librairie7l.com\/en\/produit\/dreams-of-a-dreamless-night-2\/"]}]},{"@type":"BreadcrumbList","@id":"https:\/\/librairie7l.com\/en\/produit\/dreams-of-a-dreamless-night-2\/#breadcrumb","itemListElement":[{"@type":"ListItem","position":1,"name":"Accueil","item":"https:\/\/librairie7l.com\/en\/"},{"@type":"ListItem","position":2,"name":"Shop","item":"https:\/\/librairie7l.com\/en\/shop\/"},{"@type":"ListItem","position":3,"name":"DREAMS OF A DREAMLESS NIGHT"}]},{"@type":"WebSite","@id":"https:\/\/librairie7l.com\/en\/#website","url":"https:\/\/librairie7l.com\/en\/","name":"Librairie 7L","description":"Librairie fond\u00e9e en 1999 par Karl Lagerfeld \u00e0 Paris","publisher":{"@id":"https:\/\/librairie7l.com\/en\/#organization"},"potentialAction":[{"@type":"SearchAction","target":{"@type":"EntryPoint","urlTemplate":"https:\/\/librairie7l.com\/en\/?s={search_term_string}"},"query-input":"required name=search_term_string"}],"inLanguage":"en-US"},{"@type":"Organization","@id":"https:\/\/librairie7l.com\/en\/#organization","name":"Librairie 7L","url":"https:\/\/librairie7l.com\/en\/","logo":{"@type":"ImageObject","inLanguage":"en-US","@id":"https:\/\/librairie7l.com\/en\/#\/schema\/logo\/image\/","url":"https:\/\/librairie7l.com\/wp-content\/uploads\/2022\/08\/logo-1.png","contentUrl":"https:\/\/librairie7l.com\/wp-content\/uploads\/2022\/08\/logo-1.png","width":227,"height":301,"caption":"Librairie 7L"},"image":{"@id":"https:\/\/librairie7l.com\/en\/#\/schema\/logo\/image\/"}}]}},"_links":{"self":[{"href":"https:\/\/librairie7l.com\/en\/wp-json\/wp\/v2\/product\/41983"}],"collection":[{"href":"https:\/\/librairie7l.com\/en\/wp-json\/wp\/v2\/product"}],"about":[{"href":"https:\/\/librairie7l.com\/en\/wp-json\/wp\/v2\/types\/product"}],"wp:featuredmedia":[{"embeddable":true,"href":"https:\/\/librairie7l.com\/en\/wp-json\/wp\/v2\/media\/41981"}],"wp:attachment":[{"href":"https:\/\/librairie7l.com\/en\/wp-json\/wp\/v2\/media?parent=41983"}],"wp:term":[{"taxonomy":"product_cat","embeddable":true,"href":"https:\/\/librairie7l.com\/en\/wp-json\/wp\/v2\/product_cat?post=41983"},{"taxonomy":"product_tag","embeddable":true,"href":"https:\/\/librairie7l.com\/en\/wp-json\/wp\/v2\/product_tag?post=41983"}],"curies":[{"name":"wp","href":"https:\/\/api.w.org\/{rel}","templated":true}]}}