{"id":42113,"date":"2024-09-04T10:28:57","date_gmt":"2024-09-04T08:28:57","guid":{"rendered":"https:\/\/librairie7l.com\/?post_type=product&#038;p=42113"},"modified":"2026-04-06T22:05:42","modified_gmt":"2026-04-06T20:05:42","slug":"la-chambre-des-ecureuils-edition-limitee","status":"publish","type":"product","link":"https:\/\/librairie7l.com\/en\/produit\/la-chambre-des-ecureuils-edition-limitee\/","title":{"rendered":"LA CHAMBRE DES \u00c9CUREUILS \u00c9DITION LIMIT\u00c9E"},"content":{"rendered":"<p><em><strong>Limited edition of 100 in its box, with a signed and numbered engraving by Ronan Bouroullec.<\/strong><\/em><\/p>\n<p>Figure embl\u00e9matique des arts et des lettres du d\u00e9but du XXe si\u00e8cle, m\u00e9c\u00e8ne importante et flamboyante, Marie Laure de Noailles est une autrice \u00e0 red\u00e9couvrir.<\/p>\n<p>La Chambre des \u00e9cureuils, l&#8217;un de ses plus beaux romans, para\u00eet aujourd&#8217;hui pr\u00e9c\u00e9d\u00e9 d&#8217;un texte introductif de Dominique Bona, de l&#8217;Acad\u00e9mie fran\u00e7aise : Secr\u00e8te Marie Laure.<br \/>\nN\u00e9e en 1902 \u00e0 Paris, issue de la haute noblesse fran\u00e7aise (en droite ligne du marquis de Sade) et d&#8217;une famille de banquiers juifs allemands dont elle est l&#8217;unique h\u00e9riti\u00e8re, Marie Laure Bischoffsheim formait, avec le vicomte Charles de Noailles qu&#8217;elle \u00e9pouse en 1923, l&#8217;un des couples de m\u00e9c\u00e8nes les plus flamboyants du XXe si\u00e8cle. Ils soutinrent l&#8217;avant-garde litt\u00e9raire et artistique du d\u00e9but des ann\u00e9es 1920 \u00e0 1970, finan\u00e7ant plusieurs projets cin\u00e9matographiques (dont Les Myst\u00e8res du ch\u00e2teau de D\u00e9 de Man Ray, Le Sang d&#8217;un po\u00e8te de Jean Cocteau et L&#8217;\u00c2ge d&#8217;or de Luis Bunuel ), achetant les manuscrits de Ren\u00e9 Char, Robert Desnos ou Georges Bataille et rassemblant une tr\u00e8s importante collection d&#8217;oeuvres d&#8217;art tant anciennes que modernes. De leur h\u00f4tel particulier du 16e arrondissement de Paris au Clos Saint-Bernard, dit villa Noailles (r\u00e9investie aujourd&#8217;hui en centre d&#8217;art d&#8217;int\u00e9r\u00eat national), ils ne cess\u00e8rent ainsi d&#8217;\u00e9largir la d\u00e9finition du m\u00e9c\u00e9nat en en explorant toutes ses formes.<\/p>\n<p>Parall\u00e8lement \u00e0 son r\u00f4le de bienfaitrice, Marie Laure de Noailles fut l&#8217;autrice d&#8217;une oeuvre \u00e9tonnante, aujourd&#8217;hui oubli\u00e9e, m\u00ealant po\u00e9sie, fiction et essais litt\u00e9raires.<br \/>\nLa Chambre des \u00e9cureuils, peut-\u00eatre son roman le plus abouti, \u00e9crit en 1946, a \u00e9t\u00e9 publi\u00e9 en 1955. Dans ce texte, que l&#8217;on a pu comparer \u00e0 Bonjour tristesse, elle romance en rebelle une adolescence confite dans un univers n\u00e9oclassique italien. D&#8217;une \u00e9l\u00e9gance toute po\u00e9tique, La Chambre des \u00e9cureuils excelle \u00e0 cr\u00e9er une atmosph\u00e8re emplie de soleil, de m\u00e9lancolie et de solitude.<\/p>\n<p>Les \u00e9ditions Seghers et les \u00e9ditions 7L (cr\u00e9\u00e9es par Karl Lagerfeld en 2001), \u00e0 l&#8217;initiative et avec la collaboration \u00e9troite du centre d&#8217;art villa Noailles, entreprennent aujourd&#8217;hui de republier cet ouvrage dans une \u00e9dition de luxe (sur beau papier, reli\u00e9e, cartonn\u00e9e, entoil\u00e9e) \u00e0 l&#8217;occasion du centenaire de la villa Noailles et du lancement du 38e Festival international de mode, de photographie et d&#8217;accessoires le 12 octobre 2023.<\/p>\n","protected":false},"excerpt":{"rendered":"<p>Limited edition of 100 in its box, with a signed and numbered engraving by Ronan Bouroullec. Figure embl\u00e9matique des arts et des lettres du d\u00e9but du XXe si\u00e8cle, m\u00e9c\u00e8ne importante et flamboyante, Marie Laure de Noailles est une autrice \u00e0 red\u00e9couvrir. La Chambre des \u00e9cureuils, l&#8217;un de ses plus beaux romans, para\u00eet aujourd&#8217;hui pr\u00e9c\u00e9d\u00e9 d&#8217;un [&hellip;]<\/p>\n","protected":false},"featured_media":42117,"template":"","meta":[],"product_cat":[9098,15],"product_tag":[],"acf":[],"yoast_head":"<!-- This site is optimized with the Yoast SEO plugin v20.11 - https:\/\/yoast.com\/wordpress\/plugins\/seo\/ -->\n<title>La Chambre des \u00e9cureuils \u00e9dition limit\u00e9e - Librairie 7L<\/title>\n<meta name=\"robots\" content=\"index, follow, max-snippet:-1, max-image-preview:large, max-video-preview:-1\" \/>\n<link rel=\"canonical\" href=\"https:\/\/librairie7l.com\/en\/produit\/la-chambre-des-ecureuils-edition-limitee\/\" \/>\n<meta property=\"og:locale\" content=\"en_US\" \/>\n<meta property=\"og:type\" content=\"article\" \/>\n<meta property=\"og:title\" content=\"La Chambre des \u00e9cureuils \u00e9dition limit\u00e9e - Librairie 7L\" \/>\n<meta property=\"og:description\" content=\"Limited edition of 100 in its box, with a signed and numbered engraving by Ronan Bouroullec. Figure embl\u00e9matique des arts et des lettres du d\u00e9but du XXe si\u00e8cle, m\u00e9c\u00e8ne importante et flamboyante, Marie Laure de Noailles est une autrice \u00e0 red\u00e9couvrir. La Chambre des \u00e9cureuils, l&#8217;un de ses plus beaux romans, para\u00eet aujourd&#8217;hui pr\u00e9c\u00e9d\u00e9 d&#8217;un [&hellip;]\" \/>\n<meta property=\"og:url\" content=\"https:\/\/librairie7l.com\/en\/produit\/la-chambre-des-ecureuils-edition-limitee\/\" \/>\n<meta property=\"og:site_name\" content=\"Librairie 7L\" \/>\n<meta property=\"article:modified_time\" content=\"2026-04-06T20:05:42+00:00\" \/>\n<meta property=\"og:image\" content=\"https:\/\/librairie7l.com\/wp-content\/uploads\/2024\/09\/La-chambre-des-ecureuils-7L-Zazzo-5423-copie.jpeg\" \/>\n\t<meta property=\"og:image:width\" content=\"1000\" \/>\n\t<meta property=\"og:image:height\" content=\"1000\" \/>\n\t<meta property=\"og:image:type\" content=\"image\/jpeg\" \/>\n<meta name=\"twitter:card\" content=\"summary_large_image\" \/>\n<meta name=\"twitter:label1\" content=\"Est. reading time\" \/>\n\t<meta name=\"twitter:data1\" content=\"2 minutes\" \/>\n<script type=\"application\/ld+json\" class=\"yoast-schema-graph\">{\"@context\":\"https:\/\/schema.org\",\"@graph\":[{\"@type\":\"WebPage\",\"@id\":\"https:\/\/librairie7l.com\/en\/produit\/la-chambre-des-ecureuils-edition-limitee\/\",\"url\":\"https:\/\/librairie7l.com\/en\/produit\/la-chambre-des-ecureuils-edition-limitee\/\",\"name\":\"La Chambre des \u00e9cureuils \u00e9dition limit\u00e9e - Librairie 7L\",\"isPartOf\":{\"@id\":\"https:\/\/librairie7l.com\/en\/#website\"},\"datePublished\":\"2024-09-04T08:28:57+00:00\",\"dateModified\":\"2026-04-06T20:05:42+00:00\",\"breadcrumb\":{\"@id\":\"https:\/\/librairie7l.com\/en\/produit\/la-chambre-des-ecureuils-edition-limitee\/#breadcrumb\"},\"inLanguage\":\"en-US\",\"potentialAction\":[{\"@type\":\"ReadAction\",\"target\":[\"https:\/\/librairie7l.com\/en\/produit\/la-chambre-des-ecureuils-edition-limitee\/\"]}]},{\"@type\":\"BreadcrumbList\",\"@id\":\"https:\/\/librairie7l.com\/en\/produit\/la-chambre-des-ecureuils-edition-limitee\/#breadcrumb\",\"itemListElement\":[{\"@type\":\"ListItem\",\"position\":1,\"name\":\"Accueil\",\"item\":\"https:\/\/librairie7l.com\/en\/\"},{\"@type\":\"ListItem\",\"position\":2,\"name\":\"Shop\",\"item\":\"https:\/\/librairie7l.com\/en\/shop\/\"},{\"@type\":\"ListItem\",\"position\":3,\"name\":\"LA CHAMBRE DES \u00c9CUREUILS \u00c9DITION LIMIT\u00c9E\"}]},{\"@type\":\"WebSite\",\"@id\":\"https:\/\/librairie7l.com\/en\/#website\",\"url\":\"https:\/\/librairie7l.com\/en\/\",\"name\":\"Librairie 7L\",\"description\":\"Librairie fond\u00e9e en 1999 par Karl Lagerfeld \u00e0 Paris\",\"publisher\":{\"@id\":\"https:\/\/librairie7l.com\/en\/#organization\"},\"potentialAction\":[{\"@type\":\"SearchAction\",\"target\":{\"@type\":\"EntryPoint\",\"urlTemplate\":\"https:\/\/librairie7l.com\/en\/?s={search_term_string}\"},\"query-input\":\"required name=search_term_string\"}],\"inLanguage\":\"en-US\"},{\"@type\":\"Organization\",\"@id\":\"https:\/\/librairie7l.com\/en\/#organization\",\"name\":\"Librairie 7L\",\"url\":\"https:\/\/librairie7l.com\/en\/\",\"logo\":{\"@type\":\"ImageObject\",\"inLanguage\":\"en-US\",\"@id\":\"https:\/\/librairie7l.com\/en\/#\/schema\/logo\/image\/\",\"url\":\"https:\/\/librairie7l.com\/wp-content\/uploads\/2022\/08\/logo-1.png\",\"contentUrl\":\"https:\/\/librairie7l.com\/wp-content\/uploads\/2022\/08\/logo-1.png\",\"width\":227,\"height\":301,\"caption\":\"Librairie 7L\"},\"image\":{\"@id\":\"https:\/\/librairie7l.com\/en\/#\/schema\/logo\/image\/\"}}]}<\/script>\n<!-- \/ Yoast SEO plugin. -->","yoast_head_json":{"title":"La Chambre des \u00e9cureuils \u00e9dition limit\u00e9e - Librairie 7L","robots":{"index":"index","follow":"follow","max-snippet":"max-snippet:-1","max-image-preview":"max-image-preview:large","max-video-preview":"max-video-preview:-1"},"canonical":"https:\/\/librairie7l.com\/en\/produit\/la-chambre-des-ecureuils-edition-limitee\/","og_locale":"en_US","og_type":"article","og_title":"La Chambre des \u00e9cureuils \u00e9dition limit\u00e9e - Librairie 7L","og_description":"Limited edition of 100 in its box, with a signed and numbered engraving by Ronan Bouroullec. Figure embl\u00e9matique des arts et des lettres du d\u00e9but du XXe si\u00e8cle, m\u00e9c\u00e8ne importante et flamboyante, Marie Laure de Noailles est une autrice \u00e0 red\u00e9couvrir. La Chambre des \u00e9cureuils, l&#8217;un de ses plus beaux romans, para\u00eet aujourd&#8217;hui pr\u00e9c\u00e9d\u00e9 d&#8217;un [&hellip;]","og_url":"https:\/\/librairie7l.com\/en\/produit\/la-chambre-des-ecureuils-edition-limitee\/","og_site_name":"Librairie 7L","article_modified_time":"2026-04-06T20:05:42+00:00","og_image":[{"width":1000,"height":1000,"url":"https:\/\/librairie7l.com\/wp-content\/uploads\/2024\/09\/La-chambre-des-ecureuils-7L-Zazzo-5423-copie.jpeg","type":"image\/jpeg"}],"twitter_card":"summary_large_image","twitter_misc":{"Est. reading time":"2 minutes"},"schema":{"@context":"https:\/\/schema.org","@graph":[{"@type":"WebPage","@id":"https:\/\/librairie7l.com\/en\/produit\/la-chambre-des-ecureuils-edition-limitee\/","url":"https:\/\/librairie7l.com\/en\/produit\/la-chambre-des-ecureuils-edition-limitee\/","name":"La Chambre des \u00e9cureuils \u00e9dition limit\u00e9e - Librairie 7L","isPartOf":{"@id":"https:\/\/librairie7l.com\/en\/#website"},"datePublished":"2024-09-04T08:28:57+00:00","dateModified":"2026-04-06T20:05:42+00:00","breadcrumb":{"@id":"https:\/\/librairie7l.com\/en\/produit\/la-chambre-des-ecureuils-edition-limitee\/#breadcrumb"},"inLanguage":"en-US","potentialAction":[{"@type":"ReadAction","target":["https:\/\/librairie7l.com\/en\/produit\/la-chambre-des-ecureuils-edition-limitee\/"]}]},{"@type":"BreadcrumbList","@id":"https:\/\/librairie7l.com\/en\/produit\/la-chambre-des-ecureuils-edition-limitee\/#breadcrumb","itemListElement":[{"@type":"ListItem","position":1,"name":"Accueil","item":"https:\/\/librairie7l.com\/en\/"},{"@type":"ListItem","position":2,"name":"Shop","item":"https:\/\/librairie7l.com\/en\/shop\/"},{"@type":"ListItem","position":3,"name":"LA CHAMBRE DES \u00c9CUREUILS \u00c9DITION LIMIT\u00c9E"}]},{"@type":"WebSite","@id":"https:\/\/librairie7l.com\/en\/#website","url":"https:\/\/librairie7l.com\/en\/","name":"Librairie 7L","description":"Librairie fond\u00e9e en 1999 par Karl Lagerfeld \u00e0 Paris","publisher":{"@id":"https:\/\/librairie7l.com\/en\/#organization"},"potentialAction":[{"@type":"SearchAction","target":{"@type":"EntryPoint","urlTemplate":"https:\/\/librairie7l.com\/en\/?s={search_term_string}"},"query-input":"required name=search_term_string"}],"inLanguage":"en-US"},{"@type":"Organization","@id":"https:\/\/librairie7l.com\/en\/#organization","name":"Librairie 7L","url":"https:\/\/librairie7l.com\/en\/","logo":{"@type":"ImageObject","inLanguage":"en-US","@id":"https:\/\/librairie7l.com\/en\/#\/schema\/logo\/image\/","url":"https:\/\/librairie7l.com\/wp-content\/uploads\/2022\/08\/logo-1.png","contentUrl":"https:\/\/librairie7l.com\/wp-content\/uploads\/2022\/08\/logo-1.png","width":227,"height":301,"caption":"Librairie 7L"},"image":{"@id":"https:\/\/librairie7l.com\/en\/#\/schema\/logo\/image\/"}}]}},"_links":{"self":[{"href":"https:\/\/librairie7l.com\/en\/wp-json\/wp\/v2\/product\/42113"}],"collection":[{"href":"https:\/\/librairie7l.com\/en\/wp-json\/wp\/v2\/product"}],"about":[{"href":"https:\/\/librairie7l.com\/en\/wp-json\/wp\/v2\/types\/product"}],"wp:featuredmedia":[{"embeddable":true,"href":"https:\/\/librairie7l.com\/en\/wp-json\/wp\/v2\/media\/42117"}],"wp:attachment":[{"href":"https:\/\/librairie7l.com\/en\/wp-json\/wp\/v2\/media?parent=42113"}],"wp:term":[{"taxonomy":"product_cat","embeddable":true,"href":"https:\/\/librairie7l.com\/en\/wp-json\/wp\/v2\/product_cat?post=42113"},{"taxonomy":"product_tag","embeddable":true,"href":"https:\/\/librairie7l.com\/en\/wp-json\/wp\/v2\/product_tag?post=42113"}],"curies":[{"name":"wp","href":"https:\/\/api.w.org\/{rel}","templated":true}]}}