{"id":42183,"date":"2024-09-06T12:01:06","date_gmt":"2024-09-06T10:01:06","guid":{"rendered":"https:\/\/librairie7l.com\/?post_type=product&#038;p=42183"},"modified":"2026-04-11T13:14:58","modified_gmt":"2026-04-11T11:14:58","slug":"les-savoir-faire-de-la-mode-volume-2-geographies-2","status":"publish","type":"product","link":"https:\/\/librairie7l.com\/en\/produit\/les-savoir-faire-de-la-mode-volume-2-geographies-2\/","title":{"rendered":"LES SAVOIR-FAIRE DE LA MODE VOLUME 2 : G\u00c9OGRAPHIES"},"content":{"rendered":"<p>Apr\u00e8s un premier volume consacr\u00e9 aux sources paru en 2023, ce second ouvrage poursuit une r\u00e9flexion critique et circonstanci\u00e9e de la notion de savoir-faire en s&#8217;attachant \u00e0 ses territoires et ses d\u00e9placements. Mobilisant des personnalit\u00e9s issues du monde de la mode, intervenant aussi bien dans le cadre acad\u00e9mique que celui des ateliers, cette s\u00e9rie d&#8217;ouvrages participe au d\u00e9cloisement des disciplines. <\/p>\n<p>Par une approche plurielle de la g\u00e9ographie, l&#8217;ensemble des contributeurs offre autant d&#8217;\u00e9clairages des traditions artisanales et industrielles, des gestes, mat\u00e9riaux et acteurs qui d\u00e9finissent les cultures de la fabrication de la mode, au fil des plans et des itin\u00e9raires. De l&#8217;exportation des biens \u00e0 l&#8217;immigration des personnes, de l&#8217;implantation des ateliers \u00e0 leur d\u00e9localisation, la m\u00e9canique des cartographies offre des cl\u00e9s de lectures in\u00e9dites pour appr\u00e9hender les mati\u00e8res et les m\u00e9tiers de la mode, \u00e0 l&#8217;\u00e9chelle d&#8217;un atelier ou d&#8217;une rue, d&#8217;un quartier comme de la plan\u00e8te. Les contributions rassembl\u00e9es ici \u00e9voquent aussi bien l&#8217;implantation des artisans-passmentiers au XIXe si\u00e8cle, que le commerce du textile en Inde en passant par l&#8217;artisanat du cheveu au XXIe si\u00e8cle. \u00c9milie Hammen rassemble ainsi des voix permettant de mieux situer ce qui rassemble ces multiples mani\u00e8res de voir la mode et ses savoir-faire.<\/p>\n","protected":false},"excerpt":{"rendered":"<p>Apr\u00e8s un premier volume consacr\u00e9 aux sources paru en 2023, ce second ouvrage poursuit une r\u00e9flexion critique et circonstanci\u00e9e de la notion de savoir-faire en s&#8217;attachant \u00e0 ses territoires et ses d\u00e9placements. Mobilisant des personnalit\u00e9s issues du monde de la mode, intervenant aussi bien dans le cadre acad\u00e9mique que celui des ateliers, cette s\u00e9rie d&#8217;ouvrages [&hellip;]<\/p>\n","protected":false},"featured_media":42181,"template":"","meta":[],"product_cat":[2948,2957],"product_tag":[],"acf":[],"yoast_head":"<!-- This site is optimized with the Yoast SEO plugin v20.11 - https:\/\/yoast.com\/wordpress\/plugins\/seo\/ -->\n<title>Les savoir-faire de la mode volume 2 : g\u00e9ographies - Librairie 7L<\/title>\n<meta name=\"robots\" content=\"index, follow, max-snippet:-1, max-image-preview:large, max-video-preview:-1\" \/>\n<link rel=\"canonical\" href=\"https:\/\/librairie7l.com\/en\/produit\/les-savoir-faire-de-la-mode-volume-2-geographies-2\/\" \/>\n<meta property=\"og:locale\" content=\"en_US\" \/>\n<meta property=\"og:type\" content=\"article\" \/>\n<meta property=\"og:title\" content=\"Les savoir-faire de la mode volume 2 : g\u00e9ographies - Librairie 7L\" \/>\n<meta property=\"og:description\" content=\"Apr\u00e8s un premier volume consacr\u00e9 aux sources paru en 2023, ce second ouvrage poursuit une r\u00e9flexion critique et circonstanci\u00e9e de la notion de savoir-faire en s&#8217;attachant \u00e0 ses territoires et ses d\u00e9placements. Mobilisant des personnalit\u00e9s issues du monde de la mode, intervenant aussi bien dans le cadre acad\u00e9mique que celui des ateliers, cette s\u00e9rie d&#8217;ouvrages [&hellip;]\" \/>\n<meta property=\"og:url\" content=\"https:\/\/librairie7l.com\/en\/produit\/les-savoir-faire-de-la-mode-volume-2-geographies-2\/\" \/>\n<meta property=\"og:site_name\" content=\"Librairie 7L\" \/>\n<meta property=\"article:modified_time\" content=\"2026-04-11T11:14:58+00:00\" \/>\n<meta property=\"og:image\" content=\"https:\/\/librairie7l.com\/wp-content\/uploads\/2024\/01\/9782494983090_1_75.jpg\" \/>\n\t<meta property=\"og:image:width\" content=\"600\" \/>\n\t<meta property=\"og:image:height\" content=\"789\" \/>\n\t<meta property=\"og:image:type\" content=\"image\/jpeg\" \/>\n<meta name=\"twitter:card\" content=\"summary_large_image\" \/>\n<meta name=\"twitter:label1\" content=\"Est. reading time\" \/>\n\t<meta name=\"twitter:data1\" content=\"1 minute\" \/>\n<script type=\"application\/ld+json\" class=\"yoast-schema-graph\">{\"@context\":\"https:\/\/schema.org\",\"@graph\":[{\"@type\":\"WebPage\",\"@id\":\"https:\/\/librairie7l.com\/en\/produit\/les-savoir-faire-de-la-mode-volume-2-geographies-2\/\",\"url\":\"https:\/\/librairie7l.com\/en\/produit\/les-savoir-faire-de-la-mode-volume-2-geographies-2\/\",\"name\":\"Les savoir-faire de la mode volume 2 : g\u00e9ographies - Librairie 7L\",\"isPartOf\":{\"@id\":\"https:\/\/librairie7l.com\/en\/#website\"},\"datePublished\":\"2024-09-06T10:01:06+00:00\",\"dateModified\":\"2026-04-11T11:14:58+00:00\",\"breadcrumb\":{\"@id\":\"https:\/\/librairie7l.com\/en\/produit\/les-savoir-faire-de-la-mode-volume-2-geographies-2\/#breadcrumb\"},\"inLanguage\":\"en-US\",\"potentialAction\":[{\"@type\":\"ReadAction\",\"target\":[\"https:\/\/librairie7l.com\/en\/produit\/les-savoir-faire-de-la-mode-volume-2-geographies-2\/\"]}]},{\"@type\":\"BreadcrumbList\",\"@id\":\"https:\/\/librairie7l.com\/en\/produit\/les-savoir-faire-de-la-mode-volume-2-geographies-2\/#breadcrumb\",\"itemListElement\":[{\"@type\":\"ListItem\",\"position\":1,\"name\":\"Accueil\",\"item\":\"https:\/\/librairie7l.com\/en\/\"},{\"@type\":\"ListItem\",\"position\":2,\"name\":\"Shop\",\"item\":\"https:\/\/librairie7l.com\/en\/shop\/\"},{\"@type\":\"ListItem\",\"position\":3,\"name\":\"LES SAVOIR-FAIRE DE LA MODE VOLUME 2 : G\u00c9OGRAPHIES\"}]},{\"@type\":\"WebSite\",\"@id\":\"https:\/\/librairie7l.com\/en\/#website\",\"url\":\"https:\/\/librairie7l.com\/en\/\",\"name\":\"Librairie 7L\",\"description\":\"Librairie fond\u00e9e en 1999 par Karl Lagerfeld \u00e0 Paris\",\"publisher\":{\"@id\":\"https:\/\/librairie7l.com\/en\/#organization\"},\"potentialAction\":[{\"@type\":\"SearchAction\",\"target\":{\"@type\":\"EntryPoint\",\"urlTemplate\":\"https:\/\/librairie7l.com\/en\/?s={search_term_string}\"},\"query-input\":\"required name=search_term_string\"}],\"inLanguage\":\"en-US\"},{\"@type\":\"Organization\",\"@id\":\"https:\/\/librairie7l.com\/en\/#organization\",\"name\":\"Librairie 7L\",\"url\":\"https:\/\/librairie7l.com\/en\/\",\"logo\":{\"@type\":\"ImageObject\",\"inLanguage\":\"en-US\",\"@id\":\"https:\/\/librairie7l.com\/en\/#\/schema\/logo\/image\/\",\"url\":\"https:\/\/librairie7l.com\/wp-content\/uploads\/2022\/08\/logo-1.png\",\"contentUrl\":\"https:\/\/librairie7l.com\/wp-content\/uploads\/2022\/08\/logo-1.png\",\"width\":227,\"height\":301,\"caption\":\"Librairie 7L\"},\"image\":{\"@id\":\"https:\/\/librairie7l.com\/en\/#\/schema\/logo\/image\/\"}}]}<\/script>\n<!-- \/ Yoast SEO plugin. -->","yoast_head_json":{"title":"Les savoir-faire de la mode volume 2 : g\u00e9ographies - Librairie 7L","robots":{"index":"index","follow":"follow","max-snippet":"max-snippet:-1","max-image-preview":"max-image-preview:large","max-video-preview":"max-video-preview:-1"},"canonical":"https:\/\/librairie7l.com\/en\/produit\/les-savoir-faire-de-la-mode-volume-2-geographies-2\/","og_locale":"en_US","og_type":"article","og_title":"Les savoir-faire de la mode volume 2 : g\u00e9ographies - Librairie 7L","og_description":"Apr\u00e8s un premier volume consacr\u00e9 aux sources paru en 2023, ce second ouvrage poursuit une r\u00e9flexion critique et circonstanci\u00e9e de la notion de savoir-faire en s&#8217;attachant \u00e0 ses territoires et ses d\u00e9placements. Mobilisant des personnalit\u00e9s issues du monde de la mode, intervenant aussi bien dans le cadre acad\u00e9mique que celui des ateliers, cette s\u00e9rie d&#8217;ouvrages [&hellip;]","og_url":"https:\/\/librairie7l.com\/en\/produit\/les-savoir-faire-de-la-mode-volume-2-geographies-2\/","og_site_name":"Librairie 7L","article_modified_time":"2026-04-11T11:14:58+00:00","og_image":[{"width":600,"height":789,"url":"https:\/\/librairie7l.com\/wp-content\/uploads\/2024\/01\/9782494983090_1_75.jpg","type":"image\/jpeg"}],"twitter_card":"summary_large_image","twitter_misc":{"Est. reading time":"1 minute"},"schema":{"@context":"https:\/\/schema.org","@graph":[{"@type":"WebPage","@id":"https:\/\/librairie7l.com\/en\/produit\/les-savoir-faire-de-la-mode-volume-2-geographies-2\/","url":"https:\/\/librairie7l.com\/en\/produit\/les-savoir-faire-de-la-mode-volume-2-geographies-2\/","name":"Les savoir-faire de la mode volume 2 : g\u00e9ographies - Librairie 7L","isPartOf":{"@id":"https:\/\/librairie7l.com\/en\/#website"},"datePublished":"2024-09-06T10:01:06+00:00","dateModified":"2026-04-11T11:14:58+00:00","breadcrumb":{"@id":"https:\/\/librairie7l.com\/en\/produit\/les-savoir-faire-de-la-mode-volume-2-geographies-2\/#breadcrumb"},"inLanguage":"en-US","potentialAction":[{"@type":"ReadAction","target":["https:\/\/librairie7l.com\/en\/produit\/les-savoir-faire-de-la-mode-volume-2-geographies-2\/"]}]},{"@type":"BreadcrumbList","@id":"https:\/\/librairie7l.com\/en\/produit\/les-savoir-faire-de-la-mode-volume-2-geographies-2\/#breadcrumb","itemListElement":[{"@type":"ListItem","position":1,"name":"Accueil","item":"https:\/\/librairie7l.com\/en\/"},{"@type":"ListItem","position":2,"name":"Shop","item":"https:\/\/librairie7l.com\/en\/shop\/"},{"@type":"ListItem","position":3,"name":"LES SAVOIR-FAIRE DE LA MODE VOLUME 2 : G\u00c9OGRAPHIES"}]},{"@type":"WebSite","@id":"https:\/\/librairie7l.com\/en\/#website","url":"https:\/\/librairie7l.com\/en\/","name":"Librairie 7L","description":"Librairie fond\u00e9e en 1999 par Karl Lagerfeld \u00e0 Paris","publisher":{"@id":"https:\/\/librairie7l.com\/en\/#organization"},"potentialAction":[{"@type":"SearchAction","target":{"@type":"EntryPoint","urlTemplate":"https:\/\/librairie7l.com\/en\/?s={search_term_string}"},"query-input":"required name=search_term_string"}],"inLanguage":"en-US"},{"@type":"Organization","@id":"https:\/\/librairie7l.com\/en\/#organization","name":"Librairie 7L","url":"https:\/\/librairie7l.com\/en\/","logo":{"@type":"ImageObject","inLanguage":"en-US","@id":"https:\/\/librairie7l.com\/en\/#\/schema\/logo\/image\/","url":"https:\/\/librairie7l.com\/wp-content\/uploads\/2022\/08\/logo-1.png","contentUrl":"https:\/\/librairie7l.com\/wp-content\/uploads\/2022\/08\/logo-1.png","width":227,"height":301,"caption":"Librairie 7L"},"image":{"@id":"https:\/\/librairie7l.com\/en\/#\/schema\/logo\/image\/"}}]}},"_links":{"self":[{"href":"https:\/\/librairie7l.com\/en\/wp-json\/wp\/v2\/product\/42183"}],"collection":[{"href":"https:\/\/librairie7l.com\/en\/wp-json\/wp\/v2\/product"}],"about":[{"href":"https:\/\/librairie7l.com\/en\/wp-json\/wp\/v2\/types\/product"}],"wp:featuredmedia":[{"embeddable":true,"href":"https:\/\/librairie7l.com\/en\/wp-json\/wp\/v2\/media\/42181"}],"wp:attachment":[{"href":"https:\/\/librairie7l.com\/en\/wp-json\/wp\/v2\/media?parent=42183"}],"wp:term":[{"taxonomy":"product_cat","embeddable":true,"href":"https:\/\/librairie7l.com\/en\/wp-json\/wp\/v2\/product_cat?post=42183"},{"taxonomy":"product_tag","embeddable":true,"href":"https:\/\/librairie7l.com\/en\/wp-json\/wp\/v2\/product_tag?post=42183"}],"curies":[{"name":"wp","href":"https:\/\/api.w.org\/{rel}","templated":true}]}}