{"id":42199,"date":"2024-09-06T12:01:16","date_gmt":"2024-09-06T10:01:16","guid":{"rendered":"https:\/\/librairie7l.com\/?post_type=product&#038;p=42199"},"modified":"2026-05-01T21:37:00","modified_gmt":"2026-05-01T19:37:00","slug":"to-breathe-constellation-2","status":"publish","type":"product","link":"https:\/\/librairie7l.com\/en\/produit\/to-breathe-constellation-2\/","title":{"rendered":"TO BREATHE &#8211; CONSTELLATION"},"content":{"rendered":"<p>Par le voyage, l&#8217;oeuvre de Kimsooja traverse les fronti\u00e8res g\u00e9ographiques et, parce qu&#8217;elle ne se refuse aucun medium, les fronti\u00e8res artistiques \u00e9galement. En artiste nomade attach\u00e9e aux questions de l&#8217;exil, de la m\u00e9moire collective et de l&#8217;espace urbain, celle qui se proclame \u00ab femme aiguille \u00bb (A Needle Woman est l&#8217;une de ses vid\u00e9os embl\u00e9matiques) se faufile entre les mailles et met \u00e0 jour le tissu social et culturel des lieux qu&#8217;elle traverse. Le travail singulier de l&#8217;artiste sud-cor\u00e9enne conna\u00eet un essor international d\u00e8s la fin de ses \u00e9tudes de peinture \u00e0 S\u00e9oul et de gravure \u00e0 Paris. Ses premi\u00e8res oeuvres font appel au tissu, son mat\u00e9riau de pr\u00e9dilection, du fait de ses possibilit\u00e9s plastiques, de sa connotation culturelle et de son ancrage dans une pratique traditionnelle. \u00c0 partir de la fin des ann\u00e9es 1990, elle entreprend un travail entre performance et vid\u00e9o, documentant les espaces et les foules au milieu desquels elle demeure fig\u00e9e, allong\u00e9e ou de dos, conciliant voyage et immobilit\u00e9. Apr\u00e8s Bertrand Lavier, Anri Sala et Edith Dekyndt, Kimsooja s&#8217;empare des vitrines du Passage de la Bourse de Commerce. Devenues par nature l&#8217;un des dispositifs de pr\u00e9dilection des expositions universelles, c&#8217;est justement pour la reconfiguration du b\u00e2timent &#8211; d&#8217;une ancienne halle \u00e0 une bourse d&#8217;\u00e9changes &#8211; conduite pour celle de 1889 que les vitrines en place aujourd&#8217;hui furent install\u00e9es.<\/p>\n<p>\u00ab Artiste du d\u00e9placement, des travers\u00e9es et d&#8217;un nomadisme fondateur, depuis son voyage en camion de onze jours &#8211; juch\u00e9e sur des ballotins de fortune \u00e0 travers la Cor\u00e9e -, Kimsooja d\u00e9pose dans la Bourse de Commerce une constellation d&#8217;oeuvres couvrant pr\u00e8s de quarante ans de sa pratique d&#8217;artiste, comme elle poserait ses bagages apr\u00e8s un long voyage, pour habiter pour un temps dans sa trajectoire infinie ce b\u00e2timent singulier. Nourrie de philosophies orientales, donnant forme et vie \u00e0 des oeuvres qui ne sont pas des choses inertes mais des pr\u00e9sences immat\u00e9rielles flirtant avec l&#8217;invisible et l&#8217;\u00e9ph\u00e9m\u00e8re, elle met en mouvement des oeuvres souvent sph\u00e9riques, grains de sable ou graines de lin, billes de porcelaine ou de glaise, bottaris de tissus et moon jars lunaires aux couleurs de terre. \u00bb<\/p>\n<p>Emma Lavigne, extrait du texte du leporello.<\/p>\n","protected":false},"excerpt":{"rendered":"<p>Par le voyage, l&#8217;oeuvre de Kimsooja traverse les fronti\u00e8res g\u00e9ographiques et, parce qu&#8217;elle ne se refuse aucun medium, les fronti\u00e8res artistiques \u00e9galement. En artiste nomade attach\u00e9e aux questions de l&#8217;exil, de la m\u00e9moire collective et de l&#8217;espace urbain, celle qui se proclame \u00ab femme aiguille \u00bb (A Needle Woman est l&#8217;une de ses vid\u00e9os embl\u00e9matiques) [&hellip;]<\/p>\n","protected":false},"featured_media":42197,"template":"","meta":[],"product_cat":[2948,2953],"product_tag":[],"acf":[],"yoast_head":"<!-- This site is optimized with the Yoast SEO plugin v20.11 - https:\/\/yoast.com\/wordpress\/plugins\/seo\/ -->\n<title>To Breathe - Constellation - Librairie 7L<\/title>\n<meta name=\"robots\" content=\"index, follow, max-snippet:-1, max-image-preview:large, max-video-preview:-1\" \/>\n<link rel=\"canonical\" href=\"https:\/\/librairie7l.com\/en\/produit\/to-breathe-constellation-2\/\" \/>\n<meta property=\"og:locale\" content=\"en_US\" \/>\n<meta property=\"og:type\" content=\"article\" \/>\n<meta property=\"og:title\" content=\"To Breathe - Constellation - Librairie 7L\" \/>\n<meta property=\"og:description\" content=\"Par le voyage, l&#8217;oeuvre de Kimsooja traverse les fronti\u00e8res g\u00e9ographiques et, parce qu&#8217;elle ne se refuse aucun medium, les fronti\u00e8res artistiques \u00e9galement. En artiste nomade attach\u00e9e aux questions de l&#8217;exil, de la m\u00e9moire collective et de l&#8217;espace urbain, celle qui se proclame \u00ab femme aiguille \u00bb (A Needle Woman est l&#8217;une de ses vid\u00e9os embl\u00e9matiques) [&hellip;]\" \/>\n<meta property=\"og:url\" content=\"https:\/\/librairie7l.com\/en\/produit\/to-breathe-constellation-2\/\" \/>\n<meta property=\"og:site_name\" content=\"Librairie 7L\" \/>\n<meta property=\"article:modified_time\" content=\"2026-05-01T19:37:00+00:00\" \/>\n<meta property=\"og:image\" content=\"https:\/\/librairie7l.com\/wp-content\/uploads\/2024\/01\/9782373722024_1_75.jpg\" \/>\n\t<meta property=\"og:image:width\" content=\"600\" \/>\n\t<meta property=\"og:image:height\" content=\"804\" \/>\n\t<meta property=\"og:image:type\" content=\"image\/jpeg\" \/>\n<meta name=\"twitter:card\" content=\"summary_large_image\" \/>\n<meta name=\"twitter:label1\" content=\"Est. reading time\" \/>\n\t<meta name=\"twitter:data1\" content=\"2 minutes\" \/>\n<script type=\"application\/ld+json\" class=\"yoast-schema-graph\">{\"@context\":\"https:\/\/schema.org\",\"@graph\":[{\"@type\":\"WebPage\",\"@id\":\"https:\/\/librairie7l.com\/en\/produit\/to-breathe-constellation-2\/\",\"url\":\"https:\/\/librairie7l.com\/en\/produit\/to-breathe-constellation-2\/\",\"name\":\"To Breathe - Constellation - Librairie 7L\",\"isPartOf\":{\"@id\":\"https:\/\/librairie7l.com\/en\/#website\"},\"datePublished\":\"2024-09-06T10:01:16+00:00\",\"dateModified\":\"2026-05-01T19:37:00+00:00\",\"breadcrumb\":{\"@id\":\"https:\/\/librairie7l.com\/en\/produit\/to-breathe-constellation-2\/#breadcrumb\"},\"inLanguage\":\"en-US\",\"potentialAction\":[{\"@type\":\"ReadAction\",\"target\":[\"https:\/\/librairie7l.com\/en\/produit\/to-breathe-constellation-2\/\"]}]},{\"@type\":\"BreadcrumbList\",\"@id\":\"https:\/\/librairie7l.com\/en\/produit\/to-breathe-constellation-2\/#breadcrumb\",\"itemListElement\":[{\"@type\":\"ListItem\",\"position\":1,\"name\":\"Accueil\",\"item\":\"https:\/\/librairie7l.com\/en\/\"},{\"@type\":\"ListItem\",\"position\":2,\"name\":\"Shop\",\"item\":\"https:\/\/librairie7l.com\/en\/shop\/\"},{\"@type\":\"ListItem\",\"position\":3,\"name\":\"TO BREATHE &#8211; CONSTELLATION\"}]},{\"@type\":\"WebSite\",\"@id\":\"https:\/\/librairie7l.com\/en\/#website\",\"url\":\"https:\/\/librairie7l.com\/en\/\",\"name\":\"Librairie 7L\",\"description\":\"Librairie fond\u00e9e en 1999 par Karl Lagerfeld \u00e0 Paris\",\"publisher\":{\"@id\":\"https:\/\/librairie7l.com\/en\/#organization\"},\"potentialAction\":[{\"@type\":\"SearchAction\",\"target\":{\"@type\":\"EntryPoint\",\"urlTemplate\":\"https:\/\/librairie7l.com\/en\/?s={search_term_string}\"},\"query-input\":\"required name=search_term_string\"}],\"inLanguage\":\"en-US\"},{\"@type\":\"Organization\",\"@id\":\"https:\/\/librairie7l.com\/en\/#organization\",\"name\":\"Librairie 7L\",\"url\":\"https:\/\/librairie7l.com\/en\/\",\"logo\":{\"@type\":\"ImageObject\",\"inLanguage\":\"en-US\",\"@id\":\"https:\/\/librairie7l.com\/en\/#\/schema\/logo\/image\/\",\"url\":\"https:\/\/librairie7l.com\/wp-content\/uploads\/2022\/08\/logo-1.png\",\"contentUrl\":\"https:\/\/librairie7l.com\/wp-content\/uploads\/2022\/08\/logo-1.png\",\"width\":227,\"height\":301,\"caption\":\"Librairie 7L\"},\"image\":{\"@id\":\"https:\/\/librairie7l.com\/en\/#\/schema\/logo\/image\/\"}}]}<\/script>\n<!-- \/ Yoast SEO plugin. -->","yoast_head_json":{"title":"To Breathe - Constellation - Librairie 7L","robots":{"index":"index","follow":"follow","max-snippet":"max-snippet:-1","max-image-preview":"max-image-preview:large","max-video-preview":"max-video-preview:-1"},"canonical":"https:\/\/librairie7l.com\/en\/produit\/to-breathe-constellation-2\/","og_locale":"en_US","og_type":"article","og_title":"To Breathe - Constellation - Librairie 7L","og_description":"Par le voyage, l&#8217;oeuvre de Kimsooja traverse les fronti\u00e8res g\u00e9ographiques et, parce qu&#8217;elle ne se refuse aucun medium, les fronti\u00e8res artistiques \u00e9galement. En artiste nomade attach\u00e9e aux questions de l&#8217;exil, de la m\u00e9moire collective et de l&#8217;espace urbain, celle qui se proclame \u00ab femme aiguille \u00bb (A Needle Woman est l&#8217;une de ses vid\u00e9os embl\u00e9matiques) [&hellip;]","og_url":"https:\/\/librairie7l.com\/en\/produit\/to-breathe-constellation-2\/","og_site_name":"Librairie 7L","article_modified_time":"2026-05-01T19:37:00+00:00","og_image":[{"width":600,"height":804,"url":"https:\/\/librairie7l.com\/wp-content\/uploads\/2024\/01\/9782373722024_1_75.jpg","type":"image\/jpeg"}],"twitter_card":"summary_large_image","twitter_misc":{"Est. reading time":"2 minutes"},"schema":{"@context":"https:\/\/schema.org","@graph":[{"@type":"WebPage","@id":"https:\/\/librairie7l.com\/en\/produit\/to-breathe-constellation-2\/","url":"https:\/\/librairie7l.com\/en\/produit\/to-breathe-constellation-2\/","name":"To Breathe - Constellation - Librairie 7L","isPartOf":{"@id":"https:\/\/librairie7l.com\/en\/#website"},"datePublished":"2024-09-06T10:01:16+00:00","dateModified":"2026-05-01T19:37:00+00:00","breadcrumb":{"@id":"https:\/\/librairie7l.com\/en\/produit\/to-breathe-constellation-2\/#breadcrumb"},"inLanguage":"en-US","potentialAction":[{"@type":"ReadAction","target":["https:\/\/librairie7l.com\/en\/produit\/to-breathe-constellation-2\/"]}]},{"@type":"BreadcrumbList","@id":"https:\/\/librairie7l.com\/en\/produit\/to-breathe-constellation-2\/#breadcrumb","itemListElement":[{"@type":"ListItem","position":1,"name":"Accueil","item":"https:\/\/librairie7l.com\/en\/"},{"@type":"ListItem","position":2,"name":"Shop","item":"https:\/\/librairie7l.com\/en\/shop\/"},{"@type":"ListItem","position":3,"name":"TO BREATHE &#8211; CONSTELLATION"}]},{"@type":"WebSite","@id":"https:\/\/librairie7l.com\/en\/#website","url":"https:\/\/librairie7l.com\/en\/","name":"Librairie 7L","description":"Librairie fond\u00e9e en 1999 par Karl Lagerfeld \u00e0 Paris","publisher":{"@id":"https:\/\/librairie7l.com\/en\/#organization"},"potentialAction":[{"@type":"SearchAction","target":{"@type":"EntryPoint","urlTemplate":"https:\/\/librairie7l.com\/en\/?s={search_term_string}"},"query-input":"required name=search_term_string"}],"inLanguage":"en-US"},{"@type":"Organization","@id":"https:\/\/librairie7l.com\/en\/#organization","name":"Librairie 7L","url":"https:\/\/librairie7l.com\/en\/","logo":{"@type":"ImageObject","inLanguage":"en-US","@id":"https:\/\/librairie7l.com\/en\/#\/schema\/logo\/image\/","url":"https:\/\/librairie7l.com\/wp-content\/uploads\/2022\/08\/logo-1.png","contentUrl":"https:\/\/librairie7l.com\/wp-content\/uploads\/2022\/08\/logo-1.png","width":227,"height":301,"caption":"Librairie 7L"},"image":{"@id":"https:\/\/librairie7l.com\/en\/#\/schema\/logo\/image\/"}}]}},"_links":{"self":[{"href":"https:\/\/librairie7l.com\/en\/wp-json\/wp\/v2\/product\/42199"}],"collection":[{"href":"https:\/\/librairie7l.com\/en\/wp-json\/wp\/v2\/product"}],"about":[{"href":"https:\/\/librairie7l.com\/en\/wp-json\/wp\/v2\/types\/product"}],"wp:featuredmedia":[{"embeddable":true,"href":"https:\/\/librairie7l.com\/en\/wp-json\/wp\/v2\/media\/42197"}],"wp:attachment":[{"href":"https:\/\/librairie7l.com\/en\/wp-json\/wp\/v2\/media?parent=42199"}],"wp:term":[{"taxonomy":"product_cat","embeddable":true,"href":"https:\/\/librairie7l.com\/en\/wp-json\/wp\/v2\/product_cat?post=42199"},{"taxonomy":"product_tag","embeddable":true,"href":"https:\/\/librairie7l.com\/en\/wp-json\/wp\/v2\/product_tag?post=42199"}],"curies":[{"name":"wp","href":"https:\/\/api.w.org\/{rel}","templated":true}]}}