{"id":42207,"date":"2024-09-06T12:01:23","date_gmt":"2024-09-06T10:01:23","guid":{"rendered":"https:\/\/librairie7l.com\/?post_type=product&#038;p=42207"},"modified":"2026-05-05T04:13:08","modified_gmt":"2026-05-05T02:13:08","slug":"lee-ufan-arles-2","status":"publish","type":"product","link":"https:\/\/librairie7l.com\/en\/produit\/lee-ufan-arles-2\/","title":{"rendered":"LEE UFAN ARLES"},"content":{"rendered":"<p>CATALOGUE DE LA COLLECTION LEE UFAN ARLES Cr\u00e9\u00e9 par Lee Ufan, ce centre d&#8217;exposition, ouvert en avril 2022, est un mus\u00e9e pr\u00e9sentant des travaux embl\u00e9matiques autant que r\u00e9cents de l&#8217;artiste cor\u00e9en dans un b\u00e2timent historique de la ville d&#8217;Arles, l&#8217;h\u00f4tel Vernon. Depuis 2017, Lee Ufan, ami proche de l&#8217;architecte Tadao Ando, \u00e9change avec lui pour transformer le lieu en un \u00e9crin artistique \u00e9pur\u00e9 en harmonie avec l&#8217;architecture plurielle de l&#8217;h\u00f4tel Vernon. Les oeuvres de Lee Ufan, peintre, sculpteur, po\u00e8te et philosophe, agissent comme des r\u00e9v\u00e9lateurs. Elles attirent l&#8217;attention sur les mat\u00e9riaux, sur le vide ou bien sur la distance entre deux \u00e9l\u00e9ments, sur les reflets et les ombres : tout ce que nous n&#8217;avions pas forc\u00e9ment vu au premier regard, et qui pourtant participe de l&#8217;oeuvre d&#8217;art. La collection conserv\u00e9e au centre Lee Ufan Arles, combinant des scuptures autant que des peintures et des dessins, t\u00e9moigne d&#8217;un travail \u00e0 la crois\u00e9e de trois cultures (la Cor\u00e9e o\u00f9 il est n\u00e9, le Japon o\u00f9 il a \u00e9tudi\u00e9 et ou il vit, et la France o\u00f9 il vit \u00e9galement le reste de l&#8217;ann\u00e9e), se voulant universel. Ses sculptures sont le r\u00e9sultat de rencontres, entre des mat\u00e9riaux naturel (pierres, lin, etc.), industriel (plaques d&#8217;acier, verre, etc.) et un espace ; elles am\u00e8nent \u00e0 m\u00e9diter sur la relation entre l&#8217;homme et la nature. Ses peintures, travaill\u00e9es par s\u00e9ries sur plusieurs d\u00e9cennies parfois, sont aussi le support de r\u00e9flexions sur le temps, le geste, la relation entre le plein et le vide. L&#8217;expression personnelle s&#8217;est effac\u00e9e dans une qu\u00eate d&#8217;infini r\u00e9guli\u00e8rement renouvel\u00e9e. L&#8217;ouvrage, premi\u00e8re publication sur la collection depuis l&#8217;ouverture du mus\u00e9e, donne \u00e0 voir un choix d&#8217;oeuvres embl\u00e9matiques du travail de Lee Ufan. Construite comme un cheminement dans l&#8217;espace, de salle en salle, cette publication souhaite rendre hommage \u00e0 un espace et \u00e0 une sc\u00e9nographie pens\u00e9 par Lee Ufan lui-m\u00eame.<\/p>\n","protected":false},"excerpt":{"rendered":"<p>CATALOGUE DE LA COLLECTION LEE UFAN ARLES Cr\u00e9\u00e9 par Lee Ufan, ce centre d&#8217;exposition, ouvert en avril 2022, est un mus\u00e9e pr\u00e9sentant des travaux embl\u00e9matiques autant que r\u00e9cents de l&#8217;artiste cor\u00e9en dans un b\u00e2timent historique de la ville d&#8217;Arles, l&#8217;h\u00f4tel Vernon. Depuis 2017, Lee Ufan, ami proche de l&#8217;architecte Tadao Ando, \u00e9change avec lui pour [&hellip;]<\/p>\n","protected":false},"featured_media":42205,"template":"","meta":[],"product_cat":[2948,2953],"product_tag":[],"acf":[],"yoast_head":"<!-- This site is optimized with the Yoast SEO plugin v20.11 - https:\/\/yoast.com\/wordpress\/plugins\/seo\/ -->\n<title>Lee Ufan Arles - Librairie 7L<\/title>\n<meta name=\"robots\" content=\"index, follow, max-snippet:-1, max-image-preview:large, max-video-preview:-1\" \/>\n<link rel=\"canonical\" href=\"https:\/\/librairie7l.com\/en\/produit\/lee-ufan-arles-2\/\" \/>\n<meta property=\"og:locale\" content=\"en_US\" \/>\n<meta property=\"og:type\" content=\"article\" \/>\n<meta property=\"og:title\" content=\"Lee Ufan Arles - Librairie 7L\" \/>\n<meta property=\"og:description\" content=\"CATALOGUE DE LA COLLECTION LEE UFAN ARLES Cr\u00e9\u00e9 par Lee Ufan, ce centre d&#8217;exposition, ouvert en avril 2022, est un mus\u00e9e pr\u00e9sentant des travaux embl\u00e9matiques autant que r\u00e9cents de l&#8217;artiste cor\u00e9en dans un b\u00e2timent historique de la ville d&#8217;Arles, l&#8217;h\u00f4tel Vernon. Depuis 2017, Lee Ufan, ami proche de l&#8217;architecte Tadao Ando, \u00e9change avec lui pour [&hellip;]\" \/>\n<meta property=\"og:url\" content=\"https:\/\/librairie7l.com\/en\/produit\/lee-ufan-arles-2\/\" \/>\n<meta property=\"og:site_name\" content=\"Librairie 7L\" \/>\n<meta property=\"article:modified_time\" content=\"2026-05-05T02:13:08+00:00\" \/>\n<meta property=\"og:image\" content=\"https:\/\/librairie7l.com\/wp-content\/uploads\/2024\/01\/9782373721911_1_75.jpg\" \/>\n\t<meta property=\"og:image:width\" content=\"600\" \/>\n\t<meta property=\"og:image:height\" content=\"775\" \/>\n\t<meta property=\"og:image:type\" content=\"image\/jpeg\" \/>\n<meta name=\"twitter:card\" content=\"summary_large_image\" \/>\n<meta name=\"twitter:label1\" content=\"Est. reading time\" \/>\n\t<meta name=\"twitter:data1\" content=\"2 minutes\" \/>\n<script type=\"application\/ld+json\" class=\"yoast-schema-graph\">{\"@context\":\"https:\/\/schema.org\",\"@graph\":[{\"@type\":\"WebPage\",\"@id\":\"https:\/\/librairie7l.com\/en\/produit\/lee-ufan-arles-2\/\",\"url\":\"https:\/\/librairie7l.com\/en\/produit\/lee-ufan-arles-2\/\",\"name\":\"Lee Ufan Arles - Librairie 7L\",\"isPartOf\":{\"@id\":\"https:\/\/librairie7l.com\/en\/#website\"},\"datePublished\":\"2024-09-06T10:01:23+00:00\",\"dateModified\":\"2026-05-05T02:13:08+00:00\",\"breadcrumb\":{\"@id\":\"https:\/\/librairie7l.com\/en\/produit\/lee-ufan-arles-2\/#breadcrumb\"},\"inLanguage\":\"en-US\",\"potentialAction\":[{\"@type\":\"ReadAction\",\"target\":[\"https:\/\/librairie7l.com\/en\/produit\/lee-ufan-arles-2\/\"]}]},{\"@type\":\"BreadcrumbList\",\"@id\":\"https:\/\/librairie7l.com\/en\/produit\/lee-ufan-arles-2\/#breadcrumb\",\"itemListElement\":[{\"@type\":\"ListItem\",\"position\":1,\"name\":\"Accueil\",\"item\":\"https:\/\/librairie7l.com\/en\/\"},{\"@type\":\"ListItem\",\"position\":2,\"name\":\"Shop\",\"item\":\"https:\/\/librairie7l.com\/en\/shop\/\"},{\"@type\":\"ListItem\",\"position\":3,\"name\":\"LEE UFAN ARLES\"}]},{\"@type\":\"WebSite\",\"@id\":\"https:\/\/librairie7l.com\/en\/#website\",\"url\":\"https:\/\/librairie7l.com\/en\/\",\"name\":\"Librairie 7L\",\"description\":\"Librairie fond\u00e9e en 1999 par Karl Lagerfeld \u00e0 Paris\",\"publisher\":{\"@id\":\"https:\/\/librairie7l.com\/en\/#organization\"},\"potentialAction\":[{\"@type\":\"SearchAction\",\"target\":{\"@type\":\"EntryPoint\",\"urlTemplate\":\"https:\/\/librairie7l.com\/en\/?s={search_term_string}\"},\"query-input\":\"required name=search_term_string\"}],\"inLanguage\":\"en-US\"},{\"@type\":\"Organization\",\"@id\":\"https:\/\/librairie7l.com\/en\/#organization\",\"name\":\"Librairie 7L\",\"url\":\"https:\/\/librairie7l.com\/en\/\",\"logo\":{\"@type\":\"ImageObject\",\"inLanguage\":\"en-US\",\"@id\":\"https:\/\/librairie7l.com\/en\/#\/schema\/logo\/image\/\",\"url\":\"https:\/\/librairie7l.com\/wp-content\/uploads\/2022\/08\/logo-1.png\",\"contentUrl\":\"https:\/\/librairie7l.com\/wp-content\/uploads\/2022\/08\/logo-1.png\",\"width\":227,\"height\":301,\"caption\":\"Librairie 7L\"},\"image\":{\"@id\":\"https:\/\/librairie7l.com\/en\/#\/schema\/logo\/image\/\"}}]}<\/script>\n<!-- \/ Yoast SEO plugin. -->","yoast_head_json":{"title":"Lee Ufan Arles - Librairie 7L","robots":{"index":"index","follow":"follow","max-snippet":"max-snippet:-1","max-image-preview":"max-image-preview:large","max-video-preview":"max-video-preview:-1"},"canonical":"https:\/\/librairie7l.com\/en\/produit\/lee-ufan-arles-2\/","og_locale":"en_US","og_type":"article","og_title":"Lee Ufan Arles - Librairie 7L","og_description":"CATALOGUE DE LA COLLECTION LEE UFAN ARLES Cr\u00e9\u00e9 par Lee Ufan, ce centre d&#8217;exposition, ouvert en avril 2022, est un mus\u00e9e pr\u00e9sentant des travaux embl\u00e9matiques autant que r\u00e9cents de l&#8217;artiste cor\u00e9en dans un b\u00e2timent historique de la ville d&#8217;Arles, l&#8217;h\u00f4tel Vernon. Depuis 2017, Lee Ufan, ami proche de l&#8217;architecte Tadao Ando, \u00e9change avec lui pour [&hellip;]","og_url":"https:\/\/librairie7l.com\/en\/produit\/lee-ufan-arles-2\/","og_site_name":"Librairie 7L","article_modified_time":"2026-05-05T02:13:08+00:00","og_image":[{"width":600,"height":775,"url":"https:\/\/librairie7l.com\/wp-content\/uploads\/2024\/01\/9782373721911_1_75.jpg","type":"image\/jpeg"}],"twitter_card":"summary_large_image","twitter_misc":{"Est. reading time":"2 minutes"},"schema":{"@context":"https:\/\/schema.org","@graph":[{"@type":"WebPage","@id":"https:\/\/librairie7l.com\/en\/produit\/lee-ufan-arles-2\/","url":"https:\/\/librairie7l.com\/en\/produit\/lee-ufan-arles-2\/","name":"Lee Ufan Arles - Librairie 7L","isPartOf":{"@id":"https:\/\/librairie7l.com\/en\/#website"},"datePublished":"2024-09-06T10:01:23+00:00","dateModified":"2026-05-05T02:13:08+00:00","breadcrumb":{"@id":"https:\/\/librairie7l.com\/en\/produit\/lee-ufan-arles-2\/#breadcrumb"},"inLanguage":"en-US","potentialAction":[{"@type":"ReadAction","target":["https:\/\/librairie7l.com\/en\/produit\/lee-ufan-arles-2\/"]}]},{"@type":"BreadcrumbList","@id":"https:\/\/librairie7l.com\/en\/produit\/lee-ufan-arles-2\/#breadcrumb","itemListElement":[{"@type":"ListItem","position":1,"name":"Accueil","item":"https:\/\/librairie7l.com\/en\/"},{"@type":"ListItem","position":2,"name":"Shop","item":"https:\/\/librairie7l.com\/en\/shop\/"},{"@type":"ListItem","position":3,"name":"LEE UFAN ARLES"}]},{"@type":"WebSite","@id":"https:\/\/librairie7l.com\/en\/#website","url":"https:\/\/librairie7l.com\/en\/","name":"Librairie 7L","description":"Librairie fond\u00e9e en 1999 par Karl Lagerfeld \u00e0 Paris","publisher":{"@id":"https:\/\/librairie7l.com\/en\/#organization"},"potentialAction":[{"@type":"SearchAction","target":{"@type":"EntryPoint","urlTemplate":"https:\/\/librairie7l.com\/en\/?s={search_term_string}"},"query-input":"required name=search_term_string"}],"inLanguage":"en-US"},{"@type":"Organization","@id":"https:\/\/librairie7l.com\/en\/#organization","name":"Librairie 7L","url":"https:\/\/librairie7l.com\/en\/","logo":{"@type":"ImageObject","inLanguage":"en-US","@id":"https:\/\/librairie7l.com\/en\/#\/schema\/logo\/image\/","url":"https:\/\/librairie7l.com\/wp-content\/uploads\/2022\/08\/logo-1.png","contentUrl":"https:\/\/librairie7l.com\/wp-content\/uploads\/2022\/08\/logo-1.png","width":227,"height":301,"caption":"Librairie 7L"},"image":{"@id":"https:\/\/librairie7l.com\/en\/#\/schema\/logo\/image\/"}}]}},"_links":{"self":[{"href":"https:\/\/librairie7l.com\/en\/wp-json\/wp\/v2\/product\/42207"}],"collection":[{"href":"https:\/\/librairie7l.com\/en\/wp-json\/wp\/v2\/product"}],"about":[{"href":"https:\/\/librairie7l.com\/en\/wp-json\/wp\/v2\/types\/product"}],"wp:featuredmedia":[{"embeddable":true,"href":"https:\/\/librairie7l.com\/en\/wp-json\/wp\/v2\/media\/42205"}],"wp:attachment":[{"href":"https:\/\/librairie7l.com\/en\/wp-json\/wp\/v2\/media?parent=42207"}],"wp:term":[{"taxonomy":"product_cat","embeddable":true,"href":"https:\/\/librairie7l.com\/en\/wp-json\/wp\/v2\/product_cat?post=42207"},{"taxonomy":"product_tag","embeddable":true,"href":"https:\/\/librairie7l.com\/en\/wp-json\/wp\/v2\/product_tag?post=42207"}],"curies":[{"name":"wp","href":"https:\/\/api.w.org\/{rel}","templated":true}]}}