{"id":42211,"date":"2024-09-06T12:01:27","date_gmt":"2024-09-06T10:01:27","guid":{"rendered":"https:\/\/librairie7l.com\/?post_type=product&#038;p=42211"},"modified":"2026-04-10T01:49:07","modified_gmt":"2026-04-09T23:49:07","slug":"helen-mcnicoll-un-voyage-impressionniste-2","status":"publish","type":"product","link":"https:\/\/librairie7l.com\/en\/produit\/helen-mcnicoll-un-voyage-impressionniste-2\/","title":{"rendered":"HELEN MCNICOLL : UN VOYAGE IMPRESSIONNISTE"},"content":{"rendered":"<p>Une artiste audacieuse qui a d\u00e9fi\u00e9 les conventions de son \u00e9poque<br \/>\nCet ouvrage, r\u00e9alis\u00e9 sous la direction d&#8217;Anne-Marie Bouchard, accompagne l&#8217;exposition &#8220;Helen McNicoll. Un voyage impressionniste&#8221; du Mus\u00e9e National des Beaux-Arts du Qu\u00e9bec, consacr\u00e9e \u00e0 cette exceptionnelle artiste canadienne (1879-1915). En un temps o\u00f9 les femmes sont souvent cantonn\u00e9es dans la sph\u00e8re domestique, Helen McNicoll se distingue par sa libert\u00e9 d&#8217;esprit et sa passion du voyage. Elle peint de pr\u00e9f\u00e9rence en plein air, de fa\u00e7on \u00e0 mieux restituer la lumi\u00e8re et l&#8217;atmosph\u00e8re des lieux qu&#8217;elle parcourt. Ses sujets de pr\u00e9dilection sont des sc\u00e8nes de la vie quotidienne, o\u00f9 l&#8217;accent est souvent mis sur le labeur f\u00e9minin, dont elle propose une interpr\u00e9tation quelque peu diff\u00e9rente de celle de ses contemporains impressionnistes, masculins pour la plupart.<br \/>\nL&#8217;exposition pr\u00e9sente plus de 60 de ses oeuvres, provenant de diff\u00e9rentes collections, dont 25 de celle de Pierre Lassonde. Le catalogue explore, \u00e0 travers les oeuvres expos\u00e9es, des sujets tels que l&#8217;amiti\u00e9, le courage, l&#8217;ind\u00e9pendance et la libert\u00e9 des femmes, dans le contexte du mouvement suffragiste britannique au d\u00e9but du XXe si\u00e8cle. Ce volume offre une occasion pr\u00e9cieuse de red\u00e9couvrir une artiste qui a su d\u00e9fier les conventions de son \u00e9poque et a laiss\u00e9 une empreinte ind\u00e9l\u00e9bile dans le paysage artistique canadien.<br \/>\nExposition au Mus\u00e9e National des Beaux-Arts du Qu\u00e9bec, du 20 juin 2024 au 5 janvier 2025<\/p>\n","protected":false},"excerpt":{"rendered":"<p>Une artiste audacieuse qui a d\u00e9fi\u00e9 les conventions de son \u00e9poque Cet ouvrage, r\u00e9alis\u00e9 sous la direction d&#8217;Anne-Marie Bouchard, accompagne l&#8217;exposition &#8220;Helen McNicoll. Un voyage impressionniste&#8221; du Mus\u00e9e National des Beaux-Arts du Qu\u00e9bec, consacr\u00e9e \u00e0 cette exceptionnelle artiste canadienne (1879-1915). En un temps o\u00f9 les femmes sont souvent cantonn\u00e9es dans la sph\u00e8re domestique, Helen McNicoll [&hellip;]<\/p>\n","protected":false},"featured_media":42209,"template":"","meta":[],"product_cat":[2948,2953],"product_tag":[],"acf":[],"yoast_head":"<!-- This site is optimized with the Yoast SEO plugin v20.11 - https:\/\/yoast.com\/wordpress\/plugins\/seo\/ -->\n<title>Helen McNicoll : Un voyage impressionniste - Librairie 7L<\/title>\n<meta name=\"robots\" content=\"index, follow, max-snippet:-1, max-image-preview:large, max-video-preview:-1\" \/>\n<link rel=\"canonical\" href=\"https:\/\/librairie7l.com\/en\/produit\/helen-mcnicoll-un-voyage-impressionniste-2\/\" \/>\n<meta property=\"og:locale\" content=\"en_US\" \/>\n<meta property=\"og:type\" content=\"article\" \/>\n<meta property=\"og:title\" content=\"Helen McNicoll : Un voyage impressionniste - Librairie 7L\" \/>\n<meta property=\"og:description\" content=\"Une artiste audacieuse qui a d\u00e9fi\u00e9 les conventions de son \u00e9poque Cet ouvrage, r\u00e9alis\u00e9 sous la direction d&#8217;Anne-Marie Bouchard, accompagne l&#8217;exposition &#8220;Helen McNicoll. Un voyage impressionniste&#8221; du Mus\u00e9e National des Beaux-Arts du Qu\u00e9bec, consacr\u00e9e \u00e0 cette exceptionnelle artiste canadienne (1879-1915). En un temps o\u00f9 les femmes sont souvent cantonn\u00e9es dans la sph\u00e8re domestique, Helen McNicoll [&hellip;]\" \/>\n<meta property=\"og:url\" content=\"https:\/\/librairie7l.com\/en\/produit\/helen-mcnicoll-un-voyage-impressionniste-2\/\" \/>\n<meta property=\"og:site_name\" content=\"Librairie 7L\" \/>\n<meta property=\"article:modified_time\" content=\"2026-04-09T23:49:07+00:00\" \/>\n<meta property=\"og:image\" content=\"https:\/\/librairie7l.com\/wp-content\/uploads\/2024\/03\/9791254600672_1_75.jpg\" \/>\n\t<meta property=\"og:image:width\" content=\"600\" \/>\n\t<meta property=\"og:image:height\" content=\"816\" \/>\n\t<meta property=\"og:image:type\" content=\"image\/jpeg\" \/>\n<meta name=\"twitter:card\" content=\"summary_large_image\" \/>\n<meta name=\"twitter:label1\" content=\"Est. reading time\" \/>\n\t<meta name=\"twitter:data1\" content=\"1 minute\" \/>\n<script type=\"application\/ld+json\" class=\"yoast-schema-graph\">{\"@context\":\"https:\/\/schema.org\",\"@graph\":[{\"@type\":\"WebPage\",\"@id\":\"https:\/\/librairie7l.com\/en\/produit\/helen-mcnicoll-un-voyage-impressionniste-2\/\",\"url\":\"https:\/\/librairie7l.com\/en\/produit\/helen-mcnicoll-un-voyage-impressionniste-2\/\",\"name\":\"Helen McNicoll : Un voyage impressionniste - Librairie 7L\",\"isPartOf\":{\"@id\":\"https:\/\/librairie7l.com\/en\/#website\"},\"datePublished\":\"2024-09-06T10:01:27+00:00\",\"dateModified\":\"2026-04-09T23:49:07+00:00\",\"breadcrumb\":{\"@id\":\"https:\/\/librairie7l.com\/en\/produit\/helen-mcnicoll-un-voyage-impressionniste-2\/#breadcrumb\"},\"inLanguage\":\"en-US\",\"potentialAction\":[{\"@type\":\"ReadAction\",\"target\":[\"https:\/\/librairie7l.com\/en\/produit\/helen-mcnicoll-un-voyage-impressionniste-2\/\"]}]},{\"@type\":\"BreadcrumbList\",\"@id\":\"https:\/\/librairie7l.com\/en\/produit\/helen-mcnicoll-un-voyage-impressionniste-2\/#breadcrumb\",\"itemListElement\":[{\"@type\":\"ListItem\",\"position\":1,\"name\":\"Accueil\",\"item\":\"https:\/\/librairie7l.com\/en\/\"},{\"@type\":\"ListItem\",\"position\":2,\"name\":\"Shop\",\"item\":\"https:\/\/librairie7l.com\/en\/shop\/\"},{\"@type\":\"ListItem\",\"position\":3,\"name\":\"HELEN MCNICOLL : UN VOYAGE IMPRESSIONNISTE\"}]},{\"@type\":\"WebSite\",\"@id\":\"https:\/\/librairie7l.com\/en\/#website\",\"url\":\"https:\/\/librairie7l.com\/en\/\",\"name\":\"Librairie 7L\",\"description\":\"Librairie fond\u00e9e en 1999 par Karl Lagerfeld \u00e0 Paris\",\"publisher\":{\"@id\":\"https:\/\/librairie7l.com\/en\/#organization\"},\"potentialAction\":[{\"@type\":\"SearchAction\",\"target\":{\"@type\":\"EntryPoint\",\"urlTemplate\":\"https:\/\/librairie7l.com\/en\/?s={search_term_string}\"},\"query-input\":\"required name=search_term_string\"}],\"inLanguage\":\"en-US\"},{\"@type\":\"Organization\",\"@id\":\"https:\/\/librairie7l.com\/en\/#organization\",\"name\":\"Librairie 7L\",\"url\":\"https:\/\/librairie7l.com\/en\/\",\"logo\":{\"@type\":\"ImageObject\",\"inLanguage\":\"en-US\",\"@id\":\"https:\/\/librairie7l.com\/en\/#\/schema\/logo\/image\/\",\"url\":\"https:\/\/librairie7l.com\/wp-content\/uploads\/2022\/08\/logo-1.png\",\"contentUrl\":\"https:\/\/librairie7l.com\/wp-content\/uploads\/2022\/08\/logo-1.png\",\"width\":227,\"height\":301,\"caption\":\"Librairie 7L\"},\"image\":{\"@id\":\"https:\/\/librairie7l.com\/en\/#\/schema\/logo\/image\/\"}}]}<\/script>\n<!-- \/ Yoast SEO plugin. -->","yoast_head_json":{"title":"Helen McNicoll : Un voyage impressionniste - Librairie 7L","robots":{"index":"index","follow":"follow","max-snippet":"max-snippet:-1","max-image-preview":"max-image-preview:large","max-video-preview":"max-video-preview:-1"},"canonical":"https:\/\/librairie7l.com\/en\/produit\/helen-mcnicoll-un-voyage-impressionniste-2\/","og_locale":"en_US","og_type":"article","og_title":"Helen McNicoll : Un voyage impressionniste - Librairie 7L","og_description":"Une artiste audacieuse qui a d\u00e9fi\u00e9 les conventions de son \u00e9poque Cet ouvrage, r\u00e9alis\u00e9 sous la direction d&#8217;Anne-Marie Bouchard, accompagne l&#8217;exposition &#8220;Helen McNicoll. Un voyage impressionniste&#8221; du Mus\u00e9e National des Beaux-Arts du Qu\u00e9bec, consacr\u00e9e \u00e0 cette exceptionnelle artiste canadienne (1879-1915). En un temps o\u00f9 les femmes sont souvent cantonn\u00e9es dans la sph\u00e8re domestique, Helen McNicoll [&hellip;]","og_url":"https:\/\/librairie7l.com\/en\/produit\/helen-mcnicoll-un-voyage-impressionniste-2\/","og_site_name":"Librairie 7L","article_modified_time":"2026-04-09T23:49:07+00:00","og_image":[{"width":600,"height":816,"url":"https:\/\/librairie7l.com\/wp-content\/uploads\/2024\/03\/9791254600672_1_75.jpg","type":"image\/jpeg"}],"twitter_card":"summary_large_image","twitter_misc":{"Est. reading time":"1 minute"},"schema":{"@context":"https:\/\/schema.org","@graph":[{"@type":"WebPage","@id":"https:\/\/librairie7l.com\/en\/produit\/helen-mcnicoll-un-voyage-impressionniste-2\/","url":"https:\/\/librairie7l.com\/en\/produit\/helen-mcnicoll-un-voyage-impressionniste-2\/","name":"Helen McNicoll : Un voyage impressionniste - Librairie 7L","isPartOf":{"@id":"https:\/\/librairie7l.com\/en\/#website"},"datePublished":"2024-09-06T10:01:27+00:00","dateModified":"2026-04-09T23:49:07+00:00","breadcrumb":{"@id":"https:\/\/librairie7l.com\/en\/produit\/helen-mcnicoll-un-voyage-impressionniste-2\/#breadcrumb"},"inLanguage":"en-US","potentialAction":[{"@type":"ReadAction","target":["https:\/\/librairie7l.com\/en\/produit\/helen-mcnicoll-un-voyage-impressionniste-2\/"]}]},{"@type":"BreadcrumbList","@id":"https:\/\/librairie7l.com\/en\/produit\/helen-mcnicoll-un-voyage-impressionniste-2\/#breadcrumb","itemListElement":[{"@type":"ListItem","position":1,"name":"Accueil","item":"https:\/\/librairie7l.com\/en\/"},{"@type":"ListItem","position":2,"name":"Shop","item":"https:\/\/librairie7l.com\/en\/shop\/"},{"@type":"ListItem","position":3,"name":"HELEN MCNICOLL : UN VOYAGE IMPRESSIONNISTE"}]},{"@type":"WebSite","@id":"https:\/\/librairie7l.com\/en\/#website","url":"https:\/\/librairie7l.com\/en\/","name":"Librairie 7L","description":"Librairie fond\u00e9e en 1999 par Karl Lagerfeld \u00e0 Paris","publisher":{"@id":"https:\/\/librairie7l.com\/en\/#organization"},"potentialAction":[{"@type":"SearchAction","target":{"@type":"EntryPoint","urlTemplate":"https:\/\/librairie7l.com\/en\/?s={search_term_string}"},"query-input":"required name=search_term_string"}],"inLanguage":"en-US"},{"@type":"Organization","@id":"https:\/\/librairie7l.com\/en\/#organization","name":"Librairie 7L","url":"https:\/\/librairie7l.com\/en\/","logo":{"@type":"ImageObject","inLanguage":"en-US","@id":"https:\/\/librairie7l.com\/en\/#\/schema\/logo\/image\/","url":"https:\/\/librairie7l.com\/wp-content\/uploads\/2022\/08\/logo-1.png","contentUrl":"https:\/\/librairie7l.com\/wp-content\/uploads\/2022\/08\/logo-1.png","width":227,"height":301,"caption":"Librairie 7L"},"image":{"@id":"https:\/\/librairie7l.com\/en\/#\/schema\/logo\/image\/"}}]}},"_links":{"self":[{"href":"https:\/\/librairie7l.com\/en\/wp-json\/wp\/v2\/product\/42211"}],"collection":[{"href":"https:\/\/librairie7l.com\/en\/wp-json\/wp\/v2\/product"}],"about":[{"href":"https:\/\/librairie7l.com\/en\/wp-json\/wp\/v2\/types\/product"}],"wp:featuredmedia":[{"embeddable":true,"href":"https:\/\/librairie7l.com\/en\/wp-json\/wp\/v2\/media\/42209"}],"wp:attachment":[{"href":"https:\/\/librairie7l.com\/en\/wp-json\/wp\/v2\/media?parent=42211"}],"wp:term":[{"taxonomy":"product_cat","embeddable":true,"href":"https:\/\/librairie7l.com\/en\/wp-json\/wp\/v2\/product_cat?post=42211"},{"taxonomy":"product_tag","embeddable":true,"href":"https:\/\/librairie7l.com\/en\/wp-json\/wp\/v2\/product_tag?post=42211"}],"curies":[{"name":"wp","href":"https:\/\/api.w.org\/{rel}","templated":true}]}}