{"id":42215,"date":"2024-09-06T12:01:31","date_gmt":"2024-09-06T10:01:31","guid":{"rendered":"https:\/\/librairie7l.com\/?post_type=product&#038;p=42215"},"modified":"2026-04-09T22:14:21","modified_gmt":"2026-04-09T20:14:21","slug":"sur-un-fil-ou-lart-de-se-vetir-au-moyen-age-2","status":"publish","type":"product","link":"https:\/\/librairie7l.com\/en\/produit\/sur-un-fil-ou-lart-de-se-vetir-au-moyen-age-2\/","title":{"rendered":"SUR UN FIL : OU L&#8217;ART DE SE V\u00caTIR AU MOYEN \u00c2GE"},"content":{"rendered":"<p>De l&#8217;\u00e9pop\u00e9e arthurienne au roman courtois en passant par les r\u00e9cits hagiographiques, les genres litt\u00e9raires donnent \u00e0 voir le v\u00eatement dans sa diversit\u00e9, \u00e0 la fois enveloppe protectrice et d\u00e9fensive. V\u00e9ritable marqueur social au Moyen \u00c2ge, le v\u00eatement distingue l&#8217;individu qui le porte par les mati\u00e8res, les couleurs, la nature m\u00eame des textiles sans oublier les accessoires : chaussures, bijoux, fourrures. Un Occident multiple et bigarr\u00e9 se d\u00e9voile, o\u00f9 parures et \u00e9toffes sont bien plus qu&#8217;une question d&#8217;apparence. Objets d&#8217;art, textiles, sculptures mais aussi pr\u00e9cieux manuscrits et pi\u00e8ces d&#8217;armure se mettent en sc\u00e8ne.<\/p>\n<p>Les r\u00e9cits bibliques ou hagiographiques comme l&#8217;ensemble du corpus litt\u00e9raire associ\u00e9 \u00e0 l&#8217;iconographie permettent d&#8217;appr\u00e9hender le v\u00eatement au sens large, sans n\u00e9cessairement apporter de contenu descriptif fid\u00e8le. Il signifie, d\u00e9crit, illustre un contexte, un \u00e9v\u00e9nement, r\u00e9v\u00e8le un statut social, se transforme jusqu&#8217;\u00e0 incarner un style, une mode, allant m\u00eame jusqu&#8217;\u00e0 donner \u00e0 percevoir la psychologie du personnage convoqu\u00e9. Formes, couleurs ou mati\u00e8res donnent \u00e0 voir et \u00e0 comprendre les \u00e9changes commerciaux, les influences et animent les c\u00e9l\u00e8bres foires de champagne ou encore de lointains comptoirs commerciaux. V\u00eatement combattant, tant\u00f4t cuirasse, tant\u00f4t atour de s\u00e9duction ; v\u00eatement des champs ou v\u00eatement des villes ; v\u00eatement de Cour ou v\u00eatement liturgique ; v\u00eatement de la d\u00e9rision du Carnaval ou de la danse macabre ; tissus profanes qui par un transfert d&#8217;usage se muent en de pr\u00e9cieuses reliques textiles, tous relatent une histoire de l&#8217;\u00e9volution de notre rapport au corps et \u00e0 l&#8217;art de le v\u00eatir. Sur un il ou l&#8217;art de se v\u00eatir au Moyen \u00c2ge propose un voyage immersif au coeur d&#8217;un Moyen \u00c2ge sensible et tactile.<\/p>\n","protected":false},"excerpt":{"rendered":"<p>De l&#8217;\u00e9pop\u00e9e arthurienne au roman courtois en passant par les r\u00e9cits hagiographiques, les genres litt\u00e9raires donnent \u00e0 voir le v\u00eatement dans sa diversit\u00e9, \u00e0 la fois enveloppe protectrice et d\u00e9fensive. V\u00e9ritable marqueur social au Moyen \u00c2ge, le v\u00eatement distingue l&#8217;individu qui le porte par les mati\u00e8res, les couleurs, la nature m\u00eame des textiles sans oublier [&hellip;]<\/p>\n","protected":false},"featured_media":42213,"template":"","meta":[],"product_cat":[2948,2957],"product_tag":[],"acf":[],"yoast_head":"<!-- This site is optimized with the Yoast SEO plugin v20.11 - https:\/\/yoast.com\/wordpress\/plugins\/seo\/ -->\n<title>Sur un fil : ou l&#039;art de se v\u00eatir au Moyen \u00c2ge - Librairie 7L<\/title>\n<meta name=\"robots\" content=\"index, follow, max-snippet:-1, max-image-preview:large, max-video-preview:-1\" \/>\n<link rel=\"canonical\" href=\"https:\/\/librairie7l.com\/en\/produit\/sur-un-fil-ou-lart-de-se-vetir-au-moyen-age-2\/\" \/>\n<meta property=\"og:locale\" content=\"en_US\" \/>\n<meta property=\"og:type\" content=\"article\" \/>\n<meta property=\"og:title\" content=\"Sur un fil : ou l&#039;art de se v\u00eatir au Moyen \u00c2ge - Librairie 7L\" \/>\n<meta property=\"og:description\" content=\"De l&#8217;\u00e9pop\u00e9e arthurienne au roman courtois en passant par les r\u00e9cits hagiographiques, les genres litt\u00e9raires donnent \u00e0 voir le v\u00eatement dans sa diversit\u00e9, \u00e0 la fois enveloppe protectrice et d\u00e9fensive. V\u00e9ritable marqueur social au Moyen \u00c2ge, le v\u00eatement distingue l&#8217;individu qui le porte par les mati\u00e8res, les couleurs, la nature m\u00eame des textiles sans oublier [&hellip;]\" \/>\n<meta property=\"og:url\" content=\"https:\/\/librairie7l.com\/en\/produit\/sur-un-fil-ou-lart-de-se-vetir-au-moyen-age-2\/\" \/>\n<meta property=\"og:site_name\" content=\"Librairie 7L\" \/>\n<meta property=\"article:modified_time\" content=\"2026-04-09T20:14:21+00:00\" \/>\n<meta property=\"og:image\" content=\"https:\/\/librairie7l.com\/wp-content\/uploads\/2024\/03\/9782878443738_1_75.jpg\" \/>\n\t<meta property=\"og:image:width\" content=\"600\" \/>\n\t<meta property=\"og:image:height\" content=\"710\" \/>\n\t<meta property=\"og:image:type\" content=\"image\/jpeg\" \/>\n<meta name=\"twitter:card\" content=\"summary_large_image\" \/>\n<meta name=\"twitter:label1\" content=\"Est. reading time\" \/>\n\t<meta name=\"twitter:data1\" content=\"1 minute\" \/>\n<script type=\"application\/ld+json\" class=\"yoast-schema-graph\">{\"@context\":\"https:\/\/schema.org\",\"@graph\":[{\"@type\":\"WebPage\",\"@id\":\"https:\/\/librairie7l.com\/en\/produit\/sur-un-fil-ou-lart-de-se-vetir-au-moyen-age-2\/\",\"url\":\"https:\/\/librairie7l.com\/en\/produit\/sur-un-fil-ou-lart-de-se-vetir-au-moyen-age-2\/\",\"name\":\"Sur un fil : ou l'art de se v\u00eatir au Moyen \u00c2ge - Librairie 7L\",\"isPartOf\":{\"@id\":\"https:\/\/librairie7l.com\/en\/#website\"},\"datePublished\":\"2024-09-06T10:01:31+00:00\",\"dateModified\":\"2026-04-09T20:14:21+00:00\",\"breadcrumb\":{\"@id\":\"https:\/\/librairie7l.com\/en\/produit\/sur-un-fil-ou-lart-de-se-vetir-au-moyen-age-2\/#breadcrumb\"},\"inLanguage\":\"en-US\",\"potentialAction\":[{\"@type\":\"ReadAction\",\"target\":[\"https:\/\/librairie7l.com\/en\/produit\/sur-un-fil-ou-lart-de-se-vetir-au-moyen-age-2\/\"]}]},{\"@type\":\"BreadcrumbList\",\"@id\":\"https:\/\/librairie7l.com\/en\/produit\/sur-un-fil-ou-lart-de-se-vetir-au-moyen-age-2\/#breadcrumb\",\"itemListElement\":[{\"@type\":\"ListItem\",\"position\":1,\"name\":\"Accueil\",\"item\":\"https:\/\/librairie7l.com\/en\/\"},{\"@type\":\"ListItem\",\"position\":2,\"name\":\"Shop\",\"item\":\"https:\/\/librairie7l.com\/en\/shop\/\"},{\"@type\":\"ListItem\",\"position\":3,\"name\":\"SUR UN FIL : OU L&#8217;ART DE SE V\u00caTIR AU MOYEN \u00c2GE\"}]},{\"@type\":\"WebSite\",\"@id\":\"https:\/\/librairie7l.com\/en\/#website\",\"url\":\"https:\/\/librairie7l.com\/en\/\",\"name\":\"Librairie 7L\",\"description\":\"Librairie fond\u00e9e en 1999 par Karl Lagerfeld \u00e0 Paris\",\"publisher\":{\"@id\":\"https:\/\/librairie7l.com\/en\/#organization\"},\"potentialAction\":[{\"@type\":\"SearchAction\",\"target\":{\"@type\":\"EntryPoint\",\"urlTemplate\":\"https:\/\/librairie7l.com\/en\/?s={search_term_string}\"},\"query-input\":\"required name=search_term_string\"}],\"inLanguage\":\"en-US\"},{\"@type\":\"Organization\",\"@id\":\"https:\/\/librairie7l.com\/en\/#organization\",\"name\":\"Librairie 7L\",\"url\":\"https:\/\/librairie7l.com\/en\/\",\"logo\":{\"@type\":\"ImageObject\",\"inLanguage\":\"en-US\",\"@id\":\"https:\/\/librairie7l.com\/en\/#\/schema\/logo\/image\/\",\"url\":\"https:\/\/librairie7l.com\/wp-content\/uploads\/2022\/08\/logo-1.png\",\"contentUrl\":\"https:\/\/librairie7l.com\/wp-content\/uploads\/2022\/08\/logo-1.png\",\"width\":227,\"height\":301,\"caption\":\"Librairie 7L\"},\"image\":{\"@id\":\"https:\/\/librairie7l.com\/en\/#\/schema\/logo\/image\/\"}}]}<\/script>\n<!-- \/ Yoast SEO plugin. -->","yoast_head_json":{"title":"Sur un fil : ou l'art de se v\u00eatir au Moyen \u00c2ge - Librairie 7L","robots":{"index":"index","follow":"follow","max-snippet":"max-snippet:-1","max-image-preview":"max-image-preview:large","max-video-preview":"max-video-preview:-1"},"canonical":"https:\/\/librairie7l.com\/en\/produit\/sur-un-fil-ou-lart-de-se-vetir-au-moyen-age-2\/","og_locale":"en_US","og_type":"article","og_title":"Sur un fil : ou l'art de se v\u00eatir au Moyen \u00c2ge - Librairie 7L","og_description":"De l&#8217;\u00e9pop\u00e9e arthurienne au roman courtois en passant par les r\u00e9cits hagiographiques, les genres litt\u00e9raires donnent \u00e0 voir le v\u00eatement dans sa diversit\u00e9, \u00e0 la fois enveloppe protectrice et d\u00e9fensive. V\u00e9ritable marqueur social au Moyen \u00c2ge, le v\u00eatement distingue l&#8217;individu qui le porte par les mati\u00e8res, les couleurs, la nature m\u00eame des textiles sans oublier [&hellip;]","og_url":"https:\/\/librairie7l.com\/en\/produit\/sur-un-fil-ou-lart-de-se-vetir-au-moyen-age-2\/","og_site_name":"Librairie 7L","article_modified_time":"2026-04-09T20:14:21+00:00","og_image":[{"width":600,"height":710,"url":"https:\/\/librairie7l.com\/wp-content\/uploads\/2024\/03\/9782878443738_1_75.jpg","type":"image\/jpeg"}],"twitter_card":"summary_large_image","twitter_misc":{"Est. reading time":"1 minute"},"schema":{"@context":"https:\/\/schema.org","@graph":[{"@type":"WebPage","@id":"https:\/\/librairie7l.com\/en\/produit\/sur-un-fil-ou-lart-de-se-vetir-au-moyen-age-2\/","url":"https:\/\/librairie7l.com\/en\/produit\/sur-un-fil-ou-lart-de-se-vetir-au-moyen-age-2\/","name":"Sur un fil : ou l'art de se v\u00eatir au Moyen \u00c2ge - Librairie 7L","isPartOf":{"@id":"https:\/\/librairie7l.com\/en\/#website"},"datePublished":"2024-09-06T10:01:31+00:00","dateModified":"2026-04-09T20:14:21+00:00","breadcrumb":{"@id":"https:\/\/librairie7l.com\/en\/produit\/sur-un-fil-ou-lart-de-se-vetir-au-moyen-age-2\/#breadcrumb"},"inLanguage":"en-US","potentialAction":[{"@type":"ReadAction","target":["https:\/\/librairie7l.com\/en\/produit\/sur-un-fil-ou-lart-de-se-vetir-au-moyen-age-2\/"]}]},{"@type":"BreadcrumbList","@id":"https:\/\/librairie7l.com\/en\/produit\/sur-un-fil-ou-lart-de-se-vetir-au-moyen-age-2\/#breadcrumb","itemListElement":[{"@type":"ListItem","position":1,"name":"Accueil","item":"https:\/\/librairie7l.com\/en\/"},{"@type":"ListItem","position":2,"name":"Shop","item":"https:\/\/librairie7l.com\/en\/shop\/"},{"@type":"ListItem","position":3,"name":"SUR UN FIL : OU L&#8217;ART DE SE V\u00caTIR AU MOYEN \u00c2GE"}]},{"@type":"WebSite","@id":"https:\/\/librairie7l.com\/en\/#website","url":"https:\/\/librairie7l.com\/en\/","name":"Librairie 7L","description":"Librairie fond\u00e9e en 1999 par Karl Lagerfeld \u00e0 Paris","publisher":{"@id":"https:\/\/librairie7l.com\/en\/#organization"},"potentialAction":[{"@type":"SearchAction","target":{"@type":"EntryPoint","urlTemplate":"https:\/\/librairie7l.com\/en\/?s={search_term_string}"},"query-input":"required name=search_term_string"}],"inLanguage":"en-US"},{"@type":"Organization","@id":"https:\/\/librairie7l.com\/en\/#organization","name":"Librairie 7L","url":"https:\/\/librairie7l.com\/en\/","logo":{"@type":"ImageObject","inLanguage":"en-US","@id":"https:\/\/librairie7l.com\/en\/#\/schema\/logo\/image\/","url":"https:\/\/librairie7l.com\/wp-content\/uploads\/2022\/08\/logo-1.png","contentUrl":"https:\/\/librairie7l.com\/wp-content\/uploads\/2022\/08\/logo-1.png","width":227,"height":301,"caption":"Librairie 7L"},"image":{"@id":"https:\/\/librairie7l.com\/en\/#\/schema\/logo\/image\/"}}]}},"_links":{"self":[{"href":"https:\/\/librairie7l.com\/en\/wp-json\/wp\/v2\/product\/42215"}],"collection":[{"href":"https:\/\/librairie7l.com\/en\/wp-json\/wp\/v2\/product"}],"about":[{"href":"https:\/\/librairie7l.com\/en\/wp-json\/wp\/v2\/types\/product"}],"wp:featuredmedia":[{"embeddable":true,"href":"https:\/\/librairie7l.com\/en\/wp-json\/wp\/v2\/media\/42213"}],"wp:attachment":[{"href":"https:\/\/librairie7l.com\/en\/wp-json\/wp\/v2\/media?parent=42215"}],"wp:term":[{"taxonomy":"product_cat","embeddable":true,"href":"https:\/\/librairie7l.com\/en\/wp-json\/wp\/v2\/product_cat?post=42215"},{"taxonomy":"product_tag","embeddable":true,"href":"https:\/\/librairie7l.com\/en\/wp-json\/wp\/v2\/product_tag?post=42215"}],"curies":[{"name":"wp","href":"https:\/\/api.w.org\/{rel}","templated":true}]}}