{"id":42223,"date":"2024-09-06T12:01:37","date_gmt":"2024-09-06T10:01:37","guid":{"rendered":"https:\/\/librairie7l.com\/?post_type=product&#038;p=42223"},"modified":"2026-05-07T13:07:00","modified_gmt":"2026-05-07T11:07:00","slug":"jean-hugo-le-regard-magique-2","status":"publish","type":"product","link":"https:\/\/librairie7l.com\/en\/produit\/jean-hugo-le-regard-magique-2\/","title":{"rendered":"JEAN HUGO : LE REGARD MAGIQUE"},"content":{"rendered":"<p>Au niveau de notre territoire la m\u00e9tropole de Montpellier et la ville de S\u00e8te souhaitent rendre \u00e9galement hommage \u00e0 l&#8217;artiste Jean Hugo, disparu depuis quarante ans, avec le d\u00e9sir de r\u00e9v\u00e9ler l&#8217;ensemble de son oeuvre dans toute sa richesse et complexit\u00e9. Cet hommage, qui advient pour les quarante ans de la disparition de l&#8217;artiste, a pour projet de pr\u00e9senter son oeuvre, \u00e0 la fois dans toute sa diversit\u00e9, ainsi que dans l&#8217;histoire culturelle qui l&#8217;accompagne, toutes deux d&#8217;une richesse exemplaire. Tour \u00e0 tour d\u00e9corateur, peintre, po\u00e8te et \u00e9crivain, Jean Hugo a r\u00e9alis\u00e9 plus de 1000 peintures et 3000 dessins, collabor\u00e9 \u00e0 pr\u00e8s d&#8217;une cinquantaine de mises en sc\u00e8ne th\u00e9\u00e2trales ou dans\u00e9es, et ce tout au long de son existence, largement contribu\u00e9 \u00e0 plusieurs projets d\u00e9coratifs, notamment autour des ann\u00e9es Trente, et particip\u00e9 \u00e0 de grands programmes artistiques \u00e0 l&#8217;\u00e9tranger. Illustrant les plus grands auteurs de son temps, il a \u00e9galement montr\u00e9 une grande invention dans sa relation f\u00e9conde avec l&#8217;\u00e9diteur Pierre-Andr\u00e9 Beno\u00eet et \u00e9crit des M\u00e9moires exquis, o\u00f9 l&#8217;humour le dispute \u00e0 la po\u00e9sie, d&#8217;apr\u00e8s des carnets de notes scrupuleusement tenus \u00ab an par an \u00bb qui font de lui un t\u00e9moin de son temps exceptionnel qui a travers\u00e9 tout le XXe si\u00e8cle ou presque, acteur reconnu et fin observateur de tous les mondes sociaux et culturels qui l&#8217;ont constitu\u00e9, d\u00e9cennie apr\u00e8s d\u00e9cennie.<\/p>\n","protected":false},"excerpt":{"rendered":"<p>Au niveau de notre territoire la m\u00e9tropole de Montpellier et la ville de S\u00e8te souhaitent rendre \u00e9galement hommage \u00e0 l&#8217;artiste Jean Hugo, disparu depuis quarante ans, avec le d\u00e9sir de r\u00e9v\u00e9ler l&#8217;ensemble de son oeuvre dans toute sa richesse et complexit\u00e9. Cet hommage, qui advient pour les quarante ans de la disparition de l&#8217;artiste, a [&hellip;]<\/p>\n","protected":false},"featured_media":42221,"template":"","meta":[],"product_cat":[2948,2953],"product_tag":[],"acf":[],"yoast_head":"<!-- This site is optimized with the Yoast SEO plugin v20.11 - https:\/\/yoast.com\/wordpress\/plugins\/seo\/ -->\n<title>Jean Hugo : Le regard magique - Librairie 7L<\/title>\n<meta name=\"robots\" content=\"index, follow, max-snippet:-1, max-image-preview:large, max-video-preview:-1\" \/>\n<link rel=\"canonical\" href=\"https:\/\/librairie7l.com\/en\/produit\/jean-hugo-le-regard-magique-2\/\" \/>\n<meta property=\"og:locale\" content=\"en_US\" \/>\n<meta property=\"og:type\" content=\"article\" \/>\n<meta property=\"og:title\" content=\"Jean Hugo : Le regard magique - Librairie 7L\" \/>\n<meta property=\"og:description\" content=\"Au niveau de notre territoire la m\u00e9tropole de Montpellier et la ville de S\u00e8te souhaitent rendre \u00e9galement hommage \u00e0 l&#8217;artiste Jean Hugo, disparu depuis quarante ans, avec le d\u00e9sir de r\u00e9v\u00e9ler l&#8217;ensemble de son oeuvre dans toute sa richesse et complexit\u00e9. Cet hommage, qui advient pour les quarante ans de la disparition de l&#8217;artiste, a [&hellip;]\" \/>\n<meta property=\"og:url\" content=\"https:\/\/librairie7l.com\/en\/produit\/jean-hugo-le-regard-magique-2\/\" \/>\n<meta property=\"og:site_name\" content=\"Librairie 7L\" \/>\n<meta property=\"article:modified_time\" content=\"2026-05-07T11:07:00+00:00\" \/>\n<meta property=\"og:image\" content=\"https:\/\/librairie7l.com\/wp-content\/uploads\/2024\/04\/9789461619266_1_75.jpg\" \/>\n\t<meta property=\"og:image:width\" content=\"600\" \/>\n\t<meta property=\"og:image:height\" content=\"705\" \/>\n\t<meta property=\"og:image:type\" content=\"image\/jpeg\" \/>\n<meta name=\"twitter:card\" content=\"summary_large_image\" \/>\n<meta name=\"twitter:label1\" content=\"Est. reading time\" \/>\n\t<meta name=\"twitter:data1\" content=\"1 minute\" \/>\n<script type=\"application\/ld+json\" class=\"yoast-schema-graph\">{\"@context\":\"https:\/\/schema.org\",\"@graph\":[{\"@type\":\"WebPage\",\"@id\":\"https:\/\/librairie7l.com\/en\/produit\/jean-hugo-le-regard-magique-2\/\",\"url\":\"https:\/\/librairie7l.com\/en\/produit\/jean-hugo-le-regard-magique-2\/\",\"name\":\"Jean Hugo : Le regard magique - Librairie 7L\",\"isPartOf\":{\"@id\":\"https:\/\/librairie7l.com\/en\/#website\"},\"datePublished\":\"2024-09-06T10:01:37+00:00\",\"dateModified\":\"2026-05-07T11:07:00+00:00\",\"breadcrumb\":{\"@id\":\"https:\/\/librairie7l.com\/en\/produit\/jean-hugo-le-regard-magique-2\/#breadcrumb\"},\"inLanguage\":\"en-US\",\"potentialAction\":[{\"@type\":\"ReadAction\",\"target\":[\"https:\/\/librairie7l.com\/en\/produit\/jean-hugo-le-regard-magique-2\/\"]}]},{\"@type\":\"BreadcrumbList\",\"@id\":\"https:\/\/librairie7l.com\/en\/produit\/jean-hugo-le-regard-magique-2\/#breadcrumb\",\"itemListElement\":[{\"@type\":\"ListItem\",\"position\":1,\"name\":\"Accueil\",\"item\":\"https:\/\/librairie7l.com\/en\/\"},{\"@type\":\"ListItem\",\"position\":2,\"name\":\"Shop\",\"item\":\"https:\/\/librairie7l.com\/en\/shop\/\"},{\"@type\":\"ListItem\",\"position\":3,\"name\":\"JEAN HUGO : LE REGARD MAGIQUE\"}]},{\"@type\":\"WebSite\",\"@id\":\"https:\/\/librairie7l.com\/en\/#website\",\"url\":\"https:\/\/librairie7l.com\/en\/\",\"name\":\"Librairie 7L\",\"description\":\"Librairie fond\u00e9e en 1999 par Karl Lagerfeld \u00e0 Paris\",\"publisher\":{\"@id\":\"https:\/\/librairie7l.com\/en\/#organization\"},\"potentialAction\":[{\"@type\":\"SearchAction\",\"target\":{\"@type\":\"EntryPoint\",\"urlTemplate\":\"https:\/\/librairie7l.com\/en\/?s={search_term_string}\"},\"query-input\":\"required name=search_term_string\"}],\"inLanguage\":\"en-US\"},{\"@type\":\"Organization\",\"@id\":\"https:\/\/librairie7l.com\/en\/#organization\",\"name\":\"Librairie 7L\",\"url\":\"https:\/\/librairie7l.com\/en\/\",\"logo\":{\"@type\":\"ImageObject\",\"inLanguage\":\"en-US\",\"@id\":\"https:\/\/librairie7l.com\/en\/#\/schema\/logo\/image\/\",\"url\":\"https:\/\/librairie7l.com\/wp-content\/uploads\/2022\/08\/logo-1.png\",\"contentUrl\":\"https:\/\/librairie7l.com\/wp-content\/uploads\/2022\/08\/logo-1.png\",\"width\":227,\"height\":301,\"caption\":\"Librairie 7L\"},\"image\":{\"@id\":\"https:\/\/librairie7l.com\/en\/#\/schema\/logo\/image\/\"}}]}<\/script>\n<!-- \/ Yoast SEO plugin. -->","yoast_head_json":{"title":"Jean Hugo : Le regard magique - Librairie 7L","robots":{"index":"index","follow":"follow","max-snippet":"max-snippet:-1","max-image-preview":"max-image-preview:large","max-video-preview":"max-video-preview:-1"},"canonical":"https:\/\/librairie7l.com\/en\/produit\/jean-hugo-le-regard-magique-2\/","og_locale":"en_US","og_type":"article","og_title":"Jean Hugo : Le regard magique - Librairie 7L","og_description":"Au niveau de notre territoire la m\u00e9tropole de Montpellier et la ville de S\u00e8te souhaitent rendre \u00e9galement hommage \u00e0 l&#8217;artiste Jean Hugo, disparu depuis quarante ans, avec le d\u00e9sir de r\u00e9v\u00e9ler l&#8217;ensemble de son oeuvre dans toute sa richesse et complexit\u00e9. Cet hommage, qui advient pour les quarante ans de la disparition de l&#8217;artiste, a [&hellip;]","og_url":"https:\/\/librairie7l.com\/en\/produit\/jean-hugo-le-regard-magique-2\/","og_site_name":"Librairie 7L","article_modified_time":"2026-05-07T11:07:00+00:00","og_image":[{"width":600,"height":705,"url":"https:\/\/librairie7l.com\/wp-content\/uploads\/2024\/04\/9789461619266_1_75.jpg","type":"image\/jpeg"}],"twitter_card":"summary_large_image","twitter_misc":{"Est. reading time":"1 minute"},"schema":{"@context":"https:\/\/schema.org","@graph":[{"@type":"WebPage","@id":"https:\/\/librairie7l.com\/en\/produit\/jean-hugo-le-regard-magique-2\/","url":"https:\/\/librairie7l.com\/en\/produit\/jean-hugo-le-regard-magique-2\/","name":"Jean Hugo : Le regard magique - Librairie 7L","isPartOf":{"@id":"https:\/\/librairie7l.com\/en\/#website"},"datePublished":"2024-09-06T10:01:37+00:00","dateModified":"2026-05-07T11:07:00+00:00","breadcrumb":{"@id":"https:\/\/librairie7l.com\/en\/produit\/jean-hugo-le-regard-magique-2\/#breadcrumb"},"inLanguage":"en-US","potentialAction":[{"@type":"ReadAction","target":["https:\/\/librairie7l.com\/en\/produit\/jean-hugo-le-regard-magique-2\/"]}]},{"@type":"BreadcrumbList","@id":"https:\/\/librairie7l.com\/en\/produit\/jean-hugo-le-regard-magique-2\/#breadcrumb","itemListElement":[{"@type":"ListItem","position":1,"name":"Accueil","item":"https:\/\/librairie7l.com\/en\/"},{"@type":"ListItem","position":2,"name":"Shop","item":"https:\/\/librairie7l.com\/en\/shop\/"},{"@type":"ListItem","position":3,"name":"JEAN HUGO : LE REGARD MAGIQUE"}]},{"@type":"WebSite","@id":"https:\/\/librairie7l.com\/en\/#website","url":"https:\/\/librairie7l.com\/en\/","name":"Librairie 7L","description":"Librairie fond\u00e9e en 1999 par Karl Lagerfeld \u00e0 Paris","publisher":{"@id":"https:\/\/librairie7l.com\/en\/#organization"},"potentialAction":[{"@type":"SearchAction","target":{"@type":"EntryPoint","urlTemplate":"https:\/\/librairie7l.com\/en\/?s={search_term_string}"},"query-input":"required name=search_term_string"}],"inLanguage":"en-US"},{"@type":"Organization","@id":"https:\/\/librairie7l.com\/en\/#organization","name":"Librairie 7L","url":"https:\/\/librairie7l.com\/en\/","logo":{"@type":"ImageObject","inLanguage":"en-US","@id":"https:\/\/librairie7l.com\/en\/#\/schema\/logo\/image\/","url":"https:\/\/librairie7l.com\/wp-content\/uploads\/2022\/08\/logo-1.png","contentUrl":"https:\/\/librairie7l.com\/wp-content\/uploads\/2022\/08\/logo-1.png","width":227,"height":301,"caption":"Librairie 7L"},"image":{"@id":"https:\/\/librairie7l.com\/en\/#\/schema\/logo\/image\/"}}]}},"_links":{"self":[{"href":"https:\/\/librairie7l.com\/en\/wp-json\/wp\/v2\/product\/42223"}],"collection":[{"href":"https:\/\/librairie7l.com\/en\/wp-json\/wp\/v2\/product"}],"about":[{"href":"https:\/\/librairie7l.com\/en\/wp-json\/wp\/v2\/types\/product"}],"wp:featuredmedia":[{"embeddable":true,"href":"https:\/\/librairie7l.com\/en\/wp-json\/wp\/v2\/media\/42221"}],"wp:attachment":[{"href":"https:\/\/librairie7l.com\/en\/wp-json\/wp\/v2\/media?parent=42223"}],"wp:term":[{"taxonomy":"product_cat","embeddable":true,"href":"https:\/\/librairie7l.com\/en\/wp-json\/wp\/v2\/product_cat?post=42223"},{"taxonomy":"product_tag","embeddable":true,"href":"https:\/\/librairie7l.com\/en\/wp-json\/wp\/v2\/product_tag?post=42223"}],"curies":[{"name":"wp","href":"https:\/\/api.w.org\/{rel}","templated":true}]}}