{"id":42239,"date":"2024-09-06T12:01:48","date_gmt":"2024-09-06T10:01:48","guid":{"rendered":"https:\/\/librairie7l.com\/?post_type=product&#038;p=42239"},"modified":"2026-04-19T20:37:40","modified_gmt":"2026-04-19T18:37:40","slug":"ma-peau-se-souvient-2","status":"publish","type":"product","link":"https:\/\/librairie7l.com\/en\/produit\/ma-peau-se-souvient-2\/","title":{"rendered":"MA PEAU SE SOUVIENT"},"content":{"rendered":"<p>Sculpteur du cuir stretch, passionn\u00e9 de Yourcenar, th\u00e9rapeute curieux \u00e0 l&#8217;\u00e9coute des femmes : il y a plusieurs vies dans la vie de Jean-Claude Jitrois.<br \/>\nLors des soir\u00e9es qu&#8217;il organise rue de Rivoli, il rassemble tout ce que Paris compte de chic et de louche. Le public en redemande.<br \/>\nC&#8217;est que  \u00ab les Jitrois  \u00bb connaissent du monde. Le couturier des stars, tout \u00e0 la fois mari fid\u00e8le, amant volage, patriarche inflexible et capitaine sur le pont, aura fait le tour du si\u00e8cle.<br \/>\nILlustr\u00e9e de nombreuses archives photos, cette histoire &#8211; la sienne, celle de sa tribu et d&#8217;une fin de mill\u00e9naire incandescente &#8211; m\u00eale mont\u00e9es de s\u00e8ve et chutes de reins.  <\/p>\n<p>Des bras de Mike Tyson ou de Brigitte Nielsen aux couloirs de la fac de Nice,  Ma peau se souvient  \u00e9voque l&#8217;\u00e9ducation sentimentale d&#8217;un homme r\u00e9tif aux conventions bourgeoises, l&#8217;effervescence baroque de la jet set mondiale et les heures sombres des ann\u00e9es sida. S&#8217;y lit, au lendemain de son quatre-vingti\u00e8me anniversaire, l&#8217;itin\u00e9raire d&#8217;un designer visionnaire m\u00fb par l&#8217;amour du cuir et de la libert\u00e9.<\/p>\n<p>Couturier fran\u00e7ais n\u00e9 en 1944, Jean-Claude Coste, dit Jitrois, ouvre sa premi\u00e8re boutique \u00e0 Nice en 1976 apr\u00e8s une carri\u00e8re remarqu\u00e9e de psychomotricien. Il r\u00e9volutionne l&#8217;industrie de la mode par la sublimation du cuir stretch, qui le propulse au rang d&#8217;ic\u00f4ne internationale, et re\u00e7oit la L\u00e9gion d&#8217;honneur en 2002 pour ses contributions au secteur du v\u00eatement.<\/p>\n","protected":false},"excerpt":{"rendered":"<p>Sculpteur du cuir stretch, passionn\u00e9 de Yourcenar, th\u00e9rapeute curieux \u00e0 l&#8217;\u00e9coute des femmes : il y a plusieurs vies dans la vie de Jean-Claude Jitrois. Lors des soir\u00e9es qu&#8217;il organise rue de Rivoli, il rassemble tout ce que Paris compte de chic et de louche. Le public en redemande. C&#8217;est que \u00ab les Jitrois \u00bb [&hellip;]<\/p>\n","protected":false},"featured_media":42237,"template":"","meta":[],"product_cat":[2948,2957],"product_tag":[],"acf":[],"yoast_head":"<!-- This site is optimized with the Yoast SEO plugin v20.11 - https:\/\/yoast.com\/wordpress\/plugins\/seo\/ -->\n<title>Ma peau se souvient - Librairie 7L<\/title>\n<meta name=\"robots\" content=\"index, follow, max-snippet:-1, max-image-preview:large, max-video-preview:-1\" \/>\n<link rel=\"canonical\" href=\"https:\/\/librairie7l.com\/en\/produit\/ma-peau-se-souvient-2\/\" \/>\n<meta property=\"og:locale\" content=\"en_US\" \/>\n<meta property=\"og:type\" content=\"article\" \/>\n<meta property=\"og:title\" content=\"Ma peau se souvient - Librairie 7L\" \/>\n<meta property=\"og:description\" content=\"Sculpteur du cuir stretch, passionn\u00e9 de Yourcenar, th\u00e9rapeute curieux \u00e0 l&#8217;\u00e9coute des femmes : il y a plusieurs vies dans la vie de Jean-Claude Jitrois. Lors des soir\u00e9es qu&#8217;il organise rue de Rivoli, il rassemble tout ce que Paris compte de chic et de louche. Le public en redemande. C&#8217;est que \u00ab les Jitrois \u00bb [&hellip;]\" \/>\n<meta property=\"og:url\" content=\"https:\/\/librairie7l.com\/en\/produit\/ma-peau-se-souvient-2\/\" \/>\n<meta property=\"og:site_name\" content=\"Librairie 7L\" \/>\n<meta property=\"article:modified_time\" content=\"2026-04-19T18:37:40+00:00\" \/>\n<meta property=\"og:image\" content=\"https:\/\/librairie7l.com\/wp-content\/uploads\/2024\/05\/9782720215773_1_75.jpg\" \/>\n\t<meta property=\"og:image:width\" content=\"600\" \/>\n\t<meta property=\"og:image:height\" content=\"955\" \/>\n\t<meta property=\"og:image:type\" content=\"image\/jpeg\" \/>\n<meta name=\"twitter:card\" content=\"summary_large_image\" \/>\n<meta name=\"twitter:label1\" content=\"Est. reading time\" \/>\n\t<meta name=\"twitter:data1\" content=\"1 minute\" \/>\n<script type=\"application\/ld+json\" class=\"yoast-schema-graph\">{\"@context\":\"https:\/\/schema.org\",\"@graph\":[{\"@type\":\"WebPage\",\"@id\":\"https:\/\/librairie7l.com\/en\/produit\/ma-peau-se-souvient-2\/\",\"url\":\"https:\/\/librairie7l.com\/en\/produit\/ma-peau-se-souvient-2\/\",\"name\":\"Ma peau se souvient - Librairie 7L\",\"isPartOf\":{\"@id\":\"https:\/\/librairie7l.com\/en\/#website\"},\"datePublished\":\"2024-09-06T10:01:48+00:00\",\"dateModified\":\"2026-04-19T18:37:40+00:00\",\"breadcrumb\":{\"@id\":\"https:\/\/librairie7l.com\/en\/produit\/ma-peau-se-souvient-2\/#breadcrumb\"},\"inLanguage\":\"en-US\",\"potentialAction\":[{\"@type\":\"ReadAction\",\"target\":[\"https:\/\/librairie7l.com\/en\/produit\/ma-peau-se-souvient-2\/\"]}]},{\"@type\":\"BreadcrumbList\",\"@id\":\"https:\/\/librairie7l.com\/en\/produit\/ma-peau-se-souvient-2\/#breadcrumb\",\"itemListElement\":[{\"@type\":\"ListItem\",\"position\":1,\"name\":\"Accueil\",\"item\":\"https:\/\/librairie7l.com\/en\/\"},{\"@type\":\"ListItem\",\"position\":2,\"name\":\"Shop\",\"item\":\"https:\/\/librairie7l.com\/en\/shop\/\"},{\"@type\":\"ListItem\",\"position\":3,\"name\":\"MA PEAU SE SOUVIENT\"}]},{\"@type\":\"WebSite\",\"@id\":\"https:\/\/librairie7l.com\/en\/#website\",\"url\":\"https:\/\/librairie7l.com\/en\/\",\"name\":\"Librairie 7L\",\"description\":\"Librairie fond\u00e9e en 1999 par Karl Lagerfeld \u00e0 Paris\",\"publisher\":{\"@id\":\"https:\/\/librairie7l.com\/en\/#organization\"},\"potentialAction\":[{\"@type\":\"SearchAction\",\"target\":{\"@type\":\"EntryPoint\",\"urlTemplate\":\"https:\/\/librairie7l.com\/en\/?s={search_term_string}\"},\"query-input\":\"required name=search_term_string\"}],\"inLanguage\":\"en-US\"},{\"@type\":\"Organization\",\"@id\":\"https:\/\/librairie7l.com\/en\/#organization\",\"name\":\"Librairie 7L\",\"url\":\"https:\/\/librairie7l.com\/en\/\",\"logo\":{\"@type\":\"ImageObject\",\"inLanguage\":\"en-US\",\"@id\":\"https:\/\/librairie7l.com\/en\/#\/schema\/logo\/image\/\",\"url\":\"https:\/\/librairie7l.com\/wp-content\/uploads\/2022\/08\/logo-1.png\",\"contentUrl\":\"https:\/\/librairie7l.com\/wp-content\/uploads\/2022\/08\/logo-1.png\",\"width\":227,\"height\":301,\"caption\":\"Librairie 7L\"},\"image\":{\"@id\":\"https:\/\/librairie7l.com\/en\/#\/schema\/logo\/image\/\"}}]}<\/script>\n<!-- \/ Yoast SEO plugin. -->","yoast_head_json":{"title":"Ma peau se souvient - Librairie 7L","robots":{"index":"index","follow":"follow","max-snippet":"max-snippet:-1","max-image-preview":"max-image-preview:large","max-video-preview":"max-video-preview:-1"},"canonical":"https:\/\/librairie7l.com\/en\/produit\/ma-peau-se-souvient-2\/","og_locale":"en_US","og_type":"article","og_title":"Ma peau se souvient - Librairie 7L","og_description":"Sculpteur du cuir stretch, passionn\u00e9 de Yourcenar, th\u00e9rapeute curieux \u00e0 l&#8217;\u00e9coute des femmes : il y a plusieurs vies dans la vie de Jean-Claude Jitrois. Lors des soir\u00e9es qu&#8217;il organise rue de Rivoli, il rassemble tout ce que Paris compte de chic et de louche. Le public en redemande. C&#8217;est que \u00ab les Jitrois \u00bb [&hellip;]","og_url":"https:\/\/librairie7l.com\/en\/produit\/ma-peau-se-souvient-2\/","og_site_name":"Librairie 7L","article_modified_time":"2026-04-19T18:37:40+00:00","og_image":[{"width":600,"height":955,"url":"https:\/\/librairie7l.com\/wp-content\/uploads\/2024\/05\/9782720215773_1_75.jpg","type":"image\/jpeg"}],"twitter_card":"summary_large_image","twitter_misc":{"Est. reading time":"1 minute"},"schema":{"@context":"https:\/\/schema.org","@graph":[{"@type":"WebPage","@id":"https:\/\/librairie7l.com\/en\/produit\/ma-peau-se-souvient-2\/","url":"https:\/\/librairie7l.com\/en\/produit\/ma-peau-se-souvient-2\/","name":"Ma peau se souvient - Librairie 7L","isPartOf":{"@id":"https:\/\/librairie7l.com\/en\/#website"},"datePublished":"2024-09-06T10:01:48+00:00","dateModified":"2026-04-19T18:37:40+00:00","breadcrumb":{"@id":"https:\/\/librairie7l.com\/en\/produit\/ma-peau-se-souvient-2\/#breadcrumb"},"inLanguage":"en-US","potentialAction":[{"@type":"ReadAction","target":["https:\/\/librairie7l.com\/en\/produit\/ma-peau-se-souvient-2\/"]}]},{"@type":"BreadcrumbList","@id":"https:\/\/librairie7l.com\/en\/produit\/ma-peau-se-souvient-2\/#breadcrumb","itemListElement":[{"@type":"ListItem","position":1,"name":"Accueil","item":"https:\/\/librairie7l.com\/en\/"},{"@type":"ListItem","position":2,"name":"Shop","item":"https:\/\/librairie7l.com\/en\/shop\/"},{"@type":"ListItem","position":3,"name":"MA PEAU SE SOUVIENT"}]},{"@type":"WebSite","@id":"https:\/\/librairie7l.com\/en\/#website","url":"https:\/\/librairie7l.com\/en\/","name":"Librairie 7L","description":"Librairie fond\u00e9e en 1999 par Karl Lagerfeld \u00e0 Paris","publisher":{"@id":"https:\/\/librairie7l.com\/en\/#organization"},"potentialAction":[{"@type":"SearchAction","target":{"@type":"EntryPoint","urlTemplate":"https:\/\/librairie7l.com\/en\/?s={search_term_string}"},"query-input":"required name=search_term_string"}],"inLanguage":"en-US"},{"@type":"Organization","@id":"https:\/\/librairie7l.com\/en\/#organization","name":"Librairie 7L","url":"https:\/\/librairie7l.com\/en\/","logo":{"@type":"ImageObject","inLanguage":"en-US","@id":"https:\/\/librairie7l.com\/en\/#\/schema\/logo\/image\/","url":"https:\/\/librairie7l.com\/wp-content\/uploads\/2022\/08\/logo-1.png","contentUrl":"https:\/\/librairie7l.com\/wp-content\/uploads\/2022\/08\/logo-1.png","width":227,"height":301,"caption":"Librairie 7L"},"image":{"@id":"https:\/\/librairie7l.com\/en\/#\/schema\/logo\/image\/"}}]}},"_links":{"self":[{"href":"https:\/\/librairie7l.com\/en\/wp-json\/wp\/v2\/product\/42239"}],"collection":[{"href":"https:\/\/librairie7l.com\/en\/wp-json\/wp\/v2\/product"}],"about":[{"href":"https:\/\/librairie7l.com\/en\/wp-json\/wp\/v2\/types\/product"}],"wp:featuredmedia":[{"embeddable":true,"href":"https:\/\/librairie7l.com\/en\/wp-json\/wp\/v2\/media\/42237"}],"wp:attachment":[{"href":"https:\/\/librairie7l.com\/en\/wp-json\/wp\/v2\/media?parent=42239"}],"wp:term":[{"taxonomy":"product_cat","embeddable":true,"href":"https:\/\/librairie7l.com\/en\/wp-json\/wp\/v2\/product_cat?post=42239"},{"taxonomy":"product_tag","embeddable":true,"href":"https:\/\/librairie7l.com\/en\/wp-json\/wp\/v2\/product_tag?post=42239"}],"curies":[{"name":"wp","href":"https:\/\/api.w.org\/{rel}","templated":true}]}}