{"id":42243,"date":"2024-09-06T12:01:50","date_gmt":"2024-09-06T10:01:50","guid":{"rendered":"https:\/\/librairie7l.com\/?post_type=product&#038;p=42243"},"modified":"2026-04-16T23:21:09","modified_gmt":"2026-04-16T21:21:09","slug":"marie-blanche-de-polignac-la-derniere-egerie-2","status":"publish","type":"product","link":"https:\/\/librairie7l.com\/en\/produit\/marie-blanche-de-polignac-la-derniere-egerie-2\/","title":{"rendered":"MARIE-BLANCHE DE POLIGNAC : LA DERNI\u00c8RE \u00c9G\u00c9RIE"},"content":{"rendered":"<p>Fille unique et ador\u00e9e de Jeanne Lanvin, Marie-Blanche re\u00e7oit une \u00e9ducation d&#8217;\u00e9lite. Soucieuse qu&#8217;elle ne d\u00e9pende pas des hommes, la grande couturi\u00e8re entend faire de sa fille une musicienne \u00e0 m\u00eame de vivre de son art. Pianiste tr\u00e8s t\u00f4t remarqu\u00e9e, cantatrice \u00e0 la voix de soprano ang\u00e9lique, Marie-Blanche est \u00e9galement d&#8217;une grande beaut\u00e9. Habill\u00e9e par Lanvin, elle sera consid\u00e9r\u00e9e comme la femme la plus \u00e9l\u00e9gante de Paris.<\/p>\n<p>Soucieuse d&#8217;\u00e9chapper \u00e0 la f\u00e9rule d&#8217;une m\u00e8re possessive, elle \u00e9pouse, en pleine Premi\u00e8re Guerre mondiale, Ren\u00e9 Jacquemaire-Clemenceau, le petit-fils du Tigre. Le tourbillon des Ann\u00e9es folles aura raison de ce mariage. Marie-Blanche rencontre le comte Jean de Polignac, arch\u00e9type du \u00ab prince charmant \u00bb. Le coup de foudre est r\u00e9ciproque, le couple devient l&#8217;un des plus en vue de Paris.<\/p>\n<p>Dans son salon de la rue Barbet-de-Jouy, elle prend l&#8217;habitude de recevoir les artistes et les \u00e9crivains les plus prometteurs, comme Jean Cocteau, Francis Poulenc, Paul Morand, Jean Giraudoux ou Christian B\u00e9rard. Chacun lui soumet partition ou manuscrit, sachant bien qu&#8217;elle a l&#8217;oreille absolue et le go\u00fbt s\u00fbr. Travailleuse acharn\u00e9e, elle rejoint l&#8217;ensemble vocal de Nadia Boulanger avec lequel elle est internationalement acclam\u00e9e.<\/p>\n<p>D&#8217;une tout autre fa\u00e7on que sa tante Winnie, princesse de Polignac, Marie-Blanche est une \u00e9g\u00e9rie qui a jou\u00e9 un r\u00f4le majeur dans la cr\u00e9ation musicale et litt\u00e9raire du premier XXe si\u00e8cle. \u00c0 l&#8217;aide de tr\u00e8s nombreux archives et t\u00e9moignages, David Gaillardon propose ici la premi\u00e8re biographie de Marie-Blanche de Polignac, muse adul\u00e9e du Tout-Paris de l&#8217;entre-deux-guerres.<\/p>\n","protected":false},"excerpt":{"rendered":"<p>Fille unique et ador\u00e9e de Jeanne Lanvin, Marie-Blanche re\u00e7oit une \u00e9ducation d&#8217;\u00e9lite. Soucieuse qu&#8217;elle ne d\u00e9pende pas des hommes, la grande couturi\u00e8re entend faire de sa fille une musicienne \u00e0 m\u00eame de vivre de son art. Pianiste tr\u00e8s t\u00f4t remarqu\u00e9e, cantatrice \u00e0 la voix de soprano ang\u00e9lique, Marie-Blanche est \u00e9galement d&#8217;une grande beaut\u00e9. Habill\u00e9e par [&hellip;]<\/p>\n","protected":false},"featured_media":42241,"template":"","meta":[],"product_cat":[2948,2953],"product_tag":[],"acf":[],"yoast_head":"<!-- This site is optimized with the Yoast SEO plugin v20.11 - https:\/\/yoast.com\/wordpress\/plugins\/seo\/ -->\n<title>Marie-Blanche de Polignac : La derni\u00e8re \u00e9g\u00e9rie - Librairie 7L<\/title>\n<meta name=\"robots\" content=\"index, follow, max-snippet:-1, max-image-preview:large, max-video-preview:-1\" \/>\n<link rel=\"canonical\" href=\"https:\/\/librairie7l.com\/en\/produit\/marie-blanche-de-polignac-la-derniere-egerie-2\/\" \/>\n<meta property=\"og:locale\" content=\"en_US\" \/>\n<meta property=\"og:type\" content=\"article\" \/>\n<meta property=\"og:title\" content=\"Marie-Blanche de Polignac : La derni\u00e8re \u00e9g\u00e9rie - Librairie 7L\" \/>\n<meta property=\"og:description\" content=\"Fille unique et ador\u00e9e de Jeanne Lanvin, Marie-Blanche re\u00e7oit une \u00e9ducation d&#8217;\u00e9lite. Soucieuse qu&#8217;elle ne d\u00e9pende pas des hommes, la grande couturi\u00e8re entend faire de sa fille une musicienne \u00e0 m\u00eame de vivre de son art. Pianiste tr\u00e8s t\u00f4t remarqu\u00e9e, cantatrice \u00e0 la voix de soprano ang\u00e9lique, Marie-Blanche est \u00e9galement d&#8217;une grande beaut\u00e9. Habill\u00e9e par [&hellip;]\" \/>\n<meta property=\"og:url\" content=\"https:\/\/librairie7l.com\/en\/produit\/marie-blanche-de-polignac-la-derniere-egerie-2\/\" \/>\n<meta property=\"og:site_name\" content=\"Librairie 7L\" \/>\n<meta property=\"article:modified_time\" content=\"2026-04-16T21:21:09+00:00\" \/>\n<meta property=\"og:image\" content=\"https:\/\/librairie7l.com\/wp-content\/uploads\/2023\/12\/9791021061859_1_75.jpg\" \/>\n\t<meta property=\"og:image:width\" content=\"600\" \/>\n\t<meta property=\"og:image:height\" content=\"892\" \/>\n\t<meta property=\"og:image:type\" content=\"image\/jpeg\" \/>\n<meta name=\"twitter:card\" content=\"summary_large_image\" \/>\n<meta name=\"twitter:label1\" content=\"Est. reading time\" \/>\n\t<meta name=\"twitter:data1\" content=\"1 minute\" \/>\n<script type=\"application\/ld+json\" class=\"yoast-schema-graph\">{\"@context\":\"https:\/\/schema.org\",\"@graph\":[{\"@type\":\"WebPage\",\"@id\":\"https:\/\/librairie7l.com\/en\/produit\/marie-blanche-de-polignac-la-derniere-egerie-2\/\",\"url\":\"https:\/\/librairie7l.com\/en\/produit\/marie-blanche-de-polignac-la-derniere-egerie-2\/\",\"name\":\"Marie-Blanche de Polignac : La derni\u00e8re \u00e9g\u00e9rie - Librairie 7L\",\"isPartOf\":{\"@id\":\"https:\/\/librairie7l.com\/en\/#website\"},\"datePublished\":\"2024-09-06T10:01:50+00:00\",\"dateModified\":\"2026-04-16T21:21:09+00:00\",\"breadcrumb\":{\"@id\":\"https:\/\/librairie7l.com\/en\/produit\/marie-blanche-de-polignac-la-derniere-egerie-2\/#breadcrumb\"},\"inLanguage\":\"en-US\",\"potentialAction\":[{\"@type\":\"ReadAction\",\"target\":[\"https:\/\/librairie7l.com\/en\/produit\/marie-blanche-de-polignac-la-derniere-egerie-2\/\"]}]},{\"@type\":\"BreadcrumbList\",\"@id\":\"https:\/\/librairie7l.com\/en\/produit\/marie-blanche-de-polignac-la-derniere-egerie-2\/#breadcrumb\",\"itemListElement\":[{\"@type\":\"ListItem\",\"position\":1,\"name\":\"Accueil\",\"item\":\"https:\/\/librairie7l.com\/en\/\"},{\"@type\":\"ListItem\",\"position\":2,\"name\":\"Shop\",\"item\":\"https:\/\/librairie7l.com\/en\/shop\/\"},{\"@type\":\"ListItem\",\"position\":3,\"name\":\"MARIE-BLANCHE DE POLIGNAC : LA DERNI\u00c8RE \u00c9G\u00c9RIE\"}]},{\"@type\":\"WebSite\",\"@id\":\"https:\/\/librairie7l.com\/en\/#website\",\"url\":\"https:\/\/librairie7l.com\/en\/\",\"name\":\"Librairie 7L\",\"description\":\"Librairie fond\u00e9e en 1999 par Karl Lagerfeld \u00e0 Paris\",\"publisher\":{\"@id\":\"https:\/\/librairie7l.com\/en\/#organization\"},\"potentialAction\":[{\"@type\":\"SearchAction\",\"target\":{\"@type\":\"EntryPoint\",\"urlTemplate\":\"https:\/\/librairie7l.com\/en\/?s={search_term_string}\"},\"query-input\":\"required name=search_term_string\"}],\"inLanguage\":\"en-US\"},{\"@type\":\"Organization\",\"@id\":\"https:\/\/librairie7l.com\/en\/#organization\",\"name\":\"Librairie 7L\",\"url\":\"https:\/\/librairie7l.com\/en\/\",\"logo\":{\"@type\":\"ImageObject\",\"inLanguage\":\"en-US\",\"@id\":\"https:\/\/librairie7l.com\/en\/#\/schema\/logo\/image\/\",\"url\":\"https:\/\/librairie7l.com\/wp-content\/uploads\/2022\/08\/logo-1.png\",\"contentUrl\":\"https:\/\/librairie7l.com\/wp-content\/uploads\/2022\/08\/logo-1.png\",\"width\":227,\"height\":301,\"caption\":\"Librairie 7L\"},\"image\":{\"@id\":\"https:\/\/librairie7l.com\/en\/#\/schema\/logo\/image\/\"}}]}<\/script>\n<!-- \/ Yoast SEO plugin. -->","yoast_head_json":{"title":"Marie-Blanche de Polignac : La derni\u00e8re \u00e9g\u00e9rie - Librairie 7L","robots":{"index":"index","follow":"follow","max-snippet":"max-snippet:-1","max-image-preview":"max-image-preview:large","max-video-preview":"max-video-preview:-1"},"canonical":"https:\/\/librairie7l.com\/en\/produit\/marie-blanche-de-polignac-la-derniere-egerie-2\/","og_locale":"en_US","og_type":"article","og_title":"Marie-Blanche de Polignac : La derni\u00e8re \u00e9g\u00e9rie - Librairie 7L","og_description":"Fille unique et ador\u00e9e de Jeanne Lanvin, Marie-Blanche re\u00e7oit une \u00e9ducation d&#8217;\u00e9lite. Soucieuse qu&#8217;elle ne d\u00e9pende pas des hommes, la grande couturi\u00e8re entend faire de sa fille une musicienne \u00e0 m\u00eame de vivre de son art. Pianiste tr\u00e8s t\u00f4t remarqu\u00e9e, cantatrice \u00e0 la voix de soprano ang\u00e9lique, Marie-Blanche est \u00e9galement d&#8217;une grande beaut\u00e9. Habill\u00e9e par [&hellip;]","og_url":"https:\/\/librairie7l.com\/en\/produit\/marie-blanche-de-polignac-la-derniere-egerie-2\/","og_site_name":"Librairie 7L","article_modified_time":"2026-04-16T21:21:09+00:00","og_image":[{"width":600,"height":892,"url":"https:\/\/librairie7l.com\/wp-content\/uploads\/2023\/12\/9791021061859_1_75.jpg","type":"image\/jpeg"}],"twitter_card":"summary_large_image","twitter_misc":{"Est. reading time":"1 minute"},"schema":{"@context":"https:\/\/schema.org","@graph":[{"@type":"WebPage","@id":"https:\/\/librairie7l.com\/en\/produit\/marie-blanche-de-polignac-la-derniere-egerie-2\/","url":"https:\/\/librairie7l.com\/en\/produit\/marie-blanche-de-polignac-la-derniere-egerie-2\/","name":"Marie-Blanche de Polignac : La derni\u00e8re \u00e9g\u00e9rie - Librairie 7L","isPartOf":{"@id":"https:\/\/librairie7l.com\/en\/#website"},"datePublished":"2024-09-06T10:01:50+00:00","dateModified":"2026-04-16T21:21:09+00:00","breadcrumb":{"@id":"https:\/\/librairie7l.com\/en\/produit\/marie-blanche-de-polignac-la-derniere-egerie-2\/#breadcrumb"},"inLanguage":"en-US","potentialAction":[{"@type":"ReadAction","target":["https:\/\/librairie7l.com\/en\/produit\/marie-blanche-de-polignac-la-derniere-egerie-2\/"]}]},{"@type":"BreadcrumbList","@id":"https:\/\/librairie7l.com\/en\/produit\/marie-blanche-de-polignac-la-derniere-egerie-2\/#breadcrumb","itemListElement":[{"@type":"ListItem","position":1,"name":"Accueil","item":"https:\/\/librairie7l.com\/en\/"},{"@type":"ListItem","position":2,"name":"Shop","item":"https:\/\/librairie7l.com\/en\/shop\/"},{"@type":"ListItem","position":3,"name":"MARIE-BLANCHE DE POLIGNAC : LA DERNI\u00c8RE \u00c9G\u00c9RIE"}]},{"@type":"WebSite","@id":"https:\/\/librairie7l.com\/en\/#website","url":"https:\/\/librairie7l.com\/en\/","name":"Librairie 7L","description":"Librairie fond\u00e9e en 1999 par Karl Lagerfeld \u00e0 Paris","publisher":{"@id":"https:\/\/librairie7l.com\/en\/#organization"},"potentialAction":[{"@type":"SearchAction","target":{"@type":"EntryPoint","urlTemplate":"https:\/\/librairie7l.com\/en\/?s={search_term_string}"},"query-input":"required name=search_term_string"}],"inLanguage":"en-US"},{"@type":"Organization","@id":"https:\/\/librairie7l.com\/en\/#organization","name":"Librairie 7L","url":"https:\/\/librairie7l.com\/en\/","logo":{"@type":"ImageObject","inLanguage":"en-US","@id":"https:\/\/librairie7l.com\/en\/#\/schema\/logo\/image\/","url":"https:\/\/librairie7l.com\/wp-content\/uploads\/2022\/08\/logo-1.png","contentUrl":"https:\/\/librairie7l.com\/wp-content\/uploads\/2022\/08\/logo-1.png","width":227,"height":301,"caption":"Librairie 7L"},"image":{"@id":"https:\/\/librairie7l.com\/en\/#\/schema\/logo\/image\/"}}]}},"_links":{"self":[{"href":"https:\/\/librairie7l.com\/en\/wp-json\/wp\/v2\/product\/42243"}],"collection":[{"href":"https:\/\/librairie7l.com\/en\/wp-json\/wp\/v2\/product"}],"about":[{"href":"https:\/\/librairie7l.com\/en\/wp-json\/wp\/v2\/types\/product"}],"wp:featuredmedia":[{"embeddable":true,"href":"https:\/\/librairie7l.com\/en\/wp-json\/wp\/v2\/media\/42241"}],"wp:attachment":[{"href":"https:\/\/librairie7l.com\/en\/wp-json\/wp\/v2\/media?parent=42243"}],"wp:term":[{"taxonomy":"product_cat","embeddable":true,"href":"https:\/\/librairie7l.com\/en\/wp-json\/wp\/v2\/product_cat?post=42243"},{"taxonomy":"product_tag","embeddable":true,"href":"https:\/\/librairie7l.com\/en\/wp-json\/wp\/v2\/product_tag?post=42243"}],"curies":[{"name":"wp","href":"https:\/\/api.w.org\/{rel}","templated":true}]}}