{"id":42247,"date":"2024-09-06T12:01:52","date_gmt":"2024-09-06T10:01:52","guid":{"rendered":"https:\/\/librairie7l.com\/?post_type=product&#038;p=42247"},"modified":"2026-04-23T11:26:57","modified_gmt":"2026-04-23T09:26:57","slug":"bijouterie-art-et-techniques-2","status":"publish","type":"product","link":"https:\/\/librairie7l.com\/en\/produit\/bijouterie-art-et-techniques-2\/","title":{"rendered":"BIJOUTERIE : ART ET TECHNIQUES"},"content":{"rendered":"<p>Cet ouvrage extr\u00eamement complet aborde tous les proc\u00e9d\u00e9s utilis\u00e9s dans l&#8217;art de la bijouterie. Apr\u00e8s avoir retrac\u00e9 l&#8217;histoire de la fabrication des bijoux, il s&#8217;int\u00e9resse \u00e0 l&#8217;\u00e9quipement de l&#8217;artisan en d\u00e9taillant ses outils et leurs usages. Les mat\u00e9riaux sont \u00e9galement \u00e9tudi\u00e9s, car il est n\u00e9cessaire de conna\u00eetre leurs propri\u00e9t\u00e9s pour pouvoir les transformer et explorer les diff\u00e9rentes possibilit\u00e9s de finition.<\/p>\n<p>Toutes les techniques employ\u00e9es en bijouterie sont ensuite pr\u00e9sent\u00e9es une \u00e0 une : d&#8217;abord celles de base (per\u00e7age, limage, soudure, polissage), puis le montage, la mise en forme, les m\u00e9canismes, le travail de la couleur et des textures, et enfin les proc\u00e9d\u00e9s plus sp\u00e9cifiques comme le sertissage et l&#8217;enfilage.<\/p>\n<p>En fin d&#8217;ouvrage, une partie d\u00e9di\u00e9e \u00e0 la cr\u00e9ation, \u00e0 la promotion et \u00e0 la vente des bijoux s&#8217;adresse plus particuli\u00e8rement \u00e0 ceux qui souhaitent se professionnaliser et s&#8217;installer \u00e0 leur compte.<\/p>\n","protected":false},"excerpt":{"rendered":"<p>Cet ouvrage extr\u00eamement complet aborde tous les proc\u00e9d\u00e9s utilis\u00e9s dans l&#8217;art de la bijouterie. Apr\u00e8s avoir retrac\u00e9 l&#8217;histoire de la fabrication des bijoux, il s&#8217;int\u00e9resse \u00e0 l&#8217;\u00e9quipement de l&#8217;artisan en d\u00e9taillant ses outils et leurs usages. Les mat\u00e9riaux sont \u00e9galement \u00e9tudi\u00e9s, car il est n\u00e9cessaire de conna\u00eetre leurs propri\u00e9t\u00e9s pour pouvoir les transformer et explorer [&hellip;]<\/p>\n","protected":false},"featured_media":42245,"template":"","meta":[],"product_cat":[2948,2952],"product_tag":[],"acf":[],"yoast_head":"<!-- This site is optimized with the Yoast SEO plugin v20.11 - https:\/\/yoast.com\/wordpress\/plugins\/seo\/ -->\n<title>Bijouterie : Art et techniques - Librairie 7L<\/title>\n<meta name=\"robots\" content=\"index, follow, max-snippet:-1, max-image-preview:large, max-video-preview:-1\" \/>\n<link rel=\"canonical\" href=\"https:\/\/librairie7l.com\/en\/produit\/bijouterie-art-et-techniques-2\/\" \/>\n<meta property=\"og:locale\" content=\"en_US\" \/>\n<meta property=\"og:type\" content=\"article\" \/>\n<meta property=\"og:title\" content=\"Bijouterie : Art et techniques - Librairie 7L\" \/>\n<meta property=\"og:description\" content=\"Cet ouvrage extr\u00eamement complet aborde tous les proc\u00e9d\u00e9s utilis\u00e9s dans l&#8217;art de la bijouterie. Apr\u00e8s avoir retrac\u00e9 l&#8217;histoire de la fabrication des bijoux, il s&#8217;int\u00e9resse \u00e0 l&#8217;\u00e9quipement de l&#8217;artisan en d\u00e9taillant ses outils et leurs usages. Les mat\u00e9riaux sont \u00e9galement \u00e9tudi\u00e9s, car il est n\u00e9cessaire de conna\u00eetre leurs propri\u00e9t\u00e9s pour pouvoir les transformer et explorer [&hellip;]\" \/>\n<meta property=\"og:url\" content=\"https:\/\/librairie7l.com\/en\/produit\/bijouterie-art-et-techniques-2\/\" \/>\n<meta property=\"og:site_name\" content=\"Librairie 7L\" \/>\n<meta property=\"article:modified_time\" content=\"2026-04-23T09:26:57+00:00\" \/>\n<meta property=\"og:image\" content=\"https:\/\/librairie7l.com\/wp-content\/uploads\/2024\/03\/9782851012685_1_75.jpg\" \/>\n\t<meta property=\"og:image:width\" content=\"600\" \/>\n\t<meta property=\"og:image:height\" content=\"800\" \/>\n\t<meta property=\"og:image:type\" content=\"image\/jpeg\" \/>\n<meta name=\"twitter:card\" content=\"summary_large_image\" \/>\n<meta name=\"twitter:label1\" content=\"Est. reading time\" \/>\n\t<meta name=\"twitter:data1\" content=\"1 minute\" \/>\n<script type=\"application\/ld+json\" class=\"yoast-schema-graph\">{\"@context\":\"https:\/\/schema.org\",\"@graph\":[{\"@type\":\"WebPage\",\"@id\":\"https:\/\/librairie7l.com\/en\/produit\/bijouterie-art-et-techniques-2\/\",\"url\":\"https:\/\/librairie7l.com\/en\/produit\/bijouterie-art-et-techniques-2\/\",\"name\":\"Bijouterie : Art et techniques - Librairie 7L\",\"isPartOf\":{\"@id\":\"https:\/\/librairie7l.com\/en\/#website\"},\"datePublished\":\"2024-09-06T10:01:52+00:00\",\"dateModified\":\"2026-04-23T09:26:57+00:00\",\"breadcrumb\":{\"@id\":\"https:\/\/librairie7l.com\/en\/produit\/bijouterie-art-et-techniques-2\/#breadcrumb\"},\"inLanguage\":\"en-US\",\"potentialAction\":[{\"@type\":\"ReadAction\",\"target\":[\"https:\/\/librairie7l.com\/en\/produit\/bijouterie-art-et-techniques-2\/\"]}]},{\"@type\":\"BreadcrumbList\",\"@id\":\"https:\/\/librairie7l.com\/en\/produit\/bijouterie-art-et-techniques-2\/#breadcrumb\",\"itemListElement\":[{\"@type\":\"ListItem\",\"position\":1,\"name\":\"Accueil\",\"item\":\"https:\/\/librairie7l.com\/en\/\"},{\"@type\":\"ListItem\",\"position\":2,\"name\":\"Shop\",\"item\":\"https:\/\/librairie7l.com\/en\/shop\/\"},{\"@type\":\"ListItem\",\"position\":3,\"name\":\"BIJOUTERIE : ART ET TECHNIQUES\"}]},{\"@type\":\"WebSite\",\"@id\":\"https:\/\/librairie7l.com\/en\/#website\",\"url\":\"https:\/\/librairie7l.com\/en\/\",\"name\":\"Librairie 7L\",\"description\":\"Librairie fond\u00e9e en 1999 par Karl Lagerfeld \u00e0 Paris\",\"publisher\":{\"@id\":\"https:\/\/librairie7l.com\/en\/#organization\"},\"potentialAction\":[{\"@type\":\"SearchAction\",\"target\":{\"@type\":\"EntryPoint\",\"urlTemplate\":\"https:\/\/librairie7l.com\/en\/?s={search_term_string}\"},\"query-input\":\"required name=search_term_string\"}],\"inLanguage\":\"en-US\"},{\"@type\":\"Organization\",\"@id\":\"https:\/\/librairie7l.com\/en\/#organization\",\"name\":\"Librairie 7L\",\"url\":\"https:\/\/librairie7l.com\/en\/\",\"logo\":{\"@type\":\"ImageObject\",\"inLanguage\":\"en-US\",\"@id\":\"https:\/\/librairie7l.com\/en\/#\/schema\/logo\/image\/\",\"url\":\"https:\/\/librairie7l.com\/wp-content\/uploads\/2022\/08\/logo-1.png\",\"contentUrl\":\"https:\/\/librairie7l.com\/wp-content\/uploads\/2022\/08\/logo-1.png\",\"width\":227,\"height\":301,\"caption\":\"Librairie 7L\"},\"image\":{\"@id\":\"https:\/\/librairie7l.com\/en\/#\/schema\/logo\/image\/\"}}]}<\/script>\n<!-- \/ Yoast SEO plugin. -->","yoast_head_json":{"title":"Bijouterie : Art et techniques - Librairie 7L","robots":{"index":"index","follow":"follow","max-snippet":"max-snippet:-1","max-image-preview":"max-image-preview:large","max-video-preview":"max-video-preview:-1"},"canonical":"https:\/\/librairie7l.com\/en\/produit\/bijouterie-art-et-techniques-2\/","og_locale":"en_US","og_type":"article","og_title":"Bijouterie : Art et techniques - Librairie 7L","og_description":"Cet ouvrage extr\u00eamement complet aborde tous les proc\u00e9d\u00e9s utilis\u00e9s dans l&#8217;art de la bijouterie. Apr\u00e8s avoir retrac\u00e9 l&#8217;histoire de la fabrication des bijoux, il s&#8217;int\u00e9resse \u00e0 l&#8217;\u00e9quipement de l&#8217;artisan en d\u00e9taillant ses outils et leurs usages. Les mat\u00e9riaux sont \u00e9galement \u00e9tudi\u00e9s, car il est n\u00e9cessaire de conna\u00eetre leurs propri\u00e9t\u00e9s pour pouvoir les transformer et explorer [&hellip;]","og_url":"https:\/\/librairie7l.com\/en\/produit\/bijouterie-art-et-techniques-2\/","og_site_name":"Librairie 7L","article_modified_time":"2026-04-23T09:26:57+00:00","og_image":[{"width":600,"height":800,"url":"https:\/\/librairie7l.com\/wp-content\/uploads\/2024\/03\/9782851012685_1_75.jpg","type":"image\/jpeg"}],"twitter_card":"summary_large_image","twitter_misc":{"Est. reading time":"1 minute"},"schema":{"@context":"https:\/\/schema.org","@graph":[{"@type":"WebPage","@id":"https:\/\/librairie7l.com\/en\/produit\/bijouterie-art-et-techniques-2\/","url":"https:\/\/librairie7l.com\/en\/produit\/bijouterie-art-et-techniques-2\/","name":"Bijouterie : Art et techniques - Librairie 7L","isPartOf":{"@id":"https:\/\/librairie7l.com\/en\/#website"},"datePublished":"2024-09-06T10:01:52+00:00","dateModified":"2026-04-23T09:26:57+00:00","breadcrumb":{"@id":"https:\/\/librairie7l.com\/en\/produit\/bijouterie-art-et-techniques-2\/#breadcrumb"},"inLanguage":"en-US","potentialAction":[{"@type":"ReadAction","target":["https:\/\/librairie7l.com\/en\/produit\/bijouterie-art-et-techniques-2\/"]}]},{"@type":"BreadcrumbList","@id":"https:\/\/librairie7l.com\/en\/produit\/bijouterie-art-et-techniques-2\/#breadcrumb","itemListElement":[{"@type":"ListItem","position":1,"name":"Accueil","item":"https:\/\/librairie7l.com\/en\/"},{"@type":"ListItem","position":2,"name":"Shop","item":"https:\/\/librairie7l.com\/en\/shop\/"},{"@type":"ListItem","position":3,"name":"BIJOUTERIE : ART ET TECHNIQUES"}]},{"@type":"WebSite","@id":"https:\/\/librairie7l.com\/en\/#website","url":"https:\/\/librairie7l.com\/en\/","name":"Librairie 7L","description":"Librairie fond\u00e9e en 1999 par Karl Lagerfeld \u00e0 Paris","publisher":{"@id":"https:\/\/librairie7l.com\/en\/#organization"},"potentialAction":[{"@type":"SearchAction","target":{"@type":"EntryPoint","urlTemplate":"https:\/\/librairie7l.com\/en\/?s={search_term_string}"},"query-input":"required name=search_term_string"}],"inLanguage":"en-US"},{"@type":"Organization","@id":"https:\/\/librairie7l.com\/en\/#organization","name":"Librairie 7L","url":"https:\/\/librairie7l.com\/en\/","logo":{"@type":"ImageObject","inLanguage":"en-US","@id":"https:\/\/librairie7l.com\/en\/#\/schema\/logo\/image\/","url":"https:\/\/librairie7l.com\/wp-content\/uploads\/2022\/08\/logo-1.png","contentUrl":"https:\/\/librairie7l.com\/wp-content\/uploads\/2022\/08\/logo-1.png","width":227,"height":301,"caption":"Librairie 7L"},"image":{"@id":"https:\/\/librairie7l.com\/en\/#\/schema\/logo\/image\/"}}]}},"_links":{"self":[{"href":"https:\/\/librairie7l.com\/en\/wp-json\/wp\/v2\/product\/42247"}],"collection":[{"href":"https:\/\/librairie7l.com\/en\/wp-json\/wp\/v2\/product"}],"about":[{"href":"https:\/\/librairie7l.com\/en\/wp-json\/wp\/v2\/types\/product"}],"wp:featuredmedia":[{"embeddable":true,"href":"https:\/\/librairie7l.com\/en\/wp-json\/wp\/v2\/media\/42245"}],"wp:attachment":[{"href":"https:\/\/librairie7l.com\/en\/wp-json\/wp\/v2\/media?parent=42247"}],"wp:term":[{"taxonomy":"product_cat","embeddable":true,"href":"https:\/\/librairie7l.com\/en\/wp-json\/wp\/v2\/product_cat?post=42247"},{"taxonomy":"product_tag","embeddable":true,"href":"https:\/\/librairie7l.com\/en\/wp-json\/wp\/v2\/product_tag?post=42247"}],"curies":[{"name":"wp","href":"https:\/\/api.w.org\/{rel}","templated":true}]}}