{"id":42255,"date":"2024-09-06T12:01:57","date_gmt":"2024-09-06T10:01:57","guid":{"rendered":"https:\/\/librairie7l.com\/?post_type=product&#038;p=42255"},"modified":"2026-04-17T06:06:29","modified_gmt":"2026-04-17T04:06:29","slug":"musee-rene-lalique-2","status":"publish","type":"product","link":"https:\/\/librairie7l.com\/en\/produit\/musee-rene-lalique-2\/","title":{"rendered":"MUS\u00c9E REN\u00c9 LALIQUE"},"content":{"rendered":"<p>Bijoutier avant-gardiste de l&#8217;Art Nouveau, Ren\u00e9 Lalique (1860-1945) se reconna\u00eet par ses cr\u00e9ations audacieuses, souvent inspir\u00e9es de la nature, o\u00f9 se m\u00ealent des mat\u00e9riaux peu usit\u00e9s, \u00e9mail, nacre, corne, pierres semi-pr\u00e9cieuses, verre&#8230; D&#8217;abord collectionn\u00e9 par une \u00e9lite, sa notori\u00e9t\u00e9 explose lors des Expositions universelles de 1900 et de 1925 \u00e0 Paris. Le verre devient son mat\u00e9riau de pr\u00e9dilection. Il brev\u00e8te des techniques et lance la fabrication en grandes s\u00e9ries pour \u00abrendre le beau accessible\u00bb au plus grand nombre. Innovant d&#8217;abord pour les flaconnages de parfums, Ren\u00e9 Lalique s&#8217;impose dans les Arts de la table et la d\u00e9coration de style Art D\u00e9co. Des commandes sp\u00e9ciales prestigieuses s&#8217;ajoutent \u00e0 ses productions en s\u00e9rie, faisant du nom Lalique une marque mondialement connue.<\/p>\n","protected":false},"excerpt":{"rendered":"<p>Bijoutier avant-gardiste de l&#8217;Art Nouveau, Ren\u00e9 Lalique (1860-1945) se reconna\u00eet par ses cr\u00e9ations audacieuses, souvent inspir\u00e9es de la nature, o\u00f9 se m\u00ealent des mat\u00e9riaux peu usit\u00e9s, \u00e9mail, nacre, corne, pierres semi-pr\u00e9cieuses, verre&#8230; D&#8217;abord collectionn\u00e9 par une \u00e9lite, sa notori\u00e9t\u00e9 explose lors des Expositions universelles de 1900 et de 1925 \u00e0 Paris. Le verre devient son [&hellip;]<\/p>\n","protected":false},"featured_media":42253,"template":"","meta":[],"product_cat":[2948,2952],"product_tag":[],"acf":[],"yoast_head":"<!-- This site is optimized with the Yoast SEO plugin v20.11 - https:\/\/yoast.com\/wordpress\/plugins\/seo\/ -->\n<title>Mus\u00e9e Ren\u00e9 Lalique - Librairie 7L<\/title>\n<meta name=\"robots\" content=\"index, follow, max-snippet:-1, max-image-preview:large, max-video-preview:-1\" \/>\n<link rel=\"canonical\" href=\"https:\/\/librairie7l.com\/en\/produit\/musee-rene-lalique-2\/\" \/>\n<meta property=\"og:locale\" content=\"en_US\" \/>\n<meta property=\"og:type\" content=\"article\" \/>\n<meta property=\"og:title\" content=\"Mus\u00e9e Ren\u00e9 Lalique - Librairie 7L\" \/>\n<meta property=\"og:description\" content=\"Bijoutier avant-gardiste de l&#8217;Art Nouveau, Ren\u00e9 Lalique (1860-1945) se reconna\u00eet par ses cr\u00e9ations audacieuses, souvent inspir\u00e9es de la nature, o\u00f9 se m\u00ealent des mat\u00e9riaux peu usit\u00e9s, \u00e9mail, nacre, corne, pierres semi-pr\u00e9cieuses, verre&#8230; D&#8217;abord collectionn\u00e9 par une \u00e9lite, sa notori\u00e9t\u00e9 explose lors des Expositions universelles de 1900 et de 1925 \u00e0 Paris. Le verre devient son [&hellip;]\" \/>\n<meta property=\"og:url\" content=\"https:\/\/librairie7l.com\/en\/produit\/musee-rene-lalique-2\/\" \/>\n<meta property=\"og:site_name\" content=\"Librairie 7L\" \/>\n<meta property=\"article:modified_time\" content=\"2026-04-17T04:06:29+00:00\" \/>\n<meta property=\"og:image\" content=\"https:\/\/librairie7l.com\/wp-content\/uploads\/2024\/03\/9782073054227_1_75.jpg\" \/>\n\t<meta property=\"og:image:width\" content=\"600\" \/>\n\t<meta property=\"og:image:height\" content=\"794\" \/>\n\t<meta property=\"og:image:type\" content=\"image\/jpeg\" \/>\n<meta name=\"twitter:card\" content=\"summary_large_image\" \/>\n<meta name=\"twitter:label1\" content=\"Est. reading time\" \/>\n\t<meta name=\"twitter:data1\" content=\"1 minute\" \/>\n<script type=\"application\/ld+json\" class=\"yoast-schema-graph\">{\"@context\":\"https:\/\/schema.org\",\"@graph\":[{\"@type\":\"WebPage\",\"@id\":\"https:\/\/librairie7l.com\/en\/produit\/musee-rene-lalique-2\/\",\"url\":\"https:\/\/librairie7l.com\/en\/produit\/musee-rene-lalique-2\/\",\"name\":\"Mus\u00e9e Ren\u00e9 Lalique - Librairie 7L\",\"isPartOf\":{\"@id\":\"https:\/\/librairie7l.com\/en\/#website\"},\"datePublished\":\"2024-09-06T10:01:57+00:00\",\"dateModified\":\"2026-04-17T04:06:29+00:00\",\"breadcrumb\":{\"@id\":\"https:\/\/librairie7l.com\/en\/produit\/musee-rene-lalique-2\/#breadcrumb\"},\"inLanguage\":\"en-US\",\"potentialAction\":[{\"@type\":\"ReadAction\",\"target\":[\"https:\/\/librairie7l.com\/en\/produit\/musee-rene-lalique-2\/\"]}]},{\"@type\":\"BreadcrumbList\",\"@id\":\"https:\/\/librairie7l.com\/en\/produit\/musee-rene-lalique-2\/#breadcrumb\",\"itemListElement\":[{\"@type\":\"ListItem\",\"position\":1,\"name\":\"Accueil\",\"item\":\"https:\/\/librairie7l.com\/en\/\"},{\"@type\":\"ListItem\",\"position\":2,\"name\":\"Shop\",\"item\":\"https:\/\/librairie7l.com\/en\/shop\/\"},{\"@type\":\"ListItem\",\"position\":3,\"name\":\"MUS\u00c9E REN\u00c9 LALIQUE\"}]},{\"@type\":\"WebSite\",\"@id\":\"https:\/\/librairie7l.com\/en\/#website\",\"url\":\"https:\/\/librairie7l.com\/en\/\",\"name\":\"Librairie 7L\",\"description\":\"Librairie fond\u00e9e en 1999 par Karl Lagerfeld \u00e0 Paris\",\"publisher\":{\"@id\":\"https:\/\/librairie7l.com\/en\/#organization\"},\"potentialAction\":[{\"@type\":\"SearchAction\",\"target\":{\"@type\":\"EntryPoint\",\"urlTemplate\":\"https:\/\/librairie7l.com\/en\/?s={search_term_string}\"},\"query-input\":\"required name=search_term_string\"}],\"inLanguage\":\"en-US\"},{\"@type\":\"Organization\",\"@id\":\"https:\/\/librairie7l.com\/en\/#organization\",\"name\":\"Librairie 7L\",\"url\":\"https:\/\/librairie7l.com\/en\/\",\"logo\":{\"@type\":\"ImageObject\",\"inLanguage\":\"en-US\",\"@id\":\"https:\/\/librairie7l.com\/en\/#\/schema\/logo\/image\/\",\"url\":\"https:\/\/librairie7l.com\/wp-content\/uploads\/2022\/08\/logo-1.png\",\"contentUrl\":\"https:\/\/librairie7l.com\/wp-content\/uploads\/2022\/08\/logo-1.png\",\"width\":227,\"height\":301,\"caption\":\"Librairie 7L\"},\"image\":{\"@id\":\"https:\/\/librairie7l.com\/en\/#\/schema\/logo\/image\/\"}}]}<\/script>\n<!-- \/ Yoast SEO plugin. -->","yoast_head_json":{"title":"Mus\u00e9e Ren\u00e9 Lalique - Librairie 7L","robots":{"index":"index","follow":"follow","max-snippet":"max-snippet:-1","max-image-preview":"max-image-preview:large","max-video-preview":"max-video-preview:-1"},"canonical":"https:\/\/librairie7l.com\/en\/produit\/musee-rene-lalique-2\/","og_locale":"en_US","og_type":"article","og_title":"Mus\u00e9e Ren\u00e9 Lalique - Librairie 7L","og_description":"Bijoutier avant-gardiste de l&#8217;Art Nouveau, Ren\u00e9 Lalique (1860-1945) se reconna\u00eet par ses cr\u00e9ations audacieuses, souvent inspir\u00e9es de la nature, o\u00f9 se m\u00ealent des mat\u00e9riaux peu usit\u00e9s, \u00e9mail, nacre, corne, pierres semi-pr\u00e9cieuses, verre&#8230; D&#8217;abord collectionn\u00e9 par une \u00e9lite, sa notori\u00e9t\u00e9 explose lors des Expositions universelles de 1900 et de 1925 \u00e0 Paris. Le verre devient son [&hellip;]","og_url":"https:\/\/librairie7l.com\/en\/produit\/musee-rene-lalique-2\/","og_site_name":"Librairie 7L","article_modified_time":"2026-04-17T04:06:29+00:00","og_image":[{"width":600,"height":794,"url":"https:\/\/librairie7l.com\/wp-content\/uploads\/2024\/03\/9782073054227_1_75.jpg","type":"image\/jpeg"}],"twitter_card":"summary_large_image","twitter_misc":{"Est. reading time":"1 minute"},"schema":{"@context":"https:\/\/schema.org","@graph":[{"@type":"WebPage","@id":"https:\/\/librairie7l.com\/en\/produit\/musee-rene-lalique-2\/","url":"https:\/\/librairie7l.com\/en\/produit\/musee-rene-lalique-2\/","name":"Mus\u00e9e Ren\u00e9 Lalique - Librairie 7L","isPartOf":{"@id":"https:\/\/librairie7l.com\/en\/#website"},"datePublished":"2024-09-06T10:01:57+00:00","dateModified":"2026-04-17T04:06:29+00:00","breadcrumb":{"@id":"https:\/\/librairie7l.com\/en\/produit\/musee-rene-lalique-2\/#breadcrumb"},"inLanguage":"en-US","potentialAction":[{"@type":"ReadAction","target":["https:\/\/librairie7l.com\/en\/produit\/musee-rene-lalique-2\/"]}]},{"@type":"BreadcrumbList","@id":"https:\/\/librairie7l.com\/en\/produit\/musee-rene-lalique-2\/#breadcrumb","itemListElement":[{"@type":"ListItem","position":1,"name":"Accueil","item":"https:\/\/librairie7l.com\/en\/"},{"@type":"ListItem","position":2,"name":"Shop","item":"https:\/\/librairie7l.com\/en\/shop\/"},{"@type":"ListItem","position":3,"name":"MUS\u00c9E REN\u00c9 LALIQUE"}]},{"@type":"WebSite","@id":"https:\/\/librairie7l.com\/en\/#website","url":"https:\/\/librairie7l.com\/en\/","name":"Librairie 7L","description":"Librairie fond\u00e9e en 1999 par Karl Lagerfeld \u00e0 Paris","publisher":{"@id":"https:\/\/librairie7l.com\/en\/#organization"},"potentialAction":[{"@type":"SearchAction","target":{"@type":"EntryPoint","urlTemplate":"https:\/\/librairie7l.com\/en\/?s={search_term_string}"},"query-input":"required name=search_term_string"}],"inLanguage":"en-US"},{"@type":"Organization","@id":"https:\/\/librairie7l.com\/en\/#organization","name":"Librairie 7L","url":"https:\/\/librairie7l.com\/en\/","logo":{"@type":"ImageObject","inLanguage":"en-US","@id":"https:\/\/librairie7l.com\/en\/#\/schema\/logo\/image\/","url":"https:\/\/librairie7l.com\/wp-content\/uploads\/2022\/08\/logo-1.png","contentUrl":"https:\/\/librairie7l.com\/wp-content\/uploads\/2022\/08\/logo-1.png","width":227,"height":301,"caption":"Librairie 7L"},"image":{"@id":"https:\/\/librairie7l.com\/en\/#\/schema\/logo\/image\/"}}]}},"_links":{"self":[{"href":"https:\/\/librairie7l.com\/en\/wp-json\/wp\/v2\/product\/42255"}],"collection":[{"href":"https:\/\/librairie7l.com\/en\/wp-json\/wp\/v2\/product"}],"about":[{"href":"https:\/\/librairie7l.com\/en\/wp-json\/wp\/v2\/types\/product"}],"wp:featuredmedia":[{"embeddable":true,"href":"https:\/\/librairie7l.com\/en\/wp-json\/wp\/v2\/media\/42253"}],"wp:attachment":[{"href":"https:\/\/librairie7l.com\/en\/wp-json\/wp\/v2\/media?parent=42255"}],"wp:term":[{"taxonomy":"product_cat","embeddable":true,"href":"https:\/\/librairie7l.com\/en\/wp-json\/wp\/v2\/product_cat?post=42255"},{"taxonomy":"product_tag","embeddable":true,"href":"https:\/\/librairie7l.com\/en\/wp-json\/wp\/v2\/product_tag?post=42255"}],"curies":[{"name":"wp","href":"https:\/\/api.w.org\/{rel}","templated":true}]}}