{"id":42263,"date":"2024-09-06T12:02:03","date_gmt":"2024-09-06T10:02:03","guid":{"rendered":"https:\/\/librairie7l.com\/?post_type=product&#038;p=42263"},"modified":"2026-04-13T14:13:51","modified_gmt":"2026-04-13T12:13:51","slug":"inedits-2","status":"publish","type":"product","link":"https:\/\/librairie7l.com\/en\/produit\/inedits-2\/","title":{"rendered":"IN\u00c9DITS"},"content":{"rendered":"<p>Depuis 40 ans Alberto Pinto, incarnation de l&#8217;excellence de la &#8220;French Touch&#8221; appliqu\u00e9e \u00e0 la haute d\u00e9coration, multiplie les exp\u00e9riences et les r\u00e9ussites pour cr\u00e9er des int\u00e9rieurs raffin\u00e9s et luxueux.<br \/>\nSes derni\u00e8res r\u00e9alisations r\u00e9unies dans ce livre, un ch\u00e2teau en Angleterre, deux yatchs d&#8217;exception, une demeure de prestige sur la c\u00f4te est des Etats-Unis, des appartements contemporains \u00e0 Londres ou \u00e0 New-York, une r\u00e9sidence raffin\u00e9e \u00e0 Marrakech ou un h\u00f4tel de charme dans le Bordelais, nous r\u00e9v\u00e8lent, au travers d&#8217;un vocabulaire \u00e9clectique toujours renouvel\u00e9, un talent qu&#8217;aucune limite ne cloisonne.<br \/>\nRefusant l&#8217;id\u00e9e de style, il \u00e9veille en majeur l&#8217;esprit du lieu o\u00f9 l&#8217;in\u00e9dit est ma\u00eetre. En magicien du d\u00e9cor il sait donner mati\u00e8re aux r\u00eaves les plus fous. Ouvrant au lecteur les portes de ces int\u00e9rieurs o\u00f9 la modernit\u00e9 le dispute \u00e0 l&#8217;\u00e9l\u00e9gance, Alberto Pinto invite \u00e0 s&#8217;immerger dans l&#8217;harmonie d&#8217;un art de vivre exceptionnel.<\/p>\n","protected":false},"excerpt":{"rendered":"<p>Depuis 40 ans Alberto Pinto, incarnation de l&#8217;excellence de la &#8220;French Touch&#8221; appliqu\u00e9e \u00e0 la haute d\u00e9coration, multiplie les exp\u00e9riences et les r\u00e9ussites pour cr\u00e9er des int\u00e9rieurs raffin\u00e9s et luxueux. Ses derni\u00e8res r\u00e9alisations r\u00e9unies dans ce livre, un ch\u00e2teau en Angleterre, deux yatchs d&#8217;exception, une demeure de prestige sur la c\u00f4te est des Etats-Unis, des [&hellip;]<\/p>\n","protected":false},"featured_media":42261,"template":"","meta":[],"product_cat":[2948,2951],"product_tag":[],"acf":[],"yoast_head":"<!-- This site is optimized with the Yoast SEO plugin v20.11 - https:\/\/yoast.com\/wordpress\/plugins\/seo\/ -->\n<title>In\u00e9dits - Librairie 7L<\/title>\n<meta name=\"robots\" content=\"index, follow, max-snippet:-1, max-image-preview:large, max-video-preview:-1\" \/>\n<link rel=\"canonical\" href=\"https:\/\/librairie7l.com\/en\/produit\/inedits-2\/\" \/>\n<meta property=\"og:locale\" content=\"en_US\" \/>\n<meta property=\"og:type\" content=\"article\" \/>\n<meta property=\"og:title\" content=\"In\u00e9dits - Librairie 7L\" \/>\n<meta property=\"og:description\" content=\"Depuis 40 ans Alberto Pinto, incarnation de l&#8217;excellence de la &#8220;French Touch&#8221; appliqu\u00e9e \u00e0 la haute d\u00e9coration, multiplie les exp\u00e9riences et les r\u00e9ussites pour cr\u00e9er des int\u00e9rieurs raffin\u00e9s et luxueux. Ses derni\u00e8res r\u00e9alisations r\u00e9unies dans ce livre, un ch\u00e2teau en Angleterre, deux yatchs d&#8217;exception, une demeure de prestige sur la c\u00f4te est des Etats-Unis, des [&hellip;]\" \/>\n<meta property=\"og:url\" content=\"https:\/\/librairie7l.com\/en\/produit\/inedits-2\/\" \/>\n<meta property=\"og:site_name\" content=\"Librairie 7L\" \/>\n<meta property=\"article:modified_time\" content=\"2026-04-13T12:13:51+00:00\" \/>\n<meta property=\"og:image\" content=\"https:\/\/librairie7l.com\/wp-content\/uploads\/2010\/04\/9782081245136_1_75.jpg\" \/>\n\t<meta property=\"og:image:width\" content=\"600\" \/>\n\t<meta property=\"og:image:height\" content=\"796\" \/>\n\t<meta property=\"og:image:type\" content=\"image\/jpeg\" \/>\n<meta name=\"twitter:card\" content=\"summary_large_image\" \/>\n<meta name=\"twitter:label1\" content=\"Est. reading time\" \/>\n\t<meta name=\"twitter:data1\" content=\"1 minute\" \/>\n<script type=\"application\/ld+json\" class=\"yoast-schema-graph\">{\"@context\":\"https:\/\/schema.org\",\"@graph\":[{\"@type\":\"WebPage\",\"@id\":\"https:\/\/librairie7l.com\/en\/produit\/inedits-2\/\",\"url\":\"https:\/\/librairie7l.com\/en\/produit\/inedits-2\/\",\"name\":\"In\u00e9dits - Librairie 7L\",\"isPartOf\":{\"@id\":\"https:\/\/librairie7l.com\/en\/#website\"},\"datePublished\":\"2024-09-06T10:02:03+00:00\",\"dateModified\":\"2026-04-13T12:13:51+00:00\",\"breadcrumb\":{\"@id\":\"https:\/\/librairie7l.com\/en\/produit\/inedits-2\/#breadcrumb\"},\"inLanguage\":\"en-US\",\"potentialAction\":[{\"@type\":\"ReadAction\",\"target\":[\"https:\/\/librairie7l.com\/en\/produit\/inedits-2\/\"]}]},{\"@type\":\"BreadcrumbList\",\"@id\":\"https:\/\/librairie7l.com\/en\/produit\/inedits-2\/#breadcrumb\",\"itemListElement\":[{\"@type\":\"ListItem\",\"position\":1,\"name\":\"Accueil\",\"item\":\"https:\/\/librairie7l.com\/en\/\"},{\"@type\":\"ListItem\",\"position\":2,\"name\":\"Shop\",\"item\":\"https:\/\/librairie7l.com\/en\/shop\/\"},{\"@type\":\"ListItem\",\"position\":3,\"name\":\"IN\u00c9DITS\"}]},{\"@type\":\"WebSite\",\"@id\":\"https:\/\/librairie7l.com\/en\/#website\",\"url\":\"https:\/\/librairie7l.com\/en\/\",\"name\":\"Librairie 7L\",\"description\":\"Librairie fond\u00e9e en 1999 par Karl Lagerfeld \u00e0 Paris\",\"publisher\":{\"@id\":\"https:\/\/librairie7l.com\/en\/#organization\"},\"potentialAction\":[{\"@type\":\"SearchAction\",\"target\":{\"@type\":\"EntryPoint\",\"urlTemplate\":\"https:\/\/librairie7l.com\/en\/?s={search_term_string}\"},\"query-input\":\"required name=search_term_string\"}],\"inLanguage\":\"en-US\"},{\"@type\":\"Organization\",\"@id\":\"https:\/\/librairie7l.com\/en\/#organization\",\"name\":\"Librairie 7L\",\"url\":\"https:\/\/librairie7l.com\/en\/\",\"logo\":{\"@type\":\"ImageObject\",\"inLanguage\":\"en-US\",\"@id\":\"https:\/\/librairie7l.com\/en\/#\/schema\/logo\/image\/\",\"url\":\"https:\/\/librairie7l.com\/wp-content\/uploads\/2022\/08\/logo-1.png\",\"contentUrl\":\"https:\/\/librairie7l.com\/wp-content\/uploads\/2022\/08\/logo-1.png\",\"width\":227,\"height\":301,\"caption\":\"Librairie 7L\"},\"image\":{\"@id\":\"https:\/\/librairie7l.com\/en\/#\/schema\/logo\/image\/\"}}]}<\/script>\n<!-- \/ Yoast SEO plugin. -->","yoast_head_json":{"title":"In\u00e9dits - Librairie 7L","robots":{"index":"index","follow":"follow","max-snippet":"max-snippet:-1","max-image-preview":"max-image-preview:large","max-video-preview":"max-video-preview:-1"},"canonical":"https:\/\/librairie7l.com\/en\/produit\/inedits-2\/","og_locale":"en_US","og_type":"article","og_title":"In\u00e9dits - Librairie 7L","og_description":"Depuis 40 ans Alberto Pinto, incarnation de l&#8217;excellence de la &#8220;French Touch&#8221; appliqu\u00e9e \u00e0 la haute d\u00e9coration, multiplie les exp\u00e9riences et les r\u00e9ussites pour cr\u00e9er des int\u00e9rieurs raffin\u00e9s et luxueux. Ses derni\u00e8res r\u00e9alisations r\u00e9unies dans ce livre, un ch\u00e2teau en Angleterre, deux yatchs d&#8217;exception, une demeure de prestige sur la c\u00f4te est des Etats-Unis, des [&hellip;]","og_url":"https:\/\/librairie7l.com\/en\/produit\/inedits-2\/","og_site_name":"Librairie 7L","article_modified_time":"2026-04-13T12:13:51+00:00","og_image":[{"width":600,"height":796,"url":"https:\/\/librairie7l.com\/wp-content\/uploads\/2010\/04\/9782081245136_1_75.jpg","type":"image\/jpeg"}],"twitter_card":"summary_large_image","twitter_misc":{"Est. reading time":"1 minute"},"schema":{"@context":"https:\/\/schema.org","@graph":[{"@type":"WebPage","@id":"https:\/\/librairie7l.com\/en\/produit\/inedits-2\/","url":"https:\/\/librairie7l.com\/en\/produit\/inedits-2\/","name":"In\u00e9dits - Librairie 7L","isPartOf":{"@id":"https:\/\/librairie7l.com\/en\/#website"},"datePublished":"2024-09-06T10:02:03+00:00","dateModified":"2026-04-13T12:13:51+00:00","breadcrumb":{"@id":"https:\/\/librairie7l.com\/en\/produit\/inedits-2\/#breadcrumb"},"inLanguage":"en-US","potentialAction":[{"@type":"ReadAction","target":["https:\/\/librairie7l.com\/en\/produit\/inedits-2\/"]}]},{"@type":"BreadcrumbList","@id":"https:\/\/librairie7l.com\/en\/produit\/inedits-2\/#breadcrumb","itemListElement":[{"@type":"ListItem","position":1,"name":"Accueil","item":"https:\/\/librairie7l.com\/en\/"},{"@type":"ListItem","position":2,"name":"Shop","item":"https:\/\/librairie7l.com\/en\/shop\/"},{"@type":"ListItem","position":3,"name":"IN\u00c9DITS"}]},{"@type":"WebSite","@id":"https:\/\/librairie7l.com\/en\/#website","url":"https:\/\/librairie7l.com\/en\/","name":"Librairie 7L","description":"Librairie fond\u00e9e en 1999 par Karl Lagerfeld \u00e0 Paris","publisher":{"@id":"https:\/\/librairie7l.com\/en\/#organization"},"potentialAction":[{"@type":"SearchAction","target":{"@type":"EntryPoint","urlTemplate":"https:\/\/librairie7l.com\/en\/?s={search_term_string}"},"query-input":"required name=search_term_string"}],"inLanguage":"en-US"},{"@type":"Organization","@id":"https:\/\/librairie7l.com\/en\/#organization","name":"Librairie 7L","url":"https:\/\/librairie7l.com\/en\/","logo":{"@type":"ImageObject","inLanguage":"en-US","@id":"https:\/\/librairie7l.com\/en\/#\/schema\/logo\/image\/","url":"https:\/\/librairie7l.com\/wp-content\/uploads\/2022\/08\/logo-1.png","contentUrl":"https:\/\/librairie7l.com\/wp-content\/uploads\/2022\/08\/logo-1.png","width":227,"height":301,"caption":"Librairie 7L"},"image":{"@id":"https:\/\/librairie7l.com\/en\/#\/schema\/logo\/image\/"}}]}},"_links":{"self":[{"href":"https:\/\/librairie7l.com\/en\/wp-json\/wp\/v2\/product\/42263"}],"collection":[{"href":"https:\/\/librairie7l.com\/en\/wp-json\/wp\/v2\/product"}],"about":[{"href":"https:\/\/librairie7l.com\/en\/wp-json\/wp\/v2\/types\/product"}],"wp:featuredmedia":[{"embeddable":true,"href":"https:\/\/librairie7l.com\/en\/wp-json\/wp\/v2\/media\/42261"}],"wp:attachment":[{"href":"https:\/\/librairie7l.com\/en\/wp-json\/wp\/v2\/media?parent=42263"}],"wp:term":[{"taxonomy":"product_cat","embeddable":true,"href":"https:\/\/librairie7l.com\/en\/wp-json\/wp\/v2\/product_cat?post=42263"},{"taxonomy":"product_tag","embeddable":true,"href":"https:\/\/librairie7l.com\/en\/wp-json\/wp\/v2\/product_tag?post=42263"}],"curies":[{"name":"wp","href":"https:\/\/api.w.org\/{rel}","templated":true}]}}