{"id":42267,"date":"2024-09-06T12:02:05","date_gmt":"2024-09-06T10:02:05","guid":{"rendered":"https:\/\/librairie7l.com\/?post_type=product&#038;p=42267"},"modified":"2026-04-13T13:10:44","modified_gmt":"2026-04-13T11:10:44","slug":"alberto-pinto-autour-du-monde-2","status":"publish","type":"product","link":"https:\/\/librairie7l.com\/en\/produit\/alberto-pinto-autour-du-monde-2\/","title":{"rendered":"ALBERTO PINTO, AUTOUR DU MONDE"},"content":{"rendered":"<p>Franchir les portes d&#8217;un int\u00e9rieur imagin\u00e9 par Alberto Pinto est un privil\u00e8ge rare.<br \/>\nIl appartient \u00e0 un cercle cosmopolite de personnes fortun\u00e9es qui viennent aupr\u00e8s de lui trouver la capacit\u00e9 de mettre en sc\u00e8ne leur environnement, sans trahir leur personnalit\u00e9. \u00c0 la d\u00e9couverte de quelques-uns de ces lieux, les pages de ce huiti\u00e8me livre consacr\u00e9 au travail d&#8217;Alberto Pinto forment un itin\u00e9raire balis\u00e9 par des signaux d&#8217;excellence. L&#8217;ouvrage conduit vers des vill\u00e9giatures du Mexique, des Cara\u00efbes, de Monaco, \u00e0 la rencontre de grandes demeures de New York et du Koweit.<br \/>\nLes transitions se font \u00e0 bord de super-yachts et de jets priv\u00e9s. Chacune des \u00e9tapes du voyage qu&#8217;il propose d\u00e9voile un horizon cr\u00e9atif nouveau. Tous ces voyages partent de l&#8217;H\u00f4tel de la Victoire, pr\u00e8s de la place parisienne \u00e9ponyme, si\u00e8ge du cabinet Alberto Pinto, source de ses projets men\u00e9s \u00e0 travers te monde. Ce livre nous permet de d\u00e9couvrir aussi ce lieu o\u00f9 s&#8217;exprime l&#8217;art de vivre et de cr\u00e9er et o\u00f9 naissent ces voyages d&#8217;esprit.<br \/>\nAutant d&#8217;horizons que r\u00e9v\u00e8lent les pages de cet ouvrage.<\/p>\n","protected":false},"excerpt":{"rendered":"<p>Franchir les portes d&#8217;un int\u00e9rieur imagin\u00e9 par Alberto Pinto est un privil\u00e8ge rare. Il appartient \u00e0 un cercle cosmopolite de personnes fortun\u00e9es qui viennent aupr\u00e8s de lui trouver la capacit\u00e9 de mettre en sc\u00e8ne leur environnement, sans trahir leur personnalit\u00e9. \u00c0 la d\u00e9couverte de quelques-uns de ces lieux, les pages de ce huiti\u00e8me livre consacr\u00e9 [&hellip;]<\/p>\n","protected":false},"featured_media":42265,"template":"","meta":[],"product_cat":[2948,2951],"product_tag":[],"acf":[],"yoast_head":"<!-- This site is optimized with the Yoast SEO plugin v20.11 - https:\/\/yoast.com\/wordpress\/plugins\/seo\/ -->\n<title>Alberto Pinto, autour du monde - Librairie 7L<\/title>\n<meta name=\"robots\" content=\"index, follow, max-snippet:-1, max-image-preview:large, max-video-preview:-1\" \/>\n<link rel=\"canonical\" href=\"https:\/\/librairie7l.com\/en\/produit\/alberto-pinto-autour-du-monde-2\/\" \/>\n<meta property=\"og:locale\" content=\"en_US\" \/>\n<meta property=\"og:type\" content=\"article\" \/>\n<meta property=\"og:title\" content=\"Alberto Pinto, autour du monde - Librairie 7L\" \/>\n<meta property=\"og:description\" content=\"Franchir les portes d&#8217;un int\u00e9rieur imagin\u00e9 par Alberto Pinto est un privil\u00e8ge rare. Il appartient \u00e0 un cercle cosmopolite de personnes fortun\u00e9es qui viennent aupr\u00e8s de lui trouver la capacit\u00e9 de mettre en sc\u00e8ne leur environnement, sans trahir leur personnalit\u00e9. \u00c0 la d\u00e9couverte de quelques-uns de ces lieux, les pages de ce huiti\u00e8me livre consacr\u00e9 [&hellip;]\" \/>\n<meta property=\"og:url\" content=\"https:\/\/librairie7l.com\/en\/produit\/alberto-pinto-autour-du-monde-2\/\" \/>\n<meta property=\"og:site_name\" content=\"Librairie 7L\" \/>\n<meta property=\"article:modified_time\" content=\"2026-04-13T11:10:44+00:00\" \/>\n<meta property=\"og:image\" content=\"https:\/\/librairie7l.com\/wp-content\/uploads\/2011\/06\/9782081266476_1_75.jpg\" \/>\n\t<meta property=\"og:image:width\" content=\"600\" \/>\n\t<meta property=\"og:image:height\" content=\"814\" \/>\n\t<meta property=\"og:image:type\" content=\"image\/jpeg\" \/>\n<meta name=\"twitter:card\" content=\"summary_large_image\" \/>\n<meta name=\"twitter:label1\" content=\"Est. reading time\" \/>\n\t<meta name=\"twitter:data1\" content=\"1 minute\" \/>\n<script type=\"application\/ld+json\" class=\"yoast-schema-graph\">{\"@context\":\"https:\/\/schema.org\",\"@graph\":[{\"@type\":\"WebPage\",\"@id\":\"https:\/\/librairie7l.com\/en\/produit\/alberto-pinto-autour-du-monde-2\/\",\"url\":\"https:\/\/librairie7l.com\/en\/produit\/alberto-pinto-autour-du-monde-2\/\",\"name\":\"Alberto Pinto, autour du monde - Librairie 7L\",\"isPartOf\":{\"@id\":\"https:\/\/librairie7l.com\/en\/#website\"},\"datePublished\":\"2024-09-06T10:02:05+00:00\",\"dateModified\":\"2026-04-13T11:10:44+00:00\",\"breadcrumb\":{\"@id\":\"https:\/\/librairie7l.com\/en\/produit\/alberto-pinto-autour-du-monde-2\/#breadcrumb\"},\"inLanguage\":\"en-US\",\"potentialAction\":[{\"@type\":\"ReadAction\",\"target\":[\"https:\/\/librairie7l.com\/en\/produit\/alberto-pinto-autour-du-monde-2\/\"]}]},{\"@type\":\"BreadcrumbList\",\"@id\":\"https:\/\/librairie7l.com\/en\/produit\/alberto-pinto-autour-du-monde-2\/#breadcrumb\",\"itemListElement\":[{\"@type\":\"ListItem\",\"position\":1,\"name\":\"Accueil\",\"item\":\"https:\/\/librairie7l.com\/en\/\"},{\"@type\":\"ListItem\",\"position\":2,\"name\":\"Shop\",\"item\":\"https:\/\/librairie7l.com\/en\/shop\/\"},{\"@type\":\"ListItem\",\"position\":3,\"name\":\"ALBERTO PINTO, AUTOUR DU MONDE\"}]},{\"@type\":\"WebSite\",\"@id\":\"https:\/\/librairie7l.com\/en\/#website\",\"url\":\"https:\/\/librairie7l.com\/en\/\",\"name\":\"Librairie 7L\",\"description\":\"Librairie fond\u00e9e en 1999 par Karl Lagerfeld \u00e0 Paris\",\"publisher\":{\"@id\":\"https:\/\/librairie7l.com\/en\/#organization\"},\"potentialAction\":[{\"@type\":\"SearchAction\",\"target\":{\"@type\":\"EntryPoint\",\"urlTemplate\":\"https:\/\/librairie7l.com\/en\/?s={search_term_string}\"},\"query-input\":\"required name=search_term_string\"}],\"inLanguage\":\"en-US\"},{\"@type\":\"Organization\",\"@id\":\"https:\/\/librairie7l.com\/en\/#organization\",\"name\":\"Librairie 7L\",\"url\":\"https:\/\/librairie7l.com\/en\/\",\"logo\":{\"@type\":\"ImageObject\",\"inLanguage\":\"en-US\",\"@id\":\"https:\/\/librairie7l.com\/en\/#\/schema\/logo\/image\/\",\"url\":\"https:\/\/librairie7l.com\/wp-content\/uploads\/2022\/08\/logo-1.png\",\"contentUrl\":\"https:\/\/librairie7l.com\/wp-content\/uploads\/2022\/08\/logo-1.png\",\"width\":227,\"height\":301,\"caption\":\"Librairie 7L\"},\"image\":{\"@id\":\"https:\/\/librairie7l.com\/en\/#\/schema\/logo\/image\/\"}}]}<\/script>\n<!-- \/ Yoast SEO plugin. -->","yoast_head_json":{"title":"Alberto Pinto, autour du monde - Librairie 7L","robots":{"index":"index","follow":"follow","max-snippet":"max-snippet:-1","max-image-preview":"max-image-preview:large","max-video-preview":"max-video-preview:-1"},"canonical":"https:\/\/librairie7l.com\/en\/produit\/alberto-pinto-autour-du-monde-2\/","og_locale":"en_US","og_type":"article","og_title":"Alberto Pinto, autour du monde - Librairie 7L","og_description":"Franchir les portes d&#8217;un int\u00e9rieur imagin\u00e9 par Alberto Pinto est un privil\u00e8ge rare. Il appartient \u00e0 un cercle cosmopolite de personnes fortun\u00e9es qui viennent aupr\u00e8s de lui trouver la capacit\u00e9 de mettre en sc\u00e8ne leur environnement, sans trahir leur personnalit\u00e9. \u00c0 la d\u00e9couverte de quelques-uns de ces lieux, les pages de ce huiti\u00e8me livre consacr\u00e9 [&hellip;]","og_url":"https:\/\/librairie7l.com\/en\/produit\/alberto-pinto-autour-du-monde-2\/","og_site_name":"Librairie 7L","article_modified_time":"2026-04-13T11:10:44+00:00","og_image":[{"width":600,"height":814,"url":"https:\/\/librairie7l.com\/wp-content\/uploads\/2011\/06\/9782081266476_1_75.jpg","type":"image\/jpeg"}],"twitter_card":"summary_large_image","twitter_misc":{"Est. reading time":"1 minute"},"schema":{"@context":"https:\/\/schema.org","@graph":[{"@type":"WebPage","@id":"https:\/\/librairie7l.com\/en\/produit\/alberto-pinto-autour-du-monde-2\/","url":"https:\/\/librairie7l.com\/en\/produit\/alberto-pinto-autour-du-monde-2\/","name":"Alberto Pinto, autour du monde - Librairie 7L","isPartOf":{"@id":"https:\/\/librairie7l.com\/en\/#website"},"datePublished":"2024-09-06T10:02:05+00:00","dateModified":"2026-04-13T11:10:44+00:00","breadcrumb":{"@id":"https:\/\/librairie7l.com\/en\/produit\/alberto-pinto-autour-du-monde-2\/#breadcrumb"},"inLanguage":"en-US","potentialAction":[{"@type":"ReadAction","target":["https:\/\/librairie7l.com\/en\/produit\/alberto-pinto-autour-du-monde-2\/"]}]},{"@type":"BreadcrumbList","@id":"https:\/\/librairie7l.com\/en\/produit\/alberto-pinto-autour-du-monde-2\/#breadcrumb","itemListElement":[{"@type":"ListItem","position":1,"name":"Accueil","item":"https:\/\/librairie7l.com\/en\/"},{"@type":"ListItem","position":2,"name":"Shop","item":"https:\/\/librairie7l.com\/en\/shop\/"},{"@type":"ListItem","position":3,"name":"ALBERTO PINTO, AUTOUR DU MONDE"}]},{"@type":"WebSite","@id":"https:\/\/librairie7l.com\/en\/#website","url":"https:\/\/librairie7l.com\/en\/","name":"Librairie 7L","description":"Librairie fond\u00e9e en 1999 par Karl Lagerfeld \u00e0 Paris","publisher":{"@id":"https:\/\/librairie7l.com\/en\/#organization"},"potentialAction":[{"@type":"SearchAction","target":{"@type":"EntryPoint","urlTemplate":"https:\/\/librairie7l.com\/en\/?s={search_term_string}"},"query-input":"required name=search_term_string"}],"inLanguage":"en-US"},{"@type":"Organization","@id":"https:\/\/librairie7l.com\/en\/#organization","name":"Librairie 7L","url":"https:\/\/librairie7l.com\/en\/","logo":{"@type":"ImageObject","inLanguage":"en-US","@id":"https:\/\/librairie7l.com\/en\/#\/schema\/logo\/image\/","url":"https:\/\/librairie7l.com\/wp-content\/uploads\/2022\/08\/logo-1.png","contentUrl":"https:\/\/librairie7l.com\/wp-content\/uploads\/2022\/08\/logo-1.png","width":227,"height":301,"caption":"Librairie 7L"},"image":{"@id":"https:\/\/librairie7l.com\/en\/#\/schema\/logo\/image\/"}}]}},"_links":{"self":[{"href":"https:\/\/librairie7l.com\/en\/wp-json\/wp\/v2\/product\/42267"}],"collection":[{"href":"https:\/\/librairie7l.com\/en\/wp-json\/wp\/v2\/product"}],"about":[{"href":"https:\/\/librairie7l.com\/en\/wp-json\/wp\/v2\/types\/product"}],"wp:featuredmedia":[{"embeddable":true,"href":"https:\/\/librairie7l.com\/en\/wp-json\/wp\/v2\/media\/42265"}],"wp:attachment":[{"href":"https:\/\/librairie7l.com\/en\/wp-json\/wp\/v2\/media?parent=42267"}],"wp:term":[{"taxonomy":"product_cat","embeddable":true,"href":"https:\/\/librairie7l.com\/en\/wp-json\/wp\/v2\/product_cat?post=42267"},{"taxonomy":"product_tag","embeddable":true,"href":"https:\/\/librairie7l.com\/en\/wp-json\/wp\/v2\/product_tag?post=42267"}],"curies":[{"name":"wp","href":"https:\/\/api.w.org\/{rel}","templated":true}]}}