{"id":42271,"date":"2024-09-06T12:02:07","date_gmt":"2024-09-06T10:02:07","guid":{"rendered":"https:\/\/librairie7l.com\/?post_type=product&#038;p=42271"},"modified":"2026-04-17T14:34:53","modified_gmt":"2026-04-17T12:34:53","slug":"alberto-pinto-signature-2","status":"publish","type":"product","link":"https:\/\/librairie7l.com\/en\/produit\/alberto-pinto-signature-2\/","title":{"rendered":"ALBERTO PINTO, SIGNATURE"},"content":{"rendered":"<p>Admir\u00e9 comme l&#8217;un des plus grands d\u00e9corateurs de son si\u00e8cle, Alberto Pinto a marqu\u00e9 le monde du design d&#8217;int\u00e9rieur par son style, son extraordinaire compr\u00e9hension des lieux et des cultures locales et son inspiration toujours renouvel\u00e9e. Riche de l&#8217;enseignement du ma\u00eetre, le Cabinet Alberto Pinto continue de donner mati\u00e8re aux r\u00eaves les plus fous avec un souci de perfection in\u00e9gal\u00e9.<br \/>\n Ce livre pr\u00e9sente les derni\u00e8res cr\u00e9ations de son agence dans le style luxueux, confortable, g\u00e9n\u00e9reux et adapt\u00e9 \u00e0 son temps qui caract\u00e9rise sa signature. Il est une invitation \u00e0 d\u00e9couvrir des int\u00e9rieurs d&#8217;exceptions jamais montr\u00e9s : h\u00f4tels particuliers somptueux, appartements de grand luxe, demeures historiques, palais &#8230; La quintessence du style Alberto Pinto.<\/p>\n","protected":false},"excerpt":{"rendered":"<p>Admir\u00e9 comme l&#8217;un des plus grands d\u00e9corateurs de son si\u00e8cle, Alberto Pinto a marqu\u00e9 le monde du design d&#8217;int\u00e9rieur par son style, son extraordinaire compr\u00e9hension des lieux et des cultures locales et son inspiration toujours renouvel\u00e9e. Riche de l&#8217;enseignement du ma\u00eetre, le Cabinet Alberto Pinto continue de donner mati\u00e8re aux r\u00eaves les plus fous avec [&hellip;]<\/p>\n","protected":false},"featured_media":42269,"template":"","meta":[],"product_cat":[2948,2951],"product_tag":[],"acf":[],"yoast_head":"<!-- This site is optimized with the Yoast SEO plugin v20.11 - https:\/\/yoast.com\/wordpress\/plugins\/seo\/ -->\n<title>Alberto Pinto, signature - Librairie 7L<\/title>\n<meta name=\"robots\" content=\"index, follow, max-snippet:-1, max-image-preview:large, max-video-preview:-1\" \/>\n<link rel=\"canonical\" href=\"https:\/\/librairie7l.com\/en\/produit\/alberto-pinto-signature-2\/\" \/>\n<meta property=\"og:locale\" content=\"en_US\" \/>\n<meta property=\"og:type\" content=\"article\" \/>\n<meta property=\"og:title\" content=\"Alberto Pinto, signature - Librairie 7L\" \/>\n<meta property=\"og:description\" content=\"Admir\u00e9 comme l&#8217;un des plus grands d\u00e9corateurs de son si\u00e8cle, Alberto Pinto a marqu\u00e9 le monde du design d&#8217;int\u00e9rieur par son style, son extraordinaire compr\u00e9hension des lieux et des cultures locales et son inspiration toujours renouvel\u00e9e. Riche de l&#8217;enseignement du ma\u00eetre, le Cabinet Alberto Pinto continue de donner mati\u00e8re aux r\u00eaves les plus fous avec [&hellip;]\" \/>\n<meta property=\"og:url\" content=\"https:\/\/librairie7l.com\/en\/produit\/alberto-pinto-signature-2\/\" \/>\n<meta property=\"og:site_name\" content=\"Librairie 7L\" \/>\n<meta property=\"article:modified_time\" content=\"2026-04-17T12:34:53+00:00\" \/>\n<meta property=\"og:image\" content=\"https:\/\/librairie7l.com\/wp-content\/uploads\/2016\/06\/9782081393936_1_75.jpg\" \/>\n\t<meta property=\"og:image:width\" content=\"600\" \/>\n\t<meta property=\"og:image:height\" content=\"795\" \/>\n\t<meta property=\"og:image:type\" content=\"image\/jpeg\" \/>\n<meta name=\"twitter:card\" content=\"summary_large_image\" \/>\n<meta name=\"twitter:label1\" content=\"Est. reading time\" \/>\n\t<meta name=\"twitter:data1\" content=\"1 minute\" \/>\n<script type=\"application\/ld+json\" class=\"yoast-schema-graph\">{\"@context\":\"https:\/\/schema.org\",\"@graph\":[{\"@type\":\"WebPage\",\"@id\":\"https:\/\/librairie7l.com\/en\/produit\/alberto-pinto-signature-2\/\",\"url\":\"https:\/\/librairie7l.com\/en\/produit\/alberto-pinto-signature-2\/\",\"name\":\"Alberto Pinto, signature - Librairie 7L\",\"isPartOf\":{\"@id\":\"https:\/\/librairie7l.com\/en\/#website\"},\"datePublished\":\"2024-09-06T10:02:07+00:00\",\"dateModified\":\"2026-04-17T12:34:53+00:00\",\"breadcrumb\":{\"@id\":\"https:\/\/librairie7l.com\/en\/produit\/alberto-pinto-signature-2\/#breadcrumb\"},\"inLanguage\":\"en-US\",\"potentialAction\":[{\"@type\":\"ReadAction\",\"target\":[\"https:\/\/librairie7l.com\/en\/produit\/alberto-pinto-signature-2\/\"]}]},{\"@type\":\"BreadcrumbList\",\"@id\":\"https:\/\/librairie7l.com\/en\/produit\/alberto-pinto-signature-2\/#breadcrumb\",\"itemListElement\":[{\"@type\":\"ListItem\",\"position\":1,\"name\":\"Accueil\",\"item\":\"https:\/\/librairie7l.com\/en\/\"},{\"@type\":\"ListItem\",\"position\":2,\"name\":\"Shop\",\"item\":\"https:\/\/librairie7l.com\/en\/shop\/\"},{\"@type\":\"ListItem\",\"position\":3,\"name\":\"ALBERTO PINTO, SIGNATURE\"}]},{\"@type\":\"WebSite\",\"@id\":\"https:\/\/librairie7l.com\/en\/#website\",\"url\":\"https:\/\/librairie7l.com\/en\/\",\"name\":\"Librairie 7L\",\"description\":\"Librairie fond\u00e9e en 1999 par Karl Lagerfeld \u00e0 Paris\",\"publisher\":{\"@id\":\"https:\/\/librairie7l.com\/en\/#organization\"},\"potentialAction\":[{\"@type\":\"SearchAction\",\"target\":{\"@type\":\"EntryPoint\",\"urlTemplate\":\"https:\/\/librairie7l.com\/en\/?s={search_term_string}\"},\"query-input\":\"required name=search_term_string\"}],\"inLanguage\":\"en-US\"},{\"@type\":\"Organization\",\"@id\":\"https:\/\/librairie7l.com\/en\/#organization\",\"name\":\"Librairie 7L\",\"url\":\"https:\/\/librairie7l.com\/en\/\",\"logo\":{\"@type\":\"ImageObject\",\"inLanguage\":\"en-US\",\"@id\":\"https:\/\/librairie7l.com\/en\/#\/schema\/logo\/image\/\",\"url\":\"https:\/\/librairie7l.com\/wp-content\/uploads\/2022\/08\/logo-1.png\",\"contentUrl\":\"https:\/\/librairie7l.com\/wp-content\/uploads\/2022\/08\/logo-1.png\",\"width\":227,\"height\":301,\"caption\":\"Librairie 7L\"},\"image\":{\"@id\":\"https:\/\/librairie7l.com\/en\/#\/schema\/logo\/image\/\"}}]}<\/script>\n<!-- \/ Yoast SEO plugin. -->","yoast_head_json":{"title":"Alberto Pinto, signature - Librairie 7L","robots":{"index":"index","follow":"follow","max-snippet":"max-snippet:-1","max-image-preview":"max-image-preview:large","max-video-preview":"max-video-preview:-1"},"canonical":"https:\/\/librairie7l.com\/en\/produit\/alberto-pinto-signature-2\/","og_locale":"en_US","og_type":"article","og_title":"Alberto Pinto, signature - Librairie 7L","og_description":"Admir\u00e9 comme l&#8217;un des plus grands d\u00e9corateurs de son si\u00e8cle, Alberto Pinto a marqu\u00e9 le monde du design d&#8217;int\u00e9rieur par son style, son extraordinaire compr\u00e9hension des lieux et des cultures locales et son inspiration toujours renouvel\u00e9e. Riche de l&#8217;enseignement du ma\u00eetre, le Cabinet Alberto Pinto continue de donner mati\u00e8re aux r\u00eaves les plus fous avec [&hellip;]","og_url":"https:\/\/librairie7l.com\/en\/produit\/alberto-pinto-signature-2\/","og_site_name":"Librairie 7L","article_modified_time":"2026-04-17T12:34:53+00:00","og_image":[{"width":600,"height":795,"url":"https:\/\/librairie7l.com\/wp-content\/uploads\/2016\/06\/9782081393936_1_75.jpg","type":"image\/jpeg"}],"twitter_card":"summary_large_image","twitter_misc":{"Est. reading time":"1 minute"},"schema":{"@context":"https:\/\/schema.org","@graph":[{"@type":"WebPage","@id":"https:\/\/librairie7l.com\/en\/produit\/alberto-pinto-signature-2\/","url":"https:\/\/librairie7l.com\/en\/produit\/alberto-pinto-signature-2\/","name":"Alberto Pinto, signature - Librairie 7L","isPartOf":{"@id":"https:\/\/librairie7l.com\/en\/#website"},"datePublished":"2024-09-06T10:02:07+00:00","dateModified":"2026-04-17T12:34:53+00:00","breadcrumb":{"@id":"https:\/\/librairie7l.com\/en\/produit\/alberto-pinto-signature-2\/#breadcrumb"},"inLanguage":"en-US","potentialAction":[{"@type":"ReadAction","target":["https:\/\/librairie7l.com\/en\/produit\/alberto-pinto-signature-2\/"]}]},{"@type":"BreadcrumbList","@id":"https:\/\/librairie7l.com\/en\/produit\/alberto-pinto-signature-2\/#breadcrumb","itemListElement":[{"@type":"ListItem","position":1,"name":"Accueil","item":"https:\/\/librairie7l.com\/en\/"},{"@type":"ListItem","position":2,"name":"Shop","item":"https:\/\/librairie7l.com\/en\/shop\/"},{"@type":"ListItem","position":3,"name":"ALBERTO PINTO, SIGNATURE"}]},{"@type":"WebSite","@id":"https:\/\/librairie7l.com\/en\/#website","url":"https:\/\/librairie7l.com\/en\/","name":"Librairie 7L","description":"Librairie fond\u00e9e en 1999 par Karl Lagerfeld \u00e0 Paris","publisher":{"@id":"https:\/\/librairie7l.com\/en\/#organization"},"potentialAction":[{"@type":"SearchAction","target":{"@type":"EntryPoint","urlTemplate":"https:\/\/librairie7l.com\/en\/?s={search_term_string}"},"query-input":"required name=search_term_string"}],"inLanguage":"en-US"},{"@type":"Organization","@id":"https:\/\/librairie7l.com\/en\/#organization","name":"Librairie 7L","url":"https:\/\/librairie7l.com\/en\/","logo":{"@type":"ImageObject","inLanguage":"en-US","@id":"https:\/\/librairie7l.com\/en\/#\/schema\/logo\/image\/","url":"https:\/\/librairie7l.com\/wp-content\/uploads\/2022\/08\/logo-1.png","contentUrl":"https:\/\/librairie7l.com\/wp-content\/uploads\/2022\/08\/logo-1.png","width":227,"height":301,"caption":"Librairie 7L"},"image":{"@id":"https:\/\/librairie7l.com\/en\/#\/schema\/logo\/image\/"}}]}},"_links":{"self":[{"href":"https:\/\/librairie7l.com\/en\/wp-json\/wp\/v2\/product\/42271"}],"collection":[{"href":"https:\/\/librairie7l.com\/en\/wp-json\/wp\/v2\/product"}],"about":[{"href":"https:\/\/librairie7l.com\/en\/wp-json\/wp\/v2\/types\/product"}],"wp:featuredmedia":[{"embeddable":true,"href":"https:\/\/librairie7l.com\/en\/wp-json\/wp\/v2\/media\/42269"}],"wp:attachment":[{"href":"https:\/\/librairie7l.com\/en\/wp-json\/wp\/v2\/media?parent=42271"}],"wp:term":[{"taxonomy":"product_cat","embeddable":true,"href":"https:\/\/librairie7l.com\/en\/wp-json\/wp\/v2\/product_cat?post=42271"},{"taxonomy":"product_tag","embeddable":true,"href":"https:\/\/librairie7l.com\/en\/wp-json\/wp\/v2\/product_tag?post=42271"}],"curies":[{"name":"wp","href":"https:\/\/api.w.org\/{rel}","templated":true}]}}