{"id":42275,"date":"2024-09-06T12:02:11","date_gmt":"2024-09-06T10:02:11","guid":{"rendered":"https:\/\/librairie7l.com\/?post_type=product&#038;p=42275"},"modified":"2026-04-08T23:41:03","modified_gmt":"2026-04-08T21:41:03","slug":"le-sextant-une-maison-de-vacances-le-corbusier-et-pierre-jeanneret-aux-mathes-2","status":"publish","type":"product","link":"https:\/\/librairie7l.com\/en\/produit\/le-sextant-une-maison-de-vacances-le-corbusier-et-pierre-jeanneret-aux-mathes-2\/","title":{"rendered":"LE SEXTANT, UNE MAISON DE VACANCES : LE CORBUSIER ET PIERRE JEANNERET AUX MATHES"},"content":{"rendered":"<p>Pour ce quatri\u00e8me opus, les auteurs et architectes Christelle Lecoeur et Cyril Brul\u00e9 m\u00e8nent leur enqu\u00eate sur l&#8217;histoire d&#8217;une villa situ\u00e9e \u00e0 quelques pas de l&#8217;estuaire de la Gironde, sur la commune des Mathes, pr\u00e8s de Royan, la villa \u00ab Le Sextant \u00bb. Elle est l&#8217;un des quatre projets men\u00e9s par Le Corbusier dans l&#8217;Ouest de la France : une de ses premi\u00e8res oeuvres m\u00e9connues, le ch\u00e2teau d&#8217;eau de Podensac, puis les lotissements ouvriers de L\u00e8ge-Cap ferret (1927) et de Pessac (19) tous en Gironde, \u00e9difi\u00e9s pour Henri Frug\u00e8s, industriel du sucre. La carri\u00e8re de Le Corbusier dans les ann\u00e9es 1930 est souvent symbolis\u00e9e par la villa Savoye, son chef-d&#8217;oeuvre immacul\u00e9, aux murs lisses juch\u00e9 sur des pilotis, dans une prairie de Poissy, accomplissement d&#8217;une vision platonicienne de la nature. Or, au tournant des ann\u00e9es 1930, un Le Corbusier moins \u00ab puriste \u00bb, moins rigoriste, plus attentif aux mat\u00e9riaux naturels, \u00e9merge , cette mue \u00e9tant favoris\u00e9e par une r\u00e9duction des commandes de prestige, ce qui va obliger l&#8217;architecte \u00e0 r\u00e9pondre \u00e0 des programmes moins ambitieux, pour une client\u00e8le adepte de la vie au grand air, telle que la famille Peyron, qui lui commande sa r\u00e9sidence des Mathes. Le Corbusier r\u00e9alise cette maison pour Albin Peyron, son \u00e9pouse et leurs trois enfants. Le commanditaire est le fils d&#8217;un officier de l&#8217;Arm\u00e9e du Salut, \u00e9galement pr\u00e9nomm\u00e9 Albin, dont Le Corbusier r\u00e9alise l&#8217;\u00e9difice \u00e0 Paris &#8211; la Cit\u00e9 du Refuge. Avec son \u00e9pouse Blanche, ils sont tous deux figures engag\u00e9es de l&#8217;action sociale, cr\u00e9ateurs, notamment, des \u00ab soupes de minuit \u00bb offertes aux sans- logis.  Construite en 1935, leur maison de vacances est une des premi\u00e8res villas de La Palmyre, faisant partie de la poign\u00e9e de r\u00e9sidences qui sont \u00e9difi\u00e9es le long d&#8217;un chemin environn\u00e9 par du sable, conduisant \u00e0 la plage. Sa conception suit le principe du \u00ab plan libre\u00bb. Les fa\u00e7ades, en moellons apparents, ne sont plus destin\u00e9es \u00e0 supporter les planchers (qui reposent sur des poteaux), mais enti\u00e8rement con\u00e7ues pour g\u00e9rer les apports de lumi\u00e8re et les vues (vers l&#8217;ouest et la mer), disposant librement les pleins et les vides. Une grande partie de la villa consiste en des espaces ext\u00e9rieurs (pr\u00e9aux, coursives qui desservent les pi\u00e8ces ne communiquant pas entre elles), t\u00e9moignant d&#8217;un mode de vie estival tr\u00e8s proche du camping, revendiqu\u00e9 par la famille. Les pi\u00e8ces, dont Le Corbusier a en grande partie con\u00e7u le mobilier, sont regroup\u00e9es sur les c\u00f4t\u00e9s ouest et nord de la construction. Pour sa r\u00e9alisation, l&#8217;architecte et son client feront appel \u00e0 des entrepreneurs et des mat\u00e9riaux locaux , et du fait des contraintes budg\u00e9taires, Le Corbusier ne se rendra pas sur place, le client assurant le suivi du chantier.  D\u00e8s 1936, ann\u00e9e suivant la construction, la modeste villa fait l&#8217;objet d&#8217;une publication dans la revue d&#8217;architecture L&#8217;Architecture d&#8217;aujourd&#8217;hui. Peu apr\u00e8s, elle est mentionn\u00e9e dans l&#8217;Encyclop\u00e9die de l&#8217;architecture. Constructions modernes. Ces publications montrent que, malgr\u00e9 des moyens tr\u00e8s restreints, Le Corbusier a su concevoir une oeuvre conforme \u00e0 ses principes architecturaux novateurs, et qu&#8217;il souhaite la diffuser.  Elle conna\u00eet ensuite un destin articul\u00e9 \u00e0 celui de la r\u00e9gion, meurtrie par la Seconde Guerre mondiale avant de rena\u00eetre de ses cendres dans le cadre de la Reconstruction, en grande partie gr\u00e2ce \u00e0 son architecte.<\/p>\n","protected":false},"excerpt":{"rendered":"<p>Pour ce quatri\u00e8me opus, les auteurs et architectes Christelle Lecoeur et Cyril Brul\u00e9 m\u00e8nent leur enqu\u00eate sur l&#8217;histoire d&#8217;une villa situ\u00e9e \u00e0 quelques pas de l&#8217;estuaire de la Gironde, sur la commune des Mathes, pr\u00e8s de Royan, la villa \u00ab Le Sextant \u00bb. Elle est l&#8217;un des quatre projets men\u00e9s par Le Corbusier dans l&#8217;Ouest [&hellip;]<\/p>\n","protected":false},"featured_media":42273,"template":"","meta":[],"product_cat":[2948,2950],"product_tag":[],"acf":[],"yoast_head":"<!-- This site is optimized with the Yoast SEO plugin v20.11 - https:\/\/yoast.com\/wordpress\/plugins\/seo\/ -->\n<title>Le Sextant, une maison de vacances : Le Corbusier et Pierre Jeanneret aux Mathes - Librairie 7L<\/title>\n<meta name=\"robots\" content=\"index, follow, max-snippet:-1, max-image-preview:large, max-video-preview:-1\" \/>\n<link rel=\"canonical\" href=\"https:\/\/librairie7l.com\/en\/produit\/le-sextant-une-maison-de-vacances-le-corbusier-et-pierre-jeanneret-aux-mathes-2\/\" \/>\n<meta property=\"og:locale\" content=\"en_US\" \/>\n<meta property=\"og:type\" content=\"article\" \/>\n<meta property=\"og:title\" content=\"Le Sextant, une maison de vacances : Le Corbusier et Pierre Jeanneret aux Mathes - Librairie 7L\" \/>\n<meta property=\"og:description\" content=\"Pour ce quatri\u00e8me opus, les auteurs et architectes Christelle Lecoeur et Cyril Brul\u00e9 m\u00e8nent leur enqu\u00eate sur l&#8217;histoire d&#8217;une villa situ\u00e9e \u00e0 quelques pas de l&#8217;estuaire de la Gironde, sur la commune des Mathes, pr\u00e8s de Royan, la villa \u00ab Le Sextant \u00bb. Elle est l&#8217;un des quatre projets men\u00e9s par Le Corbusier dans l&#8217;Ouest [&hellip;]\" \/>\n<meta property=\"og:url\" content=\"https:\/\/librairie7l.com\/en\/produit\/le-sextant-une-maison-de-vacances-le-corbusier-et-pierre-jeanneret-aux-mathes-2\/\" \/>\n<meta property=\"og:site_name\" content=\"Librairie 7L\" \/>\n<meta property=\"article:modified_time\" content=\"2026-04-08T21:41:03+00:00\" \/>\n<meta property=\"og:image\" content=\"https:\/\/librairie7l.com\/wp-content\/uploads\/2023\/09\/9782363063465_1_75.jpg\" \/>\n\t<meta property=\"og:image:width\" content=\"600\" \/>\n\t<meta property=\"og:image:height\" content=\"834\" \/>\n\t<meta property=\"og:image:type\" content=\"image\/jpeg\" \/>\n<meta name=\"twitter:card\" content=\"summary_large_image\" \/>\n<meta name=\"twitter:label1\" content=\"Est. reading time\" \/>\n\t<meta name=\"twitter:data1\" content=\"3 minutes\" \/>\n<script type=\"application\/ld+json\" class=\"yoast-schema-graph\">{\"@context\":\"https:\/\/schema.org\",\"@graph\":[{\"@type\":\"WebPage\",\"@id\":\"https:\/\/librairie7l.com\/en\/produit\/le-sextant-une-maison-de-vacances-le-corbusier-et-pierre-jeanneret-aux-mathes-2\/\",\"url\":\"https:\/\/librairie7l.com\/en\/produit\/le-sextant-une-maison-de-vacances-le-corbusier-et-pierre-jeanneret-aux-mathes-2\/\",\"name\":\"Le Sextant, une maison de vacances : Le Corbusier et Pierre Jeanneret aux Mathes - Librairie 7L\",\"isPartOf\":{\"@id\":\"https:\/\/librairie7l.com\/en\/#website\"},\"datePublished\":\"2024-09-06T10:02:11+00:00\",\"dateModified\":\"2026-04-08T21:41:03+00:00\",\"breadcrumb\":{\"@id\":\"https:\/\/librairie7l.com\/en\/produit\/le-sextant-une-maison-de-vacances-le-corbusier-et-pierre-jeanneret-aux-mathes-2\/#breadcrumb\"},\"inLanguage\":\"en-US\",\"potentialAction\":[{\"@type\":\"ReadAction\",\"target\":[\"https:\/\/librairie7l.com\/en\/produit\/le-sextant-une-maison-de-vacances-le-corbusier-et-pierre-jeanneret-aux-mathes-2\/\"]}]},{\"@type\":\"BreadcrumbList\",\"@id\":\"https:\/\/librairie7l.com\/en\/produit\/le-sextant-une-maison-de-vacances-le-corbusier-et-pierre-jeanneret-aux-mathes-2\/#breadcrumb\",\"itemListElement\":[{\"@type\":\"ListItem\",\"position\":1,\"name\":\"Accueil\",\"item\":\"https:\/\/librairie7l.com\/en\/\"},{\"@type\":\"ListItem\",\"position\":2,\"name\":\"Shop\",\"item\":\"https:\/\/librairie7l.com\/en\/shop\/\"},{\"@type\":\"ListItem\",\"position\":3,\"name\":\"LE SEXTANT, UNE MAISON DE VACANCES : LE CORBUSIER ET PIERRE JEANNERET AUX MATHES\"}]},{\"@type\":\"WebSite\",\"@id\":\"https:\/\/librairie7l.com\/en\/#website\",\"url\":\"https:\/\/librairie7l.com\/en\/\",\"name\":\"Librairie 7L\",\"description\":\"Librairie fond\u00e9e en 1999 par Karl Lagerfeld \u00e0 Paris\",\"publisher\":{\"@id\":\"https:\/\/librairie7l.com\/en\/#organization\"},\"potentialAction\":[{\"@type\":\"SearchAction\",\"target\":{\"@type\":\"EntryPoint\",\"urlTemplate\":\"https:\/\/librairie7l.com\/en\/?s={search_term_string}\"},\"query-input\":\"required name=search_term_string\"}],\"inLanguage\":\"en-US\"},{\"@type\":\"Organization\",\"@id\":\"https:\/\/librairie7l.com\/en\/#organization\",\"name\":\"Librairie 7L\",\"url\":\"https:\/\/librairie7l.com\/en\/\",\"logo\":{\"@type\":\"ImageObject\",\"inLanguage\":\"en-US\",\"@id\":\"https:\/\/librairie7l.com\/en\/#\/schema\/logo\/image\/\",\"url\":\"https:\/\/librairie7l.com\/wp-content\/uploads\/2022\/08\/logo-1.png\",\"contentUrl\":\"https:\/\/librairie7l.com\/wp-content\/uploads\/2022\/08\/logo-1.png\",\"width\":227,\"height\":301,\"caption\":\"Librairie 7L\"},\"image\":{\"@id\":\"https:\/\/librairie7l.com\/en\/#\/schema\/logo\/image\/\"}}]}<\/script>\n<!-- \/ Yoast SEO plugin. -->","yoast_head_json":{"title":"Le Sextant, une maison de vacances : Le Corbusier et Pierre Jeanneret aux Mathes - Librairie 7L","robots":{"index":"index","follow":"follow","max-snippet":"max-snippet:-1","max-image-preview":"max-image-preview:large","max-video-preview":"max-video-preview:-1"},"canonical":"https:\/\/librairie7l.com\/en\/produit\/le-sextant-une-maison-de-vacances-le-corbusier-et-pierre-jeanneret-aux-mathes-2\/","og_locale":"en_US","og_type":"article","og_title":"Le Sextant, une maison de vacances : Le Corbusier et Pierre Jeanneret aux Mathes - Librairie 7L","og_description":"Pour ce quatri\u00e8me opus, les auteurs et architectes Christelle Lecoeur et Cyril Brul\u00e9 m\u00e8nent leur enqu\u00eate sur l&#8217;histoire d&#8217;une villa situ\u00e9e \u00e0 quelques pas de l&#8217;estuaire de la Gironde, sur la commune des Mathes, pr\u00e8s de Royan, la villa \u00ab Le Sextant \u00bb. Elle est l&#8217;un des quatre projets men\u00e9s par Le Corbusier dans l&#8217;Ouest [&hellip;]","og_url":"https:\/\/librairie7l.com\/en\/produit\/le-sextant-une-maison-de-vacances-le-corbusier-et-pierre-jeanneret-aux-mathes-2\/","og_site_name":"Librairie 7L","article_modified_time":"2026-04-08T21:41:03+00:00","og_image":[{"width":600,"height":834,"url":"https:\/\/librairie7l.com\/wp-content\/uploads\/2023\/09\/9782363063465_1_75.jpg","type":"image\/jpeg"}],"twitter_card":"summary_large_image","twitter_misc":{"Est. reading time":"3 minutes"},"schema":{"@context":"https:\/\/schema.org","@graph":[{"@type":"WebPage","@id":"https:\/\/librairie7l.com\/en\/produit\/le-sextant-une-maison-de-vacances-le-corbusier-et-pierre-jeanneret-aux-mathes-2\/","url":"https:\/\/librairie7l.com\/en\/produit\/le-sextant-une-maison-de-vacances-le-corbusier-et-pierre-jeanneret-aux-mathes-2\/","name":"Le Sextant, une maison de vacances : Le Corbusier et Pierre Jeanneret aux Mathes - Librairie 7L","isPartOf":{"@id":"https:\/\/librairie7l.com\/en\/#website"},"datePublished":"2024-09-06T10:02:11+00:00","dateModified":"2026-04-08T21:41:03+00:00","breadcrumb":{"@id":"https:\/\/librairie7l.com\/en\/produit\/le-sextant-une-maison-de-vacances-le-corbusier-et-pierre-jeanneret-aux-mathes-2\/#breadcrumb"},"inLanguage":"en-US","potentialAction":[{"@type":"ReadAction","target":["https:\/\/librairie7l.com\/en\/produit\/le-sextant-une-maison-de-vacances-le-corbusier-et-pierre-jeanneret-aux-mathes-2\/"]}]},{"@type":"BreadcrumbList","@id":"https:\/\/librairie7l.com\/en\/produit\/le-sextant-une-maison-de-vacances-le-corbusier-et-pierre-jeanneret-aux-mathes-2\/#breadcrumb","itemListElement":[{"@type":"ListItem","position":1,"name":"Accueil","item":"https:\/\/librairie7l.com\/en\/"},{"@type":"ListItem","position":2,"name":"Shop","item":"https:\/\/librairie7l.com\/en\/shop\/"},{"@type":"ListItem","position":3,"name":"LE SEXTANT, UNE MAISON DE VACANCES : LE CORBUSIER ET PIERRE JEANNERET AUX MATHES"}]},{"@type":"WebSite","@id":"https:\/\/librairie7l.com\/en\/#website","url":"https:\/\/librairie7l.com\/en\/","name":"Librairie 7L","description":"Librairie fond\u00e9e en 1999 par Karl Lagerfeld \u00e0 Paris","publisher":{"@id":"https:\/\/librairie7l.com\/en\/#organization"},"potentialAction":[{"@type":"SearchAction","target":{"@type":"EntryPoint","urlTemplate":"https:\/\/librairie7l.com\/en\/?s={search_term_string}"},"query-input":"required name=search_term_string"}],"inLanguage":"en-US"},{"@type":"Organization","@id":"https:\/\/librairie7l.com\/en\/#organization","name":"Librairie 7L","url":"https:\/\/librairie7l.com\/en\/","logo":{"@type":"ImageObject","inLanguage":"en-US","@id":"https:\/\/librairie7l.com\/en\/#\/schema\/logo\/image\/","url":"https:\/\/librairie7l.com\/wp-content\/uploads\/2022\/08\/logo-1.png","contentUrl":"https:\/\/librairie7l.com\/wp-content\/uploads\/2022\/08\/logo-1.png","width":227,"height":301,"caption":"Librairie 7L"},"image":{"@id":"https:\/\/librairie7l.com\/en\/#\/schema\/logo\/image\/"}}]}},"_links":{"self":[{"href":"https:\/\/librairie7l.com\/en\/wp-json\/wp\/v2\/product\/42275"}],"collection":[{"href":"https:\/\/librairie7l.com\/en\/wp-json\/wp\/v2\/product"}],"about":[{"href":"https:\/\/librairie7l.com\/en\/wp-json\/wp\/v2\/types\/product"}],"wp:featuredmedia":[{"embeddable":true,"href":"https:\/\/librairie7l.com\/en\/wp-json\/wp\/v2\/media\/42273"}],"wp:attachment":[{"href":"https:\/\/librairie7l.com\/en\/wp-json\/wp\/v2\/media?parent=42275"}],"wp:term":[{"taxonomy":"product_cat","embeddable":true,"href":"https:\/\/librairie7l.com\/en\/wp-json\/wp\/v2\/product_cat?post=42275"},{"taxonomy":"product_tag","embeddable":true,"href":"https:\/\/librairie7l.com\/en\/wp-json\/wp\/v2\/product_tag?post=42275"}],"curies":[{"name":"wp","href":"https:\/\/api.w.org\/{rel}","templated":true}]}}