{"id":42279,"date":"2024-09-06T12:02:13","date_gmt":"2024-09-06T10:02:13","guid":{"rendered":"https:\/\/librairie7l.com\/?post_type=product&#038;p=42279"},"modified":"2026-04-21T13:16:30","modified_gmt":"2026-04-21T11:16:30","slug":"jean-lurcat-la-terre-le-feu-leau-lair-2","status":"publish","type":"product","link":"https:\/\/librairie7l.com\/en\/produit\/jean-lurcat-la-terre-le-feu-leau-lair-2\/","title":{"rendered":"JEAN LUR\u00c7AT : LA TERRE, LE FEU, L&#8217;EAU, L&#8217;AIR"},"content":{"rendered":"<p>Jean Lur\u00e7at (1892-1966) s&#8217;est illustr\u00e9 en tant que peintre cartonnier de tapisseries, mais sa cr\u00e9ativit\u00e9 s&#8217;est aussi exprim\u00e9e \u00e0 travers la peinture, le dessin, la gravure, les d\u00e9cors de th\u00e9\u00e2tre, l&#8217;\u00e9criture et l&#8217;illustration. L&#8217;artiste a \u00e9galement contribu\u00e9 au renouveau de la c\u00e9ramique dans les ann\u00e9es 1950. Il compte ainsi parmi les peintres qui ont hiss\u00e9 au rang d&#8217;art un domaine longtemps associ\u00e9 \u00e0 une production utilitaire, artisanale ou industrielle. L&#8217;univers de la c\u00e9ramique d&#8217;art ouvre \u00e0 Jean Lur\u00e7at un nouvel espace de libert\u00e9 qui comble son avidit\u00e9 cr\u00e9atrice durant quasiment seize ann\u00e9es, de 1951 \u00e0 1966. Le m\u00e9dium devient alors l&#8217;un des maillons de son langage esth\u00e9tique. Par l&#8217;exploration de fonds d&#8217;archives in\u00e9dits, ce catalogue propose de faire le point sur l&#8217;\u00e9dition des fa\u00efences que Lur\u00e7at r\u00e9alise exclusivement \u00e0 Perpignan, dans l&#8217;atelier Sant Vicens. Deux fois par an, avec une curiosit\u00e9 m\u00eal\u00e9e de fascination pour l&#8217;alchimie de la terre, de l&#8217;eau, de l&#8217;air et du feu, il vient y \u00e9mailler ses prototypes. En miroir du foyer potier de la C\u00f4te d&#8217;Azur o\u00f9 r\u00e8gne Picasso, Lur\u00e7at choisit l&#8217;h\u00e9ritage catalan non seulement par affinit\u00e9s amicales et pour la qualit\u00e9 de vie roussillonnaise, mais aussi en souvenir de la guerre d&#8217;Espagne qui l&#8217;a particuli\u00e8rement touch\u00e9. Perpignan est alors le laboratoire de ses recherches artistiques o\u00f9, annuellement, il pr\u00e9sente ses cr\u00e9ations r\u00e9centes. Gr\u00e2ce \u00e0 leur dimension d\u00e9corative et au pouvoir de l&#8217;\u00e9dition num\u00e9rot\u00e9e, celles-ci sont entr\u00e9es dans l&#8217;univers quotidien d&#8217;un large public.<\/p>\n","protected":false},"excerpt":{"rendered":"<p>Jean Lur\u00e7at (1892-1966) s&#8217;est illustr\u00e9 en tant que peintre cartonnier de tapisseries, mais sa cr\u00e9ativit\u00e9 s&#8217;est aussi exprim\u00e9e \u00e0 travers la peinture, le dessin, la gravure, les d\u00e9cors de th\u00e9\u00e2tre, l&#8217;\u00e9criture et l&#8217;illustration. L&#8217;artiste a \u00e9galement contribu\u00e9 au renouveau de la c\u00e9ramique dans les ann\u00e9es 1950. Il compte ainsi parmi les peintres qui ont hiss\u00e9 [&hellip;]<\/p>\n","protected":false},"featured_media":42277,"template":"","meta":[],"product_cat":[2948,2952],"product_tag":[],"acf":[],"yoast_head":"<!-- This site is optimized with the Yoast SEO plugin v20.11 - https:\/\/yoast.com\/wordpress\/plugins\/seo\/ -->\n<title>Jean Lur\u00e7at : La terre, le feu, l&#039;eau, l&#039;air - Librairie 7L<\/title>\n<meta name=\"robots\" content=\"index, follow, max-snippet:-1, max-image-preview:large, max-video-preview:-1\" \/>\n<link rel=\"canonical\" href=\"https:\/\/librairie7l.com\/en\/produit\/jean-lurcat-la-terre-le-feu-leau-lair-2\/\" \/>\n<meta property=\"og:locale\" content=\"en_US\" \/>\n<meta property=\"og:type\" content=\"article\" \/>\n<meta property=\"og:title\" content=\"Jean Lur\u00e7at : La terre, le feu, l&#039;eau, l&#039;air - Librairie 7L\" \/>\n<meta property=\"og:description\" content=\"Jean Lur\u00e7at (1892-1966) s&#8217;est illustr\u00e9 en tant que peintre cartonnier de tapisseries, mais sa cr\u00e9ativit\u00e9 s&#8217;est aussi exprim\u00e9e \u00e0 travers la peinture, le dessin, la gravure, les d\u00e9cors de th\u00e9\u00e2tre, l&#8217;\u00e9criture et l&#8217;illustration. L&#8217;artiste a \u00e9galement contribu\u00e9 au renouveau de la c\u00e9ramique dans les ann\u00e9es 1950. Il compte ainsi parmi les peintres qui ont hiss\u00e9 [&hellip;]\" \/>\n<meta property=\"og:url\" content=\"https:\/\/librairie7l.com\/en\/produit\/jean-lurcat-la-terre-le-feu-leau-lair-2\/\" \/>\n<meta property=\"og:site_name\" content=\"Librairie 7L\" \/>\n<meta property=\"article:modified_time\" content=\"2026-04-21T11:16:30+00:00\" \/>\n<meta property=\"og:image\" content=\"https:\/\/librairie7l.com\/wp-content\/uploads\/2024\/03\/9788836658046_1_75.jpg\" \/>\n\t<meta property=\"og:image:width\" content=\"600\" \/>\n\t<meta property=\"og:image:height\" content=\"724\" \/>\n\t<meta property=\"og:image:type\" content=\"image\/jpeg\" \/>\n<meta name=\"twitter:card\" content=\"summary_large_image\" \/>\n<meta name=\"twitter:label1\" content=\"Est. reading time\" \/>\n\t<meta name=\"twitter:data1\" content=\"1 minute\" \/>\n<script type=\"application\/ld+json\" class=\"yoast-schema-graph\">{\"@context\":\"https:\/\/schema.org\",\"@graph\":[{\"@type\":\"WebPage\",\"@id\":\"https:\/\/librairie7l.com\/en\/produit\/jean-lurcat-la-terre-le-feu-leau-lair-2\/\",\"url\":\"https:\/\/librairie7l.com\/en\/produit\/jean-lurcat-la-terre-le-feu-leau-lair-2\/\",\"name\":\"Jean Lur\u00e7at : La terre, le feu, l'eau, l'air - Librairie 7L\",\"isPartOf\":{\"@id\":\"https:\/\/librairie7l.com\/en\/#website\"},\"datePublished\":\"2024-09-06T10:02:13+00:00\",\"dateModified\":\"2026-04-21T11:16:30+00:00\",\"breadcrumb\":{\"@id\":\"https:\/\/librairie7l.com\/en\/produit\/jean-lurcat-la-terre-le-feu-leau-lair-2\/#breadcrumb\"},\"inLanguage\":\"en-US\",\"potentialAction\":[{\"@type\":\"ReadAction\",\"target\":[\"https:\/\/librairie7l.com\/en\/produit\/jean-lurcat-la-terre-le-feu-leau-lair-2\/\"]}]},{\"@type\":\"BreadcrumbList\",\"@id\":\"https:\/\/librairie7l.com\/en\/produit\/jean-lurcat-la-terre-le-feu-leau-lair-2\/#breadcrumb\",\"itemListElement\":[{\"@type\":\"ListItem\",\"position\":1,\"name\":\"Accueil\",\"item\":\"https:\/\/librairie7l.com\/en\/\"},{\"@type\":\"ListItem\",\"position\":2,\"name\":\"Shop\",\"item\":\"https:\/\/librairie7l.com\/en\/shop\/\"},{\"@type\":\"ListItem\",\"position\":3,\"name\":\"JEAN LUR\u00c7AT : LA TERRE, LE FEU, L&#8217;EAU, L&#8217;AIR\"}]},{\"@type\":\"WebSite\",\"@id\":\"https:\/\/librairie7l.com\/en\/#website\",\"url\":\"https:\/\/librairie7l.com\/en\/\",\"name\":\"Librairie 7L\",\"description\":\"Librairie fond\u00e9e en 1999 par Karl Lagerfeld \u00e0 Paris\",\"publisher\":{\"@id\":\"https:\/\/librairie7l.com\/en\/#organization\"},\"potentialAction\":[{\"@type\":\"SearchAction\",\"target\":{\"@type\":\"EntryPoint\",\"urlTemplate\":\"https:\/\/librairie7l.com\/en\/?s={search_term_string}\"},\"query-input\":\"required name=search_term_string\"}],\"inLanguage\":\"en-US\"},{\"@type\":\"Organization\",\"@id\":\"https:\/\/librairie7l.com\/en\/#organization\",\"name\":\"Librairie 7L\",\"url\":\"https:\/\/librairie7l.com\/en\/\",\"logo\":{\"@type\":\"ImageObject\",\"inLanguage\":\"en-US\",\"@id\":\"https:\/\/librairie7l.com\/en\/#\/schema\/logo\/image\/\",\"url\":\"https:\/\/librairie7l.com\/wp-content\/uploads\/2022\/08\/logo-1.png\",\"contentUrl\":\"https:\/\/librairie7l.com\/wp-content\/uploads\/2022\/08\/logo-1.png\",\"width\":227,\"height\":301,\"caption\":\"Librairie 7L\"},\"image\":{\"@id\":\"https:\/\/librairie7l.com\/en\/#\/schema\/logo\/image\/\"}}]}<\/script>\n<!-- \/ Yoast SEO plugin. -->","yoast_head_json":{"title":"Jean Lur\u00e7at : La terre, le feu, l'eau, l'air - Librairie 7L","robots":{"index":"index","follow":"follow","max-snippet":"max-snippet:-1","max-image-preview":"max-image-preview:large","max-video-preview":"max-video-preview:-1"},"canonical":"https:\/\/librairie7l.com\/en\/produit\/jean-lurcat-la-terre-le-feu-leau-lair-2\/","og_locale":"en_US","og_type":"article","og_title":"Jean Lur\u00e7at : La terre, le feu, l'eau, l'air - Librairie 7L","og_description":"Jean Lur\u00e7at (1892-1966) s&#8217;est illustr\u00e9 en tant que peintre cartonnier de tapisseries, mais sa cr\u00e9ativit\u00e9 s&#8217;est aussi exprim\u00e9e \u00e0 travers la peinture, le dessin, la gravure, les d\u00e9cors de th\u00e9\u00e2tre, l&#8217;\u00e9criture et l&#8217;illustration. L&#8217;artiste a \u00e9galement contribu\u00e9 au renouveau de la c\u00e9ramique dans les ann\u00e9es 1950. Il compte ainsi parmi les peintres qui ont hiss\u00e9 [&hellip;]","og_url":"https:\/\/librairie7l.com\/en\/produit\/jean-lurcat-la-terre-le-feu-leau-lair-2\/","og_site_name":"Librairie 7L","article_modified_time":"2026-04-21T11:16:30+00:00","og_image":[{"width":600,"height":724,"url":"https:\/\/librairie7l.com\/wp-content\/uploads\/2024\/03\/9788836658046_1_75.jpg","type":"image\/jpeg"}],"twitter_card":"summary_large_image","twitter_misc":{"Est. reading time":"1 minute"},"schema":{"@context":"https:\/\/schema.org","@graph":[{"@type":"WebPage","@id":"https:\/\/librairie7l.com\/en\/produit\/jean-lurcat-la-terre-le-feu-leau-lair-2\/","url":"https:\/\/librairie7l.com\/en\/produit\/jean-lurcat-la-terre-le-feu-leau-lair-2\/","name":"Jean Lur\u00e7at : La terre, le feu, l'eau, l'air - Librairie 7L","isPartOf":{"@id":"https:\/\/librairie7l.com\/en\/#website"},"datePublished":"2024-09-06T10:02:13+00:00","dateModified":"2026-04-21T11:16:30+00:00","breadcrumb":{"@id":"https:\/\/librairie7l.com\/en\/produit\/jean-lurcat-la-terre-le-feu-leau-lair-2\/#breadcrumb"},"inLanguage":"en-US","potentialAction":[{"@type":"ReadAction","target":["https:\/\/librairie7l.com\/en\/produit\/jean-lurcat-la-terre-le-feu-leau-lair-2\/"]}]},{"@type":"BreadcrumbList","@id":"https:\/\/librairie7l.com\/en\/produit\/jean-lurcat-la-terre-le-feu-leau-lair-2\/#breadcrumb","itemListElement":[{"@type":"ListItem","position":1,"name":"Accueil","item":"https:\/\/librairie7l.com\/en\/"},{"@type":"ListItem","position":2,"name":"Shop","item":"https:\/\/librairie7l.com\/en\/shop\/"},{"@type":"ListItem","position":3,"name":"JEAN LUR\u00c7AT : LA TERRE, LE FEU, L&#8217;EAU, L&#8217;AIR"}]},{"@type":"WebSite","@id":"https:\/\/librairie7l.com\/en\/#website","url":"https:\/\/librairie7l.com\/en\/","name":"Librairie 7L","description":"Librairie fond\u00e9e en 1999 par Karl Lagerfeld \u00e0 Paris","publisher":{"@id":"https:\/\/librairie7l.com\/en\/#organization"},"potentialAction":[{"@type":"SearchAction","target":{"@type":"EntryPoint","urlTemplate":"https:\/\/librairie7l.com\/en\/?s={search_term_string}"},"query-input":"required name=search_term_string"}],"inLanguage":"en-US"},{"@type":"Organization","@id":"https:\/\/librairie7l.com\/en\/#organization","name":"Librairie 7L","url":"https:\/\/librairie7l.com\/en\/","logo":{"@type":"ImageObject","inLanguage":"en-US","@id":"https:\/\/librairie7l.com\/en\/#\/schema\/logo\/image\/","url":"https:\/\/librairie7l.com\/wp-content\/uploads\/2022\/08\/logo-1.png","contentUrl":"https:\/\/librairie7l.com\/wp-content\/uploads\/2022\/08\/logo-1.png","width":227,"height":301,"caption":"Librairie 7L"},"image":{"@id":"https:\/\/librairie7l.com\/en\/#\/schema\/logo\/image\/"}}]}},"_links":{"self":[{"href":"https:\/\/librairie7l.com\/en\/wp-json\/wp\/v2\/product\/42279"}],"collection":[{"href":"https:\/\/librairie7l.com\/en\/wp-json\/wp\/v2\/product"}],"about":[{"href":"https:\/\/librairie7l.com\/en\/wp-json\/wp\/v2\/types\/product"}],"wp:featuredmedia":[{"embeddable":true,"href":"https:\/\/librairie7l.com\/en\/wp-json\/wp\/v2\/media\/42277"}],"wp:attachment":[{"href":"https:\/\/librairie7l.com\/en\/wp-json\/wp\/v2\/media?parent=42279"}],"wp:term":[{"taxonomy":"product_cat","embeddable":true,"href":"https:\/\/librairie7l.com\/en\/wp-json\/wp\/v2\/product_cat?post=42279"},{"taxonomy":"product_tag","embeddable":true,"href":"https:\/\/librairie7l.com\/en\/wp-json\/wp\/v2\/product_tag?post=42279"}],"curies":[{"name":"wp","href":"https:\/\/api.w.org\/{rel}","templated":true}]}}