{"id":42309,"date":"2024-09-06T13:21:47","date_gmt":"2024-09-06T11:21:47","guid":{"rendered":"https:\/\/librairie7l.com\/?post_type=product&#038;p=42309"},"modified":"2026-04-21T14:49:01","modified_gmt":"2026-04-21T12:49:01","slug":"regards-sur-le-patrimoine-mobilier-en-europe-2","status":"publish","type":"product","link":"https:\/\/librairie7l.com\/en\/produit\/regards-sur-le-patrimoine-mobilier-en-europe-2\/","title":{"rendered":"REGARDS SUR LE PATRIMOINE MOBILIER EN EUROPE"},"content":{"rendered":"<p>Le patrimoine mobilier b\u00e9n\u00e9ficie d&#8217;un statut privil\u00e9gi\u00e9 en France, mais rarement dans les textes internationaux ou les conventions de l&#8217;Union europ\u00e9enne. Consciente de cette r\u00e9alit\u00e9, l&#8217;Association des conservateurs des antiquit\u00e9s et objets d&#8217;art de France a souhait\u00e9 consacrer ses 37e journ\u00e9es d&#8217;\u00e9tude \u00e0 la question du patrimoine mobilier dans les pays europ\u00e9ens, en proposant un \u00e9tat des lieux de son statut et de sa conservation. Cet ouvrage recueille les actes de ce colloque.<\/p>\n","protected":false},"excerpt":{"rendered":"<p>Le patrimoine mobilier b\u00e9n\u00e9ficie d&#8217;un statut privil\u00e9gi\u00e9 en France, mais rarement dans les textes internationaux ou les conventions de l&#8217;Union europ\u00e9enne. Consciente de cette r\u00e9alit\u00e9, l&#8217;Association des conservateurs des antiquit\u00e9s et objets d&#8217;art de France a souhait\u00e9 consacrer ses 37e journ\u00e9es d&#8217;\u00e9tude \u00e0 la question du patrimoine mobilier dans les pays europ\u00e9ens, en proposant un [&hellip;]<\/p>\n","protected":false},"featured_media":42307,"template":"","meta":[],"product_cat":[2948,2952],"product_tag":[],"acf":[],"yoast_head":"<!-- This site is optimized with the Yoast SEO plugin v20.11 - https:\/\/yoast.com\/wordpress\/plugins\/seo\/ -->\n<title>Regards sur le patrimoine mobilier en Europe - Librairie 7L<\/title>\n<meta name=\"robots\" content=\"index, follow, max-snippet:-1, max-image-preview:large, max-video-preview:-1\" \/>\n<link rel=\"canonical\" href=\"https:\/\/librairie7l.com\/en\/produit\/regards-sur-le-patrimoine-mobilier-en-europe-2\/\" \/>\n<meta property=\"og:locale\" content=\"en_US\" \/>\n<meta property=\"og:type\" content=\"article\" \/>\n<meta property=\"og:title\" content=\"Regards sur le patrimoine mobilier en Europe - Librairie 7L\" \/>\n<meta property=\"og:description\" content=\"Le patrimoine mobilier b\u00e9n\u00e9ficie d&#8217;un statut privil\u00e9gi\u00e9 en France, mais rarement dans les textes internationaux ou les conventions de l&#8217;Union europ\u00e9enne. Consciente de cette r\u00e9alit\u00e9, l&#8217;Association des conservateurs des antiquit\u00e9s et objets d&#8217;art de France a souhait\u00e9 consacrer ses 37e journ\u00e9es d&#8217;\u00e9tude \u00e0 la question du patrimoine mobilier dans les pays europ\u00e9ens, en proposant un [&hellip;]\" \/>\n<meta property=\"og:url\" content=\"https:\/\/librairie7l.com\/en\/produit\/regards-sur-le-patrimoine-mobilier-en-europe-2\/\" \/>\n<meta property=\"og:site_name\" content=\"Librairie 7L\" \/>\n<meta property=\"article:modified_time\" content=\"2026-04-21T12:49:01+00:00\" \/>\n<meta property=\"og:image\" content=\"https:\/\/librairie7l.com\/wp-content\/uploads\/2024\/03\/9782330194536_1_75.jpg\" \/>\n\t<meta property=\"og:image:width\" content=\"600\" \/>\n\t<meta property=\"og:image:height\" content=\"1090\" \/>\n\t<meta property=\"og:image:type\" content=\"image\/jpeg\" \/>\n<meta name=\"twitter:card\" content=\"summary_large_image\" \/>\n<script type=\"application\/ld+json\" class=\"yoast-schema-graph\">{\"@context\":\"https:\/\/schema.org\",\"@graph\":[{\"@type\":\"WebPage\",\"@id\":\"https:\/\/librairie7l.com\/en\/produit\/regards-sur-le-patrimoine-mobilier-en-europe-2\/\",\"url\":\"https:\/\/librairie7l.com\/en\/produit\/regards-sur-le-patrimoine-mobilier-en-europe-2\/\",\"name\":\"Regards sur le patrimoine mobilier en Europe - Librairie 7L\",\"isPartOf\":{\"@id\":\"https:\/\/librairie7l.com\/en\/#website\"},\"datePublished\":\"2024-09-06T11:21:47+00:00\",\"dateModified\":\"2026-04-21T12:49:01+00:00\",\"breadcrumb\":{\"@id\":\"https:\/\/librairie7l.com\/en\/produit\/regards-sur-le-patrimoine-mobilier-en-europe-2\/#breadcrumb\"},\"inLanguage\":\"en-US\",\"potentialAction\":[{\"@type\":\"ReadAction\",\"target\":[\"https:\/\/librairie7l.com\/en\/produit\/regards-sur-le-patrimoine-mobilier-en-europe-2\/\"]}]},{\"@type\":\"BreadcrumbList\",\"@id\":\"https:\/\/librairie7l.com\/en\/produit\/regards-sur-le-patrimoine-mobilier-en-europe-2\/#breadcrumb\",\"itemListElement\":[{\"@type\":\"ListItem\",\"position\":1,\"name\":\"Accueil\",\"item\":\"https:\/\/librairie7l.com\/en\/\"},{\"@type\":\"ListItem\",\"position\":2,\"name\":\"Shop\",\"item\":\"https:\/\/librairie7l.com\/en\/shop\/\"},{\"@type\":\"ListItem\",\"position\":3,\"name\":\"REGARDS SUR LE PATRIMOINE MOBILIER EN EUROPE\"}]},{\"@type\":\"WebSite\",\"@id\":\"https:\/\/librairie7l.com\/en\/#website\",\"url\":\"https:\/\/librairie7l.com\/en\/\",\"name\":\"Librairie 7L\",\"description\":\"Librairie fond\u00e9e en 1999 par Karl Lagerfeld \u00e0 Paris\",\"publisher\":{\"@id\":\"https:\/\/librairie7l.com\/en\/#organization\"},\"potentialAction\":[{\"@type\":\"SearchAction\",\"target\":{\"@type\":\"EntryPoint\",\"urlTemplate\":\"https:\/\/librairie7l.com\/en\/?s={search_term_string}\"},\"query-input\":\"required name=search_term_string\"}],\"inLanguage\":\"en-US\"},{\"@type\":\"Organization\",\"@id\":\"https:\/\/librairie7l.com\/en\/#organization\",\"name\":\"Librairie 7L\",\"url\":\"https:\/\/librairie7l.com\/en\/\",\"logo\":{\"@type\":\"ImageObject\",\"inLanguage\":\"en-US\",\"@id\":\"https:\/\/librairie7l.com\/en\/#\/schema\/logo\/image\/\",\"url\":\"https:\/\/librairie7l.com\/wp-content\/uploads\/2022\/08\/logo-1.png\",\"contentUrl\":\"https:\/\/librairie7l.com\/wp-content\/uploads\/2022\/08\/logo-1.png\",\"width\":227,\"height\":301,\"caption\":\"Librairie 7L\"},\"image\":{\"@id\":\"https:\/\/librairie7l.com\/en\/#\/schema\/logo\/image\/\"}}]}<\/script>\n<!-- \/ Yoast SEO plugin. -->","yoast_head_json":{"title":"Regards sur le patrimoine mobilier en Europe - Librairie 7L","robots":{"index":"index","follow":"follow","max-snippet":"max-snippet:-1","max-image-preview":"max-image-preview:large","max-video-preview":"max-video-preview:-1"},"canonical":"https:\/\/librairie7l.com\/en\/produit\/regards-sur-le-patrimoine-mobilier-en-europe-2\/","og_locale":"en_US","og_type":"article","og_title":"Regards sur le patrimoine mobilier en Europe - Librairie 7L","og_description":"Le patrimoine mobilier b\u00e9n\u00e9ficie d&#8217;un statut privil\u00e9gi\u00e9 en France, mais rarement dans les textes internationaux ou les conventions de l&#8217;Union europ\u00e9enne. Consciente de cette r\u00e9alit\u00e9, l&#8217;Association des conservateurs des antiquit\u00e9s et objets d&#8217;art de France a souhait\u00e9 consacrer ses 37e journ\u00e9es d&#8217;\u00e9tude \u00e0 la question du patrimoine mobilier dans les pays europ\u00e9ens, en proposant un [&hellip;]","og_url":"https:\/\/librairie7l.com\/en\/produit\/regards-sur-le-patrimoine-mobilier-en-europe-2\/","og_site_name":"Librairie 7L","article_modified_time":"2026-04-21T12:49:01+00:00","og_image":[{"width":600,"height":1090,"url":"https:\/\/librairie7l.com\/wp-content\/uploads\/2024\/03\/9782330194536_1_75.jpg","type":"image\/jpeg"}],"twitter_card":"summary_large_image","schema":{"@context":"https:\/\/schema.org","@graph":[{"@type":"WebPage","@id":"https:\/\/librairie7l.com\/en\/produit\/regards-sur-le-patrimoine-mobilier-en-europe-2\/","url":"https:\/\/librairie7l.com\/en\/produit\/regards-sur-le-patrimoine-mobilier-en-europe-2\/","name":"Regards sur le patrimoine mobilier en Europe - Librairie 7L","isPartOf":{"@id":"https:\/\/librairie7l.com\/en\/#website"},"datePublished":"2024-09-06T11:21:47+00:00","dateModified":"2026-04-21T12:49:01+00:00","breadcrumb":{"@id":"https:\/\/librairie7l.com\/en\/produit\/regards-sur-le-patrimoine-mobilier-en-europe-2\/#breadcrumb"},"inLanguage":"en-US","potentialAction":[{"@type":"ReadAction","target":["https:\/\/librairie7l.com\/en\/produit\/regards-sur-le-patrimoine-mobilier-en-europe-2\/"]}]},{"@type":"BreadcrumbList","@id":"https:\/\/librairie7l.com\/en\/produit\/regards-sur-le-patrimoine-mobilier-en-europe-2\/#breadcrumb","itemListElement":[{"@type":"ListItem","position":1,"name":"Accueil","item":"https:\/\/librairie7l.com\/en\/"},{"@type":"ListItem","position":2,"name":"Shop","item":"https:\/\/librairie7l.com\/en\/shop\/"},{"@type":"ListItem","position":3,"name":"REGARDS SUR LE PATRIMOINE MOBILIER EN EUROPE"}]},{"@type":"WebSite","@id":"https:\/\/librairie7l.com\/en\/#website","url":"https:\/\/librairie7l.com\/en\/","name":"Librairie 7L","description":"Librairie fond\u00e9e en 1999 par Karl Lagerfeld \u00e0 Paris","publisher":{"@id":"https:\/\/librairie7l.com\/en\/#organization"},"potentialAction":[{"@type":"SearchAction","target":{"@type":"EntryPoint","urlTemplate":"https:\/\/librairie7l.com\/en\/?s={search_term_string}"},"query-input":"required name=search_term_string"}],"inLanguage":"en-US"},{"@type":"Organization","@id":"https:\/\/librairie7l.com\/en\/#organization","name":"Librairie 7L","url":"https:\/\/librairie7l.com\/en\/","logo":{"@type":"ImageObject","inLanguage":"en-US","@id":"https:\/\/librairie7l.com\/en\/#\/schema\/logo\/image\/","url":"https:\/\/librairie7l.com\/wp-content\/uploads\/2022\/08\/logo-1.png","contentUrl":"https:\/\/librairie7l.com\/wp-content\/uploads\/2022\/08\/logo-1.png","width":227,"height":301,"caption":"Librairie 7L"},"image":{"@id":"https:\/\/librairie7l.com\/en\/#\/schema\/logo\/image\/"}}]}},"_links":{"self":[{"href":"https:\/\/librairie7l.com\/en\/wp-json\/wp\/v2\/product\/42309"}],"collection":[{"href":"https:\/\/librairie7l.com\/en\/wp-json\/wp\/v2\/product"}],"about":[{"href":"https:\/\/librairie7l.com\/en\/wp-json\/wp\/v2\/types\/product"}],"wp:featuredmedia":[{"embeddable":true,"href":"https:\/\/librairie7l.com\/en\/wp-json\/wp\/v2\/media\/42307"}],"wp:attachment":[{"href":"https:\/\/librairie7l.com\/en\/wp-json\/wp\/v2\/media?parent=42309"}],"wp:term":[{"taxonomy":"product_cat","embeddable":true,"href":"https:\/\/librairie7l.com\/en\/wp-json\/wp\/v2\/product_cat?post=42309"},{"taxonomy":"product_tag","embeddable":true,"href":"https:\/\/librairie7l.com\/en\/wp-json\/wp\/v2\/product_tag?post=42309"}],"curies":[{"name":"wp","href":"https:\/\/api.w.org\/{rel}","templated":true}]}}