{"id":42323,"date":"2024-09-06T13:21:57","date_gmt":"2024-09-06T11:21:57","guid":{"rendered":"https:\/\/librairie7l.com\/?post_type=product&#038;p=42323"},"modified":"2026-04-09T21:16:56","modified_gmt":"2026-04-09T19:16:56","slug":"little-book-of-balenciaga-lhistoire-dune-maison-de-mode-mythique-2","status":"publish","type":"product","link":"https:\/\/librairie7l.com\/en\/produit\/little-book-of-balenciaga-lhistoire-dune-maison-de-mode-mythique-2\/","title":{"rendered":"LITTLE BOOK OF BALENCIAGA : L&#8217;HISTOIRE D&#8217;UNE MAISON DE MODE MYTHIQUE"},"content":{"rendered":"<p>Parrain du design conceptuel, ma\u00eetre de la forme, r\u00e9volutionnaire de la mode &#8211; autant de distinctions d\u00e9cern\u00e9es \u00e0 l&#8217;un des couturiers les plus int\u00e9ressants, v\u00e9n\u00e9r\u00e9s et embl\u00e9matiques du XXe si\u00e8cle : Crist\u00f3bal Balenciaga.<\/p>\n<p>&#8221; La haute couture est comme un orchestre dirig\u00e9 par Balenciaga. Nous, les autres couturiers, sommes les musiciens et nous suivons la direction qu&#8217;il donne &#8220;, confiait Christian Dior.<\/p>\n<p>La puret\u00e9 des lignes Balenciaga, le confort des v\u00eatements et les innovations au niveau du textile, des couleurs ainsi que des volumes ont eu un impact consid\u00e9rable sur la mode du XXe si\u00e8cle. Ainsi, des cr\u00e9ations comme les robes babydoll, les robes ballon et les robes sac ont eu une influence consid\u00e9rable sur la mode jusqu&#8217;\u00e0 aujourd&#8217;hui.<\/p>\n<p>\u00c0 travers des images \u00e9poustouflantes et des textes captivants, le Petit Livre de Balenciaga d\u00e9peint l&#8217;oeuvre et la vie du couturier Balenciaga.<\/p>\n<p>L&#8217;historienne de la mode Emmanuelle Dirix examine son h\u00e9ritage en retra\u00e7ant \u00e0 la fois la direction artistique de la Maison apr\u00e8s sa mort et les g\u00e9n\u00e9rations de cr\u00e9ateurs influenc\u00e9s par ce ma\u00eetre du style.<\/p>\n","protected":false},"excerpt":{"rendered":"<p>Parrain du design conceptuel, ma\u00eetre de la forme, r\u00e9volutionnaire de la mode &#8211; autant de distinctions d\u00e9cern\u00e9es \u00e0 l&#8217;un des couturiers les plus int\u00e9ressants, v\u00e9n\u00e9r\u00e9s et embl\u00e9matiques du XXe si\u00e8cle : Crist\u00f3bal Balenciaga. &#8221; La haute couture est comme un orchestre dirig\u00e9 par Balenciaga. Nous, les autres couturiers, sommes les musiciens et nous suivons la [&hellip;]<\/p>\n","protected":false},"featured_media":42321,"template":"","meta":[],"product_cat":[2948,2957],"product_tag":[],"acf":[],"yoast_head":"<!-- This site is optimized with the Yoast SEO plugin v20.11 - https:\/\/yoast.com\/wordpress\/plugins\/seo\/ -->\n<title>Little book of Balenciaga : L&#039;histoire d&#039;une maison de mode mythique - Librairie 7L<\/title>\n<meta name=\"robots\" content=\"index, follow, max-snippet:-1, max-image-preview:large, max-video-preview:-1\" \/>\n<link rel=\"canonical\" href=\"https:\/\/librairie7l.com\/en\/produit\/little-book-of-balenciaga-lhistoire-dune-maison-de-mode-mythique-2\/\" \/>\n<meta property=\"og:locale\" content=\"en_US\" \/>\n<meta property=\"og:type\" content=\"article\" \/>\n<meta property=\"og:title\" content=\"Little book of Balenciaga : L&#039;histoire d&#039;une maison de mode mythique - Librairie 7L\" \/>\n<meta property=\"og:description\" content=\"Parrain du design conceptuel, ma\u00eetre de la forme, r\u00e9volutionnaire de la mode &#8211; autant de distinctions d\u00e9cern\u00e9es \u00e0 l&#8217;un des couturiers les plus int\u00e9ressants, v\u00e9n\u00e9r\u00e9s et embl\u00e9matiques du XXe si\u00e8cle : Crist\u00f3bal Balenciaga. &#8221; La haute couture est comme un orchestre dirig\u00e9 par Balenciaga. Nous, les autres couturiers, sommes les musiciens et nous suivons la [&hellip;]\" \/>\n<meta property=\"og:url\" content=\"https:\/\/librairie7l.com\/en\/produit\/little-book-of-balenciaga-lhistoire-dune-maison-de-mode-mythique-2\/\" \/>\n<meta property=\"og:site_name\" content=\"Librairie 7L\" \/>\n<meta property=\"article:modified_time\" content=\"2026-04-09T19:16:56+00:00\" \/>\n<meta property=\"og:image\" content=\"https:\/\/librairie7l.com\/wp-content\/uploads\/2023\/12\/9782809920277_1_75.jpg\" \/>\n\t<meta property=\"og:image:width\" content=\"600\" \/>\n\t<meta property=\"og:image:height\" content=\"852\" \/>\n\t<meta property=\"og:image:type\" content=\"image\/jpeg\" \/>\n<meta name=\"twitter:card\" content=\"summary_large_image\" \/>\n<meta name=\"twitter:label1\" content=\"Est. reading time\" \/>\n\t<meta name=\"twitter:data1\" content=\"1 minute\" \/>\n<script type=\"application\/ld+json\" class=\"yoast-schema-graph\">{\"@context\":\"https:\/\/schema.org\",\"@graph\":[{\"@type\":\"WebPage\",\"@id\":\"https:\/\/librairie7l.com\/en\/produit\/little-book-of-balenciaga-lhistoire-dune-maison-de-mode-mythique-2\/\",\"url\":\"https:\/\/librairie7l.com\/en\/produit\/little-book-of-balenciaga-lhistoire-dune-maison-de-mode-mythique-2\/\",\"name\":\"Little book of Balenciaga : L'histoire d'une maison de mode mythique - Librairie 7L\",\"isPartOf\":{\"@id\":\"https:\/\/librairie7l.com\/en\/#website\"},\"datePublished\":\"2024-09-06T11:21:57+00:00\",\"dateModified\":\"2026-04-09T19:16:56+00:00\",\"breadcrumb\":{\"@id\":\"https:\/\/librairie7l.com\/en\/produit\/little-book-of-balenciaga-lhistoire-dune-maison-de-mode-mythique-2\/#breadcrumb\"},\"inLanguage\":\"en-US\",\"potentialAction\":[{\"@type\":\"ReadAction\",\"target\":[\"https:\/\/librairie7l.com\/en\/produit\/little-book-of-balenciaga-lhistoire-dune-maison-de-mode-mythique-2\/\"]}]},{\"@type\":\"BreadcrumbList\",\"@id\":\"https:\/\/librairie7l.com\/en\/produit\/little-book-of-balenciaga-lhistoire-dune-maison-de-mode-mythique-2\/#breadcrumb\",\"itemListElement\":[{\"@type\":\"ListItem\",\"position\":1,\"name\":\"Accueil\",\"item\":\"https:\/\/librairie7l.com\/en\/\"},{\"@type\":\"ListItem\",\"position\":2,\"name\":\"Shop\",\"item\":\"https:\/\/librairie7l.com\/en\/shop\/\"},{\"@type\":\"ListItem\",\"position\":3,\"name\":\"LITTLE BOOK OF BALENCIAGA : L&#8217;HISTOIRE D&#8217;UNE MAISON DE MODE MYTHIQUE\"}]},{\"@type\":\"WebSite\",\"@id\":\"https:\/\/librairie7l.com\/en\/#website\",\"url\":\"https:\/\/librairie7l.com\/en\/\",\"name\":\"Librairie 7L\",\"description\":\"Librairie fond\u00e9e en 1999 par Karl Lagerfeld \u00e0 Paris\",\"publisher\":{\"@id\":\"https:\/\/librairie7l.com\/en\/#organization\"},\"potentialAction\":[{\"@type\":\"SearchAction\",\"target\":{\"@type\":\"EntryPoint\",\"urlTemplate\":\"https:\/\/librairie7l.com\/en\/?s={search_term_string}\"},\"query-input\":\"required name=search_term_string\"}],\"inLanguage\":\"en-US\"},{\"@type\":\"Organization\",\"@id\":\"https:\/\/librairie7l.com\/en\/#organization\",\"name\":\"Librairie 7L\",\"url\":\"https:\/\/librairie7l.com\/en\/\",\"logo\":{\"@type\":\"ImageObject\",\"inLanguage\":\"en-US\",\"@id\":\"https:\/\/librairie7l.com\/en\/#\/schema\/logo\/image\/\",\"url\":\"https:\/\/librairie7l.com\/wp-content\/uploads\/2022\/08\/logo-1.png\",\"contentUrl\":\"https:\/\/librairie7l.com\/wp-content\/uploads\/2022\/08\/logo-1.png\",\"width\":227,\"height\":301,\"caption\":\"Librairie 7L\"},\"image\":{\"@id\":\"https:\/\/librairie7l.com\/en\/#\/schema\/logo\/image\/\"}}]}<\/script>\n<!-- \/ Yoast SEO plugin. -->","yoast_head_json":{"title":"Little book of Balenciaga : L'histoire d'une maison de mode mythique - Librairie 7L","robots":{"index":"index","follow":"follow","max-snippet":"max-snippet:-1","max-image-preview":"max-image-preview:large","max-video-preview":"max-video-preview:-1"},"canonical":"https:\/\/librairie7l.com\/en\/produit\/little-book-of-balenciaga-lhistoire-dune-maison-de-mode-mythique-2\/","og_locale":"en_US","og_type":"article","og_title":"Little book of Balenciaga : L'histoire d'une maison de mode mythique - Librairie 7L","og_description":"Parrain du design conceptuel, ma\u00eetre de la forme, r\u00e9volutionnaire de la mode &#8211; autant de distinctions d\u00e9cern\u00e9es \u00e0 l&#8217;un des couturiers les plus int\u00e9ressants, v\u00e9n\u00e9r\u00e9s et embl\u00e9matiques du XXe si\u00e8cle : Crist\u00f3bal Balenciaga. &#8221; La haute couture est comme un orchestre dirig\u00e9 par Balenciaga. Nous, les autres couturiers, sommes les musiciens et nous suivons la [&hellip;]","og_url":"https:\/\/librairie7l.com\/en\/produit\/little-book-of-balenciaga-lhistoire-dune-maison-de-mode-mythique-2\/","og_site_name":"Librairie 7L","article_modified_time":"2026-04-09T19:16:56+00:00","og_image":[{"width":600,"height":852,"url":"https:\/\/librairie7l.com\/wp-content\/uploads\/2023\/12\/9782809920277_1_75.jpg","type":"image\/jpeg"}],"twitter_card":"summary_large_image","twitter_misc":{"Est. reading time":"1 minute"},"schema":{"@context":"https:\/\/schema.org","@graph":[{"@type":"WebPage","@id":"https:\/\/librairie7l.com\/en\/produit\/little-book-of-balenciaga-lhistoire-dune-maison-de-mode-mythique-2\/","url":"https:\/\/librairie7l.com\/en\/produit\/little-book-of-balenciaga-lhistoire-dune-maison-de-mode-mythique-2\/","name":"Little book of Balenciaga : L'histoire d'une maison de mode mythique - Librairie 7L","isPartOf":{"@id":"https:\/\/librairie7l.com\/en\/#website"},"datePublished":"2024-09-06T11:21:57+00:00","dateModified":"2026-04-09T19:16:56+00:00","breadcrumb":{"@id":"https:\/\/librairie7l.com\/en\/produit\/little-book-of-balenciaga-lhistoire-dune-maison-de-mode-mythique-2\/#breadcrumb"},"inLanguage":"en-US","potentialAction":[{"@type":"ReadAction","target":["https:\/\/librairie7l.com\/en\/produit\/little-book-of-balenciaga-lhistoire-dune-maison-de-mode-mythique-2\/"]}]},{"@type":"BreadcrumbList","@id":"https:\/\/librairie7l.com\/en\/produit\/little-book-of-balenciaga-lhistoire-dune-maison-de-mode-mythique-2\/#breadcrumb","itemListElement":[{"@type":"ListItem","position":1,"name":"Accueil","item":"https:\/\/librairie7l.com\/en\/"},{"@type":"ListItem","position":2,"name":"Shop","item":"https:\/\/librairie7l.com\/en\/shop\/"},{"@type":"ListItem","position":3,"name":"LITTLE BOOK OF BALENCIAGA : L&#8217;HISTOIRE D&#8217;UNE MAISON DE MODE MYTHIQUE"}]},{"@type":"WebSite","@id":"https:\/\/librairie7l.com\/en\/#website","url":"https:\/\/librairie7l.com\/en\/","name":"Librairie 7L","description":"Librairie fond\u00e9e en 1999 par Karl Lagerfeld \u00e0 Paris","publisher":{"@id":"https:\/\/librairie7l.com\/en\/#organization"},"potentialAction":[{"@type":"SearchAction","target":{"@type":"EntryPoint","urlTemplate":"https:\/\/librairie7l.com\/en\/?s={search_term_string}"},"query-input":"required name=search_term_string"}],"inLanguage":"en-US"},{"@type":"Organization","@id":"https:\/\/librairie7l.com\/en\/#organization","name":"Librairie 7L","url":"https:\/\/librairie7l.com\/en\/","logo":{"@type":"ImageObject","inLanguage":"en-US","@id":"https:\/\/librairie7l.com\/en\/#\/schema\/logo\/image\/","url":"https:\/\/librairie7l.com\/wp-content\/uploads\/2022\/08\/logo-1.png","contentUrl":"https:\/\/librairie7l.com\/wp-content\/uploads\/2022\/08\/logo-1.png","width":227,"height":301,"caption":"Librairie 7L"},"image":{"@id":"https:\/\/librairie7l.com\/en\/#\/schema\/logo\/image\/"}}]}},"_links":{"self":[{"href":"https:\/\/librairie7l.com\/en\/wp-json\/wp\/v2\/product\/42323"}],"collection":[{"href":"https:\/\/librairie7l.com\/en\/wp-json\/wp\/v2\/product"}],"about":[{"href":"https:\/\/librairie7l.com\/en\/wp-json\/wp\/v2\/types\/product"}],"wp:featuredmedia":[{"embeddable":true,"href":"https:\/\/librairie7l.com\/en\/wp-json\/wp\/v2\/media\/42321"}],"wp:attachment":[{"href":"https:\/\/librairie7l.com\/en\/wp-json\/wp\/v2\/media?parent=42323"}],"wp:term":[{"taxonomy":"product_cat","embeddable":true,"href":"https:\/\/librairie7l.com\/en\/wp-json\/wp\/v2\/product_cat?post=42323"},{"taxonomy":"product_tag","embeddable":true,"href":"https:\/\/librairie7l.com\/en\/wp-json\/wp\/v2\/product_tag?post=42323"}],"curies":[{"name":"wp","href":"https:\/\/api.w.org\/{rel}","templated":true}]}}