{"id":42327,"date":"2024-09-06T13:22:00","date_gmt":"2024-09-06T11:22:00","guid":{"rendered":"https:\/\/librairie7l.com\/?post_type=product&#038;p=42327"},"modified":"2026-05-05T04:30:00","modified_gmt":"2026-05-05T02:30:00","slug":"guy-de-rougemont-2","status":"publish","type":"product","link":"https:\/\/librairie7l.com\/en\/produit\/guy-de-rougemont-2\/","title":{"rendered":"GUY DE ROUGEMONT"},"content":{"rendered":"<p>Artiste pluridisciplinaire, Guy de Rougemont (1935-2021) s&#8217;est affirm\u00e9 autant dans la peinture que dans la sculpture et les arts d\u00e9coratifs, dans un jeu permanent autour de la couleur, des lignes et des formes. L&#8217;emballage monumental des colonnes au mus\u00e9e d&#8217;Art moderne en 1974, le dallage tr\u00e8s remarqu\u00e9 du parvis du mus\u00e9e d&#8217;Orsay en 1986 ou encore celui du minist\u00e8re des Finances en 1987, mais aussi l&#8217;am\u00e9nagement sur trente kilom\u00e8tres de l&#8217;autoroute A4 en 1977 marquent toujours les esprits, r\u00e9sultat de la volont\u00e9 de l&#8217;artiste d&#8217;inscrire l&#8217;art dans la vie des passants. Guy de Rougemont se r\u00e9invente constamment, entre espace public et priv\u00e9, urbain et domestique, entre pop art et minimalisme. Sa table nuage, ses totems color\u00e9s, ses lignes serpentines, ses tapisseries pour le Mobilier national, ses couverts et autres oeuvres plus confidentielles lui valent une grande r\u00e9trospective au mus\u00e9e des Arts d\u00e9coratifs en 1990. Il est \u00e9lu acad\u00e9micien dans la section peinture en 1997.<br \/>\nL&#8217;ouvrage \u00e9crit par Gay Gassmann comporte des contributions de Jacques Grange, Pierre Passebon, Diane de Polignac, Julio Le Parc, Adrien Goetz, Herv\u00e9 Lemoine et Julie Goy, et nous emm\u00e8ne dans l&#8217;oeuvre de l&#8217;artiste, ouvrant les portes de son atelier parisien, mais aussi de celui de Marsillargues, en Camargue, ce havre de paix qui lui \u00e9tait si cher.<\/p>\n","protected":false},"excerpt":{"rendered":"<p>Artiste pluridisciplinaire, Guy de Rougemont (1935-2021) s&#8217;est affirm\u00e9 autant dans la peinture que dans la sculpture et les arts d\u00e9coratifs, dans un jeu permanent autour de la couleur, des lignes et des formes. L&#8217;emballage monumental des colonnes au mus\u00e9e d&#8217;Art moderne en 1974, le dallage tr\u00e8s remarqu\u00e9 du parvis du mus\u00e9e d&#8217;Orsay en 1986 ou [&hellip;]<\/p>\n","protected":false},"featured_media":42325,"template":"","meta":[],"product_cat":[2948,2953],"product_tag":[],"acf":[],"yoast_head":"<!-- This site is optimized with the Yoast SEO plugin v20.11 - https:\/\/yoast.com\/wordpress\/plugins\/seo\/ -->\n<title>Guy de Rougemont - Librairie 7L<\/title>\n<meta name=\"robots\" content=\"index, follow, max-snippet:-1, max-image-preview:large, max-video-preview:-1\" \/>\n<link rel=\"canonical\" href=\"https:\/\/librairie7l.com\/en\/produit\/guy-de-rougemont-2\/\" \/>\n<meta property=\"og:locale\" content=\"en_US\" \/>\n<meta property=\"og:type\" content=\"article\" \/>\n<meta property=\"og:title\" content=\"Guy de Rougemont - Librairie 7L\" \/>\n<meta property=\"og:description\" content=\"Artiste pluridisciplinaire, Guy de Rougemont (1935-2021) s&#8217;est affirm\u00e9 autant dans la peinture que dans la sculpture et les arts d\u00e9coratifs, dans un jeu permanent autour de la couleur, des lignes et des formes. L&#8217;emballage monumental des colonnes au mus\u00e9e d&#8217;Art moderne en 1974, le dallage tr\u00e8s remarqu\u00e9 du parvis du mus\u00e9e d&#8217;Orsay en 1986 ou [&hellip;]\" \/>\n<meta property=\"og:url\" content=\"https:\/\/librairie7l.com\/en\/produit\/guy-de-rougemont-2\/\" \/>\n<meta property=\"og:site_name\" content=\"Librairie 7L\" \/>\n<meta property=\"article:modified_time\" content=\"2026-05-05T02:30:00+00:00\" \/>\n<meta property=\"og:image\" content=\"https:\/\/librairie7l.com\/wp-content\/uploads\/2024\/04\/9782376660941_1_75.jpg\" \/>\n\t<meta property=\"og:image:width\" content=\"600\" \/>\n\t<meta property=\"og:image:height\" content=\"817\" \/>\n\t<meta property=\"og:image:type\" content=\"image\/jpeg\" \/>\n<meta name=\"twitter:card\" content=\"summary_large_image\" \/>\n<meta name=\"twitter:label1\" content=\"Est. reading time\" \/>\n\t<meta name=\"twitter:data1\" content=\"1 minute\" \/>\n<script type=\"application\/ld+json\" class=\"yoast-schema-graph\">{\"@context\":\"https:\/\/schema.org\",\"@graph\":[{\"@type\":\"WebPage\",\"@id\":\"https:\/\/librairie7l.com\/en\/produit\/guy-de-rougemont-2\/\",\"url\":\"https:\/\/librairie7l.com\/en\/produit\/guy-de-rougemont-2\/\",\"name\":\"Guy de Rougemont - Librairie 7L\",\"isPartOf\":{\"@id\":\"https:\/\/librairie7l.com\/en\/#website\"},\"datePublished\":\"2024-09-06T11:22:00+00:00\",\"dateModified\":\"2026-05-05T02:30:00+00:00\",\"breadcrumb\":{\"@id\":\"https:\/\/librairie7l.com\/en\/produit\/guy-de-rougemont-2\/#breadcrumb\"},\"inLanguage\":\"en-US\",\"potentialAction\":[{\"@type\":\"ReadAction\",\"target\":[\"https:\/\/librairie7l.com\/en\/produit\/guy-de-rougemont-2\/\"]}]},{\"@type\":\"BreadcrumbList\",\"@id\":\"https:\/\/librairie7l.com\/en\/produit\/guy-de-rougemont-2\/#breadcrumb\",\"itemListElement\":[{\"@type\":\"ListItem\",\"position\":1,\"name\":\"Accueil\",\"item\":\"https:\/\/librairie7l.com\/en\/\"},{\"@type\":\"ListItem\",\"position\":2,\"name\":\"Shop\",\"item\":\"https:\/\/librairie7l.com\/en\/shop\/\"},{\"@type\":\"ListItem\",\"position\":3,\"name\":\"GUY DE ROUGEMONT\"}]},{\"@type\":\"WebSite\",\"@id\":\"https:\/\/librairie7l.com\/en\/#website\",\"url\":\"https:\/\/librairie7l.com\/en\/\",\"name\":\"Librairie 7L\",\"description\":\"Librairie fond\u00e9e en 1999 par Karl Lagerfeld \u00e0 Paris\",\"publisher\":{\"@id\":\"https:\/\/librairie7l.com\/en\/#organization\"},\"potentialAction\":[{\"@type\":\"SearchAction\",\"target\":{\"@type\":\"EntryPoint\",\"urlTemplate\":\"https:\/\/librairie7l.com\/en\/?s={search_term_string}\"},\"query-input\":\"required name=search_term_string\"}],\"inLanguage\":\"en-US\"},{\"@type\":\"Organization\",\"@id\":\"https:\/\/librairie7l.com\/en\/#organization\",\"name\":\"Librairie 7L\",\"url\":\"https:\/\/librairie7l.com\/en\/\",\"logo\":{\"@type\":\"ImageObject\",\"inLanguage\":\"en-US\",\"@id\":\"https:\/\/librairie7l.com\/en\/#\/schema\/logo\/image\/\",\"url\":\"https:\/\/librairie7l.com\/wp-content\/uploads\/2022\/08\/logo-1.png\",\"contentUrl\":\"https:\/\/librairie7l.com\/wp-content\/uploads\/2022\/08\/logo-1.png\",\"width\":227,\"height\":301,\"caption\":\"Librairie 7L\"},\"image\":{\"@id\":\"https:\/\/librairie7l.com\/en\/#\/schema\/logo\/image\/\"}}]}<\/script>\n<!-- \/ Yoast SEO plugin. -->","yoast_head_json":{"title":"Guy de Rougemont - Librairie 7L","robots":{"index":"index","follow":"follow","max-snippet":"max-snippet:-1","max-image-preview":"max-image-preview:large","max-video-preview":"max-video-preview:-1"},"canonical":"https:\/\/librairie7l.com\/en\/produit\/guy-de-rougemont-2\/","og_locale":"en_US","og_type":"article","og_title":"Guy de Rougemont - Librairie 7L","og_description":"Artiste pluridisciplinaire, Guy de Rougemont (1935-2021) s&#8217;est affirm\u00e9 autant dans la peinture que dans la sculpture et les arts d\u00e9coratifs, dans un jeu permanent autour de la couleur, des lignes et des formes. L&#8217;emballage monumental des colonnes au mus\u00e9e d&#8217;Art moderne en 1974, le dallage tr\u00e8s remarqu\u00e9 du parvis du mus\u00e9e d&#8217;Orsay en 1986 ou [&hellip;]","og_url":"https:\/\/librairie7l.com\/en\/produit\/guy-de-rougemont-2\/","og_site_name":"Librairie 7L","article_modified_time":"2026-05-05T02:30:00+00:00","og_image":[{"width":600,"height":817,"url":"https:\/\/librairie7l.com\/wp-content\/uploads\/2024\/04\/9782376660941_1_75.jpg","type":"image\/jpeg"}],"twitter_card":"summary_large_image","twitter_misc":{"Est. reading time":"1 minute"},"schema":{"@context":"https:\/\/schema.org","@graph":[{"@type":"WebPage","@id":"https:\/\/librairie7l.com\/en\/produit\/guy-de-rougemont-2\/","url":"https:\/\/librairie7l.com\/en\/produit\/guy-de-rougemont-2\/","name":"Guy de Rougemont - Librairie 7L","isPartOf":{"@id":"https:\/\/librairie7l.com\/en\/#website"},"datePublished":"2024-09-06T11:22:00+00:00","dateModified":"2026-05-05T02:30:00+00:00","breadcrumb":{"@id":"https:\/\/librairie7l.com\/en\/produit\/guy-de-rougemont-2\/#breadcrumb"},"inLanguage":"en-US","potentialAction":[{"@type":"ReadAction","target":["https:\/\/librairie7l.com\/en\/produit\/guy-de-rougemont-2\/"]}]},{"@type":"BreadcrumbList","@id":"https:\/\/librairie7l.com\/en\/produit\/guy-de-rougemont-2\/#breadcrumb","itemListElement":[{"@type":"ListItem","position":1,"name":"Accueil","item":"https:\/\/librairie7l.com\/en\/"},{"@type":"ListItem","position":2,"name":"Shop","item":"https:\/\/librairie7l.com\/en\/shop\/"},{"@type":"ListItem","position":3,"name":"GUY DE ROUGEMONT"}]},{"@type":"WebSite","@id":"https:\/\/librairie7l.com\/en\/#website","url":"https:\/\/librairie7l.com\/en\/","name":"Librairie 7L","description":"Librairie fond\u00e9e en 1999 par Karl Lagerfeld \u00e0 Paris","publisher":{"@id":"https:\/\/librairie7l.com\/en\/#organization"},"potentialAction":[{"@type":"SearchAction","target":{"@type":"EntryPoint","urlTemplate":"https:\/\/librairie7l.com\/en\/?s={search_term_string}"},"query-input":"required name=search_term_string"}],"inLanguage":"en-US"},{"@type":"Organization","@id":"https:\/\/librairie7l.com\/en\/#organization","name":"Librairie 7L","url":"https:\/\/librairie7l.com\/en\/","logo":{"@type":"ImageObject","inLanguage":"en-US","@id":"https:\/\/librairie7l.com\/en\/#\/schema\/logo\/image\/","url":"https:\/\/librairie7l.com\/wp-content\/uploads\/2022\/08\/logo-1.png","contentUrl":"https:\/\/librairie7l.com\/wp-content\/uploads\/2022\/08\/logo-1.png","width":227,"height":301,"caption":"Librairie 7L"},"image":{"@id":"https:\/\/librairie7l.com\/en\/#\/schema\/logo\/image\/"}}]}},"_links":{"self":[{"href":"https:\/\/librairie7l.com\/en\/wp-json\/wp\/v2\/product\/42327"}],"collection":[{"href":"https:\/\/librairie7l.com\/en\/wp-json\/wp\/v2\/product"}],"about":[{"href":"https:\/\/librairie7l.com\/en\/wp-json\/wp\/v2\/types\/product"}],"wp:featuredmedia":[{"embeddable":true,"href":"https:\/\/librairie7l.com\/en\/wp-json\/wp\/v2\/media\/42325"}],"wp:attachment":[{"href":"https:\/\/librairie7l.com\/en\/wp-json\/wp\/v2\/media?parent=42327"}],"wp:term":[{"taxonomy":"product_cat","embeddable":true,"href":"https:\/\/librairie7l.com\/en\/wp-json\/wp\/v2\/product_cat?post=42327"},{"taxonomy":"product_tag","embeddable":true,"href":"https:\/\/librairie7l.com\/en\/wp-json\/wp\/v2\/product_tag?post=42327"}],"curies":[{"name":"wp","href":"https:\/\/api.w.org\/{rel}","templated":true}]}}