{"id":42331,"date":"2024-09-06T13:22:03","date_gmt":"2024-09-06T11:22:03","guid":{"rendered":"https:\/\/librairie7l.com\/?post_type=product&#038;p=42331"},"modified":"2026-04-09T20:28:12","modified_gmt":"2026-04-09T18:28:12","slug":"lorangerie-des-princes-de-conde-a-chantilly-un-nef-et-un-parterre-princiers-1682-1799-2","status":"publish","type":"product","link":"https:\/\/librairie7l.com\/en\/produit\/lorangerie-des-princes-de-conde-a-chantilly-un-nef-et-un-parterre-princiers-1682-1799-2\/","title":{"rendered":"L&#8217;ORANGERIE DES PRINCES DE COND\u00c9 \u00c0 CHANTILLY ; UN NEF ET UN PARTERRE PRINCIERS (1682-1799)"},"content":{"rendered":"<p>Comment soup\u00e7onner, en visitant aujourd&#8217;hui le domaine de Chantilly, qu&#8217;une des plus grandes orangeries de la France des XVIIe et XVIIIe si\u00e8cles, \u00e9difi\u00e9e par Jules Hardouin-Mansart, et son parterre, luxuriant et enchanteur, dessin\u00e9 par Andr\u00e9 Le N\u00f4tre, comblaient les sens aiguis\u00e9s des visiteurs ? Ce b\u00e2timent, n\u00e9 en 1683 de la volont\u00e9 de l&#8217;illustre Grand Cond\u00e9 et de son fils, Henri- Jules, fut durant plus d&#8217;un si\u00e8cle, et jusqu&#8217;\u00e0 sa d\u00e9molition en 1799, une insolente intrusion exotique en terre picarde.<br \/>\nLe pr\u00e9sent ouvrage, sur un sujet totalement in\u00e9dit, s&#8217;appuie sur l&#8217;\u00e9tude r\u00e9cente d&#8217;archives, mais aussi sur l&#8217;analyse des plans et de l&#8217;iconographie connus. Il restitue \u00e0 la fois l&#8217;existence et le fonctionnement d&#8217;un lieu prestigieux, \u00e0 l&#8217;image des princes de Cond\u00e9, mais aussi les tr\u00e9sors de savoir d\u00e9ploy\u00e9s \u00e0 Chantilly pour y cultiver orangers et autres arbustes d\u00e9licats.<\/p>\n","protected":false},"excerpt":{"rendered":"<p>Comment soup\u00e7onner, en visitant aujourd&#8217;hui le domaine de Chantilly, qu&#8217;une des plus grandes orangeries de la France des XVIIe et XVIIIe si\u00e8cles, \u00e9difi\u00e9e par Jules Hardouin-Mansart, et son parterre, luxuriant et enchanteur, dessin\u00e9 par Andr\u00e9 Le N\u00f4tre, comblaient les sens aiguis\u00e9s des visiteurs ? Ce b\u00e2timent, n\u00e9 en 1683 de la volont\u00e9 de l&#8217;illustre Grand [&hellip;]<\/p>\n","protected":false},"featured_media":42329,"template":"","meta":[],"product_cat":[2948,2956],"product_tag":[],"acf":[],"yoast_head":"<!-- This site is optimized with the Yoast SEO plugin v20.11 - https:\/\/yoast.com\/wordpress\/plugins\/seo\/ -->\n<title>L&#039;orangerie des princes de Cond\u00e9 \u00e0 Chantilly ; un nef et un parterre princiers (1682-1799) - Librairie 7L<\/title>\n<meta name=\"robots\" content=\"index, follow, max-snippet:-1, max-image-preview:large, max-video-preview:-1\" \/>\n<link rel=\"canonical\" href=\"https:\/\/librairie7l.com\/en\/produit\/lorangerie-des-princes-de-conde-a-chantilly-un-nef-et-un-parterre-princiers-1682-1799-2\/\" \/>\n<meta property=\"og:locale\" content=\"en_US\" \/>\n<meta property=\"og:type\" content=\"article\" \/>\n<meta property=\"og:title\" content=\"L&#039;orangerie des princes de Cond\u00e9 \u00e0 Chantilly ; un nef et un parterre princiers (1682-1799) - Librairie 7L\" \/>\n<meta property=\"og:description\" content=\"Comment soup\u00e7onner, en visitant aujourd&#8217;hui le domaine de Chantilly, qu&#8217;une des plus grandes orangeries de la France des XVIIe et XVIIIe si\u00e8cles, \u00e9difi\u00e9e par Jules Hardouin-Mansart, et son parterre, luxuriant et enchanteur, dessin\u00e9 par Andr\u00e9 Le N\u00f4tre, comblaient les sens aiguis\u00e9s des visiteurs ? Ce b\u00e2timent, n\u00e9 en 1683 de la volont\u00e9 de l&#8217;illustre Grand [&hellip;]\" \/>\n<meta property=\"og:url\" content=\"https:\/\/librairie7l.com\/en\/produit\/lorangerie-des-princes-de-conde-a-chantilly-un-nef-et-un-parterre-princiers-1682-1799-2\/\" \/>\n<meta property=\"og:site_name\" content=\"Librairie 7L\" \/>\n<meta property=\"article:modified_time\" content=\"2026-04-09T18:28:12+00:00\" \/>\n<meta property=\"og:image\" content=\"https:\/\/librairie7l.com\/wp-content\/uploads\/2017\/05\/9782878442380_1_75.jpg\" \/>\n\t<meta property=\"og:image:width\" content=\"661\" \/>\n\t<meta property=\"og:image:height\" content=\"600\" \/>\n\t<meta property=\"og:image:type\" content=\"image\/jpeg\" \/>\n<meta name=\"twitter:card\" content=\"summary_large_image\" \/>\n<meta name=\"twitter:label1\" content=\"Est. reading time\" \/>\n\t<meta name=\"twitter:data1\" content=\"1 minute\" \/>\n<script type=\"application\/ld+json\" class=\"yoast-schema-graph\">{\"@context\":\"https:\/\/schema.org\",\"@graph\":[{\"@type\":\"WebPage\",\"@id\":\"https:\/\/librairie7l.com\/en\/produit\/lorangerie-des-princes-de-conde-a-chantilly-un-nef-et-un-parterre-princiers-1682-1799-2\/\",\"url\":\"https:\/\/librairie7l.com\/en\/produit\/lorangerie-des-princes-de-conde-a-chantilly-un-nef-et-un-parterre-princiers-1682-1799-2\/\",\"name\":\"L'orangerie des princes de Cond\u00e9 \u00e0 Chantilly ; un nef et un parterre princiers (1682-1799) - Librairie 7L\",\"isPartOf\":{\"@id\":\"https:\/\/librairie7l.com\/en\/#website\"},\"datePublished\":\"2024-09-06T11:22:03+00:00\",\"dateModified\":\"2026-04-09T18:28:12+00:00\",\"breadcrumb\":{\"@id\":\"https:\/\/librairie7l.com\/en\/produit\/lorangerie-des-princes-de-conde-a-chantilly-un-nef-et-un-parterre-princiers-1682-1799-2\/#breadcrumb\"},\"inLanguage\":\"en-US\",\"potentialAction\":[{\"@type\":\"ReadAction\",\"target\":[\"https:\/\/librairie7l.com\/en\/produit\/lorangerie-des-princes-de-conde-a-chantilly-un-nef-et-un-parterre-princiers-1682-1799-2\/\"]}]},{\"@type\":\"BreadcrumbList\",\"@id\":\"https:\/\/librairie7l.com\/en\/produit\/lorangerie-des-princes-de-conde-a-chantilly-un-nef-et-un-parterre-princiers-1682-1799-2\/#breadcrumb\",\"itemListElement\":[{\"@type\":\"ListItem\",\"position\":1,\"name\":\"Accueil\",\"item\":\"https:\/\/librairie7l.com\/en\/\"},{\"@type\":\"ListItem\",\"position\":2,\"name\":\"Shop\",\"item\":\"https:\/\/librairie7l.com\/en\/shop\/\"},{\"@type\":\"ListItem\",\"position\":3,\"name\":\"L&#8217;ORANGERIE DES PRINCES DE COND\u00c9 \u00c0 CHANTILLY ; UN NEF ET UN PARTERRE PRINCIERS (1682-1799)\"}]},{\"@type\":\"WebSite\",\"@id\":\"https:\/\/librairie7l.com\/en\/#website\",\"url\":\"https:\/\/librairie7l.com\/en\/\",\"name\":\"Librairie 7L\",\"description\":\"Librairie fond\u00e9e en 1999 par Karl Lagerfeld \u00e0 Paris\",\"publisher\":{\"@id\":\"https:\/\/librairie7l.com\/en\/#organization\"},\"potentialAction\":[{\"@type\":\"SearchAction\",\"target\":{\"@type\":\"EntryPoint\",\"urlTemplate\":\"https:\/\/librairie7l.com\/en\/?s={search_term_string}\"},\"query-input\":\"required name=search_term_string\"}],\"inLanguage\":\"en-US\"},{\"@type\":\"Organization\",\"@id\":\"https:\/\/librairie7l.com\/en\/#organization\",\"name\":\"Librairie 7L\",\"url\":\"https:\/\/librairie7l.com\/en\/\",\"logo\":{\"@type\":\"ImageObject\",\"inLanguage\":\"en-US\",\"@id\":\"https:\/\/librairie7l.com\/en\/#\/schema\/logo\/image\/\",\"url\":\"https:\/\/librairie7l.com\/wp-content\/uploads\/2022\/08\/logo-1.png\",\"contentUrl\":\"https:\/\/librairie7l.com\/wp-content\/uploads\/2022\/08\/logo-1.png\",\"width\":227,\"height\":301,\"caption\":\"Librairie 7L\"},\"image\":{\"@id\":\"https:\/\/librairie7l.com\/en\/#\/schema\/logo\/image\/\"}}]}<\/script>\n<!-- \/ Yoast SEO plugin. -->","yoast_head_json":{"title":"L'orangerie des princes de Cond\u00e9 \u00e0 Chantilly ; un nef et un parterre princiers (1682-1799) - Librairie 7L","robots":{"index":"index","follow":"follow","max-snippet":"max-snippet:-1","max-image-preview":"max-image-preview:large","max-video-preview":"max-video-preview:-1"},"canonical":"https:\/\/librairie7l.com\/en\/produit\/lorangerie-des-princes-de-conde-a-chantilly-un-nef-et-un-parterre-princiers-1682-1799-2\/","og_locale":"en_US","og_type":"article","og_title":"L'orangerie des princes de Cond\u00e9 \u00e0 Chantilly ; un nef et un parterre princiers (1682-1799) - Librairie 7L","og_description":"Comment soup\u00e7onner, en visitant aujourd&#8217;hui le domaine de Chantilly, qu&#8217;une des plus grandes orangeries de la France des XVIIe et XVIIIe si\u00e8cles, \u00e9difi\u00e9e par Jules Hardouin-Mansart, et son parterre, luxuriant et enchanteur, dessin\u00e9 par Andr\u00e9 Le N\u00f4tre, comblaient les sens aiguis\u00e9s des visiteurs ? Ce b\u00e2timent, n\u00e9 en 1683 de la volont\u00e9 de l&#8217;illustre Grand [&hellip;]","og_url":"https:\/\/librairie7l.com\/en\/produit\/lorangerie-des-princes-de-conde-a-chantilly-un-nef-et-un-parterre-princiers-1682-1799-2\/","og_site_name":"Librairie 7L","article_modified_time":"2026-04-09T18:28:12+00:00","og_image":[{"width":661,"height":600,"url":"https:\/\/librairie7l.com\/wp-content\/uploads\/2017\/05\/9782878442380_1_75.jpg","type":"image\/jpeg"}],"twitter_card":"summary_large_image","twitter_misc":{"Est. reading time":"1 minute"},"schema":{"@context":"https:\/\/schema.org","@graph":[{"@type":"WebPage","@id":"https:\/\/librairie7l.com\/en\/produit\/lorangerie-des-princes-de-conde-a-chantilly-un-nef-et-un-parterre-princiers-1682-1799-2\/","url":"https:\/\/librairie7l.com\/en\/produit\/lorangerie-des-princes-de-conde-a-chantilly-un-nef-et-un-parterre-princiers-1682-1799-2\/","name":"L'orangerie des princes de Cond\u00e9 \u00e0 Chantilly ; un nef et un parterre princiers (1682-1799) - Librairie 7L","isPartOf":{"@id":"https:\/\/librairie7l.com\/en\/#website"},"datePublished":"2024-09-06T11:22:03+00:00","dateModified":"2026-04-09T18:28:12+00:00","breadcrumb":{"@id":"https:\/\/librairie7l.com\/en\/produit\/lorangerie-des-princes-de-conde-a-chantilly-un-nef-et-un-parterre-princiers-1682-1799-2\/#breadcrumb"},"inLanguage":"en-US","potentialAction":[{"@type":"ReadAction","target":["https:\/\/librairie7l.com\/en\/produit\/lorangerie-des-princes-de-conde-a-chantilly-un-nef-et-un-parterre-princiers-1682-1799-2\/"]}]},{"@type":"BreadcrumbList","@id":"https:\/\/librairie7l.com\/en\/produit\/lorangerie-des-princes-de-conde-a-chantilly-un-nef-et-un-parterre-princiers-1682-1799-2\/#breadcrumb","itemListElement":[{"@type":"ListItem","position":1,"name":"Accueil","item":"https:\/\/librairie7l.com\/en\/"},{"@type":"ListItem","position":2,"name":"Shop","item":"https:\/\/librairie7l.com\/en\/shop\/"},{"@type":"ListItem","position":3,"name":"L&#8217;ORANGERIE DES PRINCES DE COND\u00c9 \u00c0 CHANTILLY ; UN NEF ET UN PARTERRE PRINCIERS (1682-1799)"}]},{"@type":"WebSite","@id":"https:\/\/librairie7l.com\/en\/#website","url":"https:\/\/librairie7l.com\/en\/","name":"Librairie 7L","description":"Librairie fond\u00e9e en 1999 par Karl Lagerfeld \u00e0 Paris","publisher":{"@id":"https:\/\/librairie7l.com\/en\/#organization"},"potentialAction":[{"@type":"SearchAction","target":{"@type":"EntryPoint","urlTemplate":"https:\/\/librairie7l.com\/en\/?s={search_term_string}"},"query-input":"required name=search_term_string"}],"inLanguage":"en-US"},{"@type":"Organization","@id":"https:\/\/librairie7l.com\/en\/#organization","name":"Librairie 7L","url":"https:\/\/librairie7l.com\/en\/","logo":{"@type":"ImageObject","inLanguage":"en-US","@id":"https:\/\/librairie7l.com\/en\/#\/schema\/logo\/image\/","url":"https:\/\/librairie7l.com\/wp-content\/uploads\/2022\/08\/logo-1.png","contentUrl":"https:\/\/librairie7l.com\/wp-content\/uploads\/2022\/08\/logo-1.png","width":227,"height":301,"caption":"Librairie 7L"},"image":{"@id":"https:\/\/librairie7l.com\/en\/#\/schema\/logo\/image\/"}}]}},"_links":{"self":[{"href":"https:\/\/librairie7l.com\/en\/wp-json\/wp\/v2\/product\/42331"}],"collection":[{"href":"https:\/\/librairie7l.com\/en\/wp-json\/wp\/v2\/product"}],"about":[{"href":"https:\/\/librairie7l.com\/en\/wp-json\/wp\/v2\/types\/product"}],"wp:featuredmedia":[{"embeddable":true,"href":"https:\/\/librairie7l.com\/en\/wp-json\/wp\/v2\/media\/42329"}],"wp:attachment":[{"href":"https:\/\/librairie7l.com\/en\/wp-json\/wp\/v2\/media?parent=42331"}],"wp:term":[{"taxonomy":"product_cat","embeddable":true,"href":"https:\/\/librairie7l.com\/en\/wp-json\/wp\/v2\/product_cat?post=42331"},{"taxonomy":"product_tag","embeddable":true,"href":"https:\/\/librairie7l.com\/en\/wp-json\/wp\/v2\/product_tag?post=42331"}],"curies":[{"name":"wp","href":"https:\/\/api.w.org\/{rel}","templated":true}]}}