{"id":42335,"date":"2024-09-06T13:22:06","date_gmt":"2024-09-06T11:22:06","guid":{"rendered":"https:\/\/librairie7l.com\/?post_type=product&#038;p=42335"},"modified":"2026-04-17T15:17:37","modified_gmt":"2026-04-17T13:17:37","slug":"barbara-crane-2","status":"publish","type":"product","link":"https:\/\/librairie7l.com\/en\/produit\/barbara-crane-2\/","title":{"rendered":"BARBARA CRANE"},"content":{"rendered":"<p>Exposition :<br \/>\nGalerie de photographies &#8211; Centre Pompidou, Paris<br \/>\n10 septembre-31 d\u00e9cembre 2024<\/p>\n<p> Photographe am\u00e9ricaine de renomm\u00e9e internationale, Barbara Crane (1928-2019) a d\u00e9velopp\u00e9 une oeuvre plurielle qui s&#8217;\u00e9tend sur plus de soixante ans. Profond\u00e9ment marqu\u00e9e par l&#8217;art conceptuel, Crane est fascin\u00e9e par les potentialit\u00e9s de r\u00e9p\u00e9tition et de d\u00e9construction de l&#8217;information visuelle. Ses images explorent tous les possibles offerts par les techniques du m\u00e9dium photographique : tirages au platine-palladium, \u00e9preuves g\u00e9latino-argentiques et num\u00e9riques, tirages instantan\u00e9s (Polaroid), transferts photographiques&#8230; sont organis\u00e9s en s\u00e9quences, grilles ou diaporamas. Form\u00e9e aupr\u00e8s d&#8217;Aaron Siskind &#8211; ma\u00eetre de l&#8217;expressionisme abstrait photographique -, \u00e0 l&#8217;Institute of Design de Chicago dans les ann\u00e9es 1960, elle d\u00e9couvre tr\u00e8s t\u00f4t le travail de Laszl\u00f3 Moholy-Nagy et sa rigueur formelle. Les images de Crane op\u00e8rent une synth\u00e8se entre la tradition de la straight photography am\u00e9ricaine et une sensibilit\u00e9 plus exp\u00e9rimentale, h\u00e9rit\u00e9e des avant-gardes europ\u00e9ennes, typique des enseignements de l&#8217;\u00e9cole de Chicago. Crane associe ainsi une libert\u00e9 totale envers le m\u00e9dium \u00e0 un perfectionnisme technique qui la d\u00e9marque de ses contemporains. Son approche photographique de la ville, Chicago en premier lieu, et de ses habitants anonymes en devient particuli\u00e8rement singuli\u00e8re. Sa curiosit\u00e9 et son go\u00fbt de l&#8217;exp\u00e9rimentation ont guid\u00e9 sa longue carri\u00e8re.<\/p>\n<p>R\u00e9alis\u00e9e en partenariat avec l&#8217;Estate Barbara Crane (\u00e0 Chicago), l&#8217;exposition pr\u00e9sent\u00e9e au Centre Pompidou sera la premi\u00e8re exposition monographique d&#8217;envergure consacr\u00e9e en Europe \u00e0 cette artiste. Elle r\u00e9unira plus de 200 photographies, dont une partie est entr\u00e9e r\u00e9cemment dans les collections du mus\u00e9e. Centr\u00e9e sur les vingt-cinq premi\u00e8res ann\u00e9es de sa carri\u00e8re, l&#8217;exposition r\u00e9unira certaines de ses oeuvres majeures, dont plusieurs in\u00e9dites. L&#8217;ouvrage qui l&#8217;accompagne replacera la production de Crane dans le contexte artistique de son \u00e9poque et dans l&#8217;histoire du m\u00e9dium, \u00e0 travers deux entretiens, r\u00e9alis\u00e9s avec l&#8217;artiste dans les derni\u00e8res ann\u00e9es de sa vie, et des essais mis en \u00e9cho avec une s\u00e9lection d&#8217;oeuvres iconiques et d&#8217;autres jamais publi\u00e9es. Con\u00e7u dans la m\u00eame d\u00e9marche exploratoire que Crane, ce livre d\u00e9ploira l&#8217;univers d&#8217;une photographe majeure.<\/p>\n","protected":false},"excerpt":{"rendered":"<p>Exposition : Galerie de photographies &#8211; Centre Pompidou, Paris 10 septembre-31 d\u00e9cembre 2024 Photographe am\u00e9ricaine de renomm\u00e9e internationale, Barbara Crane (1928-2019) a d\u00e9velopp\u00e9 une oeuvre plurielle qui s&#8217;\u00e9tend sur plus de soixante ans. Profond\u00e9ment marqu\u00e9e par l&#8217;art conceptuel, Crane est fascin\u00e9e par les potentialit\u00e9s de r\u00e9p\u00e9tition et de d\u00e9construction de l&#8217;information visuelle. Ses images explorent [&hellip;]<\/p>\n","protected":false},"featured_media":42333,"template":"","meta":[],"product_cat":[2948,2958],"product_tag":[],"acf":[],"yoast_head":"<!-- This site is optimized with the Yoast SEO plugin v20.11 - https:\/\/yoast.com\/wordpress\/plugins\/seo\/ -->\n<title>Barbara Crane - Librairie 7L<\/title>\n<meta name=\"robots\" content=\"index, follow, max-snippet:-1, max-image-preview:large, max-video-preview:-1\" \/>\n<link rel=\"canonical\" href=\"https:\/\/librairie7l.com\/en\/produit\/barbara-crane-2\/\" \/>\n<meta property=\"og:locale\" content=\"en_US\" \/>\n<meta property=\"og:type\" content=\"article\" \/>\n<meta property=\"og:title\" content=\"Barbara Crane - Librairie 7L\" \/>\n<meta property=\"og:description\" content=\"Exposition : Galerie de photographies &#8211; Centre Pompidou, Paris 10 septembre-31 d\u00e9cembre 2024 Photographe am\u00e9ricaine de renomm\u00e9e internationale, Barbara Crane (1928-2019) a d\u00e9velopp\u00e9 une oeuvre plurielle qui s&#8217;\u00e9tend sur plus de soixante ans. Profond\u00e9ment marqu\u00e9e par l&#8217;art conceptuel, Crane est fascin\u00e9e par les potentialit\u00e9s de r\u00e9p\u00e9tition et de d\u00e9construction de l&#8217;information visuelle. Ses images explorent [&hellip;]\" \/>\n<meta property=\"og:url\" content=\"https:\/\/librairie7l.com\/en\/produit\/barbara-crane-2\/\" \/>\n<meta property=\"og:site_name\" content=\"Librairie 7L\" \/>\n<meta property=\"article:modified_time\" content=\"2026-04-17T13:17:37+00:00\" \/>\n<meta property=\"og:image\" content=\"https:\/\/librairie7l.com\/wp-content\/uploads\/2024\/04\/9782365114219_1_75.jpg\" \/>\n\t<meta property=\"og:image:width\" content=\"600\" \/>\n\t<meta property=\"og:image:height\" content=\"884\" \/>\n\t<meta property=\"og:image:type\" content=\"image\/jpeg\" \/>\n<meta name=\"twitter:card\" content=\"summary_large_image\" \/>\n<meta name=\"twitter:label1\" content=\"Est. reading time\" \/>\n\t<meta name=\"twitter:data1\" content=\"2 minutes\" \/>\n<script type=\"application\/ld+json\" class=\"yoast-schema-graph\">{\"@context\":\"https:\/\/schema.org\",\"@graph\":[{\"@type\":\"WebPage\",\"@id\":\"https:\/\/librairie7l.com\/en\/produit\/barbara-crane-2\/\",\"url\":\"https:\/\/librairie7l.com\/en\/produit\/barbara-crane-2\/\",\"name\":\"Barbara Crane - Librairie 7L\",\"isPartOf\":{\"@id\":\"https:\/\/librairie7l.com\/en\/#website\"},\"datePublished\":\"2024-09-06T11:22:06+00:00\",\"dateModified\":\"2026-04-17T13:17:37+00:00\",\"breadcrumb\":{\"@id\":\"https:\/\/librairie7l.com\/en\/produit\/barbara-crane-2\/#breadcrumb\"},\"inLanguage\":\"en-US\",\"potentialAction\":[{\"@type\":\"ReadAction\",\"target\":[\"https:\/\/librairie7l.com\/en\/produit\/barbara-crane-2\/\"]}]},{\"@type\":\"BreadcrumbList\",\"@id\":\"https:\/\/librairie7l.com\/en\/produit\/barbara-crane-2\/#breadcrumb\",\"itemListElement\":[{\"@type\":\"ListItem\",\"position\":1,\"name\":\"Accueil\",\"item\":\"https:\/\/librairie7l.com\/en\/\"},{\"@type\":\"ListItem\",\"position\":2,\"name\":\"Shop\",\"item\":\"https:\/\/librairie7l.com\/en\/shop\/\"},{\"@type\":\"ListItem\",\"position\":3,\"name\":\"BARBARA CRANE\"}]},{\"@type\":\"WebSite\",\"@id\":\"https:\/\/librairie7l.com\/en\/#website\",\"url\":\"https:\/\/librairie7l.com\/en\/\",\"name\":\"Librairie 7L\",\"description\":\"Librairie fond\u00e9e en 1999 par Karl Lagerfeld \u00e0 Paris\",\"publisher\":{\"@id\":\"https:\/\/librairie7l.com\/en\/#organization\"},\"potentialAction\":[{\"@type\":\"SearchAction\",\"target\":{\"@type\":\"EntryPoint\",\"urlTemplate\":\"https:\/\/librairie7l.com\/en\/?s={search_term_string}\"},\"query-input\":\"required name=search_term_string\"}],\"inLanguage\":\"en-US\"},{\"@type\":\"Organization\",\"@id\":\"https:\/\/librairie7l.com\/en\/#organization\",\"name\":\"Librairie 7L\",\"url\":\"https:\/\/librairie7l.com\/en\/\",\"logo\":{\"@type\":\"ImageObject\",\"inLanguage\":\"en-US\",\"@id\":\"https:\/\/librairie7l.com\/en\/#\/schema\/logo\/image\/\",\"url\":\"https:\/\/librairie7l.com\/wp-content\/uploads\/2022\/08\/logo-1.png\",\"contentUrl\":\"https:\/\/librairie7l.com\/wp-content\/uploads\/2022\/08\/logo-1.png\",\"width\":227,\"height\":301,\"caption\":\"Librairie 7L\"},\"image\":{\"@id\":\"https:\/\/librairie7l.com\/en\/#\/schema\/logo\/image\/\"}}]}<\/script>\n<!-- \/ Yoast SEO plugin. -->","yoast_head_json":{"title":"Barbara Crane - Librairie 7L","robots":{"index":"index","follow":"follow","max-snippet":"max-snippet:-1","max-image-preview":"max-image-preview:large","max-video-preview":"max-video-preview:-1"},"canonical":"https:\/\/librairie7l.com\/en\/produit\/barbara-crane-2\/","og_locale":"en_US","og_type":"article","og_title":"Barbara Crane - Librairie 7L","og_description":"Exposition : Galerie de photographies &#8211; Centre Pompidou, Paris 10 septembre-31 d\u00e9cembre 2024 Photographe am\u00e9ricaine de renomm\u00e9e internationale, Barbara Crane (1928-2019) a d\u00e9velopp\u00e9 une oeuvre plurielle qui s&#8217;\u00e9tend sur plus de soixante ans. Profond\u00e9ment marqu\u00e9e par l&#8217;art conceptuel, Crane est fascin\u00e9e par les potentialit\u00e9s de r\u00e9p\u00e9tition et de d\u00e9construction de l&#8217;information visuelle. Ses images explorent [&hellip;]","og_url":"https:\/\/librairie7l.com\/en\/produit\/barbara-crane-2\/","og_site_name":"Librairie 7L","article_modified_time":"2026-04-17T13:17:37+00:00","og_image":[{"width":600,"height":884,"url":"https:\/\/librairie7l.com\/wp-content\/uploads\/2024\/04\/9782365114219_1_75.jpg","type":"image\/jpeg"}],"twitter_card":"summary_large_image","twitter_misc":{"Est. reading time":"2 minutes"},"schema":{"@context":"https:\/\/schema.org","@graph":[{"@type":"WebPage","@id":"https:\/\/librairie7l.com\/en\/produit\/barbara-crane-2\/","url":"https:\/\/librairie7l.com\/en\/produit\/barbara-crane-2\/","name":"Barbara Crane - Librairie 7L","isPartOf":{"@id":"https:\/\/librairie7l.com\/en\/#website"},"datePublished":"2024-09-06T11:22:06+00:00","dateModified":"2026-04-17T13:17:37+00:00","breadcrumb":{"@id":"https:\/\/librairie7l.com\/en\/produit\/barbara-crane-2\/#breadcrumb"},"inLanguage":"en-US","potentialAction":[{"@type":"ReadAction","target":["https:\/\/librairie7l.com\/en\/produit\/barbara-crane-2\/"]}]},{"@type":"BreadcrumbList","@id":"https:\/\/librairie7l.com\/en\/produit\/barbara-crane-2\/#breadcrumb","itemListElement":[{"@type":"ListItem","position":1,"name":"Accueil","item":"https:\/\/librairie7l.com\/en\/"},{"@type":"ListItem","position":2,"name":"Shop","item":"https:\/\/librairie7l.com\/en\/shop\/"},{"@type":"ListItem","position":3,"name":"BARBARA CRANE"}]},{"@type":"WebSite","@id":"https:\/\/librairie7l.com\/en\/#website","url":"https:\/\/librairie7l.com\/en\/","name":"Librairie 7L","description":"Librairie fond\u00e9e en 1999 par Karl Lagerfeld \u00e0 Paris","publisher":{"@id":"https:\/\/librairie7l.com\/en\/#organization"},"potentialAction":[{"@type":"SearchAction","target":{"@type":"EntryPoint","urlTemplate":"https:\/\/librairie7l.com\/en\/?s={search_term_string}"},"query-input":"required name=search_term_string"}],"inLanguage":"en-US"},{"@type":"Organization","@id":"https:\/\/librairie7l.com\/en\/#organization","name":"Librairie 7L","url":"https:\/\/librairie7l.com\/en\/","logo":{"@type":"ImageObject","inLanguage":"en-US","@id":"https:\/\/librairie7l.com\/en\/#\/schema\/logo\/image\/","url":"https:\/\/librairie7l.com\/wp-content\/uploads\/2022\/08\/logo-1.png","contentUrl":"https:\/\/librairie7l.com\/wp-content\/uploads\/2022\/08\/logo-1.png","width":227,"height":301,"caption":"Librairie 7L"},"image":{"@id":"https:\/\/librairie7l.com\/en\/#\/schema\/logo\/image\/"}}]}},"_links":{"self":[{"href":"https:\/\/librairie7l.com\/en\/wp-json\/wp\/v2\/product\/42335"}],"collection":[{"href":"https:\/\/librairie7l.com\/en\/wp-json\/wp\/v2\/product"}],"about":[{"href":"https:\/\/librairie7l.com\/en\/wp-json\/wp\/v2\/types\/product"}],"wp:featuredmedia":[{"embeddable":true,"href":"https:\/\/librairie7l.com\/en\/wp-json\/wp\/v2\/media\/42333"}],"wp:attachment":[{"href":"https:\/\/librairie7l.com\/en\/wp-json\/wp\/v2\/media?parent=42335"}],"wp:term":[{"taxonomy":"product_cat","embeddable":true,"href":"https:\/\/librairie7l.com\/en\/wp-json\/wp\/v2\/product_cat?post=42335"},{"taxonomy":"product_tag","embeddable":true,"href":"https:\/\/librairie7l.com\/en\/wp-json\/wp\/v2\/product_tag?post=42335"}],"curies":[{"name":"wp","href":"https:\/\/api.w.org\/{rel}","templated":true}]}}