{"id":42339,"date":"2024-09-06T13:22:08","date_gmt":"2024-09-06T11:22:08","guid":{"rendered":"https:\/\/librairie7l.com\/?post_type=product&#038;p=42339"},"modified":"2026-04-09T09:06:08","modified_gmt":"2026-04-09T07:06:08","slug":"mado-jolain-1921-2019-ceramiste-cote-maison-cote-jardin-2","status":"publish","type":"product","link":"https:\/\/librairie7l.com\/en\/produit\/mado-jolain-1921-2019-ceramiste-cote-maison-cote-jardin-2\/","title":{"rendered":"MADO JOLAIN (1921-2019) : C\u00c9RAMISTE C\u00d4T\u00c9 MAISON &#8211; C\u00d4T\u00c9 JARDIN"},"content":{"rendered":"<p>Dans le paysage de la c\u00e9ramique des ann\u00e9es 1950, l&#8217;oeuvre de Mado Jolain (1921-2019) s\u00e9duit par sa modernit\u00e9 et les jeux formels qu&#8217;elle a multipli\u00e9s. La c\u00e9ramiste manifeste tr\u00e8s t\u00f4t une pr\u00e9f\u00e9rence pour les volumes simples, architectur\u00e9s et travaill\u00e9s de telle sorte que l&#8217;articulation subtile de l&#8217;ombre et de la lumi\u00e8re puisse s&#8217;\u00e9panouir. Au d\u00e9but des ann\u00e9es 1940, Mado Jolain s&#8217;initie \u00e0 la c\u00e9ramique \u00e0 l&#8217;Ecole des arts d\u00e9coratifs de Paris et fr\u00e9quente parall\u00e8lement les ateliers de dessin et de sculpture de la Grande Chaumi\u00e8re. Sa production refl\u00e8te alors le go\u00fbt de l&#8217;\u00e9poque pour l&#8217;imagerie populaire, \u00e9pis de fa\u00eetage et coqs stylis\u00e9s c\u00f4toient des sc\u00e8nes religieuses, ensembles r\u00e9guli\u00e8rement expos\u00e9s au Salon de l&#8217;imagerie et au Salon des artistes d\u00e9corateurs. Le succ\u00e8s est certain. Colette Gueden la grande pr\u00eatresse de Primavera, fait appel \u00e0 son talent, bient\u00f4t relay\u00e9 par les galeries parisiennes et les d\u00e9corateurs comme Samardiras et Merceron. En 1955, la prestigieuse galerie La Demeure, qui participe \u00e0 la renaissance de la tapisserie contemporaine, l&#8217;expose. La vraie nature de son travail se r\u00e9v\u00e8le. L&#8217;\u00e9laboration de la construction de l&#8217;objet l&#8217;int\u00e9resse davantage que le d\u00e9cor qui va d\u00e9sormais tendre vers l&#8217;abstraction. Ses formes toujours utilitaires sont reste in\u00e9dites. A la fin des ann\u00e9es 1950, Mado Jolain s&#8217;installe avec sa famille sur les bords de la Marne, \u00e0 Champigny et entame une nouvelle phase cr\u00e9ative qui enrichit le monde v\u00e9g\u00e9tal. Ce sont d&#8217;abord des jardini\u00e8res et des cache-pots enrob\u00e9s d&#8217;un \u00e9mail monochrome jaune ou vert anis\u00e9, puis des engrenages et des fleurs. Les formes s&#8217;\u00e9purent, gagnent en force, les stries et perforations deviennent les seuls d\u00e9cors s&#8217;articulant autour des pleins et des vides pour l&#8217;accroche de la lumi\u00e8re.<\/p>\n","protected":false},"excerpt":{"rendered":"<p>Dans le paysage de la c\u00e9ramique des ann\u00e9es 1950, l&#8217;oeuvre de Mado Jolain (1921-2019) s\u00e9duit par sa modernit\u00e9 et les jeux formels qu&#8217;elle a multipli\u00e9s. La c\u00e9ramiste manifeste tr\u00e8s t\u00f4t une pr\u00e9f\u00e9rence pour les volumes simples, architectur\u00e9s et travaill\u00e9s de telle sorte que l&#8217;articulation subtile de l&#8217;ombre et de la lumi\u00e8re puisse s&#8217;\u00e9panouir. Au d\u00e9but [&hellip;]<\/p>\n","protected":false},"featured_media":42337,"template":"","meta":[],"product_cat":[2948,2952],"product_tag":[],"acf":[],"yoast_head":"<!-- This site is optimized with the Yoast SEO plugin v20.11 - https:\/\/yoast.com\/wordpress\/plugins\/seo\/ -->\n<title>Mado Jolain (1921-2019) : C\u00e9ramiste c\u00f4t\u00e9 maison - c\u00f4t\u00e9 jardin - Librairie 7L<\/title>\n<meta name=\"robots\" content=\"index, follow, max-snippet:-1, max-image-preview:large, max-video-preview:-1\" \/>\n<link rel=\"canonical\" href=\"https:\/\/librairie7l.com\/en\/produit\/mado-jolain-1921-2019-ceramiste-cote-maison-cote-jardin-2\/\" \/>\n<meta property=\"og:locale\" content=\"en_US\" \/>\n<meta property=\"og:type\" content=\"article\" \/>\n<meta property=\"og:title\" content=\"Mado Jolain (1921-2019) : C\u00e9ramiste c\u00f4t\u00e9 maison - c\u00f4t\u00e9 jardin - Librairie 7L\" \/>\n<meta property=\"og:description\" content=\"Dans le paysage de la c\u00e9ramique des ann\u00e9es 1950, l&#8217;oeuvre de Mado Jolain (1921-2019) s\u00e9duit par sa modernit\u00e9 et les jeux formels qu&#8217;elle a multipli\u00e9s. La c\u00e9ramiste manifeste tr\u00e8s t\u00f4t une pr\u00e9f\u00e9rence pour les volumes simples, architectur\u00e9s et travaill\u00e9s de telle sorte que l&#8217;articulation subtile de l&#8217;ombre et de la lumi\u00e8re puisse s&#8217;\u00e9panouir. Au d\u00e9but [&hellip;]\" \/>\n<meta property=\"og:url\" content=\"https:\/\/librairie7l.com\/en\/produit\/mado-jolain-1921-2019-ceramiste-cote-maison-cote-jardin-2\/\" \/>\n<meta property=\"og:site_name\" content=\"Librairie 7L\" \/>\n<meta property=\"article:modified_time\" content=\"2026-04-09T07:06:08+00:00\" \/>\n<meta property=\"og:image\" content=\"https:\/\/librairie7l.com\/wp-content\/uploads\/2024\/04\/9789461619174_1_75.jpg\" \/>\n\t<meta property=\"og:image:width\" content=\"600\" \/>\n\t<meta property=\"og:image:height\" content=\"854\" \/>\n\t<meta property=\"og:image:type\" content=\"image\/jpeg\" \/>\n<meta name=\"twitter:card\" content=\"summary_large_image\" \/>\n<meta name=\"twitter:label1\" content=\"Est. reading time\" \/>\n\t<meta name=\"twitter:data1\" content=\"2 minutes\" \/>\n<script type=\"application\/ld+json\" class=\"yoast-schema-graph\">{\"@context\":\"https:\/\/schema.org\",\"@graph\":[{\"@type\":\"WebPage\",\"@id\":\"https:\/\/librairie7l.com\/en\/produit\/mado-jolain-1921-2019-ceramiste-cote-maison-cote-jardin-2\/\",\"url\":\"https:\/\/librairie7l.com\/en\/produit\/mado-jolain-1921-2019-ceramiste-cote-maison-cote-jardin-2\/\",\"name\":\"Mado Jolain (1921-2019) : C\u00e9ramiste c\u00f4t\u00e9 maison - c\u00f4t\u00e9 jardin - Librairie 7L\",\"isPartOf\":{\"@id\":\"https:\/\/librairie7l.com\/en\/#website\"},\"datePublished\":\"2024-09-06T11:22:08+00:00\",\"dateModified\":\"2026-04-09T07:06:08+00:00\",\"breadcrumb\":{\"@id\":\"https:\/\/librairie7l.com\/en\/produit\/mado-jolain-1921-2019-ceramiste-cote-maison-cote-jardin-2\/#breadcrumb\"},\"inLanguage\":\"en-US\",\"potentialAction\":[{\"@type\":\"ReadAction\",\"target\":[\"https:\/\/librairie7l.com\/en\/produit\/mado-jolain-1921-2019-ceramiste-cote-maison-cote-jardin-2\/\"]}]},{\"@type\":\"BreadcrumbList\",\"@id\":\"https:\/\/librairie7l.com\/en\/produit\/mado-jolain-1921-2019-ceramiste-cote-maison-cote-jardin-2\/#breadcrumb\",\"itemListElement\":[{\"@type\":\"ListItem\",\"position\":1,\"name\":\"Accueil\",\"item\":\"https:\/\/librairie7l.com\/en\/\"},{\"@type\":\"ListItem\",\"position\":2,\"name\":\"Shop\",\"item\":\"https:\/\/librairie7l.com\/en\/shop\/\"},{\"@type\":\"ListItem\",\"position\":3,\"name\":\"MADO JOLAIN (1921-2019) : C\u00c9RAMISTE C\u00d4T\u00c9 MAISON &#8211; C\u00d4T\u00c9 JARDIN\"}]},{\"@type\":\"WebSite\",\"@id\":\"https:\/\/librairie7l.com\/en\/#website\",\"url\":\"https:\/\/librairie7l.com\/en\/\",\"name\":\"Librairie 7L\",\"description\":\"Librairie fond\u00e9e en 1999 par Karl Lagerfeld \u00e0 Paris\",\"publisher\":{\"@id\":\"https:\/\/librairie7l.com\/en\/#organization\"},\"potentialAction\":[{\"@type\":\"SearchAction\",\"target\":{\"@type\":\"EntryPoint\",\"urlTemplate\":\"https:\/\/librairie7l.com\/en\/?s={search_term_string}\"},\"query-input\":\"required name=search_term_string\"}],\"inLanguage\":\"en-US\"},{\"@type\":\"Organization\",\"@id\":\"https:\/\/librairie7l.com\/en\/#organization\",\"name\":\"Librairie 7L\",\"url\":\"https:\/\/librairie7l.com\/en\/\",\"logo\":{\"@type\":\"ImageObject\",\"inLanguage\":\"en-US\",\"@id\":\"https:\/\/librairie7l.com\/en\/#\/schema\/logo\/image\/\",\"url\":\"https:\/\/librairie7l.com\/wp-content\/uploads\/2022\/08\/logo-1.png\",\"contentUrl\":\"https:\/\/librairie7l.com\/wp-content\/uploads\/2022\/08\/logo-1.png\",\"width\":227,\"height\":301,\"caption\":\"Librairie 7L\"},\"image\":{\"@id\":\"https:\/\/librairie7l.com\/en\/#\/schema\/logo\/image\/\"}}]}<\/script>\n<!-- \/ Yoast SEO plugin. -->","yoast_head_json":{"title":"Mado Jolain (1921-2019) : C\u00e9ramiste c\u00f4t\u00e9 maison - c\u00f4t\u00e9 jardin - Librairie 7L","robots":{"index":"index","follow":"follow","max-snippet":"max-snippet:-1","max-image-preview":"max-image-preview:large","max-video-preview":"max-video-preview:-1"},"canonical":"https:\/\/librairie7l.com\/en\/produit\/mado-jolain-1921-2019-ceramiste-cote-maison-cote-jardin-2\/","og_locale":"en_US","og_type":"article","og_title":"Mado Jolain (1921-2019) : C\u00e9ramiste c\u00f4t\u00e9 maison - c\u00f4t\u00e9 jardin - Librairie 7L","og_description":"Dans le paysage de la c\u00e9ramique des ann\u00e9es 1950, l&#8217;oeuvre de Mado Jolain (1921-2019) s\u00e9duit par sa modernit\u00e9 et les jeux formels qu&#8217;elle a multipli\u00e9s. La c\u00e9ramiste manifeste tr\u00e8s t\u00f4t une pr\u00e9f\u00e9rence pour les volumes simples, architectur\u00e9s et travaill\u00e9s de telle sorte que l&#8217;articulation subtile de l&#8217;ombre et de la lumi\u00e8re puisse s&#8217;\u00e9panouir. Au d\u00e9but [&hellip;]","og_url":"https:\/\/librairie7l.com\/en\/produit\/mado-jolain-1921-2019-ceramiste-cote-maison-cote-jardin-2\/","og_site_name":"Librairie 7L","article_modified_time":"2026-04-09T07:06:08+00:00","og_image":[{"width":600,"height":854,"url":"https:\/\/librairie7l.com\/wp-content\/uploads\/2024\/04\/9789461619174_1_75.jpg","type":"image\/jpeg"}],"twitter_card":"summary_large_image","twitter_misc":{"Est. reading time":"2 minutes"},"schema":{"@context":"https:\/\/schema.org","@graph":[{"@type":"WebPage","@id":"https:\/\/librairie7l.com\/en\/produit\/mado-jolain-1921-2019-ceramiste-cote-maison-cote-jardin-2\/","url":"https:\/\/librairie7l.com\/en\/produit\/mado-jolain-1921-2019-ceramiste-cote-maison-cote-jardin-2\/","name":"Mado Jolain (1921-2019) : C\u00e9ramiste c\u00f4t\u00e9 maison - c\u00f4t\u00e9 jardin - Librairie 7L","isPartOf":{"@id":"https:\/\/librairie7l.com\/en\/#website"},"datePublished":"2024-09-06T11:22:08+00:00","dateModified":"2026-04-09T07:06:08+00:00","breadcrumb":{"@id":"https:\/\/librairie7l.com\/en\/produit\/mado-jolain-1921-2019-ceramiste-cote-maison-cote-jardin-2\/#breadcrumb"},"inLanguage":"en-US","potentialAction":[{"@type":"ReadAction","target":["https:\/\/librairie7l.com\/en\/produit\/mado-jolain-1921-2019-ceramiste-cote-maison-cote-jardin-2\/"]}]},{"@type":"BreadcrumbList","@id":"https:\/\/librairie7l.com\/en\/produit\/mado-jolain-1921-2019-ceramiste-cote-maison-cote-jardin-2\/#breadcrumb","itemListElement":[{"@type":"ListItem","position":1,"name":"Accueil","item":"https:\/\/librairie7l.com\/en\/"},{"@type":"ListItem","position":2,"name":"Shop","item":"https:\/\/librairie7l.com\/en\/shop\/"},{"@type":"ListItem","position":3,"name":"MADO JOLAIN (1921-2019) : C\u00c9RAMISTE C\u00d4T\u00c9 MAISON &#8211; C\u00d4T\u00c9 JARDIN"}]},{"@type":"WebSite","@id":"https:\/\/librairie7l.com\/en\/#website","url":"https:\/\/librairie7l.com\/en\/","name":"Librairie 7L","description":"Librairie fond\u00e9e en 1999 par Karl Lagerfeld \u00e0 Paris","publisher":{"@id":"https:\/\/librairie7l.com\/en\/#organization"},"potentialAction":[{"@type":"SearchAction","target":{"@type":"EntryPoint","urlTemplate":"https:\/\/librairie7l.com\/en\/?s={search_term_string}"},"query-input":"required name=search_term_string"}],"inLanguage":"en-US"},{"@type":"Organization","@id":"https:\/\/librairie7l.com\/en\/#organization","name":"Librairie 7L","url":"https:\/\/librairie7l.com\/en\/","logo":{"@type":"ImageObject","inLanguage":"en-US","@id":"https:\/\/librairie7l.com\/en\/#\/schema\/logo\/image\/","url":"https:\/\/librairie7l.com\/wp-content\/uploads\/2022\/08\/logo-1.png","contentUrl":"https:\/\/librairie7l.com\/wp-content\/uploads\/2022\/08\/logo-1.png","width":227,"height":301,"caption":"Librairie 7L"},"image":{"@id":"https:\/\/librairie7l.com\/en\/#\/schema\/logo\/image\/"}}]}},"_links":{"self":[{"href":"https:\/\/librairie7l.com\/en\/wp-json\/wp\/v2\/product\/42339"}],"collection":[{"href":"https:\/\/librairie7l.com\/en\/wp-json\/wp\/v2\/product"}],"about":[{"href":"https:\/\/librairie7l.com\/en\/wp-json\/wp\/v2\/types\/product"}],"wp:featuredmedia":[{"embeddable":true,"href":"https:\/\/librairie7l.com\/en\/wp-json\/wp\/v2\/media\/42337"}],"wp:attachment":[{"href":"https:\/\/librairie7l.com\/en\/wp-json\/wp\/v2\/media?parent=42339"}],"wp:term":[{"taxonomy":"product_cat","embeddable":true,"href":"https:\/\/librairie7l.com\/en\/wp-json\/wp\/v2\/product_cat?post=42339"},{"taxonomy":"product_tag","embeddable":true,"href":"https:\/\/librairie7l.com\/en\/wp-json\/wp\/v2\/product_tag?post=42339"}],"curies":[{"name":"wp","href":"https:\/\/api.w.org\/{rel}","templated":true}]}}