{"id":42343,"date":"2024-09-06T13:22:11","date_gmt":"2024-09-06T11:22:11","guid":{"rendered":"https:\/\/librairie7l.com\/?post_type=product&#038;p=42343"},"modified":"2026-04-09T20:26:24","modified_gmt":"2026-04-09T18:26:24","slug":"mon-pollock-de-pere-2","status":"publish","type":"product","link":"https:\/\/librairie7l.com\/en\/produit\/mon-pollock-de-pere-2\/","title":{"rendered":"MON POLLOCK DE P\u00c8RE"},"content":{"rendered":"<p>Grand peintre am\u00e9ricain, mais aussi professeur de calligraphie et de typographie, Charles Pollock, fr\u00e8re a\u00een\u00e9 de Jackson Pollock, n&#8217;aura laiss\u00e9 que peu de traces de l&#8217;existence de son oeuvre avant de mourir \u00e0 Paris. Sa fille, Francesca, et son \u00e9pouse Sylvia, mettront alors vingt ann\u00e9es \u00e0 rassembler, archiver, \u00e0 enfin de faire conna\u00eetre son travail et sa vie voil\u00e9s par le silence et la discr\u00e9tion. Pour quoi et pour qui s&#8217;\u00eatre effac\u00e9 ? Quels sens donner aux toiles de Charles Pollock et \u00e0 son silence ? Aiguillonn\u00e9e par ces questionnements, Francesca Pollock entreprend de (re)nouer un dialogue avec le p\u00e8re qu&#8217;elle a perdu \u00e0 l&#8217;\u00e2ge de 21 ans. La parole, qui fut si rare entre eux, est alors d\u00e9livr\u00e9e au moyen d&#8217;une \u00e9criture \u00e0 plusieurs voix, celle de l&#8217;auteure, celle de Charles Pollock qui affleure des correspondances, de ses \u00e9crits et entretiens, mais aussi celle des oeuvres du peintre et de ses contemplateurs qui \u00ab parlent \u00bb bien plus que tout autre chose. Par le r\u00e9cit, ce n&#8217;est pas tant l&#8217;histoire de son p\u00e8re que Francesca Pollock d\u00e9sire comprendre et raconter, que sa propre histoire, sa propre vie si li\u00e9es \u00e0 celle de Charles Pollock dont elle n&#8217;a connu que la vieillesse et tr\u00e8s vite sa mort physique. Mais bien plus encore, c&#8217;est l&#8217;absence de parole et de transmission, formes de morts symboliques qui enveloppent son p\u00e8re tout au long de son vivant : \u00ab Ce que j&#8217;ai mieux connu de lui, c&#8217;est son silence \u00bb. D\u00e8s lors, que faire, que comprendre, que dire des oeuvres du peintre, lorsque la figure du p\u00e8re ne dit mot ? Francesca Pollock entend extraire son p\u00e8re de ce chaos informe et ent\u00e9n\u00e9br\u00e9 dans lequel il s&#8217;est plong\u00e9, lui et son oeuvre. Cette entreprise passe par un long ouvrage, v\u00e9ritable forage et coups de sonde dans le pass\u00e9 pour excaver l&#8217;oeuvre ensevelie et rencontrer ainsi son p\u00e8re. Le lecteur suit, parfois avec anxi\u00e9t\u00e9, la gestation douloureuse de l&#8217;auteure pour \u00ab mettre son p\u00e8re au monde \u00bb, et enfin faire oeuvre de v\u00e9rit\u00e9, de libert\u00e9. Pour la psychanalyste qu&#8217;est l&#8217;auteure, la t\u00e2che n&#8217;en est pas moins ardue : il s&#8217;agit de d\u00e9construire le mythe b\u00e2ti autour de l&#8217;art et de la personne de Jackson Pollock, mythe qui l&#8217;\u00e9levait en tant que peintre unique, id\u00e9e qu&#8217;il embrassait et encourageait, excluant ainsi, inconsciemment, l&#8217;art de son fr\u00e8re Charles. La d\u00e9livrance surgit alors au d\u00e9tour de rencontres artistiques &#8211; celles surtout du critique d&#8217;art et po\u00e8te Maurice Benhamou &#8211; qui, par des regards, des mots neufs, font rena\u00eetre l&#8217;oeuvre de l&#8217;artiste et d\u00e9lestent l&#8217;auteure : \u00ab La pens\u00e9e qui me submerge, c&#8217;est que le regard de Maurice a lib\u00e9r\u00e9 ton oeuvre, et, ce faisant, il m&#8217;a lib\u00e9r\u00e9e moi \u00bb. Tout au long de la narration, le lecteur assiste \u00e0 une subtile correspondance entre le fond et la forme : des bribes d&#8217;histoires balbuti\u00e9s qui se confondent avec les souvenirs \u00e9pars de l&#8217;auteure jusqu&#8217;\u00e0 la nette chronologie qui trace la vie du peintre et correspond \u00e0 l&#8217;accomplissement des recherches, au sens retrouv\u00e9. Avec finesse, Francesca Pollock manie les outils de l&#8217;historienne : archives, correspondances, entretiens tir\u00e9s de la presse ou radiophoniques, extraits de conf\u00e9rences de son p\u00e8re, s&#8217;enchev\u00eatrent au coeur du r\u00e9cit, entre souvenirs, anecdotes, pens\u00e9es de l&#8217;auteure, r\u00e9f\u00e9rences livresques ou encore critiques des oeuvres du peintre. \u00c9criture dense donc, mais transparente, franche et d&#8217;une grande tendresse qui tire Charles Pollock de la tombe du silence pour s&#8217;\u00e9riger en tombeau artistique. Illustr\u00e9 de photographies familiales et de reproductions des oeuvres du peintre, l&#8217;ouvrage donne \u00e0 voir, de mani\u00e8re touchante, la force et la coh\u00e9rence de l&#8217;art singulier de Charles Pollock, de la figuration \u00e0 l&#8217;abstraction, o\u00f9 formes et couleurs se cherchent et se correspondent.<\/p>\n","protected":false},"excerpt":{"rendered":"<p>Grand peintre am\u00e9ricain, mais aussi professeur de calligraphie et de typographie, Charles Pollock, fr\u00e8re a\u00een\u00e9 de Jackson Pollock, n&#8217;aura laiss\u00e9 que peu de traces de l&#8217;existence de son oeuvre avant de mourir \u00e0 Paris. Sa fille, Francesca, et son \u00e9pouse Sylvia, mettront alors vingt ann\u00e9es \u00e0 rassembler, archiver, \u00e0 enfin de faire conna\u00eetre son travail [&hellip;]<\/p>\n","protected":false},"featured_media":42341,"template":"","meta":[],"product_cat":[2948,2953],"product_tag":[],"acf":[],"yoast_head":"<!-- This site is optimized with the Yoast SEO plugin v20.11 - https:\/\/yoast.com\/wordpress\/plugins\/seo\/ -->\n<title>Mon pollock de p\u00e8re - Librairie 7L<\/title>\n<meta name=\"robots\" content=\"index, follow, max-snippet:-1, max-image-preview:large, max-video-preview:-1\" \/>\n<link rel=\"canonical\" href=\"https:\/\/librairie7l.com\/en\/produit\/mon-pollock-de-pere-2\/\" \/>\n<meta property=\"og:locale\" content=\"en_US\" \/>\n<meta property=\"og:type\" content=\"article\" \/>\n<meta property=\"og:title\" content=\"Mon pollock de p\u00e8re - Librairie 7L\" \/>\n<meta property=\"og:description\" content=\"Grand peintre am\u00e9ricain, mais aussi professeur de calligraphie et de typographie, Charles Pollock, fr\u00e8re a\u00een\u00e9 de Jackson Pollock, n&#8217;aura laiss\u00e9 que peu de traces de l&#8217;existence de son oeuvre avant de mourir \u00e0 Paris. Sa fille, Francesca, et son \u00e9pouse Sylvia, mettront alors vingt ann\u00e9es \u00e0 rassembler, archiver, \u00e0 enfin de faire conna\u00eetre son travail [&hellip;]\" \/>\n<meta property=\"og:url\" content=\"https:\/\/librairie7l.com\/en\/produit\/mon-pollock-de-pere-2\/\" \/>\n<meta property=\"og:site_name\" content=\"Librairie 7L\" \/>\n<meta property=\"article:modified_time\" content=\"2026-04-09T18:26:24+00:00\" \/>\n<meta property=\"og:image\" content=\"https:\/\/librairie7l.com\/wp-content\/uploads\/2022\/01\/9782850350726_1_75.jpg\" \/>\n\t<meta property=\"og:image:width\" content=\"400\" \/>\n\t<meta property=\"og:image:height\" content=\"467\" \/>\n\t<meta property=\"og:image:type\" content=\"image\/jpeg\" \/>\n<meta name=\"twitter:card\" content=\"summary_large_image\" \/>\n<meta name=\"twitter:label1\" content=\"Est. reading time\" \/>\n\t<meta name=\"twitter:data1\" content=\"3 minutes\" \/>\n<script type=\"application\/ld+json\" class=\"yoast-schema-graph\">{\"@context\":\"https:\/\/schema.org\",\"@graph\":[{\"@type\":\"WebPage\",\"@id\":\"https:\/\/librairie7l.com\/en\/produit\/mon-pollock-de-pere-2\/\",\"url\":\"https:\/\/librairie7l.com\/en\/produit\/mon-pollock-de-pere-2\/\",\"name\":\"Mon pollock de p\u00e8re - Librairie 7L\",\"isPartOf\":{\"@id\":\"https:\/\/librairie7l.com\/en\/#website\"},\"datePublished\":\"2024-09-06T11:22:11+00:00\",\"dateModified\":\"2026-04-09T18:26:24+00:00\",\"breadcrumb\":{\"@id\":\"https:\/\/librairie7l.com\/en\/produit\/mon-pollock-de-pere-2\/#breadcrumb\"},\"inLanguage\":\"en-US\",\"potentialAction\":[{\"@type\":\"ReadAction\",\"target\":[\"https:\/\/librairie7l.com\/en\/produit\/mon-pollock-de-pere-2\/\"]}]},{\"@type\":\"BreadcrumbList\",\"@id\":\"https:\/\/librairie7l.com\/en\/produit\/mon-pollock-de-pere-2\/#breadcrumb\",\"itemListElement\":[{\"@type\":\"ListItem\",\"position\":1,\"name\":\"Accueil\",\"item\":\"https:\/\/librairie7l.com\/en\/\"},{\"@type\":\"ListItem\",\"position\":2,\"name\":\"Shop\",\"item\":\"https:\/\/librairie7l.com\/en\/shop\/\"},{\"@type\":\"ListItem\",\"position\":3,\"name\":\"MON POLLOCK DE P\u00c8RE\"}]},{\"@type\":\"WebSite\",\"@id\":\"https:\/\/librairie7l.com\/en\/#website\",\"url\":\"https:\/\/librairie7l.com\/en\/\",\"name\":\"Librairie 7L\",\"description\":\"Librairie fond\u00e9e en 1999 par Karl Lagerfeld \u00e0 Paris\",\"publisher\":{\"@id\":\"https:\/\/librairie7l.com\/en\/#organization\"},\"potentialAction\":[{\"@type\":\"SearchAction\",\"target\":{\"@type\":\"EntryPoint\",\"urlTemplate\":\"https:\/\/librairie7l.com\/en\/?s={search_term_string}\"},\"query-input\":\"required name=search_term_string\"}],\"inLanguage\":\"en-US\"},{\"@type\":\"Organization\",\"@id\":\"https:\/\/librairie7l.com\/en\/#organization\",\"name\":\"Librairie 7L\",\"url\":\"https:\/\/librairie7l.com\/en\/\",\"logo\":{\"@type\":\"ImageObject\",\"inLanguage\":\"en-US\",\"@id\":\"https:\/\/librairie7l.com\/en\/#\/schema\/logo\/image\/\",\"url\":\"https:\/\/librairie7l.com\/wp-content\/uploads\/2022\/08\/logo-1.png\",\"contentUrl\":\"https:\/\/librairie7l.com\/wp-content\/uploads\/2022\/08\/logo-1.png\",\"width\":227,\"height\":301,\"caption\":\"Librairie 7L\"},\"image\":{\"@id\":\"https:\/\/librairie7l.com\/en\/#\/schema\/logo\/image\/\"}}]}<\/script>\n<!-- \/ Yoast SEO plugin. -->","yoast_head_json":{"title":"Mon pollock de p\u00e8re - Librairie 7L","robots":{"index":"index","follow":"follow","max-snippet":"max-snippet:-1","max-image-preview":"max-image-preview:large","max-video-preview":"max-video-preview:-1"},"canonical":"https:\/\/librairie7l.com\/en\/produit\/mon-pollock-de-pere-2\/","og_locale":"en_US","og_type":"article","og_title":"Mon pollock de p\u00e8re - Librairie 7L","og_description":"Grand peintre am\u00e9ricain, mais aussi professeur de calligraphie et de typographie, Charles Pollock, fr\u00e8re a\u00een\u00e9 de Jackson Pollock, n&#8217;aura laiss\u00e9 que peu de traces de l&#8217;existence de son oeuvre avant de mourir \u00e0 Paris. Sa fille, Francesca, et son \u00e9pouse Sylvia, mettront alors vingt ann\u00e9es \u00e0 rassembler, archiver, \u00e0 enfin de faire conna\u00eetre son travail [&hellip;]","og_url":"https:\/\/librairie7l.com\/en\/produit\/mon-pollock-de-pere-2\/","og_site_name":"Librairie 7L","article_modified_time":"2026-04-09T18:26:24+00:00","og_image":[{"width":400,"height":467,"url":"https:\/\/librairie7l.com\/wp-content\/uploads\/2022\/01\/9782850350726_1_75.jpg","type":"image\/jpeg"}],"twitter_card":"summary_large_image","twitter_misc":{"Est. reading time":"3 minutes"},"schema":{"@context":"https:\/\/schema.org","@graph":[{"@type":"WebPage","@id":"https:\/\/librairie7l.com\/en\/produit\/mon-pollock-de-pere-2\/","url":"https:\/\/librairie7l.com\/en\/produit\/mon-pollock-de-pere-2\/","name":"Mon pollock de p\u00e8re - Librairie 7L","isPartOf":{"@id":"https:\/\/librairie7l.com\/en\/#website"},"datePublished":"2024-09-06T11:22:11+00:00","dateModified":"2026-04-09T18:26:24+00:00","breadcrumb":{"@id":"https:\/\/librairie7l.com\/en\/produit\/mon-pollock-de-pere-2\/#breadcrumb"},"inLanguage":"en-US","potentialAction":[{"@type":"ReadAction","target":["https:\/\/librairie7l.com\/en\/produit\/mon-pollock-de-pere-2\/"]}]},{"@type":"BreadcrumbList","@id":"https:\/\/librairie7l.com\/en\/produit\/mon-pollock-de-pere-2\/#breadcrumb","itemListElement":[{"@type":"ListItem","position":1,"name":"Accueil","item":"https:\/\/librairie7l.com\/en\/"},{"@type":"ListItem","position":2,"name":"Shop","item":"https:\/\/librairie7l.com\/en\/shop\/"},{"@type":"ListItem","position":3,"name":"MON POLLOCK DE P\u00c8RE"}]},{"@type":"WebSite","@id":"https:\/\/librairie7l.com\/en\/#website","url":"https:\/\/librairie7l.com\/en\/","name":"Librairie 7L","description":"Librairie fond\u00e9e en 1999 par Karl Lagerfeld \u00e0 Paris","publisher":{"@id":"https:\/\/librairie7l.com\/en\/#organization"},"potentialAction":[{"@type":"SearchAction","target":{"@type":"EntryPoint","urlTemplate":"https:\/\/librairie7l.com\/en\/?s={search_term_string}"},"query-input":"required name=search_term_string"}],"inLanguage":"en-US"},{"@type":"Organization","@id":"https:\/\/librairie7l.com\/en\/#organization","name":"Librairie 7L","url":"https:\/\/librairie7l.com\/en\/","logo":{"@type":"ImageObject","inLanguage":"en-US","@id":"https:\/\/librairie7l.com\/en\/#\/schema\/logo\/image\/","url":"https:\/\/librairie7l.com\/wp-content\/uploads\/2022\/08\/logo-1.png","contentUrl":"https:\/\/librairie7l.com\/wp-content\/uploads\/2022\/08\/logo-1.png","width":227,"height":301,"caption":"Librairie 7L"},"image":{"@id":"https:\/\/librairie7l.com\/en\/#\/schema\/logo\/image\/"}}]}},"_links":{"self":[{"href":"https:\/\/librairie7l.com\/en\/wp-json\/wp\/v2\/product\/42343"}],"collection":[{"href":"https:\/\/librairie7l.com\/en\/wp-json\/wp\/v2\/product"}],"about":[{"href":"https:\/\/librairie7l.com\/en\/wp-json\/wp\/v2\/types\/product"}],"wp:featuredmedia":[{"embeddable":true,"href":"https:\/\/librairie7l.com\/en\/wp-json\/wp\/v2\/media\/42341"}],"wp:attachment":[{"href":"https:\/\/librairie7l.com\/en\/wp-json\/wp\/v2\/media?parent=42343"}],"wp:term":[{"taxonomy":"product_cat","embeddable":true,"href":"https:\/\/librairie7l.com\/en\/wp-json\/wp\/v2\/product_cat?post=42343"},{"taxonomy":"product_tag","embeddable":true,"href":"https:\/\/librairie7l.com\/en\/wp-json\/wp\/v2\/product_tag?post=42343"}],"curies":[{"name":"wp","href":"https:\/\/api.w.org\/{rel}","templated":true}]}}