{"id":42354,"date":"2024-09-06T22:16:54","date_gmt":"2024-09-06T20:16:54","guid":{"rendered":"https:\/\/librairie7l.com\/?post_type=product&#038;p=42354"},"modified":"2026-04-09T04:40:21","modified_gmt":"2026-04-09T02:40:21","slug":"journal-dun-peintre-suivi-de-lettres-provencales-3","status":"publish","type":"product","link":"https:\/\/librairie7l.com\/en\/produit\/journal-dun-peintre-suivi-de-lettres-provencales-3\/","title":{"rendered":"JOURNAL D&#8217;UN PEINTRE &#8211; SUIVI DE LETTRES PROVEN\u00c7ALES"},"content":{"rendered":"<p>After <em>La Chambre des \u00e9cureuils<\/em>, \u00c9ditions Seghers and \u00c9ditions 7L continue to bring to light the literary works of Marie Laure de Noailles, a major 20th-century patron and an emblematic figure in the arts and literary world.<\/p>\n<p>In addition to her role as a patron of the arts, Marie Laure de Noailles is the author of an astonishing body of work, mingling poetry, fiction and literary essays. Last autumn, \u00c9ditions Seghers and \u00c9ditions 7L reissued <em>La Chambre des \u00e9cureuils<\/em>, her autobiographical novel, in a deluxe edition (on fine paper, bounded with canvas). Praised by both critics and the public, this new edition brought her literary work from oblivion to recognition. This new focus carries on with the publication of a second book, bringing together Journal d&#8217;un peintre and Lettres proven\u00e7ales.<\/p>\n<p>Originally published in 1957 and 1966 respectively, these two short literary essays are a thrilling reflection upon some of the author&#8217;s most cherished themes, bringing together life itself, art, creation, painting, music and writing, alongside a series of Proven\u00e7al stories and mythologies evoking her deep attachment to Hy\u00e8res and the South of France.<\/p>\n","protected":false},"excerpt":{"rendered":"<p>After La Chambre des \u00e9cureuils, \u00c9ditions Seghers and \u00c9ditions 7L continue to bring to light the literary works of Marie Laure de Noailles, a major 20th-century patron and an emblematic figure in the arts and literary world. In addition to her role as a patron of the arts, Marie Laure de Noailles is the author [&hellip;]<\/p>\n","protected":false},"featured_media":42352,"template":"","meta":[],"product_cat":[9094,5731,2948,2959,2949],"product_tag":[],"acf":[],"yoast_head":"<!-- This site is optimized with the Yoast SEO plugin v20.11 - https:\/\/yoast.com\/wordpress\/plugins\/seo\/ -->\n<title>Journal d&#039;un peintre - suivi de Lettres proven\u00e7ales - Librairie 7L<\/title>\n<meta name=\"robots\" content=\"index, follow, max-snippet:-1, max-image-preview:large, max-video-preview:-1\" \/>\n<link rel=\"canonical\" href=\"https:\/\/librairie7l.com\/en\/produit\/journal-dun-peintre-suivi-de-lettres-provencales-3\/\" \/>\n<meta property=\"og:locale\" content=\"en_US\" \/>\n<meta property=\"og:type\" content=\"article\" \/>\n<meta property=\"og:title\" content=\"Journal d&#039;un peintre - suivi de Lettres proven\u00e7ales - Librairie 7L\" \/>\n<meta property=\"og:description\" content=\"After La Chambre des \u00e9cureuils, \u00c9ditions Seghers and \u00c9ditions 7L continue to bring to light the literary works of Marie Laure de Noailles, a major 20th-century patron and an emblematic figure in the arts and literary world. In addition to her role as a patron of the arts, Marie Laure de Noailles is the author [&hellip;]\" \/>\n<meta property=\"og:url\" content=\"https:\/\/librairie7l.com\/en\/produit\/journal-dun-peintre-suivi-de-lettres-provencales-3\/\" \/>\n<meta property=\"og:site_name\" content=\"Librairie 7L\" \/>\n<meta property=\"article:modified_time\" content=\"2026-04-09T02:40:21+00:00\" \/>\n<meta property=\"og:image\" content=\"https:\/\/librairie7l.com\/wp-content\/uploads\/2024\/04\/9782232147814_1_75.jpg\" \/>\n\t<meta property=\"og:image:width\" content=\"400\" \/>\n\t<meta property=\"og:image:height\" content=\"535\" \/>\n\t<meta property=\"og:image:type\" content=\"image\/jpeg\" \/>\n<meta name=\"twitter:card\" content=\"summary_large_image\" \/>\n<meta name=\"twitter:label1\" content=\"Est. reading time\" \/>\n\t<meta name=\"twitter:data1\" content=\"1 minute\" \/>\n<script type=\"application\/ld+json\" class=\"yoast-schema-graph\">{\"@context\":\"https:\/\/schema.org\",\"@graph\":[{\"@type\":\"WebPage\",\"@id\":\"https:\/\/librairie7l.com\/en\/produit\/journal-dun-peintre-suivi-de-lettres-provencales-3\/\",\"url\":\"https:\/\/librairie7l.com\/en\/produit\/journal-dun-peintre-suivi-de-lettres-provencales-3\/\",\"name\":\"Journal d'un peintre - suivi de Lettres proven\u00e7ales - Librairie 7L\",\"isPartOf\":{\"@id\":\"https:\/\/librairie7l.com\/en\/#website\"},\"datePublished\":\"2024-09-06T20:16:54+00:00\",\"dateModified\":\"2026-04-09T02:40:21+00:00\",\"breadcrumb\":{\"@id\":\"https:\/\/librairie7l.com\/en\/produit\/journal-dun-peintre-suivi-de-lettres-provencales-3\/#breadcrumb\"},\"inLanguage\":\"en-US\",\"potentialAction\":[{\"@type\":\"ReadAction\",\"target\":[\"https:\/\/librairie7l.com\/en\/produit\/journal-dun-peintre-suivi-de-lettres-provencales-3\/\"]}]},{\"@type\":\"BreadcrumbList\",\"@id\":\"https:\/\/librairie7l.com\/en\/produit\/journal-dun-peintre-suivi-de-lettres-provencales-3\/#breadcrumb\",\"itemListElement\":[{\"@type\":\"ListItem\",\"position\":1,\"name\":\"Accueil\",\"item\":\"https:\/\/librairie7l.com\/en\/\"},{\"@type\":\"ListItem\",\"position\":2,\"name\":\"Shop\",\"item\":\"https:\/\/librairie7l.com\/en\/shop\/\"},{\"@type\":\"ListItem\",\"position\":3,\"name\":\"JOURNAL D&#8217;UN PEINTRE &#8211; SUIVI DE LETTRES PROVEN\u00c7ALES\"}]},{\"@type\":\"WebSite\",\"@id\":\"https:\/\/librairie7l.com\/en\/#website\",\"url\":\"https:\/\/librairie7l.com\/en\/\",\"name\":\"Librairie 7L\",\"description\":\"Librairie fond\u00e9e en 1999 par Karl Lagerfeld \u00e0 Paris\",\"publisher\":{\"@id\":\"https:\/\/librairie7l.com\/en\/#organization\"},\"potentialAction\":[{\"@type\":\"SearchAction\",\"target\":{\"@type\":\"EntryPoint\",\"urlTemplate\":\"https:\/\/librairie7l.com\/en\/?s={search_term_string}\"},\"query-input\":\"required name=search_term_string\"}],\"inLanguage\":\"en-US\"},{\"@type\":\"Organization\",\"@id\":\"https:\/\/librairie7l.com\/en\/#organization\",\"name\":\"Librairie 7L\",\"url\":\"https:\/\/librairie7l.com\/en\/\",\"logo\":{\"@type\":\"ImageObject\",\"inLanguage\":\"en-US\",\"@id\":\"https:\/\/librairie7l.com\/en\/#\/schema\/logo\/image\/\",\"url\":\"https:\/\/librairie7l.com\/wp-content\/uploads\/2022\/08\/logo-1.png\",\"contentUrl\":\"https:\/\/librairie7l.com\/wp-content\/uploads\/2022\/08\/logo-1.png\",\"width\":227,\"height\":301,\"caption\":\"Librairie 7L\"},\"image\":{\"@id\":\"https:\/\/librairie7l.com\/en\/#\/schema\/logo\/image\/\"}}]}<\/script>\n<!-- \/ Yoast SEO plugin. -->","yoast_head_json":{"title":"Journal d'un peintre - suivi de Lettres proven\u00e7ales - Librairie 7L","robots":{"index":"index","follow":"follow","max-snippet":"max-snippet:-1","max-image-preview":"max-image-preview:large","max-video-preview":"max-video-preview:-1"},"canonical":"https:\/\/librairie7l.com\/en\/produit\/journal-dun-peintre-suivi-de-lettres-provencales-3\/","og_locale":"en_US","og_type":"article","og_title":"Journal d'un peintre - suivi de Lettres proven\u00e7ales - Librairie 7L","og_description":"After La Chambre des \u00e9cureuils, \u00c9ditions Seghers and \u00c9ditions 7L continue to bring to light the literary works of Marie Laure de Noailles, a major 20th-century patron and an emblematic figure in the arts and literary world. In addition to her role as a patron of the arts, Marie Laure de Noailles is the author [&hellip;]","og_url":"https:\/\/librairie7l.com\/en\/produit\/journal-dun-peintre-suivi-de-lettres-provencales-3\/","og_site_name":"Librairie 7L","article_modified_time":"2026-04-09T02:40:21+00:00","og_image":[{"width":400,"height":535,"url":"https:\/\/librairie7l.com\/wp-content\/uploads\/2024\/04\/9782232147814_1_75.jpg","type":"image\/jpeg"}],"twitter_card":"summary_large_image","twitter_misc":{"Est. reading time":"1 minute"},"schema":{"@context":"https:\/\/schema.org","@graph":[{"@type":"WebPage","@id":"https:\/\/librairie7l.com\/en\/produit\/journal-dun-peintre-suivi-de-lettres-provencales-3\/","url":"https:\/\/librairie7l.com\/en\/produit\/journal-dun-peintre-suivi-de-lettres-provencales-3\/","name":"Journal d'un peintre - suivi de Lettres proven\u00e7ales - Librairie 7L","isPartOf":{"@id":"https:\/\/librairie7l.com\/en\/#website"},"datePublished":"2024-09-06T20:16:54+00:00","dateModified":"2026-04-09T02:40:21+00:00","breadcrumb":{"@id":"https:\/\/librairie7l.com\/en\/produit\/journal-dun-peintre-suivi-de-lettres-provencales-3\/#breadcrumb"},"inLanguage":"en-US","potentialAction":[{"@type":"ReadAction","target":["https:\/\/librairie7l.com\/en\/produit\/journal-dun-peintre-suivi-de-lettres-provencales-3\/"]}]},{"@type":"BreadcrumbList","@id":"https:\/\/librairie7l.com\/en\/produit\/journal-dun-peintre-suivi-de-lettres-provencales-3\/#breadcrumb","itemListElement":[{"@type":"ListItem","position":1,"name":"Accueil","item":"https:\/\/librairie7l.com\/en\/"},{"@type":"ListItem","position":2,"name":"Shop","item":"https:\/\/librairie7l.com\/en\/shop\/"},{"@type":"ListItem","position":3,"name":"JOURNAL D&#8217;UN PEINTRE &#8211; SUIVI DE LETTRES PROVEN\u00c7ALES"}]},{"@type":"WebSite","@id":"https:\/\/librairie7l.com\/en\/#website","url":"https:\/\/librairie7l.com\/en\/","name":"Librairie 7L","description":"Librairie fond\u00e9e en 1999 par Karl Lagerfeld \u00e0 Paris","publisher":{"@id":"https:\/\/librairie7l.com\/en\/#organization"},"potentialAction":[{"@type":"SearchAction","target":{"@type":"EntryPoint","urlTemplate":"https:\/\/librairie7l.com\/en\/?s={search_term_string}"},"query-input":"required name=search_term_string"}],"inLanguage":"en-US"},{"@type":"Organization","@id":"https:\/\/librairie7l.com\/en\/#organization","name":"Librairie 7L","url":"https:\/\/librairie7l.com\/en\/","logo":{"@type":"ImageObject","inLanguage":"en-US","@id":"https:\/\/librairie7l.com\/en\/#\/schema\/logo\/image\/","url":"https:\/\/librairie7l.com\/wp-content\/uploads\/2022\/08\/logo-1.png","contentUrl":"https:\/\/librairie7l.com\/wp-content\/uploads\/2022\/08\/logo-1.png","width":227,"height":301,"caption":"Librairie 7L"},"image":{"@id":"https:\/\/librairie7l.com\/en\/#\/schema\/logo\/image\/"}}]}},"_links":{"self":[{"href":"https:\/\/librairie7l.com\/en\/wp-json\/wp\/v2\/product\/42354"}],"collection":[{"href":"https:\/\/librairie7l.com\/en\/wp-json\/wp\/v2\/product"}],"about":[{"href":"https:\/\/librairie7l.com\/en\/wp-json\/wp\/v2\/types\/product"}],"wp:featuredmedia":[{"embeddable":true,"href":"https:\/\/librairie7l.com\/en\/wp-json\/wp\/v2\/media\/42352"}],"wp:attachment":[{"href":"https:\/\/librairie7l.com\/en\/wp-json\/wp\/v2\/media?parent=42354"}],"wp:term":[{"taxonomy":"product_cat","embeddable":true,"href":"https:\/\/librairie7l.com\/en\/wp-json\/wp\/v2\/product_cat?post=42354"},{"taxonomy":"product_tag","embeddable":true,"href":"https:\/\/librairie7l.com\/en\/wp-json\/wp\/v2\/product_tag?post=42354"}],"curies":[{"name":"wp","href":"https:\/\/api.w.org\/{rel}","templated":true}]}}