{"id":42362,"date":"2024-09-06T22:17:03","date_gmt":"2024-09-06T20:17:03","guid":{"rendered":"https:\/\/librairie7l.com\/?post_type=product&#038;p=42362"},"modified":"2026-04-05T19:43:32","modified_gmt":"2026-04-05T17:43:32","slug":"jarrete-de-becher-methode-de-jardinage-sur-sol-vivant-2","status":"publish","type":"product","link":"https:\/\/librairie7l.com\/en\/produit\/jarrete-de-becher-methode-de-jardinage-sur-sol-vivant-2\/","title":{"rendered":"J&#8217;ARR\u00caTE DE B\u00caCHER ! M\u00c9THODE DE JARDINAGE SUR SOL VIVANT"},"content":{"rendered":"<p>\u00ab J&#8217;ai \u00e9crit ce livre pour montrer que le non-b\u00eachage est \u00e0 la fois tr\u00e8s pratique, efficace, r\u00e9alisable et rentable en prenant soin de cultiver son sol. \u00bb<\/p>\n<p>Charles Dowding est install\u00e9 en Angleterre et depuis 40 ans, il pratique le mara\u00eechage sans b\u00eachage. Son secret : apporter r\u00e9guli\u00e8rement du compost \u00e0 ses cultures pour am\u00e9liorer la fertilit\u00e9 du sol.<br \/>\nCette d\u00e9marche pratique se solde par des fleurs et des l\u00e9gumes vigoureux, des r\u00e9coltes g\u00e9n\u00e9reuses de produits tr\u00e8s sains, et cela dans un jardin magnifique, \u00e9cologique et \u00e0 peu pr\u00e8s d\u00e9barrass\u00e9 des mauvaises herbes et des ravageurs. Beaucoup adoptent ses m\u00e9thodes avec succ\u00e8s, en potager urbain, en jardin communautaire, en \u00e9cole ou dans la pratique du mara\u00eechage professionnel.<\/p>\n<p>Ne pas b\u00eacher fait gagner du temps et procure plus de plaisir \u00e0 jardiner.<\/p>\n","protected":false},"excerpt":{"rendered":"<p>\u00ab J&#8217;ai \u00e9crit ce livre pour montrer que le non-b\u00eachage est \u00e0 la fois tr\u00e8s pratique, efficace, r\u00e9alisable et rentable en prenant soin de cultiver son sol. \u00bb Charles Dowding est install\u00e9 en Angleterre et depuis 40 ans, il pratique le mara\u00eechage sans b\u00eachage. Son secret : apporter r\u00e9guli\u00e8rement du compost \u00e0 ses cultures pour [&hellip;]<\/p>\n","protected":false},"featured_media":42360,"template":"","meta":[],"product_cat":[2948],"product_tag":[],"acf":[],"yoast_head":"<!-- This site is optimized with the Yoast SEO plugin v20.11 - https:\/\/yoast.com\/wordpress\/plugins\/seo\/ -->\n<title>J&#039;arr\u00eate de b\u00eacher ! M\u00e9thode de jardinage sur sol vivant - Librairie 7L<\/title>\n<meta name=\"robots\" content=\"index, follow, max-snippet:-1, max-image-preview:large, max-video-preview:-1\" \/>\n<link rel=\"canonical\" href=\"https:\/\/librairie7l.com\/en\/produit\/jarrete-de-becher-methode-de-jardinage-sur-sol-vivant-2\/\" \/>\n<meta property=\"og:locale\" content=\"en_US\" \/>\n<meta property=\"og:type\" content=\"article\" \/>\n<meta property=\"og:title\" content=\"J&#039;arr\u00eate de b\u00eacher ! M\u00e9thode de jardinage sur sol vivant - Librairie 7L\" \/>\n<meta property=\"og:description\" content=\"\u00ab J&#8217;ai \u00e9crit ce livre pour montrer que le non-b\u00eachage est \u00e0 la fois tr\u00e8s pratique, efficace, r\u00e9alisable et rentable en prenant soin de cultiver son sol. \u00bb Charles Dowding est install\u00e9 en Angleterre et depuis 40 ans, il pratique le mara\u00eechage sans b\u00eachage. Son secret : apporter r\u00e9guli\u00e8rement du compost \u00e0 ses cultures pour [&hellip;]\" \/>\n<meta property=\"og:url\" content=\"https:\/\/librairie7l.com\/en\/produit\/jarrete-de-becher-methode-de-jardinage-sur-sol-vivant-2\/\" \/>\n<meta property=\"og:site_name\" content=\"Librairie 7L\" \/>\n<meta property=\"article:modified_time\" content=\"2026-04-05T17:43:32+00:00\" \/>\n<meta property=\"og:image\" content=\"https:\/\/librairie7l.com\/wp-content\/uploads\/2023\/11\/9782501181631_1_75.jpg\" \/>\n\t<meta property=\"og:image:width\" content=\"600\" \/>\n\t<meta property=\"og:image:height\" content=\"865\" \/>\n\t<meta property=\"og:image:type\" content=\"image\/jpeg\" \/>\n<meta name=\"twitter:card\" content=\"summary_large_image\" \/>\n<meta name=\"twitter:label1\" content=\"Est. reading time\" \/>\n\t<meta name=\"twitter:data1\" content=\"1 minute\" \/>\n<script type=\"application\/ld+json\" class=\"yoast-schema-graph\">{\"@context\":\"https:\/\/schema.org\",\"@graph\":[{\"@type\":\"WebPage\",\"@id\":\"https:\/\/librairie7l.com\/en\/produit\/jarrete-de-becher-methode-de-jardinage-sur-sol-vivant-2\/\",\"url\":\"https:\/\/librairie7l.com\/en\/produit\/jarrete-de-becher-methode-de-jardinage-sur-sol-vivant-2\/\",\"name\":\"J'arr\u00eate de b\u00eacher ! M\u00e9thode de jardinage sur sol vivant - Librairie 7L\",\"isPartOf\":{\"@id\":\"https:\/\/librairie7l.com\/en\/#website\"},\"datePublished\":\"2024-09-06T20:17:03+00:00\",\"dateModified\":\"2026-04-05T17:43:32+00:00\",\"breadcrumb\":{\"@id\":\"https:\/\/librairie7l.com\/en\/produit\/jarrete-de-becher-methode-de-jardinage-sur-sol-vivant-2\/#breadcrumb\"},\"inLanguage\":\"en-US\",\"potentialAction\":[{\"@type\":\"ReadAction\",\"target\":[\"https:\/\/librairie7l.com\/en\/produit\/jarrete-de-becher-methode-de-jardinage-sur-sol-vivant-2\/\"]}]},{\"@type\":\"BreadcrumbList\",\"@id\":\"https:\/\/librairie7l.com\/en\/produit\/jarrete-de-becher-methode-de-jardinage-sur-sol-vivant-2\/#breadcrumb\",\"itemListElement\":[{\"@type\":\"ListItem\",\"position\":1,\"name\":\"Accueil\",\"item\":\"https:\/\/librairie7l.com\/en\/\"},{\"@type\":\"ListItem\",\"position\":2,\"name\":\"Shop\",\"item\":\"https:\/\/librairie7l.com\/en\/shop\/\"},{\"@type\":\"ListItem\",\"position\":3,\"name\":\"J&#8217;ARR\u00caTE DE B\u00caCHER ! M\u00c9THODE DE JARDINAGE SUR SOL VIVANT\"}]},{\"@type\":\"WebSite\",\"@id\":\"https:\/\/librairie7l.com\/en\/#website\",\"url\":\"https:\/\/librairie7l.com\/en\/\",\"name\":\"Librairie 7L\",\"description\":\"Librairie fond\u00e9e en 1999 par Karl Lagerfeld \u00e0 Paris\",\"publisher\":{\"@id\":\"https:\/\/librairie7l.com\/en\/#organization\"},\"potentialAction\":[{\"@type\":\"SearchAction\",\"target\":{\"@type\":\"EntryPoint\",\"urlTemplate\":\"https:\/\/librairie7l.com\/en\/?s={search_term_string}\"},\"query-input\":\"required name=search_term_string\"}],\"inLanguage\":\"en-US\"},{\"@type\":\"Organization\",\"@id\":\"https:\/\/librairie7l.com\/en\/#organization\",\"name\":\"Librairie 7L\",\"url\":\"https:\/\/librairie7l.com\/en\/\",\"logo\":{\"@type\":\"ImageObject\",\"inLanguage\":\"en-US\",\"@id\":\"https:\/\/librairie7l.com\/en\/#\/schema\/logo\/image\/\",\"url\":\"https:\/\/librairie7l.com\/wp-content\/uploads\/2022\/08\/logo-1.png\",\"contentUrl\":\"https:\/\/librairie7l.com\/wp-content\/uploads\/2022\/08\/logo-1.png\",\"width\":227,\"height\":301,\"caption\":\"Librairie 7L\"},\"image\":{\"@id\":\"https:\/\/librairie7l.com\/en\/#\/schema\/logo\/image\/\"}}]}<\/script>\n<!-- \/ Yoast SEO plugin. -->","yoast_head_json":{"title":"J'arr\u00eate de b\u00eacher ! M\u00e9thode de jardinage sur sol vivant - Librairie 7L","robots":{"index":"index","follow":"follow","max-snippet":"max-snippet:-1","max-image-preview":"max-image-preview:large","max-video-preview":"max-video-preview:-1"},"canonical":"https:\/\/librairie7l.com\/en\/produit\/jarrete-de-becher-methode-de-jardinage-sur-sol-vivant-2\/","og_locale":"en_US","og_type":"article","og_title":"J'arr\u00eate de b\u00eacher ! M\u00e9thode de jardinage sur sol vivant - Librairie 7L","og_description":"\u00ab J&#8217;ai \u00e9crit ce livre pour montrer que le non-b\u00eachage est \u00e0 la fois tr\u00e8s pratique, efficace, r\u00e9alisable et rentable en prenant soin de cultiver son sol. \u00bb Charles Dowding est install\u00e9 en Angleterre et depuis 40 ans, il pratique le mara\u00eechage sans b\u00eachage. Son secret : apporter r\u00e9guli\u00e8rement du compost \u00e0 ses cultures pour [&hellip;]","og_url":"https:\/\/librairie7l.com\/en\/produit\/jarrete-de-becher-methode-de-jardinage-sur-sol-vivant-2\/","og_site_name":"Librairie 7L","article_modified_time":"2026-04-05T17:43:32+00:00","og_image":[{"width":600,"height":865,"url":"https:\/\/librairie7l.com\/wp-content\/uploads\/2023\/11\/9782501181631_1_75.jpg","type":"image\/jpeg"}],"twitter_card":"summary_large_image","twitter_misc":{"Est. reading time":"1 minute"},"schema":{"@context":"https:\/\/schema.org","@graph":[{"@type":"WebPage","@id":"https:\/\/librairie7l.com\/en\/produit\/jarrete-de-becher-methode-de-jardinage-sur-sol-vivant-2\/","url":"https:\/\/librairie7l.com\/en\/produit\/jarrete-de-becher-methode-de-jardinage-sur-sol-vivant-2\/","name":"J'arr\u00eate de b\u00eacher ! M\u00e9thode de jardinage sur sol vivant - Librairie 7L","isPartOf":{"@id":"https:\/\/librairie7l.com\/en\/#website"},"datePublished":"2024-09-06T20:17:03+00:00","dateModified":"2026-04-05T17:43:32+00:00","breadcrumb":{"@id":"https:\/\/librairie7l.com\/en\/produit\/jarrete-de-becher-methode-de-jardinage-sur-sol-vivant-2\/#breadcrumb"},"inLanguage":"en-US","potentialAction":[{"@type":"ReadAction","target":["https:\/\/librairie7l.com\/en\/produit\/jarrete-de-becher-methode-de-jardinage-sur-sol-vivant-2\/"]}]},{"@type":"BreadcrumbList","@id":"https:\/\/librairie7l.com\/en\/produit\/jarrete-de-becher-methode-de-jardinage-sur-sol-vivant-2\/#breadcrumb","itemListElement":[{"@type":"ListItem","position":1,"name":"Accueil","item":"https:\/\/librairie7l.com\/en\/"},{"@type":"ListItem","position":2,"name":"Shop","item":"https:\/\/librairie7l.com\/en\/shop\/"},{"@type":"ListItem","position":3,"name":"J&#8217;ARR\u00caTE DE B\u00caCHER ! M\u00c9THODE DE JARDINAGE SUR SOL VIVANT"}]},{"@type":"WebSite","@id":"https:\/\/librairie7l.com\/en\/#website","url":"https:\/\/librairie7l.com\/en\/","name":"Librairie 7L","description":"Librairie fond\u00e9e en 1999 par Karl Lagerfeld \u00e0 Paris","publisher":{"@id":"https:\/\/librairie7l.com\/en\/#organization"},"potentialAction":[{"@type":"SearchAction","target":{"@type":"EntryPoint","urlTemplate":"https:\/\/librairie7l.com\/en\/?s={search_term_string}"},"query-input":"required name=search_term_string"}],"inLanguage":"en-US"},{"@type":"Organization","@id":"https:\/\/librairie7l.com\/en\/#organization","name":"Librairie 7L","url":"https:\/\/librairie7l.com\/en\/","logo":{"@type":"ImageObject","inLanguage":"en-US","@id":"https:\/\/librairie7l.com\/en\/#\/schema\/logo\/image\/","url":"https:\/\/librairie7l.com\/wp-content\/uploads\/2022\/08\/logo-1.png","contentUrl":"https:\/\/librairie7l.com\/wp-content\/uploads\/2022\/08\/logo-1.png","width":227,"height":301,"caption":"Librairie 7L"},"image":{"@id":"https:\/\/librairie7l.com\/en\/#\/schema\/logo\/image\/"}}]}},"_links":{"self":[{"href":"https:\/\/librairie7l.com\/en\/wp-json\/wp\/v2\/product\/42362"}],"collection":[{"href":"https:\/\/librairie7l.com\/en\/wp-json\/wp\/v2\/product"}],"about":[{"href":"https:\/\/librairie7l.com\/en\/wp-json\/wp\/v2\/types\/product"}],"wp:featuredmedia":[{"embeddable":true,"href":"https:\/\/librairie7l.com\/en\/wp-json\/wp\/v2\/media\/42360"}],"wp:attachment":[{"href":"https:\/\/librairie7l.com\/en\/wp-json\/wp\/v2\/media?parent=42362"}],"wp:term":[{"taxonomy":"product_cat","embeddable":true,"href":"https:\/\/librairie7l.com\/en\/wp-json\/wp\/v2\/product_cat?post=42362"},{"taxonomy":"product_tag","embeddable":true,"href":"https:\/\/librairie7l.com\/en\/wp-json\/wp\/v2\/product_tag?post=42362"}],"curies":[{"name":"wp","href":"https:\/\/api.w.org\/{rel}","templated":true}]}}