{"id":42370,"date":"2024-09-06T22:17:09","date_gmt":"2024-09-06T20:17:09","guid":{"rendered":"https:\/\/librairie7l.com\/?post_type=product&#038;p=42370"},"modified":"2026-05-05T07:15:51","modified_gmt":"2026-05-05T05:15:51","slug":"amateur-dart-alias-caracalla-1946-1977-2","status":"publish","type":"product","link":"https:\/\/librairie7l.com\/en\/produit\/amateur-dart-alias-caracalla-1946-1977-2\/","title":{"rendered":"AMATEUR D&#8217;ART : ALIAS CARACALLA 1946-1977"},"content":{"rendered":"<p>Daniel Cordier a eu plusieurs vies. Alias Caracalla se poursuit donc apr\u00e8s la guerre. L&#8217;ancien secr\u00e9taire de Jean Moulin se tourne vers l&#8217;art. Il commence une collection avec des oeuvres de De Sta\u00ebl ou Hartung, puis ouvre des galeries \u00e0 Paris, New York et Francfort, o\u00f9 il expose Dubuffet, Rauschenberg et la fine fleur des surr\u00e9alistes. Il voyage aussi et nous fait vivre deux s\u00e9jours mouvement\u00e9s dans l&#8217;Union sovi\u00e9tique des d\u00e9buts de la d\u00e9stalinisation. Sur un dernier coup d&#8217;\u00e9clat, il ferme sa galerie parisienne et se lance dans deux tours du monde pour \u00e9crire une histoire universelle de l&#8217;art avec St\u00e9phane Hessel. M\u00fb par un besoin d&#8217;engagement et d&#8217;action toujours aussi pr\u00e9sent, il envisage de reprendre les armes pour d\u00e9fendre la R\u00e9publique contre les factieux de l&#8217;Alg\u00e9rie fran\u00e7aise, et m\u00eale expositions provocatrices et militantisme pour l&#8217;art contemporain jusqu&#8217;\u00e0 se trouver enr\u00f4l\u00e9 dans la cr\u00e9ation du Centre Beaubourg. Des pages in\u00e9dites et illustr\u00e9es de la vie de Daniel Cordier, fid\u00e8le \u00e0 lui-m\u00eame : combatif, passionn\u00e9, sinc\u00e8re et dr\u00f4le.<\/p>\n","protected":false},"excerpt":{"rendered":"<p>Daniel Cordier a eu plusieurs vies. Alias Caracalla se poursuit donc apr\u00e8s la guerre. L&#8217;ancien secr\u00e9taire de Jean Moulin se tourne vers l&#8217;art. Il commence une collection avec des oeuvres de De Sta\u00ebl ou Hartung, puis ouvre des galeries \u00e0 Paris, New York et Francfort, o\u00f9 il expose Dubuffet, Rauschenberg et la fine fleur des [&hellip;]<\/p>\n","protected":false},"featured_media":42368,"template":"","meta":[],"product_cat":[2948],"product_tag":[],"acf":[],"yoast_head":"<!-- This site is optimized with the Yoast SEO plugin v20.11 - https:\/\/yoast.com\/wordpress\/plugins\/seo\/ -->\n<title>Amateur d&#039;art : Alias Caracalla 1946-1977 - Librairie 7L<\/title>\n<meta name=\"robots\" content=\"index, follow, max-snippet:-1, max-image-preview:large, max-video-preview:-1\" \/>\n<link rel=\"canonical\" href=\"https:\/\/librairie7l.com\/en\/produit\/amateur-dart-alias-caracalla-1946-1977-2\/\" \/>\n<meta property=\"og:locale\" content=\"en_US\" \/>\n<meta property=\"og:type\" content=\"article\" \/>\n<meta property=\"og:title\" content=\"Amateur d&#039;art : Alias Caracalla 1946-1977 - Librairie 7L\" \/>\n<meta property=\"og:description\" content=\"Daniel Cordier a eu plusieurs vies. Alias Caracalla se poursuit donc apr\u00e8s la guerre. L&#8217;ancien secr\u00e9taire de Jean Moulin se tourne vers l&#8217;art. Il commence une collection avec des oeuvres de De Sta\u00ebl ou Hartung, puis ouvre des galeries \u00e0 Paris, New York et Francfort, o\u00f9 il expose Dubuffet, Rauschenberg et la fine fleur des [&hellip;]\" \/>\n<meta property=\"og:url\" content=\"https:\/\/librairie7l.com\/en\/produit\/amateur-dart-alias-caracalla-1946-1977-2\/\" \/>\n<meta property=\"og:site_name\" content=\"Librairie 7L\" \/>\n<meta property=\"article:modified_time\" content=\"2026-05-05T05:15:51+00:00\" \/>\n<meta property=\"og:image\" content=\"https:\/\/librairie7l.com\/wp-content\/uploads\/2023\/07\/9782073015167_1_75.jpg\" \/>\n\t<meta property=\"og:image:width\" content=\"600\" \/>\n\t<meta property=\"og:image:height\" content=\"857\" \/>\n\t<meta property=\"og:image:type\" content=\"image\/jpeg\" \/>\n<meta name=\"twitter:card\" content=\"summary_large_image\" \/>\n<meta name=\"twitter:label1\" content=\"Est. reading time\" \/>\n\t<meta name=\"twitter:data1\" content=\"1 minute\" \/>\n<script type=\"application\/ld+json\" class=\"yoast-schema-graph\">{\"@context\":\"https:\/\/schema.org\",\"@graph\":[{\"@type\":\"WebPage\",\"@id\":\"https:\/\/librairie7l.com\/en\/produit\/amateur-dart-alias-caracalla-1946-1977-2\/\",\"url\":\"https:\/\/librairie7l.com\/en\/produit\/amateur-dart-alias-caracalla-1946-1977-2\/\",\"name\":\"Amateur d'art : Alias Caracalla 1946-1977 - Librairie 7L\",\"isPartOf\":{\"@id\":\"https:\/\/librairie7l.com\/en\/#website\"},\"datePublished\":\"2024-09-06T20:17:09+00:00\",\"dateModified\":\"2026-05-05T05:15:51+00:00\",\"breadcrumb\":{\"@id\":\"https:\/\/librairie7l.com\/en\/produit\/amateur-dart-alias-caracalla-1946-1977-2\/#breadcrumb\"},\"inLanguage\":\"en-US\",\"potentialAction\":[{\"@type\":\"ReadAction\",\"target\":[\"https:\/\/librairie7l.com\/en\/produit\/amateur-dart-alias-caracalla-1946-1977-2\/\"]}]},{\"@type\":\"BreadcrumbList\",\"@id\":\"https:\/\/librairie7l.com\/en\/produit\/amateur-dart-alias-caracalla-1946-1977-2\/#breadcrumb\",\"itemListElement\":[{\"@type\":\"ListItem\",\"position\":1,\"name\":\"Accueil\",\"item\":\"https:\/\/librairie7l.com\/en\/\"},{\"@type\":\"ListItem\",\"position\":2,\"name\":\"Shop\",\"item\":\"https:\/\/librairie7l.com\/en\/shop\/\"},{\"@type\":\"ListItem\",\"position\":3,\"name\":\"AMATEUR D&#8217;ART : ALIAS CARACALLA 1946-1977\"}]},{\"@type\":\"WebSite\",\"@id\":\"https:\/\/librairie7l.com\/en\/#website\",\"url\":\"https:\/\/librairie7l.com\/en\/\",\"name\":\"Librairie 7L\",\"description\":\"Librairie fond\u00e9e en 1999 par Karl Lagerfeld \u00e0 Paris\",\"publisher\":{\"@id\":\"https:\/\/librairie7l.com\/en\/#organization\"},\"potentialAction\":[{\"@type\":\"SearchAction\",\"target\":{\"@type\":\"EntryPoint\",\"urlTemplate\":\"https:\/\/librairie7l.com\/en\/?s={search_term_string}\"},\"query-input\":\"required name=search_term_string\"}],\"inLanguage\":\"en-US\"},{\"@type\":\"Organization\",\"@id\":\"https:\/\/librairie7l.com\/en\/#organization\",\"name\":\"Librairie 7L\",\"url\":\"https:\/\/librairie7l.com\/en\/\",\"logo\":{\"@type\":\"ImageObject\",\"inLanguage\":\"en-US\",\"@id\":\"https:\/\/librairie7l.com\/en\/#\/schema\/logo\/image\/\",\"url\":\"https:\/\/librairie7l.com\/wp-content\/uploads\/2022\/08\/logo-1.png\",\"contentUrl\":\"https:\/\/librairie7l.com\/wp-content\/uploads\/2022\/08\/logo-1.png\",\"width\":227,\"height\":301,\"caption\":\"Librairie 7L\"},\"image\":{\"@id\":\"https:\/\/librairie7l.com\/en\/#\/schema\/logo\/image\/\"}}]}<\/script>\n<!-- \/ Yoast SEO plugin. -->","yoast_head_json":{"title":"Amateur d'art : Alias Caracalla 1946-1977 - Librairie 7L","robots":{"index":"index","follow":"follow","max-snippet":"max-snippet:-1","max-image-preview":"max-image-preview:large","max-video-preview":"max-video-preview:-1"},"canonical":"https:\/\/librairie7l.com\/en\/produit\/amateur-dart-alias-caracalla-1946-1977-2\/","og_locale":"en_US","og_type":"article","og_title":"Amateur d'art : Alias Caracalla 1946-1977 - Librairie 7L","og_description":"Daniel Cordier a eu plusieurs vies. Alias Caracalla se poursuit donc apr\u00e8s la guerre. L&#8217;ancien secr\u00e9taire de Jean Moulin se tourne vers l&#8217;art. Il commence une collection avec des oeuvres de De Sta\u00ebl ou Hartung, puis ouvre des galeries \u00e0 Paris, New York et Francfort, o\u00f9 il expose Dubuffet, Rauschenberg et la fine fleur des [&hellip;]","og_url":"https:\/\/librairie7l.com\/en\/produit\/amateur-dart-alias-caracalla-1946-1977-2\/","og_site_name":"Librairie 7L","article_modified_time":"2026-05-05T05:15:51+00:00","og_image":[{"width":600,"height":857,"url":"https:\/\/librairie7l.com\/wp-content\/uploads\/2023\/07\/9782073015167_1_75.jpg","type":"image\/jpeg"}],"twitter_card":"summary_large_image","twitter_misc":{"Est. reading time":"1 minute"},"schema":{"@context":"https:\/\/schema.org","@graph":[{"@type":"WebPage","@id":"https:\/\/librairie7l.com\/en\/produit\/amateur-dart-alias-caracalla-1946-1977-2\/","url":"https:\/\/librairie7l.com\/en\/produit\/amateur-dart-alias-caracalla-1946-1977-2\/","name":"Amateur d'art : Alias Caracalla 1946-1977 - Librairie 7L","isPartOf":{"@id":"https:\/\/librairie7l.com\/en\/#website"},"datePublished":"2024-09-06T20:17:09+00:00","dateModified":"2026-05-05T05:15:51+00:00","breadcrumb":{"@id":"https:\/\/librairie7l.com\/en\/produit\/amateur-dart-alias-caracalla-1946-1977-2\/#breadcrumb"},"inLanguage":"en-US","potentialAction":[{"@type":"ReadAction","target":["https:\/\/librairie7l.com\/en\/produit\/amateur-dart-alias-caracalla-1946-1977-2\/"]}]},{"@type":"BreadcrumbList","@id":"https:\/\/librairie7l.com\/en\/produit\/amateur-dart-alias-caracalla-1946-1977-2\/#breadcrumb","itemListElement":[{"@type":"ListItem","position":1,"name":"Accueil","item":"https:\/\/librairie7l.com\/en\/"},{"@type":"ListItem","position":2,"name":"Shop","item":"https:\/\/librairie7l.com\/en\/shop\/"},{"@type":"ListItem","position":3,"name":"AMATEUR D&#8217;ART : ALIAS CARACALLA 1946-1977"}]},{"@type":"WebSite","@id":"https:\/\/librairie7l.com\/en\/#website","url":"https:\/\/librairie7l.com\/en\/","name":"Librairie 7L","description":"Librairie fond\u00e9e en 1999 par Karl Lagerfeld \u00e0 Paris","publisher":{"@id":"https:\/\/librairie7l.com\/en\/#organization"},"potentialAction":[{"@type":"SearchAction","target":{"@type":"EntryPoint","urlTemplate":"https:\/\/librairie7l.com\/en\/?s={search_term_string}"},"query-input":"required name=search_term_string"}],"inLanguage":"en-US"},{"@type":"Organization","@id":"https:\/\/librairie7l.com\/en\/#organization","name":"Librairie 7L","url":"https:\/\/librairie7l.com\/en\/","logo":{"@type":"ImageObject","inLanguage":"en-US","@id":"https:\/\/librairie7l.com\/en\/#\/schema\/logo\/image\/","url":"https:\/\/librairie7l.com\/wp-content\/uploads\/2022\/08\/logo-1.png","contentUrl":"https:\/\/librairie7l.com\/wp-content\/uploads\/2022\/08\/logo-1.png","width":227,"height":301,"caption":"Librairie 7L"},"image":{"@id":"https:\/\/librairie7l.com\/en\/#\/schema\/logo\/image\/"}}]}},"_links":{"self":[{"href":"https:\/\/librairie7l.com\/en\/wp-json\/wp\/v2\/product\/42370"}],"collection":[{"href":"https:\/\/librairie7l.com\/en\/wp-json\/wp\/v2\/product"}],"about":[{"href":"https:\/\/librairie7l.com\/en\/wp-json\/wp\/v2\/types\/product"}],"wp:featuredmedia":[{"embeddable":true,"href":"https:\/\/librairie7l.com\/en\/wp-json\/wp\/v2\/media\/42368"}],"wp:attachment":[{"href":"https:\/\/librairie7l.com\/en\/wp-json\/wp\/v2\/media?parent=42370"}],"wp:term":[{"taxonomy":"product_cat","embeddable":true,"href":"https:\/\/librairie7l.com\/en\/wp-json\/wp\/v2\/product_cat?post=42370"},{"taxonomy":"product_tag","embeddable":true,"href":"https:\/\/librairie7l.com\/en\/wp-json\/wp\/v2\/product_tag?post=42370"}],"curies":[{"name":"wp","href":"https:\/\/api.w.org\/{rel}","templated":true}]}}