{"id":42382,"date":"2024-09-09T12:01:45","date_gmt":"2024-09-09T10:01:45","guid":{"rendered":"https:\/\/librairie7l.com\/?post_type=product&#038;p=42382"},"modified":"2026-04-09T18:34:57","modified_gmt":"2026-04-09T16:34:57","slug":"vingt-cinq-dessins-dun-dormeur-2","status":"publish","type":"product","link":"https:\/\/librairie7l.com\/en\/produit\/vingt-cinq-dessins-dun-dormeur-2\/","title":{"rendered":"VINGT-CINQ DESSINS D&#8217;UN DORMEUR"},"content":{"rendered":"<p>\u00ab Ces dessins ne sont pas exactement des portraits de Jean Desbordes mais plut\u00f4t de l&#8217;amiti\u00e9 que je lui porte  et d&#8217;une admiration respectueuse\u00bb \u00e9crit Cocteau. La relation amoureuse qu&#8217;il entretient avec ce jeune po\u00e8te  &#8211; mort tortur\u00e9 par la Gestapo, quinze ans plus tard -, et dont ce livre est un premier t\u00e9moignage, marquera  toute son oeuvre. Celui-ci met en images l&#8217;un des th\u00e8mes fondamentaux de l&#8217;artiste : le sommeil et, de ce  point de vue, ce dormeur ne laisse pas de surprendre. Il appara\u00eet certes les yeux ferm\u00e9s, mais il lui arrive  aussi de les tenir grands ouverts et m\u00eame de cligner de l&#8217;oeil : son sommeil n&#8217;est pas celui de la mort et ce  dormeur bien vivant nous permet d&#8217;acc\u00e9der &#8211; pour peu que l&#8217;on s&#8217;y plonge arm\u00e9 d&#8217;un sens \u00abqui n&#8217;a rien \u00e0  faire avec les yeux\u00bb &#8211; au \u00absecret des racines, des sources\u00bb et au \u00ablangage des \u00e9toiles\u00bb, c&#8217;est-\u00e0-dire celui du  po\u00e8te. Notre volume reproduit, \u00e0 l&#8217;exact et au format original, l&#8217;unique et tr\u00e8s rare \u00e9dition originale publi\u00e9e  par H.-L. Mermod en 1929.<\/p>\n","protected":false},"excerpt":{"rendered":"<p>\u00ab Ces dessins ne sont pas exactement des portraits de Jean Desbordes mais plut\u00f4t de l&#8217;amiti\u00e9 que je lui porte et d&#8217;une admiration respectueuse\u00bb \u00e9crit Cocteau. La relation amoureuse qu&#8217;il entretient avec ce jeune po\u00e8te &#8211; mort tortur\u00e9 par la Gestapo, quinze ans plus tard -, et dont ce livre est un premier t\u00e9moignage, marquera [&hellip;]<\/p>\n","protected":false},"featured_media":42380,"template":"","meta":[],"product_cat":[7364,2948],"product_tag":[],"acf":[],"yoast_head":"<!-- This site is optimized with the Yoast SEO plugin v20.11 - https:\/\/yoast.com\/wordpress\/plugins\/seo\/ -->\n<title>Vingt-cinq dessins d&#039;un dormeur - Librairie 7L<\/title>\n<meta name=\"robots\" content=\"index, follow, max-snippet:-1, max-image-preview:large, max-video-preview:-1\" \/>\n<link rel=\"canonical\" href=\"https:\/\/librairie7l.com\/en\/produit\/vingt-cinq-dessins-dun-dormeur-2\/\" \/>\n<meta property=\"og:locale\" content=\"en_US\" \/>\n<meta property=\"og:type\" content=\"article\" \/>\n<meta property=\"og:title\" content=\"Vingt-cinq dessins d&#039;un dormeur - Librairie 7L\" \/>\n<meta property=\"og:description\" content=\"\u00ab Ces dessins ne sont pas exactement des portraits de Jean Desbordes mais plut\u00f4t de l&#8217;amiti\u00e9 que je lui porte et d&#8217;une admiration respectueuse\u00bb \u00e9crit Cocteau. La relation amoureuse qu&#8217;il entretient avec ce jeune po\u00e8te &#8211; mort tortur\u00e9 par la Gestapo, quinze ans plus tard -, et dont ce livre est un premier t\u00e9moignage, marquera [&hellip;]\" \/>\n<meta property=\"og:url\" content=\"https:\/\/librairie7l.com\/en\/produit\/vingt-cinq-dessins-dun-dormeur-2\/\" \/>\n<meta property=\"og:site_name\" content=\"Librairie 7L\" \/>\n<meta property=\"article:modified_time\" content=\"2026-04-09T16:34:57+00:00\" \/>\n<meta property=\"og:image\" content=\"https:\/\/librairie7l.com\/wp-content\/uploads\/2023\/04\/9782377921447_1_75.jpg\" \/>\n\t<meta property=\"og:image:width\" content=\"600\" \/>\n\t<meta property=\"og:image:height\" content=\"756\" \/>\n\t<meta property=\"og:image:type\" content=\"image\/jpeg\" \/>\n<meta name=\"twitter:card\" content=\"summary_large_image\" \/>\n<meta name=\"twitter:label1\" content=\"Est. reading time\" \/>\n\t<meta name=\"twitter:data1\" content=\"1 minute\" \/>\n<script type=\"application\/ld+json\" class=\"yoast-schema-graph\">{\"@context\":\"https:\/\/schema.org\",\"@graph\":[{\"@type\":\"WebPage\",\"@id\":\"https:\/\/librairie7l.com\/en\/produit\/vingt-cinq-dessins-dun-dormeur-2\/\",\"url\":\"https:\/\/librairie7l.com\/en\/produit\/vingt-cinq-dessins-dun-dormeur-2\/\",\"name\":\"Vingt-cinq dessins d'un dormeur - Librairie 7L\",\"isPartOf\":{\"@id\":\"https:\/\/librairie7l.com\/en\/#website\"},\"datePublished\":\"2024-09-09T10:01:45+00:00\",\"dateModified\":\"2026-04-09T16:34:57+00:00\",\"breadcrumb\":{\"@id\":\"https:\/\/librairie7l.com\/en\/produit\/vingt-cinq-dessins-dun-dormeur-2\/#breadcrumb\"},\"inLanguage\":\"en-US\",\"potentialAction\":[{\"@type\":\"ReadAction\",\"target\":[\"https:\/\/librairie7l.com\/en\/produit\/vingt-cinq-dessins-dun-dormeur-2\/\"]}]},{\"@type\":\"BreadcrumbList\",\"@id\":\"https:\/\/librairie7l.com\/en\/produit\/vingt-cinq-dessins-dun-dormeur-2\/#breadcrumb\",\"itemListElement\":[{\"@type\":\"ListItem\",\"position\":1,\"name\":\"Accueil\",\"item\":\"https:\/\/librairie7l.com\/en\/\"},{\"@type\":\"ListItem\",\"position\":2,\"name\":\"Shop\",\"item\":\"https:\/\/librairie7l.com\/en\/shop\/\"},{\"@type\":\"ListItem\",\"position\":3,\"name\":\"VINGT-CINQ DESSINS D&#8217;UN DORMEUR\"}]},{\"@type\":\"WebSite\",\"@id\":\"https:\/\/librairie7l.com\/en\/#website\",\"url\":\"https:\/\/librairie7l.com\/en\/\",\"name\":\"Librairie 7L\",\"description\":\"Librairie fond\u00e9e en 1999 par Karl Lagerfeld \u00e0 Paris\",\"publisher\":{\"@id\":\"https:\/\/librairie7l.com\/en\/#organization\"},\"potentialAction\":[{\"@type\":\"SearchAction\",\"target\":{\"@type\":\"EntryPoint\",\"urlTemplate\":\"https:\/\/librairie7l.com\/en\/?s={search_term_string}\"},\"query-input\":\"required name=search_term_string\"}],\"inLanguage\":\"en-US\"},{\"@type\":\"Organization\",\"@id\":\"https:\/\/librairie7l.com\/en\/#organization\",\"name\":\"Librairie 7L\",\"url\":\"https:\/\/librairie7l.com\/en\/\",\"logo\":{\"@type\":\"ImageObject\",\"inLanguage\":\"en-US\",\"@id\":\"https:\/\/librairie7l.com\/en\/#\/schema\/logo\/image\/\",\"url\":\"https:\/\/librairie7l.com\/wp-content\/uploads\/2022\/08\/logo-1.png\",\"contentUrl\":\"https:\/\/librairie7l.com\/wp-content\/uploads\/2022\/08\/logo-1.png\",\"width\":227,\"height\":301,\"caption\":\"Librairie 7L\"},\"image\":{\"@id\":\"https:\/\/librairie7l.com\/en\/#\/schema\/logo\/image\/\"}}]}<\/script>\n<!-- \/ Yoast SEO plugin. -->","yoast_head_json":{"title":"Vingt-cinq dessins d'un dormeur - Librairie 7L","robots":{"index":"index","follow":"follow","max-snippet":"max-snippet:-1","max-image-preview":"max-image-preview:large","max-video-preview":"max-video-preview:-1"},"canonical":"https:\/\/librairie7l.com\/en\/produit\/vingt-cinq-dessins-dun-dormeur-2\/","og_locale":"en_US","og_type":"article","og_title":"Vingt-cinq dessins d'un dormeur - Librairie 7L","og_description":"\u00ab Ces dessins ne sont pas exactement des portraits de Jean Desbordes mais plut\u00f4t de l&#8217;amiti\u00e9 que je lui porte et d&#8217;une admiration respectueuse\u00bb \u00e9crit Cocteau. La relation amoureuse qu&#8217;il entretient avec ce jeune po\u00e8te &#8211; mort tortur\u00e9 par la Gestapo, quinze ans plus tard -, et dont ce livre est un premier t\u00e9moignage, marquera [&hellip;]","og_url":"https:\/\/librairie7l.com\/en\/produit\/vingt-cinq-dessins-dun-dormeur-2\/","og_site_name":"Librairie 7L","article_modified_time":"2026-04-09T16:34:57+00:00","og_image":[{"width":600,"height":756,"url":"https:\/\/librairie7l.com\/wp-content\/uploads\/2023\/04\/9782377921447_1_75.jpg","type":"image\/jpeg"}],"twitter_card":"summary_large_image","twitter_misc":{"Est. reading time":"1 minute"},"schema":{"@context":"https:\/\/schema.org","@graph":[{"@type":"WebPage","@id":"https:\/\/librairie7l.com\/en\/produit\/vingt-cinq-dessins-dun-dormeur-2\/","url":"https:\/\/librairie7l.com\/en\/produit\/vingt-cinq-dessins-dun-dormeur-2\/","name":"Vingt-cinq dessins d'un dormeur - Librairie 7L","isPartOf":{"@id":"https:\/\/librairie7l.com\/en\/#website"},"datePublished":"2024-09-09T10:01:45+00:00","dateModified":"2026-04-09T16:34:57+00:00","breadcrumb":{"@id":"https:\/\/librairie7l.com\/en\/produit\/vingt-cinq-dessins-dun-dormeur-2\/#breadcrumb"},"inLanguage":"en-US","potentialAction":[{"@type":"ReadAction","target":["https:\/\/librairie7l.com\/en\/produit\/vingt-cinq-dessins-dun-dormeur-2\/"]}]},{"@type":"BreadcrumbList","@id":"https:\/\/librairie7l.com\/en\/produit\/vingt-cinq-dessins-dun-dormeur-2\/#breadcrumb","itemListElement":[{"@type":"ListItem","position":1,"name":"Accueil","item":"https:\/\/librairie7l.com\/en\/"},{"@type":"ListItem","position":2,"name":"Shop","item":"https:\/\/librairie7l.com\/en\/shop\/"},{"@type":"ListItem","position":3,"name":"VINGT-CINQ DESSINS D&#8217;UN DORMEUR"}]},{"@type":"WebSite","@id":"https:\/\/librairie7l.com\/en\/#website","url":"https:\/\/librairie7l.com\/en\/","name":"Librairie 7L","description":"Librairie fond\u00e9e en 1999 par Karl Lagerfeld \u00e0 Paris","publisher":{"@id":"https:\/\/librairie7l.com\/en\/#organization"},"potentialAction":[{"@type":"SearchAction","target":{"@type":"EntryPoint","urlTemplate":"https:\/\/librairie7l.com\/en\/?s={search_term_string}"},"query-input":"required name=search_term_string"}],"inLanguage":"en-US"},{"@type":"Organization","@id":"https:\/\/librairie7l.com\/en\/#organization","name":"Librairie 7L","url":"https:\/\/librairie7l.com\/en\/","logo":{"@type":"ImageObject","inLanguage":"en-US","@id":"https:\/\/librairie7l.com\/en\/#\/schema\/logo\/image\/","url":"https:\/\/librairie7l.com\/wp-content\/uploads\/2022\/08\/logo-1.png","contentUrl":"https:\/\/librairie7l.com\/wp-content\/uploads\/2022\/08\/logo-1.png","width":227,"height":301,"caption":"Librairie 7L"},"image":{"@id":"https:\/\/librairie7l.com\/en\/#\/schema\/logo\/image\/"}}]}},"_links":{"self":[{"href":"https:\/\/librairie7l.com\/en\/wp-json\/wp\/v2\/product\/42382"}],"collection":[{"href":"https:\/\/librairie7l.com\/en\/wp-json\/wp\/v2\/product"}],"about":[{"href":"https:\/\/librairie7l.com\/en\/wp-json\/wp\/v2\/types\/product"}],"wp:featuredmedia":[{"embeddable":true,"href":"https:\/\/librairie7l.com\/en\/wp-json\/wp\/v2\/media\/42380"}],"wp:attachment":[{"href":"https:\/\/librairie7l.com\/en\/wp-json\/wp\/v2\/media?parent=42382"}],"wp:term":[{"taxonomy":"product_cat","embeddable":true,"href":"https:\/\/librairie7l.com\/en\/wp-json\/wp\/v2\/product_cat?post=42382"},{"taxonomy":"product_tag","embeddable":true,"href":"https:\/\/librairie7l.com\/en\/wp-json\/wp\/v2\/product_tag?post=42382"}],"curies":[{"name":"wp","href":"https:\/\/api.w.org\/{rel}","templated":true}]}}